{"id":826,"date":"2015-05-12T17:17:16","date_gmt":"2015-05-12T14:17:16","guid":{"rendered":"http:\/\/www.shhj.info\/wp\/?page_id=826"},"modified":"2015-05-23T21:03:18","modified_gmt":"2015-05-23T18:03:18","slug":"kayttoindeksit","status":"publish","type":"page","link":"https:\/\/shhj.info\/?page_id=826","title":{"rendered":"K\u00e4ytt\u00f6indeksit"},"content":{"rendered":"<p><strong>Taulukoissa on seuraavia indeksej\u00e4:<\/strong><\/p>\n<p>&#8211; Hakulaajuus: Periytyvyys (h = 7%), lasketaan koepisteist\u00e4, kohdasta hakulaajuus.<br \/>\n&#8211; Ty\u00f6aika (h = 5%), koekohtaisesta ty\u00f6skentelyajasta.<br \/>\n&#8211; Haukkutiheys, (h = 6%), koekohtaisesta haukkutiheys kohdasta<br \/>\n&#8211; Tottelevaisuus, (h = 4%), lasketaan koepisteist\u00e4 kyseisest\u00e4 kohdasta<br \/>\n&#8211; Kokeisiintulo, (h = 11%), miten tullaan yleens\u00e4 kokeeseen uran aikana<br \/>\n&#8211; Palk%, (h = 12%), miten usein saavutetaan palkintosija starteista<br \/>\n&#8211; Ykk\u00f6s%, (h = 15%), miten usein saadaan ykk\u00f6nen starteista<br \/>\n&#8211; T\u00e4ysier\u00e4%, (h = 12%), miten usein ty\u00f6skentelyaika on 300 minuuttia<br \/>\n&#8211; Tyhj\u00e4er\u00e4%, (h = 13%), miten usein er\u00e4 ei ole tyhj\u00e4<br \/>\n&#8211; Kok.tul.ik\u00e4, (h = 49%), miten nuorena tullaan kokeeseen<br \/>\n&#8211; T\u00e4ysier\u00e4ik\u00e4, (h = 38%), miten nuorena tehd\u00e4\u00e4n ensimm\u00e4inen t\u00e4ysi er\u00e4 300 minuuttia<\/p>\n<p>Lis\u00e4ksi on laskettu edellisist\u00e4 kokonaisindeksi. Siin\u00e4 on painotettu edell\u00e4 mainittuja indeksej\u00e4 siten, ett\u00e4 puolet on otettu suoraan Kokeisiintulo- ja T\u00e4ysier\u00e4ik\u00e4 \u2013indekseist\u00e4, ja n\u00e4ille on annettu sama arvo. Muille indekseille on annettu loput painoarvosta kunkin periytyvyyden suhteessa. T\u00e4m\u00e4 kokonaisindeksi on alustava tulkinta kokonaisindeksist\u00e4. Koirat on kuitenkin j\u00e4rjestetty tilastoissa kyseisen indeksin mukaiseen laskevaan j\u00e4rjestykseen.<\/p>\n<p>Indeksin luotettavuus on sit\u00e4 suurempi, mit\u00e4 enemm\u00e4n havaintoja voidaan kytke\u00e4 koiraan. Jos koiralla on paljon kokeissa k\u00e4yneit\u00e4 j\u00e4lkel\u00e4isi\u00e4, on sen jalostusarvo (=indeksit) saatu jo luotettavasti arvioitua. Jos on omia koek\u00e4yntej\u00e4, on ennuste jo melko luotettava. N\u00e4m\u00e4 molemmat tiedot ovat taulukoissa mukana. Julkaistuissa indekseiss\u00e4 on jo kaikkien indeksien osalta niin, ett\u00e4 mit\u00e4 suurempi arvo, sit\u00e4 parempi kyseisen suhteen on ennuste koiran jalostusarvosta.<\/p>\n<p><strong>Indeksit noudattavat siis seuraavanlaista hajontaa:<\/strong><\/p>\n<p>&#8211; keskiarvo on 100<br \/>\n&#8211; 66 % koirista saa arvon v\u00e4lill\u00e4 90 \u2013 110<br \/>\n&#8211; 95 % koirista saa arvon v\u00e4lill\u00e4 85 \u2013 115<br \/>\n&#8211; vain 5 % koirista saa arvon joka on joko yli 115 tai alle 85<\/p>\n<p>N\u00e4in ollen indeksin arvo yli 115 osoittaa jo todella hyv\u00e4\u00e4 jalostusarvon ennustetta kyseisen ominaisuuden suhteen. Kannattaa kuitenkin katsoa se, kuinka suuri periytyvyys ominaisuudella on. Uskon, ett\u00e4 n\u00e4ill\u00e4 indekseill\u00e4 avautuu aivan uusia mahdollisuuksia koiranjalostuksessa.<\/p>\n<p><strong>Kokonaisindeksi:<\/strong> Painotettu keskiarvo indekseist\u00e4. 50% paino kokeisiin tulolla, 20% paino nuorena haukutulla t\u00e4ydell\u00e4 er\u00e4ll\u00e4, muilla 5: ll\u00e4 indeksill\u00e4 6% paino.<\/p>\n<p><strong>Kokeisiintulo:<\/strong> Miten todenn\u00e4k\u00f6i\u00adsesti koiralla startataan kokeessa. On t\u00e4rke\u00e4\u00e4 ett\u00e4 pentueista mahdollisim\u00adman moni olisi niin toimiva, ett\u00e4 sill\u00e4 tultaisiin kokeeseen.<\/p>\n<p><strong>T\u00e4ysier\u00e4ik\u00e4:<\/strong> Miss\u00e4 vaiheessa koira haukkuu kokeessa ensimm\u00e4isen t\u00e4yden er\u00e4n suorituksen. Varhaiskyp\u00adsyys on eritt\u00e4in periytyv\u00e4 ominai\u00adsuus, siksi t\u00e4ll\u00e4 on melko suuri paino kokonaisindeksiss\u00e4. Tietenkin koirien syntym\u00e4ajat vaikuttavat t\u00e4h\u00e4n jossa\u00adkin m\u00e4\u00e4rin.<\/p>\n<p><strong>Hakulaajuus:<\/strong> Hakulaajuusindeksi on laskettu hakulaajuuspisteist\u00e4. T\u00e4ss\u00e4 ongelmaksi tulee se, ett\u00e4 ha\u00adkulaajuuspisteit\u00e4 laskee ensimm\u00e4isen lenkin l\u00f6yd\u00f6t. My\u00f6s osan ylituomarei\u00adta tulkinta ett\u00e4 hakulaajuuspisteit\u00e4 lasketaan jos haku on ylilaajaa, hei\u00adkent\u00e4\u00e4 t\u00e4m\u00e4n indeksin periytyvyytt\u00e4. Kuitenkin koirien v\u00e4lill\u00e4 on suuriakin eroja t\u00e4ss\u00e4 indeksiss\u00e4 ja periytyvyys niin hyv\u00e4, ett\u00e4 indeksi\u00e4 voidaan k\u00e4yt\u00adt\u00e4\u00e4 jalostuksessa hyv\u00e4ksi.<\/p>\n<p><strong>Todettu l\u00f6yt\u00f6:<\/strong> Indeksi on laskettu sen perusteella kuinka usein koiralla on kokeessa todettu l\u00f6yt\u00f6. T\u00e4m\u00e4 on osa hakuun liittyv\u00e4\u00e4 tietoa. Ongelma k\u00e4yt\u00e4nn\u00f6ss\u00e4 siin\u00e4 ett\u00e4 usein l\u00f6yt\u00f6\u00e4 ei koirakohtaisessa koep\u00f6yt\u00e4kirjassa ole, vaikka koiralla on ns. hiljaisia ty\u00f6skentelyj\u00e4 (pelkk\u00e4\u00e4 seuraamista, ilman selvi\u00e4 haukkuty\u00f6skentely\u00adj\u00e4). Koirien v\u00e4linen haukkukynnys vaikuttaa t\u00e4h\u00e4n jossakin m\u00e4\u00e4rin, tiukalla koiralla tulee herkemmin tyhj\u00e4 maasto, kun taas herk\u00e4sti \u00e4\u00e4n\u00adt\u00e4 antavalla pakenevan seuraamista sis\u00e4lt\u00e4v\u00e4 ty\u00f6skentely. On kuitenkin k\u00e4ytt\u00f6kelpoinen indeksi.<\/p>\n<p><strong>Haukkutiheys:<\/strong> On laskettu kokeis\u00adsa lasketuista haukkutiheyksist\u00e4. On varsin perinn\u00f6llinen ominaisuus.<\/p>\n<p><strong>Seuraaminen:<\/strong> Pakenevan hirven seuraamispisteist\u00e4 laskettu indeksi. T\u00e4m\u00e4n indeksin ongelma on se, ett\u00e4 seuraamispisteisiin liitet\u00e4\u00e4n my\u00f6s saavuttaminen, siis ei mittaa pelkk\u00e4\u00e4 seuraamista. Kuitenkin k\u00e4ytt\u00f6kelpoi\u00adnen indeksi.<\/p>\n<p><strong>Ykk\u00f6sprosentti:<\/strong> Kuinka suuri osa kokeista p\u00e4\u00e4ttyy ykk\u00f6seen. Kertoo jotakin koira hirvenk\u00e4sittelytaidosta, suoritusvarmuudesta. K\u00e4ytt\u00f6kelpoi\u00adnen indeksi.<\/p>\n<p>Tuonti-\/lainakoirilla indeksit ovat aluksi matalampia, koska mahdolli\u00adset l\u00e4hisuvun koetulokset eiv\u00e4t ole k\u00e4ytett\u00e4viss\u00e4 (Ruotsi Norja). Kun j\u00e4lkel\u00e4iset ovat koei\u00e4ss\u00e4 ja jos ne saavat hyvi\u00e4 tuloksia, niin indeksit &#8221;normalisoituvat&#8221;.<\/p>\n","protected":false},"excerpt":{"rendered":"<p>Taulukoissa on seuraavia indeksej\u00e4: &#8211; Hakulaajuus: Periytyvyys (h = 7%), lasketaan koepisteist\u00e4, kohdasta hakulaajuus. &#8211; Ty\u00f6aika (h = 5%), koekohtaisesta ty\u00f6skentelyajasta. &#8211; Haukkutiheys, (h = 6%), koekohtaisesta haukkutiheys kohdasta &#8211; Tottelevaisuus, (h = 4%), lasketaan koepisteist\u00e4 kyseisest\u00e4 kohdasta &#8211; Kokeisiintulo, (h = 11%), miten tullaan yleens\u00e4 kokeeseen uran aikana &#8211; Palk%, (h = 12%), miten [&hellip;]<\/p>\n","protected":false},"author":1,"featured_media":0,"parent":0,"menu_order":0,"comment_status":"closed","ping_status":"closed","template":"page-scs.php","meta":{"footnotes":""},"class_list":["post-826","page","type-page","status-publish","hentry"],"yoast_head":"<!-- This site is optimized with the Yoast SEO plugin v26.6 - https:\/\/yoast.com\/wordpress\/plugins\/seo\/ -->\n<title>K\u00e4ytt\u00f6indeksit - Suomen Harmaahirvikoiraj\u00e4rjest\u00f6 - SHHJ FJGK<\/title>\n<meta name=\"robots\" content=\"index, follow, max-snippet:-1, max-image-preview:large, max-video-preview:-1\" \/>\n<link rel=\"canonical\" href=\"https:\/\/shhj.info\/?page_id=826\" \/>\n<meta property=\"og:locale\" content=\"fi_FI\" \/>\n<meta property=\"og:type\" content=\"article\" \/>\n<meta property=\"og:title\" content=\"K\u00e4ytt\u00f6indeksit - Suomen Harmaahirvikoiraj\u00e4rjest\u00f6 - SHHJ FJGK\" \/>\n<meta property=\"og:description\" content=\"Taulukoissa on seuraavia indeksej\u00e4: &#8211; Hakulaajuus: Periytyvyys (h = 7%), lasketaan koepisteist\u00e4, kohdasta hakulaajuus. &#8211; Ty\u00f6aika (h = 5%), koekohtaisesta ty\u00f6skentelyajasta. &#8211; Haukkutiheys, (h = 6%), koekohtaisesta haukkutiheys kohdasta &#8211; Tottelevaisuus, (h = 4%), lasketaan koepisteist\u00e4 kyseisest\u00e4 kohdasta &#8211; Kokeisiintulo, (h = 11%), miten tullaan yleens\u00e4 kokeeseen uran aikana &#8211; Palk%, (h = 12%), miten [&hellip;]\" \/>\n<meta property=\"og:url\" content=\"https:\/\/shhj.info\/?page_id=826\" \/>\n<meta property=\"og:site_name\" content=\"Suomen Harmaahirvikoiraj\u00e4rjest\u00f6 - SHHJ FJGK\" \/>\n<meta property=\"article:publisher\" content=\"https:\/\/www.facebook.com\/groups\/115740178447653\/\" \/>\n<meta property=\"article:modified_time\" content=\"2015-05-23T18:03:18+00:00\" \/>\n<meta property=\"og:image\" content=\"https:\/\/shhj.info\/wp\/wp-content\/uploads\/2015\/04\/etu_pentu.jpg\" \/>\n\t<meta property=\"og:image:width\" content=\"567\" \/>\n\t<meta property=\"og:image:height\" content=\"594\" \/>\n\t<meta property=\"og:image:type\" content=\"image\/jpeg\" \/>\n<meta name=\"twitter:card\" content=\"summary_large_image\" \/>\n<meta name=\"twitter:label1\" content=\"Arvioitu lukuaika\" \/>\n\t<meta name=\"twitter:data1\" content=\"3 minuuttia\" \/>\n<script type=\"application\/ld+json\" class=\"yoast-schema-graph\">{\"@context\":\"https:\/\/schema.org\",\"@graph\":[{\"@type\":\"WebPage\",\"@id\":\"https:\/\/shhj.info\/?page_id=826\",\"url\":\"https:\/\/shhj.info\/?page_id=826\",\"name\":\"K\u00e4ytt\u00f6indeksit - Suomen Harmaahirvikoiraj\u00e4rjest\u00f6 - SHHJ FJGK\",\"isPartOf\":{\"@id\":\"https:\/\/shhj.info\/#website\"},\"datePublished\":\"2015-05-12T14:17:16+00:00\",\"dateModified\":\"2015-05-23T18:03:18+00:00\",\"breadcrumb\":{\"@id\":\"https:\/\/shhj.info\/?page_id=826#breadcrumb\"},\"inLanguage\":\"fi\",\"potentialAction\":[{\"@type\":\"ReadAction\",\"target\":[\"https:\/\/shhj.info\/?page_id=826\"]}]},{\"@type\":\"BreadcrumbList\",\"@id\":\"https:\/\/shhj.info\/?page_id=826#breadcrumb\",\"itemListElement\":[{\"@type\":\"ListItem\",\"position\":1,\"name\":\"Etusivu\",\"item\":\"https:\/\/shhj.info\/\"},{\"@type\":\"ListItem\",\"position\":2,\"name\":\"K\u00e4ytt\u00f6indeksit\"}]},{\"@type\":\"WebSite\",\"@id\":\"https:\/\/shhj.info\/#website\",\"url\":\"https:\/\/shhj.info\/\",\"name\":\"Suomen Harmaahirvikoiraj\u00e4rjest\u00f6 - SHHJ FJGK\",\"description\":\"parhaiden hirvikoirarotujen rotuj\u00e4rjest\u00f6 Suomessa\",\"publisher\":{\"@id\":\"https:\/\/shhj.info\/#organization\"},\"alternateName\":\"SHHJ FJGK\",\"potentialAction\":[{\"@type\":\"SearchAction\",\"target\":{\"@type\":\"EntryPoint\",\"urlTemplate\":\"https:\/\/shhj.info\/?s={search_term_string}\"},\"query-input\":{\"@type\":\"PropertyValueSpecification\",\"valueRequired\":true,\"valueName\":\"search_term_string\"}}],\"inLanguage\":\"fi\"},{\"@type\":\"Organization\",\"@id\":\"https:\/\/shhj.info\/#organization\",\"name\":\"Suomen Harmaahirvikoiraj\u00e4rjest\u00f6 - SHHJ FJGK\",\"url\":\"https:\/\/shhj.info\/\",\"logo\":{\"@type\":\"ImageObject\",\"inLanguage\":\"fi\",\"@id\":\"https:\/\/shhj.info\/#\/schema\/logo\/image\/\",\"url\":\"http:\/\/shhj.info\/wp\/wp-content\/uploads\/2018\/12\/logo.gif\",\"contentUrl\":\"http:\/\/shhj.info\/wp\/wp-content\/uploads\/2018\/12\/logo.gif\",\"width\":169,\"height\":166,\"caption\":\"Suomen Harmaahirvikoiraj\u00e4rjest\u00f6 - SHHJ FJGK\"},\"image\":{\"@id\":\"https:\/\/shhj.info\/#\/schema\/logo\/image\/\"},\"sameAs\":[\"https:\/\/www.facebook.com\/groups\/115740178447653\/\"]}]}<\/script>\n<!-- \/ Yoast SEO plugin. -->","yoast_head_json":{"title":"K\u00e4ytt\u00f6indeksit - Suomen Harmaahirvikoiraj\u00e4rjest\u00f6 - SHHJ FJGK","robots":{"index":"index","follow":"follow","max-snippet":"max-snippet:-1","max-image-preview":"max-image-preview:large","max-video-preview":"max-video-preview:-1"},"canonical":"https:\/\/shhj.info\/?page_id=826","og_locale":"fi_FI","og_type":"article","og_title":"K\u00e4ytt\u00f6indeksit - Suomen Harmaahirvikoiraj\u00e4rjest\u00f6 - SHHJ FJGK","og_description":"Taulukoissa on seuraavia indeksej\u00e4: &#8211; Hakulaajuus: Periytyvyys (h = 7%), lasketaan koepisteist\u00e4, kohdasta hakulaajuus. &#8211; Ty\u00f6aika (h = 5%), koekohtaisesta ty\u00f6skentelyajasta. &#8211; Haukkutiheys, (h = 6%), koekohtaisesta haukkutiheys kohdasta &#8211; Tottelevaisuus, (h = 4%), lasketaan koepisteist\u00e4 kyseisest\u00e4 kohdasta &#8211; Kokeisiintulo, (h = 11%), miten tullaan yleens\u00e4 kokeeseen uran aikana &#8211; Palk%, (h = 12%), miten [&hellip;]","og_url":"https:\/\/shhj.info\/?page_id=826","og_site_name":"Suomen Harmaahirvikoiraj\u00e4rjest\u00f6 - SHHJ FJGK","article_publisher":"https:\/\/www.facebook.com\/groups\/115740178447653\/","article_modified_time":"2015-05-23T18:03:18+00:00","og_image":[{"width":567,"height":594,"url":"https:\/\/shhj.info\/wp\/wp-content\/uploads\/2015\/04\/etu_pentu.jpg","type":"image\/jpeg"}],"twitter_card":"summary_large_image","twitter_misc":{"Arvioitu lukuaika":"3 minuuttia"},"schema":{"@context":"https:\/\/schema.org","@graph":[{"@type":"WebPage","@id":"https:\/\/shhj.info\/?page_id=826","url":"https:\/\/shhj.info\/?page_id=826","name":"K\u00e4ytt\u00f6indeksit - Suomen Harmaahirvikoiraj\u00e4rjest\u00f6 - SHHJ FJGK","isPartOf":{"@id":"https:\/\/shhj.info\/#website"},"datePublished":"2015-05-12T14:17:16+00:00","dateModified":"2015-05-23T18:03:18+00:00","breadcrumb":{"@id":"https:\/\/shhj.info\/?page_id=826#breadcrumb"},"inLanguage":"fi","potentialAction":[{"@type":"ReadAction","target":["https:\/\/shhj.info\/?page_id=826"]}]},{"@type":"BreadcrumbList","@id":"https:\/\/shhj.info\/?page_id=826#breadcrumb","itemListElement":[{"@type":"ListItem","position":1,"name":"Etusivu","item":"https:\/\/shhj.info\/"},{"@type":"ListItem","position":2,"name":"K\u00e4ytt\u00f6indeksit"}]},{"@type":"WebSite","@id":"https:\/\/shhj.info\/#website","url":"https:\/\/shhj.info\/","name":"Suomen Harmaahirvikoiraj\u00e4rjest\u00f6 - SHHJ FJGK","description":"parhaiden hirvikoirarotujen rotuj\u00e4rjest\u00f6 Suomessa","publisher":{"@id":"https:\/\/shhj.info\/#organization"},"alternateName":"SHHJ FJGK","potentialAction":[{"@type":"SearchAction","target":{"@type":"EntryPoint","urlTemplate":"https:\/\/shhj.info\/?s={search_term_string}"},"query-input":{"@type":"PropertyValueSpecification","valueRequired":true,"valueName":"search_term_string"}}],"inLanguage":"fi"},{"@type":"Organization","@id":"https:\/\/shhj.info\/#organization","name":"Suomen Harmaahirvikoiraj\u00e4rjest\u00f6 - SHHJ FJGK","url":"https:\/\/shhj.info\/","logo":{"@type":"ImageObject","inLanguage":"fi","@id":"https:\/\/shhj.info\/#\/schema\/logo\/image\/","url":"http:\/\/shhj.info\/wp\/wp-content\/uploads\/2018\/12\/logo.gif","contentUrl":"http:\/\/shhj.info\/wp\/wp-content\/uploads\/2018\/12\/logo.gif","width":169,"height":166,"caption":"Suomen Harmaahirvikoiraj\u00e4rjest\u00f6 - SHHJ FJGK"},"image":{"@id":"https:\/\/shhj.info\/#\/schema\/logo\/image\/"},"sameAs":["https:\/\/www.facebook.com\/groups\/115740178447653\/"]}]}},"_links":{"self":[{"href":"https:\/\/shhj.info\/index.php?rest_route=\/wp\/v2\/pages\/826","targetHints":{"allow":["GET"]}}],"collection":[{"href":"https:\/\/shhj.info\/index.php?rest_route=\/wp\/v2\/pages"}],"about":[{"href":"https:\/\/shhj.info\/index.php?rest_route=\/wp\/v2\/types\/page"}],"author":[{"embeddable":true,"href":"https:\/\/shhj.info\/index.php?rest_route=\/wp\/v2\/users\/1"}],"replies":[{"embeddable":true,"href":"https:\/\/shhj.info\/index.php?rest_route=%2Fwp%2Fv2%2Fcomments&post=826"}],"version-history":[{"count":3,"href":"https:\/\/shhj.info\/index.php?rest_route=\/wp\/v2\/pages\/826\/revisions"}],"predecessor-version":[{"id":1255,"href":"https:\/\/shhj.info\/index.php?rest_route=\/wp\/v2\/pages\/826\/revisions\/1255"}],"wp:attachment":[{"href":"https:\/\/shhj.info\/index.php?rest_route=%2Fwp%2Fv2%2Fmedia&parent=826"}],"curies":[{"name":"wp","href":"https:\/\/api.w.org\/{rel}","templated":true}]}}