{"id":667,"date":"2015-05-04T21:09:17","date_gmt":"2015-05-04T18:09:17","guid":{"rendered":"http:\/\/www.shhj.info\/wp\/?page_id=667"},"modified":"2019-03-05T22:06:22","modified_gmt":"2019-03-05T20:06:22","slug":"terveystietolomake","status":"publish","type":"page","link":"https:\/\/shhj.info\/?page_id=667","title":{"rendered":"Terveystietolomake"},"content":{"rendered":"<p>Ilmoita alla olevalla terveystietolomakkeella, mik\u00e4li koirallasi tai kasvattamallasi koiralla on ilmennyt jotakin sairauksia tai vikoja. Kaikki rotujemme\u00a0terveysasioihin liittyv\u00e4 tieto on eritt\u00e4in tervetullutta, ja t\u00e4rke\u00e4t\u00e4 saada my\u00f6s jalostusvaliokunnalle tiedoksi, jotta tiedet\u00e4\u00e4n, ett\u00e4 mik\u00e4 on rotujemme terveystilanne ja ett\u00e4 tulevaisuudessa rotumme olisivat entist\u00e4kin terveempi\u00e4. Jos sinun\u00a0 koirissasi on ollut jotakin sairauksia tai vikoja, niin ilmoita niist\u00e4 rohkeasti, asiat k\u00e4sitell\u00e4\u00e4n luottamuksellisesti. Ilmoita sairauksista vaikka ne olisivat olleet kauankin sitten olleella koirallasi.<\/p>\n<p>Rastita lomakkeeseen, mist\u00e4 sairaudesta\/ viasta on kyse ja kerro asiasta tarkemmin tekstikent\u00e4ss\u00e4. Ilmoita my\u00f6s omat yhteystietosi, koska nimett\u00f6mi\u00e4 lomakkeita ei k\u00e4sitell\u00e4.<\/p>\n<p>T\u00e4ytt\u00e4m\u00e4ll\u00e4 lomakkeen hyv\u00e4ksyt, ett\u00e4 tietojasi k\u00e4sitell\u00e4\u00e4n <a href=\"http:\/\/www.shhj.info\/wp\/wp-content\/uploads\/2018\/05\/Tietosuojaseloste.pdf\" target=\"_blank\" rel=\"noopener noreferrer\">tietosuojaselosteen<\/a> mukaisesti.<\/p>\n<hr \/>\n\n<div class=\"wpcf7 no-js\" id=\"wpcf7-f669-o1\" lang=\"fi\" dir=\"ltr\" data-wpcf7-id=\"669\">\n<div class=\"screen-reader-response\"><p role=\"status\" aria-live=\"polite\" aria-atomic=\"true\"><\/p> <ul><\/ul><\/div>\n<form action=\"\/index.php?rest_route=%2Fwp%2Fv2%2Fpages%2F667#wpcf7-f669-o1\" method=\"post\" class=\"wpcf7-form init\" aria-label=\"Yhteydenottolomake\" novalidate=\"novalidate\" data-status=\"init\">\n<fieldset class=\"hidden-fields-container\"><input type=\"hidden\" name=\"_wpcf7\" value=\"669\" \/><input type=\"hidden\" name=\"_wpcf7_version\" value=\"6.1.4\" \/><input type=\"hidden\" name=\"_wpcf7_locale\" value=\"fi\" \/><input type=\"hidden\" name=\"_wpcf7_unit_tag\" value=\"wpcf7-f669-o1\" \/><input type=\"hidden\" name=\"_wpcf7_container_post\" value=\"0\" \/><input type=\"hidden\" name=\"_wpcf7_posted_data_hash\" value=\"\" \/>\n<\/fieldset>\n<p><b>Tiedot ilmoittajasta<\/b>\n<\/p>\n<p>Nimi<br \/>\n<span class=\"wpcf7-form-control-wrap\" data-name=\"ilmoittajan_nimi\"><input size=\"40\" maxlength=\"400\" class=\"wpcf7-form-control wpcf7-text wpcf7-validates-as-required\" aria-required=\"true\" aria-invalid=\"false\" value=\"\" type=\"text\" name=\"ilmoittajan_nimi\" \/><\/span>\n<\/p>\n<p>L\u00e4hiosoite<br \/>\n<span class=\"wpcf7-form-control-wrap\" data-name=\"lahiosoite\"><input size=\"40\" maxlength=\"400\" class=\"wpcf7-form-control wpcf7-text\" aria-invalid=\"false\" value=\"\" type=\"text\" name=\"lahiosoite\" \/><\/span>\n<\/p>\n<p>Postiosoite<br \/>\n<span class=\"wpcf7-form-control-wrap\" data-name=\"postiosoite\"><input size=\"40\" maxlength=\"400\" class=\"wpcf7-form-control wpcf7-text\" aria-invalid=\"false\" value=\"\" type=\"text\" name=\"postiosoite\" \/><\/span>\n<\/p>\n<p>Puhelinnumero<br \/>\n<span class=\"wpcf7-form-control-wrap\" data-name=\"puhelin\"><input size=\"40\" maxlength=\"400\" class=\"wpcf7-form-control wpcf7-text\" aria-invalid=\"false\" value=\"\" type=\"text\" name=\"puhelin\" \/><\/span>\n<\/p>\n<p>S\u00e4hk\u00f6postiosoite<br \/>\n<span class=\"wpcf7-form-control-wrap\" data-name=\"your-email\"><input size=\"40\" maxlength=\"400\" class=\"wpcf7-form-control wpcf7-email wpcf7-text wpcf7-validates-as-email\" aria-invalid=\"false\" value=\"\" type=\"email\" name=\"your-email\" \/><\/span>\n<\/p>\n<p><b>Tiedot koirasta<\/b>\n<\/p>\n<p>Rotu<br \/>\n<span class=\"wpcf7-form-control-wrap\" data-name=\"Rotu\"><select class=\"wpcf7-form-control wpcf7-select wpcf7-validates-as-required\" aria-required=\"true\" aria-invalid=\"false\" name=\"Rotu\"><option value=\"\">&#8212;Valitse vaihtoehto&#8212;<\/option><option value=\"Harmaa norjanhirvikoira\">Harmaa norjanhirvikoira<\/option><option value=\"J\u00e4mtlanninpystykorva\">J\u00e4mtlanninpystykorva<\/option><option value=\"Valkoinen ruotsinhirvikoira\">Valkoinen ruotsinhirvikoira<\/option><\/select><\/span>\n<\/p>\n<p>Koiran rekisterinumero<br \/>\n<span class=\"wpcf7-form-control-wrap\" data-name=\"rekisterinumero\"><input size=\"40\" maxlength=\"400\" class=\"wpcf7-form-control wpcf7-text wpcf7-validates-as-required\" aria-required=\"true\" aria-invalid=\"false\" value=\"\" type=\"text\" name=\"rekisterinumero\" \/><\/span>\n<\/p>\n<p>Koiran nimi<br \/>\n<span class=\"wpcf7-form-control-wrap\" data-name=\"koiran_nimi\"><input size=\"40\" maxlength=\"400\" class=\"wpcf7-form-control wpcf7-text wpcf7-validates-as-required\" aria-required=\"true\" aria-invalid=\"false\" value=\"\" type=\"text\" name=\"koiran_nimi\" \/><\/span>\n<\/p>\n<p>Rastita alle sairaudet\/ viat mit\u00e4 koirallasi tai pentueellasi on ollut. Kerro alla olevassa tekstikent\u00e4ss\u00e4 asiasta viel\u00e4 tarkennus.\n<\/p>\n<p><b>Koirassa ilmenneet sairaudet<\/b>\n<\/p>\n<p>Myosiitti <span class=\"wpcf7-form-control-wrap\" data-name=\"myosiitti\"><span class=\"wpcf7-form-control wpcf7-checkbox\"><span class=\"wpcf7-list-item first last\"><input type=\"checkbox\" name=\"myosiitti[]\" value=\"Kyll\u00e4\" \/><span class=\"wpcf7-list-item-label\">Kyll\u00e4<\/span><\/span><\/span><\/span>\n<\/p>\n<p>Epilepsia <span class=\"wpcf7-form-control-wrap\" data-name=\"epilepsia\"><span class=\"wpcf7-form-control wpcf7-checkbox\"><span class=\"wpcf7-list-item first last\"><input type=\"checkbox\" name=\"epilepsia[]\" value=\"Kyll\u00e4\" \/><span class=\"wpcf7-list-item-label\">Kyll\u00e4<\/span><\/span><\/span><\/span>\n<\/p>\n<p>Silm\u00e4sairaus <span class=\"wpcf7-form-control-wrap\" data-name=\"silmasairaus\"><span class=\"wpcf7-form-control wpcf7-checkbox\"><span class=\"wpcf7-list-item first last\"><input type=\"checkbox\" name=\"silmasairaus[]\" value=\"Kyll\u00e4\" \/><span class=\"wpcf7-list-item-label\">Kyll\u00e4<\/span><\/span><\/span><\/span>\n<\/p>\n<p>Korvasairaus <span class=\"wpcf7-form-control-wrap\" data-name=\"korvasairaus\"><span class=\"wpcf7-form-control wpcf7-checkbox\"><span class=\"wpcf7-list-item first last\"><input type=\"checkbox\" name=\"korvasairaus[]\" value=\"Kyll\u00e4\" \/><span class=\"wpcf7-list-item-label\">Kyll\u00e4<\/span><\/span><\/span><\/span>\n<\/p>\n<p>Polvivika <span class=\"wpcf7-form-control-wrap\" data-name=\"polvivika\"><span class=\"wpcf7-form-control wpcf7-checkbox\"><span class=\"wpcf7-list-item first last\"><input type=\"checkbox\" name=\"polvivika[]\" value=\"Kyll\u00e4\" \/><span class=\"wpcf7-list-item-label\">Kyll\u00e4<\/span><\/span><\/span><\/span>\n<\/p>\n<p>Rasvapatteja <span class=\"wpcf7-form-control-wrap\" data-name=\"rasvapatteja\"><span class=\"wpcf7-form-control wpcf7-checkbox\"><span class=\"wpcf7-list-item first last\"><input type=\"checkbox\" name=\"rasvapatteja[]\" value=\"Kyll\u00e4\" \/><span class=\"wpcf7-list-item-label\">Kyll\u00e4<\/span><\/span><\/span><\/span>\n<\/p>\n<p>Munuaisten vajaatoiminta <span class=\"wpcf7-form-control-wrap\" data-name=\"munuaisten_vajaatoiminta\"><span class=\"wpcf7-form-control wpcf7-checkbox\"><span class=\"wpcf7-list-item first last\"><input type=\"checkbox\" name=\"munuaisten_vajaatoiminta[]\" value=\"Kyll\u00e4\" \/><span class=\"wpcf7-list-item-label\">Kyll\u00e4<\/span><\/span><\/span><\/span>\n<\/p>\n<p>Syd\u00e4nsairaus <span class=\"wpcf7-form-control-wrap\" data-name=\"sydansairaus\"><span class=\"wpcf7-form-control wpcf7-checkbox\"><span class=\"wpcf7-list-item first last\"><input type=\"checkbox\" name=\"sydansairaus[]\" value=\"Kyll\u00e4\" \/><span class=\"wpcf7-list-item-label\">Kyll\u00e4<\/span><\/span><\/span><\/span>\n<\/p>\n<p>K\u00e4\u00e4pi\u00f6kasvuisuus\/matalajalkaisuus <span class=\"wpcf7-form-control-wrap\" data-name=\"matalajalkaisuus\"><span class=\"wpcf7-form-control wpcf7-checkbox\"><span class=\"wpcf7-list-item first last\"><input type=\"checkbox\" name=\"matalajalkaisuus[]\" value=\"Kyll\u00e4\" \/><span class=\"wpcf7-list-item-label\">Kyll\u00e4<\/span><\/span><\/span><\/span>\n<\/p>\n<p>Toistuvia kurkkutulehduksia <span class=\"wpcf7-form-control-wrap\" data-name=\"kurkkutulehdus\"><span class=\"wpcf7-form-control wpcf7-checkbox\"><span class=\"wpcf7-list-item first last\"><input type=\"checkbox\" name=\"kurkkutulehdus[]\" value=\"Kyll\u00e4\" \/><span class=\"wpcf7-list-item-label\">Kyll\u00e4<\/span><\/span><\/span><\/span>\n<\/p>\n<p>Vesip\u00e4\u00e4 <span class=\"wpcf7-form-control-wrap\" data-name=\"vesipaa\"><span class=\"wpcf7-form-control wpcf7-checkbox\"><span class=\"wpcf7-list-item first last\"><input type=\"checkbox\" name=\"vesipaa[]\" value=\"Kyll\u00e4\" \/><span class=\"wpcf7-list-item-label\">Kyll\u00e4<\/span><\/span><\/span><\/span>\n<\/p>\n<p>Purentavika (alapurenta, yl\u00e4urenta, tasapurenta) <span class=\"wpcf7-form-control-wrap\" data-name=\"purentavika\"><span class=\"wpcf7-form-control wpcf7-checkbox\"><span class=\"wpcf7-list-item first last\"><input type=\"checkbox\" name=\"purentavika[]\" value=\"Kyll\u00e4\" \/><span class=\"wpcf7-list-item-label\">Kyll\u00e4<\/span><\/span><\/span><\/span>\n<\/p>\n<p>Sokeritauti <span class=\"wpcf7-form-control-wrap\" data-name=\"sokeritauti\"><span class=\"wpcf7-form-control wpcf7-checkbox\"><span class=\"wpcf7-list-item first last\"><input type=\"checkbox\" name=\"sokeritauti[]\" value=\"Kyll\u00e4\" \/><span class=\"wpcf7-list-item-label\">Kyll\u00e4<\/span><\/span><\/span><\/span>\n<\/p>\n<p>H\u00e4nt\u00e4mutka <span class=\"wpcf7-form-control-wrap\" data-name=\"hantamutka\"><span class=\"wpcf7-form-control wpcf7-checkbox\"><span class=\"wpcf7-list-item first last\"><input type=\"checkbox\" name=\"hantamutka[]\" value=\"Kyll\u00e4\" \/><span class=\"wpcf7-list-item-label\">Kyll\u00e4<\/span><\/span><\/span><\/span>\n<\/p>\n<p>Taittokorvat <span class=\"wpcf7-form-control-wrap\" data-name=\"taittokorvat\"><span class=\"wpcf7-form-control wpcf7-checkbox\"><span class=\"wpcf7-list-item first last\"><input type=\"checkbox\" name=\"taittokorvat[]\" value=\"Kyll\u00e4\" \/><span class=\"wpcf7-list-item-label\">Kyll\u00e4<\/span><\/span><\/span><\/span>\n<\/p>\n<p>Huomattava ihmisvihaisuus <span class=\"wpcf7-form-control-wrap\" data-name=\"vihaisuus\"><span class=\"wpcf7-form-control wpcf7-checkbox\"><span class=\"wpcf7-list-item first last\"><input type=\"checkbox\" name=\"vihaisuus[]\" value=\"Kyll\u00e4\" \/><span class=\"wpcf7-list-item-label\">Kyll\u00e4<\/span><\/span><\/span><\/span>\n<\/p>\n<p>Huomattava arkuus <span class=\"wpcf7-form-control-wrap\" data-name=\"arkuus\"><span class=\"wpcf7-form-control wpcf7-checkbox\"><span class=\"wpcf7-list-item first last\"><input type=\"checkbox\" name=\"arkuus[]\" value=\"Kyll\u00e4\" \/><span class=\"wpcf7-list-item-label\">Kyll\u00e4<\/span><\/span><\/span><\/span>\n<\/p>\n<p>Muu (kerro alla tarkemmin mik\u00e4) <span class=\"wpcf7-form-control-wrap\" data-name=\"muu\"><span class=\"wpcf7-form-control wpcf7-checkbox\"><span class=\"wpcf7-list-item first last\"><input type=\"checkbox\" name=\"muu[]\" value=\"Kyll\u00e4\" \/><span class=\"wpcf7-list-item-label\">Kyll\u00e4<\/span><\/span><\/span><\/span>\n<\/p>\n<p>Koira on aina ollut t\u00e4ysin terve <span class=\"wpcf7-form-control-wrap\" data-name=\"terve\"><span class=\"wpcf7-form-control wpcf7-checkbox\"><span class=\"wpcf7-list-item first last\"><input type=\"checkbox\" name=\"terve[]\" value=\"Kyll\u00e4\" \/><span class=\"wpcf7-list-item-label\">Kyll\u00e4<\/span><\/span><\/span><\/span>\n<\/p>\n<p>Hirvenhaukkutaipumus<br \/>\n<span class=\"wpcf7-form-control-wrap\" data-name=\"Hirvenhaukkutaipumus\"><select class=\"wpcf7-form-control wpcf7-select wpcf7-validates-as-required\" aria-required=\"true\" aria-invalid=\"false\" name=\"Hirvenhaukkutaipumus\"><option value=\"\">&#8212;Valitse vaihtoehto&#8212;<\/option><option value=\"Koiran mets\u00e4stysvietti riitt\u00e4\u00e4 hirvenhaukkukoe- ja mets\u00e4stysk\u00e4ytt\u00f6\u00f6n\">Koiran mets\u00e4stysvietti riitt\u00e4\u00e4 hirvenhaukkukoe- ja mets\u00e4stysk\u00e4ytt\u00f6\u00f6n<\/option><option value=\"On kiinnostunut hirvist\u00e4, mutta ei tarpeeksi haukkukokeessa menestymiseen\">On kiinnostunut hirvist\u00e4, mutta ei tarpeeksi haukkukokeessa menestymiseen<\/option><option value=\"Ei ole kiinnostunut hirvist\u00e4\">Ei ole kiinnostunut hirvist\u00e4<\/option><option value=\"Pelk\u00e4\u00e4 hirvi\u00e4\">Pelk\u00e4\u00e4 hirvi\u00e4<\/option><option value=\"Koiraa ei ole k\u00e4ytetty mets\u00e4ss\u00e4\">Koiraa ei ole k\u00e4ytetty mets\u00e4ss\u00e4<\/option><\/select><\/span>\n<\/p>\n<p>Lis\u00e4tietoja<br \/>\n<span class=\"wpcf7-form-control-wrap\" data-name=\"textarea-409\"><textarea cols=\"40\" rows=\"10\" maxlength=\"2000\" class=\"wpcf7-form-control wpcf7-textarea\" aria-invalid=\"false\" name=\"textarea-409\"><\/textarea><\/span>\n<\/p>\n<p><input class=\"wpcf7-form-control wpcf7-submit has-spinner\" type=\"submit\" value=\"L\u00e4het\u00e4\" \/>\n<\/p><p style=\"display: none !important;\" class=\"akismet-fields-container\" data-prefix=\"_wpcf7_ak_\"><label>&#916;<textarea name=\"_wpcf7_ak_hp_textarea\" cols=\"45\" rows=\"8\" maxlength=\"100\"><\/textarea><\/label><input type=\"hidden\" id=\"ak_js_1\" name=\"_wpcf7_ak_js\" value=\"220\"\/><script>document.getElementById( \"ak_js_1\" ).setAttribute( \"value\", ( new Date() ).getTime() );<\/script><\/p><div class=\"wpcf7-response-output\" aria-hidden=\"true\"><\/div>\n<\/form>\n<\/div>\n\n","protected":false},"excerpt":{"rendered":"<p>Ilmoita alla olevalla terveystietolomakkeella, mik\u00e4li koirallasi tai kasvattamallasi koiralla on ilmennyt jotakin sairauksia tai vikoja. Kaikki rotujemme\u00a0terveysasioihin liittyv\u00e4 tieto on eritt\u00e4in tervetullutta, ja t\u00e4rke\u00e4t\u00e4 saada my\u00f6s jalostusvaliokunnalle tiedoksi, jotta tiedet\u00e4\u00e4n, ett\u00e4 mik\u00e4 on rotujemme terveystilanne ja ett\u00e4 tulevaisuudessa rotumme olisivat entist\u00e4kin terveempi\u00e4. Jos sinun\u00a0 koirissasi on ollut jotakin sairauksia tai vikoja, niin ilmoita niist\u00e4 rohkeasti, [&hellip;]<\/p>\n","protected":false},"author":1,"featured_media":0,"parent":0,"menu_order":0,"comment_status":"closed","ping_status":"closed","template":"page-scs.php","meta":{"footnotes":""},"class_list":["post-667","page","type-page","status-publish","hentry"],"yoast_head":"<!-- This site is optimized with the Yoast SEO plugin v26.6 - https:\/\/yoast.com\/wordpress\/plugins\/seo\/ -->\n<title>Terveystietolomake - Suomen Harmaahirvikoiraj\u00e4rjest\u00f6 - SHHJ FJGK<\/title>\n<meta name=\"robots\" content=\"index, follow, max-snippet:-1, max-image-preview:large, max-video-preview:-1\" \/>\n<link rel=\"canonical\" href=\"https:\/\/shhj.info\/?page_id=667\" \/>\n<meta property=\"og:locale\" content=\"fi_FI\" \/>\n<meta property=\"og:type\" content=\"article\" \/>\n<meta property=\"og:title\" content=\"Terveystietolomake - Suomen Harmaahirvikoiraj\u00e4rjest\u00f6 - SHHJ FJGK\" \/>\n<meta property=\"og:description\" content=\"Ilmoita alla olevalla terveystietolomakkeella, mik\u00e4li koirallasi tai kasvattamallasi koiralla on ilmennyt jotakin sairauksia tai vikoja. Kaikki rotujemme\u00a0terveysasioihin liittyv\u00e4 tieto on eritt\u00e4in tervetullutta, ja t\u00e4rke\u00e4t\u00e4 saada my\u00f6s jalostusvaliokunnalle tiedoksi, jotta tiedet\u00e4\u00e4n, ett\u00e4 mik\u00e4 on rotujemme terveystilanne ja ett\u00e4 tulevaisuudessa rotumme olisivat entist\u00e4kin terveempi\u00e4. Jos sinun\u00a0 koirissasi on ollut jotakin sairauksia tai vikoja, niin ilmoita niist\u00e4 rohkeasti, [&hellip;]\" \/>\n<meta property=\"og:url\" content=\"https:\/\/shhj.info\/?page_id=667\" \/>\n<meta property=\"og:site_name\" content=\"Suomen Harmaahirvikoiraj\u00e4rjest\u00f6 - SHHJ FJGK\" \/>\n<meta property=\"article:publisher\" content=\"https:\/\/www.facebook.com\/groups\/115740178447653\/\" \/>\n<meta property=\"article:modified_time\" content=\"2019-03-05T20:06:22+00:00\" \/>\n<meta property=\"og:image\" content=\"https:\/\/shhj.info\/wp\/wp-content\/uploads\/2015\/04\/etu_pentu.jpg\" \/>\n\t<meta property=\"og:image:width\" content=\"567\" \/>\n\t<meta property=\"og:image:height\" content=\"594\" \/>\n\t<meta property=\"og:image:type\" content=\"image\/jpeg\" \/>\n<meta name=\"twitter:card\" content=\"summary_large_image\" \/>\n<meta name=\"twitter:label1\" content=\"Arvioitu lukuaika\" \/>\n\t<meta name=\"twitter:data1\" content=\"1 minuutti\" \/>\n<script type=\"application\/ld+json\" class=\"yoast-schema-graph\">{\"@context\":\"https:\/\/schema.org\",\"@graph\":[{\"@type\":\"WebPage\",\"@id\":\"https:\/\/shhj.info\/?page_id=667\",\"url\":\"https:\/\/shhj.info\/?page_id=667\",\"name\":\"Terveystietolomake - Suomen Harmaahirvikoiraj\u00e4rjest\u00f6 - SHHJ FJGK\",\"isPartOf\":{\"@id\":\"https:\/\/shhj.info\/#website\"},\"datePublished\":\"2015-05-04T18:09:17+00:00\",\"dateModified\":\"2019-03-05T20:06:22+00:00\",\"breadcrumb\":{\"@id\":\"https:\/\/shhj.info\/?page_id=667#breadcrumb\"},\"inLanguage\":\"fi\",\"potentialAction\":[{\"@type\":\"ReadAction\",\"target\":[\"https:\/\/shhj.info\/?page_id=667\"]}]},{\"@type\":\"BreadcrumbList\",\"@id\":\"https:\/\/shhj.info\/?page_id=667#breadcrumb\",\"itemListElement\":[{\"@type\":\"ListItem\",\"position\":1,\"name\":\"Etusivu\",\"item\":\"https:\/\/shhj.info\/\"},{\"@type\":\"ListItem\",\"position\":2,\"name\":\"Terveystietolomake\"}]},{\"@type\":\"WebSite\",\"@id\":\"https:\/\/shhj.info\/#website\",\"url\":\"https:\/\/shhj.info\/\",\"name\":\"Suomen Harmaahirvikoiraj\u00e4rjest\u00f6 - SHHJ FJGK\",\"description\":\"parhaiden hirvikoirarotujen rotuj\u00e4rjest\u00f6 Suomessa\",\"publisher\":{\"@id\":\"https:\/\/shhj.info\/#organization\"},\"alternateName\":\"SHHJ FJGK\",\"potentialAction\":[{\"@type\":\"SearchAction\",\"target\":{\"@type\":\"EntryPoint\",\"urlTemplate\":\"https:\/\/shhj.info\/?s={search_term_string}\"},\"query-input\":{\"@type\":\"PropertyValueSpecification\",\"valueRequired\":true,\"valueName\":\"search_term_string\"}}],\"inLanguage\":\"fi\"},{\"@type\":\"Organization\",\"@id\":\"https:\/\/shhj.info\/#organization\",\"name\":\"Suomen Harmaahirvikoiraj\u00e4rjest\u00f6 - SHHJ FJGK\",\"url\":\"https:\/\/shhj.info\/\",\"logo\":{\"@type\":\"ImageObject\",\"inLanguage\":\"fi\",\"@id\":\"https:\/\/shhj.info\/#\/schema\/logo\/image\/\",\"url\":\"http:\/\/shhj.info\/wp\/wp-content\/uploads\/2018\/12\/logo.gif\",\"contentUrl\":\"http:\/\/shhj.info\/wp\/wp-content\/uploads\/2018\/12\/logo.gif\",\"width\":169,\"height\":166,\"caption\":\"Suomen Harmaahirvikoiraj\u00e4rjest\u00f6 - SHHJ FJGK\"},\"image\":{\"@id\":\"https:\/\/shhj.info\/#\/schema\/logo\/image\/\"},\"sameAs\":[\"https:\/\/www.facebook.com\/groups\/115740178447653\/\"]}]}<\/script>\n<!-- \/ Yoast SEO plugin. -->","yoast_head_json":{"title":"Terveystietolomake - Suomen Harmaahirvikoiraj\u00e4rjest\u00f6 - SHHJ FJGK","robots":{"index":"index","follow":"follow","max-snippet":"max-snippet:-1","max-image-preview":"max-image-preview:large","max-video-preview":"max-video-preview:-1"},"canonical":"https:\/\/shhj.info\/?page_id=667","og_locale":"fi_FI","og_type":"article","og_title":"Terveystietolomake - Suomen Harmaahirvikoiraj\u00e4rjest\u00f6 - SHHJ FJGK","og_description":"Ilmoita alla olevalla terveystietolomakkeella, mik\u00e4li koirallasi tai kasvattamallasi koiralla on ilmennyt jotakin sairauksia tai vikoja. Kaikki rotujemme\u00a0terveysasioihin liittyv\u00e4 tieto on eritt\u00e4in tervetullutta, ja t\u00e4rke\u00e4t\u00e4 saada my\u00f6s jalostusvaliokunnalle tiedoksi, jotta tiedet\u00e4\u00e4n, ett\u00e4 mik\u00e4 on rotujemme terveystilanne ja ett\u00e4 tulevaisuudessa rotumme olisivat entist\u00e4kin terveempi\u00e4. Jos sinun\u00a0 koirissasi on ollut jotakin sairauksia tai vikoja, niin ilmoita niist\u00e4 rohkeasti, [&hellip;]","og_url":"https:\/\/shhj.info\/?page_id=667","og_site_name":"Suomen Harmaahirvikoiraj\u00e4rjest\u00f6 - SHHJ FJGK","article_publisher":"https:\/\/www.facebook.com\/groups\/115740178447653\/","article_modified_time":"2019-03-05T20:06:22+00:00","og_image":[{"width":567,"height":594,"url":"https:\/\/shhj.info\/wp\/wp-content\/uploads\/2015\/04\/etu_pentu.jpg","type":"image\/jpeg"}],"twitter_card":"summary_large_image","twitter_misc":{"Arvioitu lukuaika":"1 minuutti"},"schema":{"@context":"https:\/\/schema.org","@graph":[{"@type":"WebPage","@id":"https:\/\/shhj.info\/?page_id=667","url":"https:\/\/shhj.info\/?page_id=667","name":"Terveystietolomake - Suomen Harmaahirvikoiraj\u00e4rjest\u00f6 - SHHJ FJGK","isPartOf":{"@id":"https:\/\/shhj.info\/#website"},"datePublished":"2015-05-04T18:09:17+00:00","dateModified":"2019-03-05T20:06:22+00:00","breadcrumb":{"@id":"https:\/\/shhj.info\/?page_id=667#breadcrumb"},"inLanguage":"fi","potentialAction":[{"@type":"ReadAction","target":["https:\/\/shhj.info\/?page_id=667"]}]},{"@type":"BreadcrumbList","@id":"https:\/\/shhj.info\/?page_id=667#breadcrumb","itemListElement":[{"@type":"ListItem","position":1,"name":"Etusivu","item":"https:\/\/shhj.info\/"},{"@type":"ListItem","position":2,"name":"Terveystietolomake"}]},{"@type":"WebSite","@id":"https:\/\/shhj.info\/#website","url":"https:\/\/shhj.info\/","name":"Suomen Harmaahirvikoiraj\u00e4rjest\u00f6 - SHHJ FJGK","description":"parhaiden hirvikoirarotujen rotuj\u00e4rjest\u00f6 Suomessa","publisher":{"@id":"https:\/\/shhj.info\/#organization"},"alternateName":"SHHJ FJGK","potentialAction":[{"@type":"SearchAction","target":{"@type":"EntryPoint","urlTemplate":"https:\/\/shhj.info\/?s={search_term_string}"},"query-input":{"@type":"PropertyValueSpecification","valueRequired":true,"valueName":"search_term_string"}}],"inLanguage":"fi"},{"@type":"Organization","@id":"https:\/\/shhj.info\/#organization","name":"Suomen Harmaahirvikoiraj\u00e4rjest\u00f6 - SHHJ FJGK","url":"https:\/\/shhj.info\/","logo":{"@type":"ImageObject","inLanguage":"fi","@id":"https:\/\/shhj.info\/#\/schema\/logo\/image\/","url":"http:\/\/shhj.info\/wp\/wp-content\/uploads\/2018\/12\/logo.gif","contentUrl":"http:\/\/shhj.info\/wp\/wp-content\/uploads\/2018\/12\/logo.gif","width":169,"height":166,"caption":"Suomen Harmaahirvikoiraj\u00e4rjest\u00f6 - SHHJ FJGK"},"image":{"@id":"https:\/\/shhj.info\/#\/schema\/logo\/image\/"},"sameAs":["https:\/\/www.facebook.com\/groups\/115740178447653\/"]}]}},"_links":{"self":[{"href":"https:\/\/shhj.info\/index.php?rest_route=\/wp\/v2\/pages\/667","targetHints":{"allow":["GET"]}}],"collection":[{"href":"https:\/\/shhj.info\/index.php?rest_route=\/wp\/v2\/pages"}],"about":[{"href":"https:\/\/shhj.info\/index.php?rest_route=\/wp\/v2\/types\/page"}],"author":[{"embeddable":true,"href":"https:\/\/shhj.info\/index.php?rest_route=\/wp\/v2\/users\/1"}],"replies":[{"embeddable":true,"href":"https:\/\/shhj.info\/index.php?rest_route=%2Fwp%2Fv2%2Fcomments&post=667"}],"version-history":[{"count":5,"href":"https:\/\/shhj.info\/index.php?rest_route=\/wp\/v2\/pages\/667\/revisions"}],"predecessor-version":[{"id":2440,"href":"https:\/\/shhj.info\/index.php?rest_route=\/wp\/v2\/pages\/667\/revisions\/2440"}],"wp:attachment":[{"href":"https:\/\/shhj.info\/index.php?rest_route=%2Fwp%2Fv2%2Fmedia&parent=667"}],"curies":[{"name":"wp","href":"https:\/\/api.w.org\/{rel}","templated":true}]}}