{"id":54,"date":"2015-04-18T23:42:02","date_gmt":"2015-04-18T20:42:02","guid":{"rendered":"http:\/\/www.shhj.info\/wp\/?page_id=54"},"modified":"2025-12-12T22:36:08","modified_gmt":"2025-12-12T20:36:08","slug":"liity-jaseneksi","status":"publish","type":"page","link":"https:\/\/shhj.info\/?page_id=54","title":{"rendered":"Liity j\u00e4seneksi"},"content":{"rendered":"<p><strong>SHHJ j\u00e4senen\u00e4 saat :<\/strong><\/p>\n<ul>\n<li><a href=\"http:\/\/www.shhj.info\/?page_id=62\">Hirvikoiralehden<\/a>, joka ilmestyy nelj\u00e4 kertaa vuodessa. Mm. hein\u00e4kuun lopulla ilmestyv\u00e4ss\u00e4 numerossa koko Suomea kattava koekalenteri hirvenhaukkukokeista piireitt\u00e4in.<\/li>\n<li>Asiantuntevaa neuvoa ja opastusta.<\/li>\n<li><a href=\"http:\/\/www.shhj.info\/?page_id=352\">Jalostusneuvojien<\/a> palvelut, suositukset astutuksiin, lausunnot vakuutusyhti\u00f6ille ja Kennelliittoon, ilmaiset ilmoitukset astutus- ja pentuv\u00e4litys palstoille.<\/li>\n<li>Yhden kerran julkaistava valio-ilmoitus lehdess\u00e4 valokuvan kera.<\/li>\n<li>KARH, HIRV-J, ME-J\u00c4, VAHI tuloksen julkaisu kokeen p\u00e4iv\u00e4m\u00e4\u00e4r\u00e4n j\u00e4lkeisess\u00e4 lehdess\u00e4.<\/li>\n<li>Rotuj\u00e4rjest\u00f6n j\u00e4senyys on pakollinen kennelnime\u00e4 haettaessa, sek\u00e4 osallistuessa Suomen Harmaahirvikoiraj\u00e4rjest\u00f6n otteluihin (lohkonvalinnat, Mestari-, Mestaritar-, Juniorimestari).<\/li>\n<li>J\u00e4rjest\u00f6n j\u00e4senyys mahdollistaa pentujen halvemman rekister\u00f6intimaksun Kennelliiton muiden ehtojen t\u00e4yttyess\u00e4.<\/li>\n<li>Ryhm\u00e4tuomarioikeudet kokeissa.<\/li>\n<li>Mets\u00e4styskoirarotuj\u00e4rjest\u00f6jen halvin j\u00e4senmaksu.\n<ul>\n<li>Ainaisj\u00e4sen 600\u20ac<\/li>\n<li>Henkil\u00f6j\u00e4sen 35\u20ac\/ vuosi<\/li>\n<li>Yhdistysj\u00e4sen 50\u20ac, koskee mets\u00e4stysseuroja, koirakerhoja jne.<\/li>\n<li>Perhej\u00e4sen 17,50\u20ac\/ vuosi, asuttava samassa taloudessa vuosij\u00e4senen kanssa. Samat j\u00e4senoikeudet kuin vuosij\u00e4senell\u00e4, mutta kahta lehte\u00e4 ei tule samaan talouteen.<\/li>\n<\/ul>\n<\/li>\n<\/ul>\n<p style=\"text-align: left;\">T\u00e4yt\u00e4 alla oleva lomake ja napsauta &#8221;l\u00e4het\u00e4&#8221;- nappia, niin tietosi v\u00e4littyv\u00e4t\u00a0j\u00e4senrekisterinhoitajalle.<\/p>\n<p><a href=\"http:\/\/www.shhj.info\/wp\/wp-content\/uploads\/2020\/08\/Tietosuojaseloste.pdf\" target=\"_blank\" rel=\"noopener noreferrer\">Tietosuojaseloste<\/a><\/p>\n<p>T\u00e4ytt\u00e4m\u00e4ll\u00e4 lomakkeen hyv\u00e4ksyt, ett\u00e4 tietojasi k\u00e4sitell\u00e4\u00e4n <a href=\"http:\/\/www.shhj.info\/wp\/wp-content\/uploads\/2018\/05\/Tietosuojaseloste.pdf\" target=\"_blank\" rel=\"noopener noreferrer\">tietosuojaselosteen<\/a> mukaisesti.<\/p>\n\n<div class=\"wpcf7 no-js\" id=\"wpcf7-f165-o1\" lang=\"fi\" dir=\"ltr\" data-wpcf7-id=\"165\">\n<div class=\"screen-reader-response\"><p role=\"status\" aria-live=\"polite\" aria-atomic=\"true\"><\/p> <ul><\/ul><\/div>\n<form action=\"\/index.php?rest_route=%2Fwp%2Fv2%2Fpages%2F54#wpcf7-f165-o1\" method=\"post\" class=\"wpcf7-form init\" aria-label=\"Yhteydenottolomake\" novalidate=\"novalidate\" data-status=\"init\">\n<fieldset class=\"hidden-fields-container\"><input type=\"hidden\" name=\"_wpcf7\" value=\"165\" \/><input type=\"hidden\" name=\"_wpcf7_version\" value=\"6.1.4\" \/><input type=\"hidden\" name=\"_wpcf7_locale\" value=\"fi\" \/><input type=\"hidden\" name=\"_wpcf7_unit_tag\" value=\"wpcf7-f165-o1\" \/><input type=\"hidden\" name=\"_wpcf7_container_post\" value=\"0\" \/><input type=\"hidden\" name=\"_wpcf7_posted_data_hash\" value=\"\" \/>\n<\/fieldset>\n<p>Etunimi (pakollinen)\n<\/p>\n<p><span class=\"wpcf7-form-control-wrap\" data-name=\"your-name\"><input size=\"40\" maxlength=\"400\" class=\"wpcf7-form-control wpcf7-text wpcf7-validates-as-required\" aria-required=\"true\" aria-invalid=\"false\" value=\"\" type=\"text\" name=\"your-name\" \/><\/span>\n<\/p>\n<p>Sukunimi (pakollinen)\n<\/p>\n<p><span class=\"wpcf7-form-control-wrap\" data-name=\"sukunimi\"><input size=\"40\" maxlength=\"400\" class=\"wpcf7-form-control wpcf7-text wpcf7-validates-as-required\" aria-required=\"true\" aria-invalid=\"false\" value=\"\" type=\"text\" name=\"sukunimi\" \/><\/span>\n<\/p>\n<p>S\u00e4hk\u00f6posti\n<\/p>\n<p><span class=\"wpcf7-form-control-wrap\" data-name=\"your-email\"><input size=\"40\" maxlength=\"400\" class=\"wpcf7-form-control wpcf7-email wpcf7-text wpcf7-validates-as-email\" aria-invalid=\"false\" value=\"\" type=\"email\" name=\"your-email\" \/><\/span>\n<\/p>\n<p>Puhelinnumero (pakollinen)\n<\/p>\n<p><span class=\"wpcf7-form-control-wrap\" data-name=\"Puhelinnumero\"><input size=\"40\" maxlength=\"400\" class=\"wpcf7-form-control wpcf7-text wpcf7-validates-as-required\" aria-required=\"true\" aria-invalid=\"false\" value=\"\" type=\"text\" name=\"Puhelinnumero\" \/><\/span>\n<\/p>\n<p>L\u00e4hiosoite (pakollinen)\n<\/p>\n<p><span class=\"wpcf7-form-control-wrap\" data-name=\"Lahiosoite\"><input size=\"40\" maxlength=\"400\" class=\"wpcf7-form-control wpcf7-text wpcf7-validates-as-required\" aria-required=\"true\" aria-invalid=\"false\" value=\"\" type=\"text\" name=\"Lahiosoite\" \/><\/span>\n<\/p>\n<p>Postinumero (pakollinen)\n<\/p>\n<p><span class=\"wpcf7-form-control-wrap\" data-name=\"Postinumero\"><input size=\"40\" maxlength=\"400\" class=\"wpcf7-form-control wpcf7-text wpcf7-validates-as-required\" aria-required=\"true\" aria-invalid=\"false\" value=\"\" type=\"text\" name=\"Postinumero\" \/><\/span>\n<\/p>\n<p>Postitoimipaikka (pakollinen)\n<\/p>\n<p><span class=\"wpcf7-form-control-wrap\" data-name=\"Postitoimipaikka\"><input size=\"40\" maxlength=\"400\" class=\"wpcf7-form-control wpcf7-text wpcf7-validates-as-required\" aria-required=\"true\" aria-invalid=\"false\" value=\"\" type=\"text\" name=\"Postitoimipaikka\" \/><\/span>\n<\/p>\n<p>Syntym\u00e4aika\n<\/p>\n<p><span class=\"wpcf7-form-control-wrap\" data-name=\"Syntymaaika\"><input size=\"40\" maxlength=\"400\" class=\"wpcf7-form-control wpcf7-text\" aria-invalid=\"false\" value=\"\" type=\"text\" name=\"Syntymaaika\" \/><\/span>\n<\/p>\n<p>Suosittelija\n<\/p>\n<p><span class=\"wpcf7-form-control-wrap\" data-name=\"suosittelija\"><input size=\"40\" maxlength=\"400\" class=\"wpcf7-form-control wpcf7-text\" aria-invalid=\"false\" value=\"\" type=\"text\" name=\"suosittelija\" \/><\/span>\n<\/p>\n<p>J\u00e4senmuoto<br \/>\n<span class=\"wpcf7-form-control-wrap\" data-name=\"Jasenmuoto\"><select class=\"wpcf7-form-control wpcf7-select\" aria-invalid=\"false\" name=\"Jasenmuoto\"><option value=\"\">&#8212;Valitse vaihtoehto&#8212;<\/option><option value=\"Henkil\u00f6j\u00e4sen 35 eur\/ vuosi\">Henkil\u00f6j\u00e4sen 35 eur\/ vuosi<\/option><option value=\"Perhej\u00e4sen 17,50 eur\/ vuosi\">Perhej\u00e4sen 17,50 eur\/ vuosi<\/option><option value=\"Ainaisj\u00e4sen 600 eur\">Ainaisj\u00e4sen 600 eur<\/option><option value=\"Yhdistysj\u00e4sen 50 eur\/ vuosi\">Yhdistysj\u00e4sen 50 eur\/ vuosi<\/option><\/select><\/span>\n<\/p>\n<p>Vapaamuotoinen viesti\n<\/p>\n<p><span class=\"wpcf7-form-control-wrap\" data-name=\"your-message\"><textarea cols=\"40\" rows=\"10\" maxlength=\"2000\" class=\"wpcf7-form-control wpcf7-textarea\" aria-invalid=\"false\" name=\"your-message\"><\/textarea><\/span>\n<\/p>\n<p><input class=\"wpcf7-form-control wpcf7-submit has-spinner\" type=\"submit\" value=\"L\u00e4het\u00e4\" \/>\n<\/p><p style=\"display: none !important;\" class=\"akismet-fields-container\" data-prefix=\"_wpcf7_ak_\"><label>&#916;<textarea name=\"_wpcf7_ak_hp_textarea\" cols=\"45\" rows=\"8\" maxlength=\"100\"><\/textarea><\/label><input type=\"hidden\" id=\"ak_js_1\" name=\"_wpcf7_ak_js\" value=\"153\"\/><script>document.getElementById( \"ak_js_1\" ).setAttribute( \"value\", ( new Date() ).getTime() );<\/script><\/p><div class=\"wpcf7-response-output\" aria-hidden=\"true\"><\/div>\n<\/form>\n<\/div>\n\n","protected":false},"excerpt":{"rendered":"<p>SHHJ j\u00e4senen\u00e4 saat : Hirvikoiralehden, joka ilmestyy nelj\u00e4 kertaa vuodessa. Mm. hein\u00e4kuun lopulla ilmestyv\u00e4ss\u00e4 numerossa koko Suomea kattava koekalenteri hirvenhaukkukokeista piireitt\u00e4in. Asiantuntevaa neuvoa ja opastusta. Jalostusneuvojien palvelut, suositukset astutuksiin, lausunnot vakuutusyhti\u00f6ille ja Kennelliittoon, ilmaiset ilmoitukset astutus- ja pentuv\u00e4litys palstoille. Yhden kerran julkaistava valio-ilmoitus lehdess\u00e4 valokuvan kera. KARH, HIRV-J, ME-J\u00c4, VAHI tuloksen julkaisu kokeen p\u00e4iv\u00e4m\u00e4\u00e4r\u00e4n j\u00e4lkeisess\u00e4 [&hellip;]<\/p>\n","protected":false},"author":1,"featured_media":0,"parent":0,"menu_order":0,"comment_status":"closed","ping_status":"closed","template":"","meta":{"footnotes":""},"class_list":["post-54","page","type-page","status-publish","hentry"],"yoast_head":"<!-- This site is optimized with the Yoast SEO plugin v26.6 - https:\/\/yoast.com\/wordpress\/plugins\/seo\/ -->\n<title>Liity j\u00e4seneksi - Suomen Harmaahirvikoiraj\u00e4rjest\u00f6 - SHHJ FJGK<\/title>\n<meta name=\"robots\" content=\"index, follow, max-snippet:-1, max-image-preview:large, max-video-preview:-1\" \/>\n<link rel=\"canonical\" href=\"https:\/\/shhj.info\/?page_id=54\" \/>\n<meta property=\"og:locale\" content=\"fi_FI\" \/>\n<meta property=\"og:type\" content=\"article\" \/>\n<meta property=\"og:title\" content=\"Liity j\u00e4seneksi - Suomen Harmaahirvikoiraj\u00e4rjest\u00f6 - SHHJ FJGK\" \/>\n<meta property=\"og:description\" content=\"SHHJ j\u00e4senen\u00e4 saat : Hirvikoiralehden, joka ilmestyy nelj\u00e4 kertaa vuodessa. Mm. hein\u00e4kuun lopulla ilmestyv\u00e4ss\u00e4 numerossa koko Suomea kattava koekalenteri hirvenhaukkukokeista piireitt\u00e4in. Asiantuntevaa neuvoa ja opastusta. Jalostusneuvojien palvelut, suositukset astutuksiin, lausunnot vakuutusyhti\u00f6ille ja Kennelliittoon, ilmaiset ilmoitukset astutus- ja pentuv\u00e4litys palstoille. Yhden kerran julkaistava valio-ilmoitus lehdess\u00e4 valokuvan kera. KARH, HIRV-J, ME-J\u00c4, VAHI tuloksen julkaisu kokeen p\u00e4iv\u00e4m\u00e4\u00e4r\u00e4n j\u00e4lkeisess\u00e4 [&hellip;]\" \/>\n<meta property=\"og:url\" content=\"https:\/\/shhj.info\/?page_id=54\" \/>\n<meta property=\"og:site_name\" content=\"Suomen Harmaahirvikoiraj\u00e4rjest\u00f6 - SHHJ FJGK\" \/>\n<meta property=\"article:publisher\" content=\"https:\/\/www.facebook.com\/groups\/115740178447653\/\" \/>\n<meta property=\"article:modified_time\" content=\"2025-12-12T20:36:08+00:00\" \/>\n<meta property=\"og:image\" content=\"https:\/\/shhj.info\/wp\/wp-content\/uploads\/2015\/04\/etu_pentu.jpg\" \/>\n\t<meta property=\"og:image:width\" content=\"567\" \/>\n\t<meta property=\"og:image:height\" content=\"594\" \/>\n\t<meta property=\"og:image:type\" content=\"image\/jpeg\" \/>\n<meta name=\"twitter:card\" content=\"summary_large_image\" \/>\n<meta name=\"twitter:label1\" content=\"Arvioitu lukuaika\" \/>\n\t<meta name=\"twitter:data1\" content=\"1 minuutti\" \/>\n<script type=\"application\/ld+json\" class=\"yoast-schema-graph\">{\"@context\":\"https:\/\/schema.org\",\"@graph\":[{\"@type\":\"WebPage\",\"@id\":\"https:\/\/shhj.info\/?page_id=54\",\"url\":\"https:\/\/shhj.info\/?page_id=54\",\"name\":\"Liity j\u00e4seneksi - Suomen Harmaahirvikoiraj\u00e4rjest\u00f6 - SHHJ FJGK\",\"isPartOf\":{\"@id\":\"https:\/\/shhj.info\/#website\"},\"datePublished\":\"2015-04-18T20:42:02+00:00\",\"dateModified\":\"2025-12-12T20:36:08+00:00\",\"breadcrumb\":{\"@id\":\"https:\/\/shhj.info\/?page_id=54#breadcrumb\"},\"inLanguage\":\"fi\",\"potentialAction\":[{\"@type\":\"ReadAction\",\"target\":[\"https:\/\/shhj.info\/?page_id=54\"]}]},{\"@type\":\"BreadcrumbList\",\"@id\":\"https:\/\/shhj.info\/?page_id=54#breadcrumb\",\"itemListElement\":[{\"@type\":\"ListItem\",\"position\":1,\"name\":\"Etusivu\",\"item\":\"https:\/\/shhj.info\/\"},{\"@type\":\"ListItem\",\"position\":2,\"name\":\"Liity j\u00e4seneksi\"}]},{\"@type\":\"WebSite\",\"@id\":\"https:\/\/shhj.info\/#website\",\"url\":\"https:\/\/shhj.info\/\",\"name\":\"Suomen Harmaahirvikoiraj\u00e4rjest\u00f6 - SHHJ FJGK\",\"description\":\"parhaiden hirvikoirarotujen rotuj\u00e4rjest\u00f6 Suomessa\",\"publisher\":{\"@id\":\"https:\/\/shhj.info\/#organization\"},\"alternateName\":\"SHHJ FJGK\",\"potentialAction\":[{\"@type\":\"SearchAction\",\"target\":{\"@type\":\"EntryPoint\",\"urlTemplate\":\"https:\/\/shhj.info\/?s={search_term_string}\"},\"query-input\":{\"@type\":\"PropertyValueSpecification\",\"valueRequired\":true,\"valueName\":\"search_term_string\"}}],\"inLanguage\":\"fi\"},{\"@type\":\"Organization\",\"@id\":\"https:\/\/shhj.info\/#organization\",\"name\":\"Suomen Harmaahirvikoiraj\u00e4rjest\u00f6 - SHHJ FJGK\",\"url\":\"https:\/\/shhj.info\/\",\"logo\":{\"@type\":\"ImageObject\",\"inLanguage\":\"fi\",\"@id\":\"https:\/\/shhj.info\/#\/schema\/logo\/image\/\",\"url\":\"http:\/\/shhj.info\/wp\/wp-content\/uploads\/2018\/12\/logo.gif\",\"contentUrl\":\"http:\/\/shhj.info\/wp\/wp-content\/uploads\/2018\/12\/logo.gif\",\"width\":169,\"height\":166,\"caption\":\"Suomen Harmaahirvikoiraj\u00e4rjest\u00f6 - SHHJ FJGK\"},\"image\":{\"@id\":\"https:\/\/shhj.info\/#\/schema\/logo\/image\/\"},\"sameAs\":[\"https:\/\/www.facebook.com\/groups\/115740178447653\/\"]}]}<\/script>\n<!-- \/ Yoast SEO plugin. -->","yoast_head_json":{"title":"Liity j\u00e4seneksi - Suomen Harmaahirvikoiraj\u00e4rjest\u00f6 - SHHJ FJGK","robots":{"index":"index","follow":"follow","max-snippet":"max-snippet:-1","max-image-preview":"max-image-preview:large","max-video-preview":"max-video-preview:-1"},"canonical":"https:\/\/shhj.info\/?page_id=54","og_locale":"fi_FI","og_type":"article","og_title":"Liity j\u00e4seneksi - Suomen Harmaahirvikoiraj\u00e4rjest\u00f6 - SHHJ FJGK","og_description":"SHHJ j\u00e4senen\u00e4 saat : Hirvikoiralehden, joka ilmestyy nelj\u00e4 kertaa vuodessa. Mm. hein\u00e4kuun lopulla ilmestyv\u00e4ss\u00e4 numerossa koko Suomea kattava koekalenteri hirvenhaukkukokeista piireitt\u00e4in. Asiantuntevaa neuvoa ja opastusta. Jalostusneuvojien palvelut, suositukset astutuksiin, lausunnot vakuutusyhti\u00f6ille ja Kennelliittoon, ilmaiset ilmoitukset astutus- ja pentuv\u00e4litys palstoille. Yhden kerran julkaistava valio-ilmoitus lehdess\u00e4 valokuvan kera. KARH, HIRV-J, ME-J\u00c4, VAHI tuloksen julkaisu kokeen p\u00e4iv\u00e4m\u00e4\u00e4r\u00e4n j\u00e4lkeisess\u00e4 [&hellip;]","og_url":"https:\/\/shhj.info\/?page_id=54","og_site_name":"Suomen Harmaahirvikoiraj\u00e4rjest\u00f6 - SHHJ FJGK","article_publisher":"https:\/\/www.facebook.com\/groups\/115740178447653\/","article_modified_time":"2025-12-12T20:36:08+00:00","og_image":[{"width":567,"height":594,"url":"https:\/\/shhj.info\/wp\/wp-content\/uploads\/2015\/04\/etu_pentu.jpg","type":"image\/jpeg"}],"twitter_card":"summary_large_image","twitter_misc":{"Arvioitu lukuaika":"1 minuutti"},"schema":{"@context":"https:\/\/schema.org","@graph":[{"@type":"WebPage","@id":"https:\/\/shhj.info\/?page_id=54","url":"https:\/\/shhj.info\/?page_id=54","name":"Liity j\u00e4seneksi - Suomen Harmaahirvikoiraj\u00e4rjest\u00f6 - SHHJ FJGK","isPartOf":{"@id":"https:\/\/shhj.info\/#website"},"datePublished":"2015-04-18T20:42:02+00:00","dateModified":"2025-12-12T20:36:08+00:00","breadcrumb":{"@id":"https:\/\/shhj.info\/?page_id=54#breadcrumb"},"inLanguage":"fi","potentialAction":[{"@type":"ReadAction","target":["https:\/\/shhj.info\/?page_id=54"]}]},{"@type":"BreadcrumbList","@id":"https:\/\/shhj.info\/?page_id=54#breadcrumb","itemListElement":[{"@type":"ListItem","position":1,"name":"Etusivu","item":"https:\/\/shhj.info\/"},{"@type":"ListItem","position":2,"name":"Liity j\u00e4seneksi"}]},{"@type":"WebSite","@id":"https:\/\/shhj.info\/#website","url":"https:\/\/shhj.info\/","name":"Suomen Harmaahirvikoiraj\u00e4rjest\u00f6 - SHHJ FJGK","description":"parhaiden hirvikoirarotujen rotuj\u00e4rjest\u00f6 Suomessa","publisher":{"@id":"https:\/\/shhj.info\/#organization"},"alternateName":"SHHJ FJGK","potentialAction":[{"@type":"SearchAction","target":{"@type":"EntryPoint","urlTemplate":"https:\/\/shhj.info\/?s={search_term_string}"},"query-input":{"@type":"PropertyValueSpecification","valueRequired":true,"valueName":"search_term_string"}}],"inLanguage":"fi"},{"@type":"Organization","@id":"https:\/\/shhj.info\/#organization","name":"Suomen Harmaahirvikoiraj\u00e4rjest\u00f6 - SHHJ FJGK","url":"https:\/\/shhj.info\/","logo":{"@type":"ImageObject","inLanguage":"fi","@id":"https:\/\/shhj.info\/#\/schema\/logo\/image\/","url":"http:\/\/shhj.info\/wp\/wp-content\/uploads\/2018\/12\/logo.gif","contentUrl":"http:\/\/shhj.info\/wp\/wp-content\/uploads\/2018\/12\/logo.gif","width":169,"height":166,"caption":"Suomen Harmaahirvikoiraj\u00e4rjest\u00f6 - SHHJ FJGK"},"image":{"@id":"https:\/\/shhj.info\/#\/schema\/logo\/image\/"},"sameAs":["https:\/\/www.facebook.com\/groups\/115740178447653\/"]}]}},"_links":{"self":[{"href":"https:\/\/shhj.info\/index.php?rest_route=\/wp\/v2\/pages\/54","targetHints":{"allow":["GET"]}}],"collection":[{"href":"https:\/\/shhj.info\/index.php?rest_route=\/wp\/v2\/pages"}],"about":[{"href":"https:\/\/shhj.info\/index.php?rest_route=\/wp\/v2\/types\/page"}],"author":[{"embeddable":true,"href":"https:\/\/shhj.info\/index.php?rest_route=\/wp\/v2\/users\/1"}],"replies":[{"embeddable":true,"href":"https:\/\/shhj.info\/index.php?rest_route=%2Fwp%2Fv2%2Fcomments&post=54"}],"version-history":[{"count":21,"href":"https:\/\/shhj.info\/index.php?rest_route=\/wp\/v2\/pages\/54\/revisions"}],"predecessor-version":[{"id":4528,"href":"https:\/\/shhj.info\/index.php?rest_route=\/wp\/v2\/pages\/54\/revisions\/4528"}],"wp:attachment":[{"href":"https:\/\/shhj.info\/index.php?rest_route=%2Fwp%2Fv2%2Fmedia&parent=54"}],"curies":[{"name":"wp","href":"https:\/\/api.w.org\/{rel}","templated":true}]}}