{"id":529,"date":"2015-05-01T12:17:15","date_gmt":"2015-05-01T09:17:15","guid":{"rendered":"http:\/\/www.shhj.info\/wp\/?page_id=529"},"modified":"2015-05-01T12:18:41","modified_gmt":"2015-05-01T09:18:41","slug":"harmaa-norjanhirvikoiran-rotumaaritelman-selitykset","status":"publish","type":"page","link":"https:\/\/shhj.info\/?page_id=529","title":{"rendered":"Harmaa norjanhirvikoiran rotum\u00e4\u00e4ritelm\u00e4n selitykset"},"content":{"rendered":"<p><em>T.Hemsen, Ski, Norja 1949<\/em><br \/>\n<em> K\u00e4\u00e4nn\u00f6s Juhani Hirvel\u00e4, 1986<\/em><\/p>\n<h2>Yleisvaikutelma<\/h2>\n<p>Harmaa norjanhirvikoiran on oltava vankka, voimakas, lyhyt ja samalla j\u00e4ntev\u00e4, se ei saa olla raskas eik\u00e4 liian iso. Koira on \u00e4lyk\u00e4s ja helposti oppivainen, mutta samalla se tarvittaessa lujaluonteinen ja sitke\u00e4.<\/p>\n<p>Koiran p\u00e4\u00e4 on kokonaisuudessaan suhteellisen suuri ja kiilamainen. Sivulta katsoen kuonon selk\u00e4 ja kallolinja ovat periaatteessa yhdensuuntaiset. P\u00e4\u00e4lt\u00e4 p\u00e4in katsottuna linja kuonon p\u00e4\u00e4st\u00e4 korviin on mahdollisimman suora. Kuonon tyvi ei saa olla liikaa kovertunut. Kuono on voimakas, se ei saa vaikuttaa suipolta. Kuonon suippouteen on erityisesti kiinnitett\u00e4v\u00e4 huomiota urosten kohdalla. Otsapenger on suhteellisen loiva ja p\u00e4\u00e4n tulisi olla kuiva eik\u00e4 siihen saisi muodostua otsaryppyj\u00e4.<\/p>\n<p>Korvien ulkoreunat ovat kohti suorat ja yhdensuuntaiset. Nartun l\u00e4heisyydess\u00e4 uros usein vet\u00e4\u00e4 korvien k\u00e4rki\u00e4 voimakkaasti yhteen, jolloin koiraa ei pid\u00e4 arvostella kapeakalloiseksi. Kallo on korvien v\u00e4list\u00e4 suhteellisen leve\u00e4. Tummat silm\u00e4t kuuluvat olennaisesti harmaalle norjanhirvikoiralle. Vaaleat silm\u00e4t ovat painava virhe.<\/p>\n<p>Kaulan on oltava oikeassa suhteessa muuhun kokonaisuuteen; pitk\u00e4 kaula ja lyhyt selk\u00e4 eiv\u00e4t sovi yhteen. Kaulan on oltava t\u00e4ytel\u00e4inen. Kaulanahka on niska-puolella melko l\u00f6ys\u00e4. Kaulan alle ei kuitenkaan saa muodostua pusseja.<\/p>\n<p>Harmaa norjanhirvikoiran runko on lyhyt, voimakas ja tarpeeksi leve\u00e4. Leveys yhdess\u00e4 t\u00e4ytel\u00e4isen kaulan kanssa antaa koiralle ryhdikk\u00e4\u00e4n olemuksen. N\u00e4m\u00e4 ominaisuudet antavat tyypillisen kuvan harmaan norjanhirvikoiran yleisrakenteesta. Lantio on lyhyt, mutta leve\u00e4. Taimmaisten kylkiluiden ja reiden v\u00e4li on lyhyt. Lavat ovat kiinte\u00e4t.<\/p>\n<p>Jalat eiv\u00e4t saa olla hintel\u00e4t, niiden on oltava sopivassa suhteessa koiran muun rakenteen kanssa. Rinnassa on oltava tarpeeksi leveytt\u00e4, jolloin kyyn\u00e4rp\u00e4\u00e4t eiv\u00e4t ok l\u00f6ys\u00e4t tai sis\u00e4\u00e4n vet\u00e4ytyneet. Ranteet ovat vain hieman taipuneet. Takajalkojen asento on my\u00f6s suhteellisen leve\u00e4. Kinnerkulma on pieni, mutta selv\u00e4. K\u00e4p\u00e4l\u00e4t ovat pienehk\u00f6t ja varpaiden v\u00e4lit ovat tihe\u00e4karvaiset. Kannukset tai j\u00e4ljet poistetuista kannuksista aiheuttavat koiran hylk\u00e4\u00e4misen.<\/p>\n<p>H\u00e4nt\u00e4, kun se on oikein rullautunut ja istuu oikealla paikalla, on yksi harmaa norjanhirvikoiran tyypillisimpi\u00e4 rotu-merkkej\u00e4 ja vaikuttaa voimakkaasti koiran kokonaiskuvaan. Se kuvastaa usein my\u00f6s koiran luonnetta. Jos se usein irtoaa sel\u00e4st\u00e4 tai laskee, merkitsee se aranlaista luonnetta ja huonohkoja hermoja. H\u00e4nn\u00e4n rullautuminen alkaa h\u00e4nn\u00e4n k\u00e4rjest\u00e4 ja se rullautuu niin tiiviisti, ett\u00e4 sen musta k\u00e4rki pist\u00e4\u00e4 jommalle kummalle puolelle. H\u00e4nt\u00e4 rullautuu sel\u00e4n keskiviivalle. H\u00e4nt\u00e4 on painautunut tiiviisti lantiota vasten muodostaen turkkiin selv\u00e4n kuopan. Rullautumisen tulisi aina l\u00e4hte\u00e4 eteenp\u00e4in, eteenp\u00e4in rullautuminen korostaa koiran lyhytt\u00e4 yleisvaikutelmaa.<\/p>\n<p>Karvapeitteen pit\u00e4\u00e4 olla tihe\u00e4\u00e4 ja karkeaa, ei kuitenkaan liian pitk\u00e4\u00e4, eik\u00e4 sirrottavaa. Se on pitemp\u00e4\u00e4 kauluksessa, s\u00e4\u00e4n p\u00e4\u00e4ll\u00e4, rinnan alla ja housuissa.<\/p>\n<h2>V\u00e4ri<\/h2>\n<p>Harmaa v\u00e4ri tulee esiin pohjavillan ja peitinkarvan yhteispelin tuloksena. Jos peitinkarva hallitsee, tulee koirasta tummempi ja p\u00e4invastoin. Sopiva suhde peitinkarvan ja puhtaanvaalean pohjavillan v\u00e4lill\u00e4 antaa toivotun v\u00e4riesteen. Turkin keltaisuus voi johtua karvan l\u00e4hd\u00f6st\u00e4, jolloin se ei ole perinn\u00f6llist\u00e4. Karvanl\u00e4hd\u00f6n aikana tai juuri sit\u00e4 ennen turkki &#8221;kuolee&#8221; ja muuttuu pohjavillan osalta hieman keltaiseksi. L\u00e4hempi tarkastelu osoittaa, ett\u00e4 pohjavilla pohjimmiltaan on puhdasta, joten ainoastaan karvan yl\u00e4osa kellastuu. T\u00e4m\u00e4 on luonnollista, mutta vaikuttaa rumentavasti koiran ulkon\u00e4k\u00f6\u00f6n. Peitinkarva muuttuu my\u00f6s karvanajon aikana ja musta karva voi muuttua punaruskeaksi erikoisesti kaulan alla, sill\u00e4 ei ole mit\u00e4\u00e4n tekemist\u00e4 auringon kanssa.<\/p>\n<p>Perinn\u00f6llinen kelta- tai ruskeas\u00e4vyisyys on painava vika. Silloin v\u00e4ri on samanlainen karvan k\u00e4rjest\u00e4 pohjaan. Puhdasv\u00e4rinen koira, jolla on uusi turkki, pit\u00e4\u00e4 v\u00e4rins\u00e4 my\u00f6s kes\u00e4isin, aina siihen asti kun karvanl\u00e4ht\u00f6 alkaa. Arvosteltaessa on aina kiinnitett\u00e4v\u00e4 huomio v\u00e4rivirheeseen. Mik\u00e4li koiran koko p\u00e4\u00e4 on v\u00e4rilt\u00e4\u00e4n musta ja ns. valjasmerkit puuttuvat tai ovat mit\u00e4tt\u00f6m\u00e4t, ei koiraa saa palkita. P\u00e4\u00e4n v\u00e4ritys on mieluummin v\u00e4h\u00e4n vaaleampi kuin runko, v\u00e4ri tasainen ilman rumentavia &#8221;silm\u00e4laseja&#8221; tai vaaleita poskipieli\u00e4. Maski, joka on musta kuono-osaltaan, sulautuu tasaisesti vaalean p\u00e4\u00e4n v\u00e4riin.<\/p>\n<p>Alaleuka on koko pituudeltaan musta, samoin ovat korvat. Korvien v\u00e4rin tulee olla musta tai tumma. Korvien peitinkarva on lyhytt\u00e4 ja tihe\u00e4\u00e4, mutta my\u00f6s lyhytt\u00e4 pohjavillaa on havaittavissa. Korvien tyvess\u00e4 oleva vaaleampi pohjavilla erottuu usein selv\u00e4sti. Pohjavilla voi nousta ylemm\u00e4ksi, mutta kuitenkin niin, ett\u00e4 korvien ylempi osa pysyy tummana. Kokonaan vaaleat korvat eiv\u00e4t ole miellytt\u00e4v\u00e4t ja yhdistyv\u00e4t usein liian vaaleaan p\u00e4\u00e4h\u00e4n. Tummaan maskiin kuuluu, mustan kuonon lis\u00e4ksi, my\u00f6s tummat korvat ja mustat viirut silm\u00e4kulmasta korvan tyveen. J\u00e4yk\u00e4t, pitk\u00e4t, harvat kulma- ja kuononk\u00e4rkikarvat ovat mustat. Mainitunlainen p\u00e4\u00e4n v\u00e4ritys kuuluu harmaan norjanhirvikoiran v\u00e4ritykseen olematta n\u00e4in ollen mik\u00e4\u00e4n erityisvaatimus.<\/p>\n<p>Kokonaan mustaa p\u00e4\u00e4t\u00e4 on pidett\u00e4v\u00e4 ep\u00e4tyypillisen\u00e4 harmaalle norjanhirvikoiralle, samoin kokonaan vaalea p\u00e4\u00e4 ei ole my\u00f6sk\u00e4\u00e4n hyv\u00e4. Vaalea p\u00e4\u00e4 on kokonaan tummaa p\u00e4\u00e4t\u00e4 pienempi virhe. Vanhoilla koirilla on usein harmaata kuonossa, mik\u00e4 silloin on osoitus korkeasta i\u00e4st\u00e4. Valkoisia merkkej\u00e4 v\u00e4rityksess\u00e4 ei saisi olla. V\u00e4h\u00e4inen valkoisuus rinnassa ja varpaissa on kuitenkin sallittu. Sit\u00e4 vastoin valkoinen h\u00e4nn\u00e4n p\u00e4\u00e4 oh jo painavampi virhe, ja se my\u00f6s tuntuu periytyv\u00e4n helpommin.<\/p>\n<p>Nokista v\u00e4ri\u00e4 jaloissa ja vatsan alla esiintyy varsinkin tummilla koirilla. Virhe sin\u00e4ns\u00e4 voitaneen katsoa v\u00e4h\u00e4isemm\u00e4ksi, sen h\u00e4iritsevyysaste on ratkaiseva. Valjasmerkin muodostaa noin 5 cm leve\u00e4 vaalea raita joka ulottuu s\u00e4\u00e4st\u00e4 kylkiluiden k\u00e4rkiin. Sen muodostavat vaaleat, pigmentitt\u00f6m\u00e4t karvat, jotka ovat pitemm\u00e4t kuin ymp\u00e4r\u00f6iv\u00e4 peitinkarva.<\/p>\n<p>Kaulus on selk\u00e4\u00e4 vaaleampi, kauluksen takareuna muodostaa vaalean raidan s\u00e4\u00e4n kohdalle ja ulottuu olkap\u00e4ihin. T\u00e4st\u00e4 muodostuu valjaita muistuttava kokonaisuus, joka on ominaista normaaliv\u00e4risille harmaille norjanhirvikoirille.<\/p>\n","protected":false},"excerpt":{"rendered":"<p>T.Hemsen, Ski, Norja 1949 K\u00e4\u00e4nn\u00f6s Juhani Hirvel\u00e4, 1986 Yleisvaikutelma Harmaa norjanhirvikoiran on oltava vankka, voimakas, lyhyt ja samalla j\u00e4ntev\u00e4, se ei saa olla raskas eik\u00e4 liian iso. Koira on \u00e4lyk\u00e4s ja helposti oppivainen, mutta samalla se tarvittaessa lujaluonteinen ja sitke\u00e4. Koiran p\u00e4\u00e4 on kokonaisuudessaan suhteellisen suuri ja kiilamainen. Sivulta katsoen kuonon selk\u00e4 ja kallolinja ovat [&hellip;]<\/p>\n","protected":false},"author":1,"featured_media":0,"parent":0,"menu_order":0,"comment_status":"closed","ping_status":"closed","template":"page-scs.php","meta":{"footnotes":""},"class_list":["post-529","page","type-page","status-publish","hentry"],"yoast_head":"<!-- This site is optimized with the Yoast SEO plugin v26.6 - https:\/\/yoast.com\/wordpress\/plugins\/seo\/ -->\n<title>Harmaa norjanhirvikoiran rotum\u00e4\u00e4ritelm\u00e4n selitykset - Suomen Harmaahirvikoiraj\u00e4rjest\u00f6 - SHHJ FJGK<\/title>\n<meta name=\"robots\" content=\"index, follow, max-snippet:-1, max-image-preview:large, max-video-preview:-1\" \/>\n<link rel=\"canonical\" href=\"https:\/\/shhj.info\/?page_id=529\" \/>\n<meta property=\"og:locale\" content=\"fi_FI\" \/>\n<meta property=\"og:type\" content=\"article\" \/>\n<meta property=\"og:title\" content=\"Harmaa norjanhirvikoiran rotum\u00e4\u00e4ritelm\u00e4n selitykset - Suomen Harmaahirvikoiraj\u00e4rjest\u00f6 - SHHJ FJGK\" \/>\n<meta property=\"og:description\" content=\"T.Hemsen, Ski, Norja 1949 K\u00e4\u00e4nn\u00f6s Juhani Hirvel\u00e4, 1986 Yleisvaikutelma Harmaa norjanhirvikoiran on oltava vankka, voimakas, lyhyt ja samalla j\u00e4ntev\u00e4, se ei saa olla raskas eik\u00e4 liian iso. Koira on \u00e4lyk\u00e4s ja helposti oppivainen, mutta samalla se tarvittaessa lujaluonteinen ja sitke\u00e4. Koiran p\u00e4\u00e4 on kokonaisuudessaan suhteellisen suuri ja kiilamainen. Sivulta katsoen kuonon selk\u00e4 ja kallolinja ovat [&hellip;]\" \/>\n<meta property=\"og:url\" content=\"https:\/\/shhj.info\/?page_id=529\" \/>\n<meta property=\"og:site_name\" content=\"Suomen Harmaahirvikoiraj\u00e4rjest\u00f6 - SHHJ FJGK\" \/>\n<meta property=\"article:publisher\" content=\"https:\/\/www.facebook.com\/groups\/115740178447653\/\" \/>\n<meta property=\"article:modified_time\" content=\"2015-05-01T09:18:41+00:00\" \/>\n<meta property=\"og:image\" content=\"https:\/\/shhj.info\/wp\/wp-content\/uploads\/2015\/04\/etu_pentu.jpg\" \/>\n\t<meta property=\"og:image:width\" content=\"567\" \/>\n\t<meta property=\"og:image:height\" content=\"594\" \/>\n\t<meta property=\"og:image:type\" content=\"image\/jpeg\" \/>\n<meta name=\"twitter:card\" content=\"summary_large_image\" \/>\n<meta name=\"twitter:label1\" content=\"Arvioitu lukuaika\" \/>\n\t<meta name=\"twitter:data1\" content=\"5 minuuttia\" \/>\n<script type=\"application\/ld+json\" class=\"yoast-schema-graph\">{\"@context\":\"https:\/\/schema.org\",\"@graph\":[{\"@type\":\"WebPage\",\"@id\":\"https:\/\/shhj.info\/?page_id=529\",\"url\":\"https:\/\/shhj.info\/?page_id=529\",\"name\":\"Harmaa norjanhirvikoiran rotum\u00e4\u00e4ritelm\u00e4n selitykset - Suomen Harmaahirvikoiraj\u00e4rjest\u00f6 - SHHJ FJGK\",\"isPartOf\":{\"@id\":\"https:\/\/shhj.info\/#website\"},\"datePublished\":\"2015-05-01T09:17:15+00:00\",\"dateModified\":\"2015-05-01T09:18:41+00:00\",\"breadcrumb\":{\"@id\":\"https:\/\/shhj.info\/?page_id=529#breadcrumb\"},\"inLanguage\":\"fi\",\"potentialAction\":[{\"@type\":\"ReadAction\",\"target\":[\"https:\/\/shhj.info\/?page_id=529\"]}]},{\"@type\":\"BreadcrumbList\",\"@id\":\"https:\/\/shhj.info\/?page_id=529#breadcrumb\",\"itemListElement\":[{\"@type\":\"ListItem\",\"position\":1,\"name\":\"Etusivu\",\"item\":\"https:\/\/shhj.info\/\"},{\"@type\":\"ListItem\",\"position\":2,\"name\":\"Harmaa norjanhirvikoiran rotum\u00e4\u00e4ritelm\u00e4n selitykset\"}]},{\"@type\":\"WebSite\",\"@id\":\"https:\/\/shhj.info\/#website\",\"url\":\"https:\/\/shhj.info\/\",\"name\":\"Suomen Harmaahirvikoiraj\u00e4rjest\u00f6 - SHHJ FJGK\",\"description\":\"parhaiden hirvikoirarotujen rotuj\u00e4rjest\u00f6 Suomessa\",\"publisher\":{\"@id\":\"https:\/\/shhj.info\/#organization\"},\"alternateName\":\"SHHJ FJGK\",\"potentialAction\":[{\"@type\":\"SearchAction\",\"target\":{\"@type\":\"EntryPoint\",\"urlTemplate\":\"https:\/\/shhj.info\/?s={search_term_string}\"},\"query-input\":{\"@type\":\"PropertyValueSpecification\",\"valueRequired\":true,\"valueName\":\"search_term_string\"}}],\"inLanguage\":\"fi\"},{\"@type\":\"Organization\",\"@id\":\"https:\/\/shhj.info\/#organization\",\"name\":\"Suomen Harmaahirvikoiraj\u00e4rjest\u00f6 - SHHJ FJGK\",\"url\":\"https:\/\/shhj.info\/\",\"logo\":{\"@type\":\"ImageObject\",\"inLanguage\":\"fi\",\"@id\":\"https:\/\/shhj.info\/#\/schema\/logo\/image\/\",\"url\":\"http:\/\/shhj.info\/wp\/wp-content\/uploads\/2018\/12\/logo.gif\",\"contentUrl\":\"http:\/\/shhj.info\/wp\/wp-content\/uploads\/2018\/12\/logo.gif\",\"width\":169,\"height\":166,\"caption\":\"Suomen Harmaahirvikoiraj\u00e4rjest\u00f6 - SHHJ FJGK\"},\"image\":{\"@id\":\"https:\/\/shhj.info\/#\/schema\/logo\/image\/\"},\"sameAs\":[\"https:\/\/www.facebook.com\/groups\/115740178447653\/\"]}]}<\/script>\n<!-- \/ Yoast SEO plugin. -->","yoast_head_json":{"title":"Harmaa norjanhirvikoiran rotum\u00e4\u00e4ritelm\u00e4n selitykset - Suomen Harmaahirvikoiraj\u00e4rjest\u00f6 - SHHJ FJGK","robots":{"index":"index","follow":"follow","max-snippet":"max-snippet:-1","max-image-preview":"max-image-preview:large","max-video-preview":"max-video-preview:-1"},"canonical":"https:\/\/shhj.info\/?page_id=529","og_locale":"fi_FI","og_type":"article","og_title":"Harmaa norjanhirvikoiran rotum\u00e4\u00e4ritelm\u00e4n selitykset - Suomen Harmaahirvikoiraj\u00e4rjest\u00f6 - SHHJ FJGK","og_description":"T.Hemsen, Ski, Norja 1949 K\u00e4\u00e4nn\u00f6s Juhani Hirvel\u00e4, 1986 Yleisvaikutelma Harmaa norjanhirvikoiran on oltava vankka, voimakas, lyhyt ja samalla j\u00e4ntev\u00e4, se ei saa olla raskas eik\u00e4 liian iso. Koira on \u00e4lyk\u00e4s ja helposti oppivainen, mutta samalla se tarvittaessa lujaluonteinen ja sitke\u00e4. Koiran p\u00e4\u00e4 on kokonaisuudessaan suhteellisen suuri ja kiilamainen. Sivulta katsoen kuonon selk\u00e4 ja kallolinja ovat [&hellip;]","og_url":"https:\/\/shhj.info\/?page_id=529","og_site_name":"Suomen Harmaahirvikoiraj\u00e4rjest\u00f6 - SHHJ FJGK","article_publisher":"https:\/\/www.facebook.com\/groups\/115740178447653\/","article_modified_time":"2015-05-01T09:18:41+00:00","og_image":[{"width":567,"height":594,"url":"https:\/\/shhj.info\/wp\/wp-content\/uploads\/2015\/04\/etu_pentu.jpg","type":"image\/jpeg"}],"twitter_card":"summary_large_image","twitter_misc":{"Arvioitu lukuaika":"5 minuuttia"},"schema":{"@context":"https:\/\/schema.org","@graph":[{"@type":"WebPage","@id":"https:\/\/shhj.info\/?page_id=529","url":"https:\/\/shhj.info\/?page_id=529","name":"Harmaa norjanhirvikoiran rotum\u00e4\u00e4ritelm\u00e4n selitykset - Suomen Harmaahirvikoiraj\u00e4rjest\u00f6 - SHHJ FJGK","isPartOf":{"@id":"https:\/\/shhj.info\/#website"},"datePublished":"2015-05-01T09:17:15+00:00","dateModified":"2015-05-01T09:18:41+00:00","breadcrumb":{"@id":"https:\/\/shhj.info\/?page_id=529#breadcrumb"},"inLanguage":"fi","potentialAction":[{"@type":"ReadAction","target":["https:\/\/shhj.info\/?page_id=529"]}]},{"@type":"BreadcrumbList","@id":"https:\/\/shhj.info\/?page_id=529#breadcrumb","itemListElement":[{"@type":"ListItem","position":1,"name":"Etusivu","item":"https:\/\/shhj.info\/"},{"@type":"ListItem","position":2,"name":"Harmaa norjanhirvikoiran rotum\u00e4\u00e4ritelm\u00e4n selitykset"}]},{"@type":"WebSite","@id":"https:\/\/shhj.info\/#website","url":"https:\/\/shhj.info\/","name":"Suomen Harmaahirvikoiraj\u00e4rjest\u00f6 - SHHJ FJGK","description":"parhaiden hirvikoirarotujen rotuj\u00e4rjest\u00f6 Suomessa","publisher":{"@id":"https:\/\/shhj.info\/#organization"},"alternateName":"SHHJ FJGK","potentialAction":[{"@type":"SearchAction","target":{"@type":"EntryPoint","urlTemplate":"https:\/\/shhj.info\/?s={search_term_string}"},"query-input":{"@type":"PropertyValueSpecification","valueRequired":true,"valueName":"search_term_string"}}],"inLanguage":"fi"},{"@type":"Organization","@id":"https:\/\/shhj.info\/#organization","name":"Suomen Harmaahirvikoiraj\u00e4rjest\u00f6 - SHHJ FJGK","url":"https:\/\/shhj.info\/","logo":{"@type":"ImageObject","inLanguage":"fi","@id":"https:\/\/shhj.info\/#\/schema\/logo\/image\/","url":"http:\/\/shhj.info\/wp\/wp-content\/uploads\/2018\/12\/logo.gif","contentUrl":"http:\/\/shhj.info\/wp\/wp-content\/uploads\/2018\/12\/logo.gif","width":169,"height":166,"caption":"Suomen Harmaahirvikoiraj\u00e4rjest\u00f6 - SHHJ FJGK"},"image":{"@id":"https:\/\/shhj.info\/#\/schema\/logo\/image\/"},"sameAs":["https:\/\/www.facebook.com\/groups\/115740178447653\/"]}]}},"_links":{"self":[{"href":"https:\/\/shhj.info\/index.php?rest_route=\/wp\/v2\/pages\/529","targetHints":{"allow":["GET"]}}],"collection":[{"href":"https:\/\/shhj.info\/index.php?rest_route=\/wp\/v2\/pages"}],"about":[{"href":"https:\/\/shhj.info\/index.php?rest_route=\/wp\/v2\/types\/page"}],"author":[{"embeddable":true,"href":"https:\/\/shhj.info\/index.php?rest_route=\/wp\/v2\/users\/1"}],"replies":[{"embeddable":true,"href":"https:\/\/shhj.info\/index.php?rest_route=%2Fwp%2Fv2%2Fcomments&post=529"}],"version-history":[{"count":3,"href":"https:\/\/shhj.info\/index.php?rest_route=\/wp\/v2\/pages\/529\/revisions"}],"predecessor-version":[{"id":533,"href":"https:\/\/shhj.info\/index.php?rest_route=\/wp\/v2\/pages\/529\/revisions\/533"}],"wp:attachment":[{"href":"https:\/\/shhj.info\/index.php?rest_route=%2Fwp%2Fv2%2Fmedia&parent=529"}],"curies":[{"name":"wp","href":"https:\/\/api.w.org\/{rel}","templated":true}]}}