{"id":485,"date":"2015-04-27T20:35:54","date_gmt":"2015-04-27T17:35:54","guid":{"rendered":"http:\/\/www.shhj.info\/wp\/?page_id=485"},"modified":"2019-03-08T17:07:58","modified_gmt":"2019-03-08T15:07:58","slug":"kuvia-harmaa","status":"publish","type":"page","link":"https:\/\/shhj.info\/?page_id=485","title":{"rendered":"Kuvagalleria harmaa norjanhirvikoira"},"content":{"rendered":"<div id=\"envira-gallery-wrap-485\" class=\"envira-gallery-wrap envira-gallery-theme-base envira-lightbox-theme-base\" itemscope itemtype=\"https:\/\/schema.org\/ImageGallery\"><div data-row-height=\"\" data-gallery-theme=\"\" id=\"envira-gallery-485\" class=\"envira-gallery-public  envira-gallery-3-columns envira-clear enviratope envira-gallery-css-animations\" data-envira-columns=\"3\"><div id=\"envira-gallery-item-1445\" class=\"envira-gallery-item enviratope-item envira-gallery-item-1\" style=\"padding-left: 5px; padding-bottom: 10px; padding-right: 5px;\"  itemscope itemtype=\"https:\/\/schema.org\/ImageObject\"><div class=\"envira-gallery-item-inner\"><div class=\"envira-gallery-position-overlay  envira-gallery-top-left\"><\/div><div class=\"envira-gallery-position-overlay  envira-gallery-top-right\"><\/div><div class=\"envira-gallery-position-overlay  envira-gallery-bottom-left\"><\/div><div class=\"envira-gallery-position-overlay  envira-gallery-bottom-right\"><\/div><a href=\"http:\/\/www.shhj.info\/wp\/wp-content\/uploads\/2015\/04\/harmaa.jpg\" class=\"envira-gallery-485 envira-gallery-link\" rel=\"enviragallery485\" title=\"\" data-envira-caption=\"\" data-envira-retina=\"\" data-thumbnail=\"\"  itemprop=\"contentUrl\"><div class=\"envira-lazy\" data-test-width=\"960\" data-test-height=\"300\" style=\"padding-bottom:31.25%;\"><img decoding=\"async\" id=\"envira-gallery-image-1445\" class=\"envira-gallery-image envira-gallery-image-1\" data-envira-index=\"1\" src=\"https:\/\/shhj.info\/wp\/wp-content\/uploads\/2015\/04\/harmaa-960x300.jpg\" data-envira-src=\"https:\/\/shhj.info\/wp\/wp-content\/uploads\/2015\/04\/harmaa-960x300.jpg\" data-envira-gallery-id=\"485\" data-envira-item-id=\"1445\" data-envira-caption=\"\" alt=\"\" title=\"\"  itemprop=\"thumbnailUrl\" data-envira-srcset=\"https:\/\/shhj.info\/wp\/wp-content\/uploads\/2015\/04\/harmaa-960x300.jpg 400w,https:\/\/shhj.info\/wp\/wp-content\/uploads\/2015\/04\/harmaa-960x300.jpg 2x\" srcset=\"data:image\/gif;base64,R0lGODlhAQABAIAAAP\/\/\/\/\/\/\/yH5BAEKAAEALAAAAAABAAEAAAICTAEAOw==\" \/><\/div><\/a><\/div><\/div><div id=\"envira-gallery-item-487\" class=\"envira-gallery-item enviratope-item envira-gallery-item-2\" style=\"padding-left: 5px; padding-bottom: 10px; padding-right: 5px;\"  itemscope itemtype=\"https:\/\/schema.org\/ImageObject\"><div class=\"envira-gallery-item-inner\"><div class=\"envira-gallery-position-overlay  envira-gallery-top-left\"><\/div><div class=\"envira-gallery-position-overlay  envira-gallery-top-right\"><\/div><div class=\"envira-gallery-position-overlay  envira-gallery-bottom-left\"><\/div><div class=\"envira-gallery-position-overlay  envira-gallery-bottom-right\"><\/div><a href=\"http:\/\/www.shhj.info\/wp\/wp-content\/uploads\/2015\/04\/ind1.jpg\" class=\"envira-gallery-485 envira-gallery-link\" rel=\"enviragallery485\" title=\"\" data-envira-caption=\"\" data-envira-retina=\"\" data-thumbnail=\"\"  itemprop=\"contentUrl\"><div class=\"envira-lazy\" data-test-width=\"960\" data-test-height=\"300\" style=\"padding-bottom:31.25%;\"><img decoding=\"async\" id=\"envira-gallery-image-487\" class=\"envira-gallery-image envira-gallery-image-2\" data-envira-index=\"2\" src=\"https:\/\/shhj.info\/wp\/wp-content\/uploads\/2015\/04\/ind1-960x300.jpg\" data-envira-src=\"https:\/\/shhj.info\/wp\/wp-content\/uploads\/2015\/04\/ind1-960x300.jpg\" data-envira-gallery-id=\"485\" data-envira-item-id=\"487\" data-envira-caption=\"\" alt=\"\" title=\"\"  itemprop=\"thumbnailUrl\" data-envira-srcset=\"https:\/\/shhj.info\/wp\/wp-content\/uploads\/2015\/04\/ind1-960x300.jpg 400w,https:\/\/shhj.info\/wp\/wp-content\/uploads\/2015\/04\/ind1-960x300.jpg 2x\" srcset=\"data:image\/gif;base64,R0lGODlhAQABAIAAAP\/\/\/\/\/\/\/yH5BAEKAAEALAAAAAABAAEAAAICTAEAOw==\" \/><\/div><\/a><\/div><\/div><div id=\"envira-gallery-item-486\" class=\"envira-gallery-item enviratope-item envira-gallery-item-3\" style=\"padding-left: 5px; padding-bottom: 10px; padding-right: 5px;\"  itemscope itemtype=\"https:\/\/schema.org\/ImageObject\"><div class=\"envira-gallery-item-inner\"><div class=\"envira-gallery-position-overlay  envira-gallery-top-left\"><\/div><div class=\"envira-gallery-position-overlay  envira-gallery-top-right\"><\/div><div class=\"envira-gallery-position-overlay  envira-gallery-bottom-left\"><\/div><div class=\"envira-gallery-position-overlay  envira-gallery-bottom-right\"><\/div><a href=\"http:\/\/www.shhj.info\/wp\/wp-content\/uploads\/2015\/04\/harmaa_rotu1.jpg\" class=\"envira-gallery-485 envira-gallery-link\" rel=\"enviragallery485\" title=\"\" data-envira-caption=\"\" data-envira-retina=\"\" data-thumbnail=\"\"  itemprop=\"contentUrl\"><div class=\"envira-lazy\" data-test-width=\"960\" data-test-height=\"300\" style=\"padding-bottom:31.25%;\"><img decoding=\"async\" id=\"envira-gallery-image-486\" class=\"envira-gallery-image envira-gallery-image-3\" data-envira-index=\"3\" src=\"https:\/\/shhj.info\/wp\/wp-content\/uploads\/2015\/04\/harmaa_rotu1-960x300.jpg\" data-envira-src=\"https:\/\/shhj.info\/wp\/wp-content\/uploads\/2015\/04\/harmaa_rotu1-960x300.jpg\" data-envira-gallery-id=\"485\" data-envira-item-id=\"486\" data-envira-caption=\"\" alt=\"\" title=\"\"  itemprop=\"thumbnailUrl\" data-envira-srcset=\"https:\/\/shhj.info\/wp\/wp-content\/uploads\/2015\/04\/harmaa_rotu1-960x300.jpg 400w,https:\/\/shhj.info\/wp\/wp-content\/uploads\/2015\/04\/harmaa_rotu1-960x300.jpg 2x\" srcset=\"data:image\/gif;base64,R0lGODlhAQABAIAAAP\/\/\/\/\/\/\/yH5BAEKAAEALAAAAAABAAEAAAICTAEAOw==\" \/><\/div><\/a><\/div><\/div><div id=\"envira-gallery-item-1386\" class=\"envira-gallery-item enviratope-item envira-gallery-item-4\" style=\"padding-left: 5px; padding-bottom: 10px; padding-right: 5px;\"  itemscope itemtype=\"https:\/\/schema.org\/ImageObject\"><div class=\"envira-gallery-item-inner\"><div class=\"envira-gallery-position-overlay  envira-gallery-top-left\"><\/div><div class=\"envira-gallery-position-overlay  envira-gallery-top-right\"><\/div><div class=\"envira-gallery-position-overlay  envira-gallery-bottom-left\"><\/div><div class=\"envira-gallery-position-overlay  envira-gallery-bottom-right\"><\/div><a href=\"http:\/\/www.shhj.info\/wp\/wp-content\/uploads\/2015\/04\/kille_07.jpg\" class=\"envira-gallery-485 envira-gallery-link\" rel=\"enviragallery485\" title=\"Haukulla\" data-envira-caption=\"Haukulla\" data-envira-retina=\"\" data-thumbnail=\"\"  itemprop=\"contentUrl\"><div class=\"envira-lazy\" data-test-width=\"960\" data-test-height=\"300\" style=\"padding-bottom:31.25%;\"><img decoding=\"async\" id=\"envira-gallery-image-1386\" class=\"envira-gallery-image envira-gallery-image-4\" data-envira-index=\"4\" src=\"https:\/\/shhj.info\/wp\/wp-content\/uploads\/2015\/04\/kille_07-960x300.jpg\" data-envira-src=\"https:\/\/shhj.info\/wp\/wp-content\/uploads\/2015\/04\/kille_07-960x300.jpg\" data-envira-gallery-id=\"485\" data-envira-item-id=\"1386\" data-envira-caption=\"Haukulla\" alt=\"\" title=\"Haukulla\"  itemprop=\"thumbnailUrl\" data-envira-srcset=\"https:\/\/shhj.info\/wp\/wp-content\/uploads\/2015\/04\/kille_07-960x300.jpg 400w,https:\/\/shhj.info\/wp\/wp-content\/uploads\/2015\/04\/kille_07-960x300.jpg 2x\" srcset=\"data:image\/gif;base64,R0lGODlhAQABAIAAAP\/\/\/\/\/\/\/yH5BAEKAAEALAAAAAABAAEAAAICTAEAOw==\" \/><\/div><\/a><\/div><\/div><div id=\"envira-gallery-item-1387\" class=\"envira-gallery-item enviratope-item envira-gallery-item-5\" style=\"padding-left: 5px; padding-bottom: 10px; padding-right: 5px;\"  itemscope itemtype=\"https:\/\/schema.org\/ImageObject\"><div class=\"envira-gallery-item-inner\"><div class=\"envira-gallery-position-overlay  envira-gallery-top-left\"><\/div><div class=\"envira-gallery-position-overlay  envira-gallery-top-right\"><\/div><div class=\"envira-gallery-position-overlay  envira-gallery-bottom-left\"><\/div><div class=\"envira-gallery-position-overlay  envira-gallery-bottom-right\"><\/div><a href=\"http:\/\/www.shhj.info\/wp\/wp-content\/uploads\/2015\/04\/pentu_1.jpg\" class=\"envira-gallery-485 envira-gallery-link\" rel=\"enviragallery485\" title=\"Pentu\" data-envira-caption=\"Pentu\" data-envira-retina=\"\" data-thumbnail=\"\"  itemprop=\"contentUrl\"><div class=\"envira-lazy\" data-test-width=\"960\" data-test-height=\"300\" style=\"padding-bottom:31.25%;\"><img decoding=\"async\" id=\"envira-gallery-image-1387\" class=\"envira-gallery-image envira-gallery-image-5\" data-envira-index=\"5\" src=\"https:\/\/shhj.info\/wp\/wp-content\/uploads\/2015\/04\/pentu_1-960x300.jpg\" data-envira-src=\"https:\/\/shhj.info\/wp\/wp-content\/uploads\/2015\/04\/pentu_1-960x300.jpg\" data-envira-gallery-id=\"485\" data-envira-item-id=\"1387\" data-envira-caption=\"Pentu\" alt=\"\" title=\"Pentu\"  itemprop=\"thumbnailUrl\" data-envira-srcset=\"https:\/\/shhj.info\/wp\/wp-content\/uploads\/2015\/04\/pentu_1-960x300.jpg 400w,https:\/\/shhj.info\/wp\/wp-content\/uploads\/2015\/04\/pentu_1-960x300.jpg 2x\" srcset=\"data:image\/gif;base64,R0lGODlhAQABAIAAAP\/\/\/\/\/\/\/yH5BAEKAAEALAAAAAABAAEAAAICTAEAOw==\" \/><\/div><\/a><\/div><\/div><div id=\"envira-gallery-item-1388\" class=\"envira-gallery-item enviratope-item envira-gallery-item-6\" style=\"padding-left: 5px; padding-bottom: 10px; padding-right: 5px;\"  itemscope itemtype=\"https:\/\/schema.org\/ImageObject\"><div class=\"envira-gallery-item-inner\"><div class=\"envira-gallery-position-overlay  envira-gallery-top-left\"><\/div><div class=\"envira-gallery-position-overlay  envira-gallery-top-right\"><\/div><div class=\"envira-gallery-position-overlay  envira-gallery-bottom-left\"><\/div><div class=\"envira-gallery-position-overlay  envira-gallery-bottom-right\"><\/div><a href=\"http:\/\/www.shhj.info\/wp\/wp-content\/uploads\/2015\/04\/pentuvalitys_1.jpg\" class=\"envira-gallery-485 envira-gallery-link\" rel=\"enviragallery485\" title=\"Pennut\" data-envira-caption=\"Pennut\" data-envira-retina=\"\" data-thumbnail=\"\"  itemprop=\"contentUrl\"><div class=\"envira-lazy\" data-test-width=\"960\" data-test-height=\"300\" style=\"padding-bottom:31.25%;\"><img decoding=\"async\" id=\"envira-gallery-image-1388\" class=\"envira-gallery-image envira-gallery-image-6\" data-envira-index=\"6\" src=\"https:\/\/shhj.info\/wp\/wp-content\/uploads\/2015\/04\/pentuvalitys_1-960x300.jpg\" data-envira-src=\"https:\/\/shhj.info\/wp\/wp-content\/uploads\/2015\/04\/pentuvalitys_1-960x300.jpg\" data-envira-gallery-id=\"485\" data-envira-item-id=\"1388\" data-envira-caption=\"Pennut\" alt=\"\" title=\"Pennut\"  itemprop=\"thumbnailUrl\" data-envira-srcset=\"https:\/\/shhj.info\/wp\/wp-content\/uploads\/2015\/04\/pentuvalitys_1-960x300.jpg 400w,https:\/\/shhj.info\/wp\/wp-content\/uploads\/2015\/04\/pentuvalitys_1-960x300.jpg 2x\" srcset=\"data:image\/gif;base64,R0lGODlhAQABAIAAAP\/\/\/\/\/\/\/yH5BAEKAAEALAAAAAABAAEAAAICTAEAOw==\" \/><\/div><\/a><\/div><\/div><div id=\"envira-gallery-item-1425\" class=\"envira-gallery-item enviratope-item envira-gallery-item-7\" style=\"padding-left: 5px; padding-bottom: 10px; padding-right: 5px;\"  itemscope itemtype=\"https:\/\/schema.org\/ImageObject\"><div class=\"envira-gallery-item-inner\"><div class=\"envira-gallery-position-overlay  envira-gallery-top-left\"><\/div><div class=\"envira-gallery-position-overlay  envira-gallery-top-right\"><\/div><div class=\"envira-gallery-position-overlay  envira-gallery-bottom-left\"><\/div><div class=\"envira-gallery-position-overlay  envira-gallery-bottom-right\"><\/div><a href=\"http:\/\/www.shhj.info\/wp\/wp-content\/uploads\/2015\/04\/taiga.jpg\" class=\"envira-gallery-485 envira-gallery-link\" rel=\"enviragallery485\" title=\"\" data-envira-caption=\"\" data-envira-retina=\"\" data-thumbnail=\"\"  itemprop=\"contentUrl\"><div class=\"envira-lazy\" data-test-width=\"960\" data-test-height=\"300\" style=\"padding-bottom:31.25%;\"><img decoding=\"async\" id=\"envira-gallery-image-1425\" class=\"envira-gallery-image envira-gallery-image-7\" data-envira-index=\"7\" src=\"https:\/\/shhj.info\/wp\/wp-content\/uploads\/2015\/04\/taiga-1024x683-960x300.jpg\" data-envira-src=\"https:\/\/shhj.info\/wp\/wp-content\/uploads\/2015\/04\/taiga-1024x683-960x300.jpg\" data-envira-gallery-id=\"485\" data-envira-item-id=\"1425\" data-envira-caption=\"\" alt=\"\" title=\"\"  itemprop=\"thumbnailUrl\" data-envira-srcset=\"https:\/\/shhj.info\/wp\/wp-content\/uploads\/2015\/04\/taiga-1024x683-960x300.jpg 400w,https:\/\/shhj.info\/wp\/wp-content\/uploads\/2015\/04\/taiga-1024x683-960x300.jpg 2x\" srcset=\"data:image\/gif;base64,R0lGODlhAQABAIAAAP\/\/\/\/\/\/\/yH5BAEKAAEALAAAAAABAAEAAAICTAEAOw==\" \/><\/div><\/a><\/div><\/div><div id=\"envira-gallery-item-1479\" class=\"envira-gallery-item enviratope-item envira-gallery-item-8\" style=\"padding-left: 5px; padding-bottom: 10px; padding-right: 5px;\"  itemscope itemtype=\"https:\/\/schema.org\/ImageObject\"><div class=\"envira-gallery-item-inner\"><div class=\"envira-gallery-position-overlay  envira-gallery-top-left\"><\/div><div class=\"envira-gallery-position-overlay  envira-gallery-top-right\"><\/div><div class=\"envira-gallery-position-overlay  envira-gallery-bottom-left\"><\/div><div class=\"envira-gallery-position-overlay  envira-gallery-bottom-right\"><\/div><a href=\"http:\/\/www.shhj.info\/wp\/wp-content\/uploads\/2015\/04\/harmaa_jb.jpg\" class=\"envira-gallery-485 envira-gallery-link\" rel=\"enviragallery485\" title=\"\" data-envira-caption=\"\" data-envira-retina=\"\" data-thumbnail=\"\"  itemprop=\"contentUrl\"><div class=\"envira-lazy\" data-test-width=\"960\" data-test-height=\"300\" style=\"padding-bottom:31.25%;\"><img decoding=\"async\" id=\"envira-gallery-image-1479\" class=\"envira-gallery-image envira-gallery-image-8\" data-envira-index=\"8\" src=\"https:\/\/shhj.info\/wp\/wp-content\/uploads\/2015\/04\/harmaa_jb-1024x768-960x300.jpg\" data-envira-src=\"https:\/\/shhj.info\/wp\/wp-content\/uploads\/2015\/04\/harmaa_jb-1024x768-960x300.jpg\" data-envira-gallery-id=\"485\" data-envira-item-id=\"1479\" data-envira-caption=\"\" alt=\"\" title=\"\"  itemprop=\"thumbnailUrl\" data-envira-srcset=\"https:\/\/shhj.info\/wp\/wp-content\/uploads\/2015\/04\/harmaa_jb-1024x768-960x300.jpg 400w,https:\/\/shhj.info\/wp\/wp-content\/uploads\/2015\/04\/harmaa_jb-1024x768-960x300.jpg 2x\" srcset=\"data:image\/gif;base64,R0lGODlhAQABAIAAAP\/\/\/\/\/\/\/yH5BAEKAAEALAAAAAABAAEAAAICTAEAOw==\" \/><\/div><\/a><\/div><\/div><\/div><\/div><noscript><img decoding=\"async\" src=\"https:\/\/shhj.info\/wp\/wp-content\/uploads\/2015\/04\/harmaa.jpg\" alt=\"\" \/><img decoding=\"async\" src=\"https:\/\/shhj.info\/wp\/wp-content\/uploads\/2015\/04\/ind1.jpg\" alt=\"\" \/><img decoding=\"async\" src=\"https:\/\/shhj.info\/wp\/wp-content\/uploads\/2015\/04\/harmaa_rotu1.jpg\" alt=\"\" \/><img decoding=\"async\" src=\"https:\/\/shhj.info\/wp\/wp-content\/uploads\/2015\/04\/kille_07.jpg\" alt=\"\" \/><img decoding=\"async\" src=\"https:\/\/shhj.info\/wp\/wp-content\/uploads\/2015\/04\/pentu_1.jpg\" alt=\"\" \/><img decoding=\"async\" src=\"https:\/\/shhj.info\/wp\/wp-content\/uploads\/2015\/04\/pentuvalitys_1.jpg\" alt=\"\" \/><img decoding=\"async\" src=\"https:\/\/shhj.info\/wp\/wp-content\/uploads\/2015\/04\/taiga.jpg\" alt=\"\" \/><img decoding=\"async\" src=\"https:\/\/shhj.info\/wp\/wp-content\/uploads\/2015\/04\/harmaa_jb.jpg\" alt=\"\" \/><\/noscript>\n","protected":false},"excerpt":{"rendered":"","protected":false},"author":1,"featured_media":0,"parent":0,"menu_order":0,"comment_status":"closed","ping_status":"closed","template":"page-scs.php","meta":{"footnotes":""},"class_list":["post-485","page","type-page","status-publish","hentry"],"yoast_head":"<!-- This site is optimized with the Yoast SEO plugin v26.6 - https:\/\/yoast.com\/wordpress\/plugins\/seo\/ -->\n<title>Kuvagalleria harmaa norjanhirvikoira - Suomen Harmaahirvikoiraj\u00e4rjest\u00f6 - SHHJ FJGK<\/title>\n<meta name=\"robots\" content=\"index, follow, max-snippet:-1, max-image-preview:large, max-video-preview:-1\" \/>\n<link rel=\"canonical\" href=\"https:\/\/shhj.info\/?page_id=485\" \/>\n<meta property=\"og:locale\" content=\"fi_FI\" \/>\n<meta property=\"og:type\" content=\"article\" \/>\n<meta property=\"og:title\" content=\"Kuvagalleria harmaa norjanhirvikoira - Suomen Harmaahirvikoiraj\u00e4rjest\u00f6 - SHHJ FJGK\" \/>\n<meta property=\"og:url\" content=\"https:\/\/shhj.info\/?page_id=485\" \/>\n<meta property=\"og:site_name\" content=\"Suomen Harmaahirvikoiraj\u00e4rjest\u00f6 - SHHJ FJGK\" \/>\n<meta property=\"article:publisher\" content=\"https:\/\/www.facebook.com\/groups\/115740178447653\/\" \/>\n<meta property=\"article:modified_time\" content=\"2019-03-08T15:07:58+00:00\" \/>\n<meta property=\"og:image\" content=\"https:\/\/shhj.info\/wp\/wp-content\/uploads\/2015\/04\/etu_pentu.jpg\" \/>\n\t<meta property=\"og:image:width\" content=\"567\" \/>\n\t<meta property=\"og:image:height\" content=\"594\" \/>\n\t<meta property=\"og:image:type\" content=\"image\/jpeg\" \/>\n<meta name=\"twitter:card\" content=\"summary_large_image\" \/>\n<script type=\"application\/ld+json\" class=\"yoast-schema-graph\">{\"@context\":\"https:\/\/schema.org\",\"@graph\":[{\"@type\":\"WebPage\",\"@id\":\"https:\/\/shhj.info\/?page_id=485\",\"url\":\"https:\/\/shhj.info\/?page_id=485\",\"name\":\"Kuvagalleria harmaa norjanhirvikoira - Suomen Harmaahirvikoiraj\u00e4rjest\u00f6 - SHHJ FJGK\",\"isPartOf\":{\"@id\":\"https:\/\/shhj.info\/#website\"},\"datePublished\":\"2015-04-27T17:35:54+00:00\",\"dateModified\":\"2019-03-08T15:07:58+00:00\",\"breadcrumb\":{\"@id\":\"https:\/\/shhj.info\/?page_id=485#breadcrumb\"},\"inLanguage\":\"fi\",\"potentialAction\":[{\"@type\":\"ReadAction\",\"target\":[\"https:\/\/shhj.info\/?page_id=485\"]}]},{\"@type\":\"BreadcrumbList\",\"@id\":\"https:\/\/shhj.info\/?page_id=485#breadcrumb\",\"itemListElement\":[{\"@type\":\"ListItem\",\"position\":1,\"name\":\"Etusivu\",\"item\":\"https:\/\/shhj.info\/\"},{\"@type\":\"ListItem\",\"position\":2,\"name\":\"Kuvagalleria harmaa norjanhirvikoira\"}]},{\"@type\":\"WebSite\",\"@id\":\"https:\/\/shhj.info\/#website\",\"url\":\"https:\/\/shhj.info\/\",\"name\":\"Suomen Harmaahirvikoiraj\u00e4rjest\u00f6 - SHHJ FJGK\",\"description\":\"parhaiden hirvikoirarotujen rotuj\u00e4rjest\u00f6 Suomessa\",\"publisher\":{\"@id\":\"https:\/\/shhj.info\/#organization\"},\"alternateName\":\"SHHJ FJGK\",\"potentialAction\":[{\"@type\":\"SearchAction\",\"target\":{\"@type\":\"EntryPoint\",\"urlTemplate\":\"https:\/\/shhj.info\/?s={search_term_string}\"},\"query-input\":{\"@type\":\"PropertyValueSpecification\",\"valueRequired\":true,\"valueName\":\"search_term_string\"}}],\"inLanguage\":\"fi\"},{\"@type\":\"Organization\",\"@id\":\"https:\/\/shhj.info\/#organization\",\"name\":\"Suomen Harmaahirvikoiraj\u00e4rjest\u00f6 - SHHJ FJGK\",\"url\":\"https:\/\/shhj.info\/\",\"logo\":{\"@type\":\"ImageObject\",\"inLanguage\":\"fi\",\"@id\":\"https:\/\/shhj.info\/#\/schema\/logo\/image\/\",\"url\":\"http:\/\/shhj.info\/wp\/wp-content\/uploads\/2018\/12\/logo.gif\",\"contentUrl\":\"http:\/\/shhj.info\/wp\/wp-content\/uploads\/2018\/12\/logo.gif\",\"width\":169,\"height\":166,\"caption\":\"Suomen Harmaahirvikoiraj\u00e4rjest\u00f6 - SHHJ FJGK\"},\"image\":{\"@id\":\"https:\/\/shhj.info\/#\/schema\/logo\/image\/\"},\"sameAs\":[\"https:\/\/www.facebook.com\/groups\/115740178447653\/\"]}]}<\/script>\n<!-- \/ Yoast SEO plugin. -->","yoast_head_json":{"title":"Kuvagalleria harmaa norjanhirvikoira - Suomen Harmaahirvikoiraj\u00e4rjest\u00f6 - SHHJ FJGK","robots":{"index":"index","follow":"follow","max-snippet":"max-snippet:-1","max-image-preview":"max-image-preview:large","max-video-preview":"max-video-preview:-1"},"canonical":"https:\/\/shhj.info\/?page_id=485","og_locale":"fi_FI","og_type":"article","og_title":"Kuvagalleria harmaa norjanhirvikoira - Suomen Harmaahirvikoiraj\u00e4rjest\u00f6 - SHHJ FJGK","og_url":"https:\/\/shhj.info\/?page_id=485","og_site_name":"Suomen Harmaahirvikoiraj\u00e4rjest\u00f6 - SHHJ FJGK","article_publisher":"https:\/\/www.facebook.com\/groups\/115740178447653\/","article_modified_time":"2019-03-08T15:07:58+00:00","og_image":[{"width":567,"height":594,"url":"https:\/\/shhj.info\/wp\/wp-content\/uploads\/2015\/04\/etu_pentu.jpg","type":"image\/jpeg"}],"twitter_card":"summary_large_image","schema":{"@context":"https:\/\/schema.org","@graph":[{"@type":"WebPage","@id":"https:\/\/shhj.info\/?page_id=485","url":"https:\/\/shhj.info\/?page_id=485","name":"Kuvagalleria harmaa norjanhirvikoira - Suomen Harmaahirvikoiraj\u00e4rjest\u00f6 - SHHJ FJGK","isPartOf":{"@id":"https:\/\/shhj.info\/#website"},"datePublished":"2015-04-27T17:35:54+00:00","dateModified":"2019-03-08T15:07:58+00:00","breadcrumb":{"@id":"https:\/\/shhj.info\/?page_id=485#breadcrumb"},"inLanguage":"fi","potentialAction":[{"@type":"ReadAction","target":["https:\/\/shhj.info\/?page_id=485"]}]},{"@type":"BreadcrumbList","@id":"https:\/\/shhj.info\/?page_id=485#breadcrumb","itemListElement":[{"@type":"ListItem","position":1,"name":"Etusivu","item":"https:\/\/shhj.info\/"},{"@type":"ListItem","position":2,"name":"Kuvagalleria harmaa norjanhirvikoira"}]},{"@type":"WebSite","@id":"https:\/\/shhj.info\/#website","url":"https:\/\/shhj.info\/","name":"Suomen Harmaahirvikoiraj\u00e4rjest\u00f6 - SHHJ FJGK","description":"parhaiden hirvikoirarotujen rotuj\u00e4rjest\u00f6 Suomessa","publisher":{"@id":"https:\/\/shhj.info\/#organization"},"alternateName":"SHHJ FJGK","potentialAction":[{"@type":"SearchAction","target":{"@type":"EntryPoint","urlTemplate":"https:\/\/shhj.info\/?s={search_term_string}"},"query-input":{"@type":"PropertyValueSpecification","valueRequired":true,"valueName":"search_term_string"}}],"inLanguage":"fi"},{"@type":"Organization","@id":"https:\/\/shhj.info\/#organization","name":"Suomen Harmaahirvikoiraj\u00e4rjest\u00f6 - SHHJ FJGK","url":"https:\/\/shhj.info\/","logo":{"@type":"ImageObject","inLanguage":"fi","@id":"https:\/\/shhj.info\/#\/schema\/logo\/image\/","url":"http:\/\/shhj.info\/wp\/wp-content\/uploads\/2018\/12\/logo.gif","contentUrl":"http:\/\/shhj.info\/wp\/wp-content\/uploads\/2018\/12\/logo.gif","width":169,"height":166,"caption":"Suomen Harmaahirvikoiraj\u00e4rjest\u00f6 - SHHJ FJGK"},"image":{"@id":"https:\/\/shhj.info\/#\/schema\/logo\/image\/"},"sameAs":["https:\/\/www.facebook.com\/groups\/115740178447653\/"]}]}},"_links":{"self":[{"href":"https:\/\/shhj.info\/index.php?rest_route=\/wp\/v2\/pages\/485","targetHints":{"allow":["GET"]}}],"collection":[{"href":"https:\/\/shhj.info\/index.php?rest_route=\/wp\/v2\/pages"}],"about":[{"href":"https:\/\/shhj.info\/index.php?rest_route=\/wp\/v2\/types\/page"}],"author":[{"embeddable":true,"href":"https:\/\/shhj.info\/index.php?rest_route=\/wp\/v2\/users\/1"}],"replies":[{"embeddable":true,"href":"https:\/\/shhj.info\/index.php?rest_route=%2Fwp%2Fv2%2Fcomments&post=485"}],"version-history":[{"count":7,"href":"https:\/\/shhj.info\/index.php?rest_route=\/wp\/v2\/pages\/485\/revisions"}],"predecessor-version":[{"id":2444,"href":"https:\/\/shhj.info\/index.php?rest_route=\/wp\/v2\/pages\/485\/revisions\/2444"}],"wp:attachment":[{"href":"https:\/\/shhj.info\/index.php?rest_route=%2Fwp%2Fv2%2Fmedia&parent=485"}],"curies":[{"name":"wp","href":"https:\/\/api.w.org\/{rel}","templated":true}]}}