{"id":4708,"date":"2026-05-06T19:35:49","date_gmt":"2026-05-06T16:35:49","guid":{"rendered":"https:\/\/shhj.info\/?page_id=4708"},"modified":"2026-05-06T19:42:42","modified_gmt":"2026-05-06T16:42:42","slug":"jalostustarkastus-valkoinen-ruotsinhirvikoira-2026","status":"publish","type":"page","link":"https:\/\/shhj.info\/?page_id=4708","title":{"rendered":"Jalostustarkastus valkoinen ruotsinhirvikoira 2026"},"content":{"rendered":"<p><a href=\"https:\/\/koiratietokanta.fi\/shhj\/koirantiedot.php?lang=fi&amp;Reknro=ER55892\/22\" target=\"_blank\" rel=\"noopener\">Pihlajarinteen Nuoli<\/a><\/p>\n<p><a href=\"https:\/\/koiratietokanta.fi\/shhj\/koirantiedot.php?lang=fi&amp;Reknro=ER26930\/25\" target=\"_blank\" rel=\"noopener\">P\u00e5ssioakka<\/a><\/p>\n<p><a href=\"https:\/\/koiratietokanta.fi\/shhj\/koirantiedot.php?lang=fi&amp;Reknro=ER46754\/24\" target=\"_blank\" rel=\"noopener\">Tervamasan Nalle<\/a><\/p>\n<p><a href=\"https:\/\/koiratietokanta.fi\/shhj\/koirantiedot.php?lang=fi&amp;Reknro=ER19825\/22\" target=\"_blank\" rel=\"noopener\">Ulvaansalon Cosmos<\/a><\/p>\n<div id=\"envira-gallery-wrap-4710\" class=\"envira-gallery-wrap envira-gallery-theme-base envira-lightbox-theme-base\" itemscope itemtype=\"https:\/\/schema.org\/ImageGallery\"><div data-row-height=\"\" data-gallery-theme=\"\" id=\"envira-gallery-4710\" class=\"envira-gallery-public  envira-gallery-4-columns envira-clear enviratope envira-gallery-css-animations\" data-envira-columns=\"4\"><div id=\"envira-gallery-item-4711\" class=\"envira-gallery-item enviratope-item envira-gallery-item-1 envira-lazy-load\" style=\"padding-left: 5px; padding-bottom: 10px; padding-right: 5px;\"  itemscope itemtype=\"https:\/\/schema.org\/ImageObject\"><div class=\"envira-gallery-item-inner\"><div class=\"envira-gallery-position-overlay  envira-gallery-top-left\"><\/div><div class=\"envira-gallery-position-overlay  envira-gallery-top-right\"><\/div><div class=\"envira-gallery-position-overlay  envira-gallery-bottom-left\"><\/div><div class=\"envira-gallery-position-overlay  envira-gallery-bottom-right\"><\/div><a href=\"https:\/\/shhj.info\/wp\/wp-content\/uploads\/2026\/05\/Pihlajarinteen-Nuoli-2-scaled.jpg\" class=\"envira-gallery-4710 envira-gallery-link\" rel=\"enviragallery4710\" title=\"Pihlajarinteen Nuoli 2\" data-envira-caption=\"Pihlajarinteen Nuoli 2\" data-envira-retina=\"\" data-thumbnail=\"\"  itemprop=\"contentUrl\"><div class=\"envira-lazy\" data-test-width=\"640\" data-test-height=\"480\" style=\"padding-bottom:75%;\"><img decoding=\"async\" id=\"envira-gallery-image-4711\" class=\"envira-gallery-image envira-gallery-image-1\" data-envira-index=\"1\" src=\"https:\/\/shhj.info\/wp\/wp-content\/uploads\/2026\/05\/Pihlajarinteen-Nuoli-2-768x1024-640x480.jpg\" data-envira-src=\"https:\/\/shhj.info\/wp\/wp-content\/uploads\/2026\/05\/Pihlajarinteen-Nuoli-2-768x1024-640x480.jpg\" data-envira-gallery-id=\"4710\" data-envira-item-id=\"4711\" data-envira-caption=\"Pihlajarinteen Nuoli 2\" alt=\"\" title=\"Pihlajarinteen Nuoli 2\"  itemprop=\"thumbnailUrl\" data-envira-srcset=\"https:\/\/shhj.info\/wp\/wp-content\/uploads\/2026\/05\/Pihlajarinteen-Nuoli-2-768x1024-640x480.jpg 400w,https:\/\/shhj.info\/wp\/wp-content\/uploads\/2026\/05\/Pihlajarinteen-Nuoli-2-768x1024-640x480.jpg 2x\" srcset=\"data:image\/gif;base64,R0lGODlhAQABAIAAAP\/\/\/\/\/\/\/yH5BAEKAAEALAAAAAABAAEAAAICTAEAOw==\" \/><\/div><\/a><\/div><\/div><div id=\"envira-gallery-item-4712\" class=\"envira-gallery-item enviratope-item envira-gallery-item-2 envira-lazy-load\" style=\"padding-left: 5px; padding-bottom: 10px; padding-right: 5px;\"  itemscope itemtype=\"https:\/\/schema.org\/ImageObject\"><div class=\"envira-gallery-item-inner\"><div class=\"envira-gallery-position-overlay  envira-gallery-top-left\"><\/div><div class=\"envira-gallery-position-overlay  envira-gallery-top-right\"><\/div><div class=\"envira-gallery-position-overlay  envira-gallery-bottom-left\"><\/div><div class=\"envira-gallery-position-overlay  envira-gallery-bottom-right\"><\/div><a href=\"https:\/\/shhj.info\/wp\/wp-content\/uploads\/2026\/05\/Pihlajarinteen-Nuoli1-scaled.jpg\" class=\"envira-gallery-4710 envira-gallery-link\" rel=\"enviragallery4710\" title=\"Pihlajarinteen Nuoli1\" data-envira-caption=\"Pihlajarinteen Nuoli1\" data-envira-retina=\"\" data-thumbnail=\"\"  itemprop=\"contentUrl\"><div class=\"envira-lazy\" data-test-width=\"640\" data-test-height=\"480\" style=\"padding-bottom:75%;\"><img decoding=\"async\" id=\"envira-gallery-image-4712\" class=\"envira-gallery-image envira-gallery-image-2\" data-envira-index=\"2\" src=\"https:\/\/shhj.info\/wp\/wp-content\/uploads\/2026\/05\/Pihlajarinteen-Nuoli1-1024x768-640x480.jpg\" data-envira-src=\"https:\/\/shhj.info\/wp\/wp-content\/uploads\/2026\/05\/Pihlajarinteen-Nuoli1-1024x768-640x480.jpg\" data-envira-gallery-id=\"4710\" data-envira-item-id=\"4712\" data-envira-caption=\"Pihlajarinteen Nuoli1\" alt=\"\" title=\"Pihlajarinteen Nuoli1\"  itemprop=\"thumbnailUrl\" data-envira-srcset=\"https:\/\/shhj.info\/wp\/wp-content\/uploads\/2026\/05\/Pihlajarinteen-Nuoli1-1024x768-640x480.jpg 400w,https:\/\/shhj.info\/wp\/wp-content\/uploads\/2026\/05\/Pihlajarinteen-Nuoli1-1024x768-640x480.jpg 2x\" srcset=\"data:image\/gif;base64,R0lGODlhAQABAIAAAP\/\/\/\/\/\/\/yH5BAEKAAEALAAAAAABAAEAAAICTAEAOw==\" \/><\/div><\/a><\/div><\/div><div id=\"envira-gallery-item-4713\" class=\"envira-gallery-item enviratope-item envira-gallery-item-3 envira-lazy-load\" style=\"padding-left: 5px; padding-bottom: 10px; padding-right: 5px;\"  itemscope itemtype=\"https:\/\/schema.org\/ImageObject\"><div class=\"envira-gallery-item-inner\"><div class=\"envira-gallery-position-overlay  envira-gallery-top-left\"><\/div><div class=\"envira-gallery-position-overlay  envira-gallery-top-right\"><\/div><div class=\"envira-gallery-position-overlay  envira-gallery-bottom-left\"><\/div><div class=\"envira-gallery-position-overlay  envira-gallery-bottom-right\"><\/div><a href=\"https:\/\/shhj.info\/wp\/wp-content\/uploads\/2026\/05\/Passioakka1-scaled.jpg\" class=\"envira-gallery-4710 envira-gallery-link\" rel=\"enviragallery4710\" title=\"P&aring;ssioakka1\" data-envira-caption=\"P&aring;ssioakka1\" data-envira-retina=\"\" data-thumbnail=\"\"  itemprop=\"contentUrl\"><div class=\"envira-lazy\" data-test-width=\"640\" data-test-height=\"480\" style=\"padding-bottom:75%;\"><img decoding=\"async\" id=\"envira-gallery-image-4713\" class=\"envira-gallery-image envira-gallery-image-3\" data-envira-index=\"3\" src=\"https:\/\/shhj.info\/wp\/wp-content\/uploads\/2026\/05\/Passioakka1-1024x768-640x480.jpg\" data-envira-src=\"https:\/\/shhj.info\/wp\/wp-content\/uploads\/2026\/05\/Passioakka1-1024x768-640x480.jpg\" data-envira-gallery-id=\"4710\" data-envira-item-id=\"4713\" data-envira-caption=\"P&aring;ssioakka1\" alt=\"\" title=\"P&amp;aring;ssioakka1\"  itemprop=\"thumbnailUrl\" data-envira-srcset=\"https:\/\/shhj.info\/wp\/wp-content\/uploads\/2026\/05\/Passioakka1-1024x768-640x480.jpg 400w,https:\/\/shhj.info\/wp\/wp-content\/uploads\/2026\/05\/Passioakka1-1024x768-640x480.jpg 2x\" srcset=\"data:image\/gif;base64,R0lGODlhAQABAIAAAP\/\/\/\/\/\/\/yH5BAEKAAEALAAAAAABAAEAAAICTAEAOw==\" \/><\/div><\/a><\/div><\/div><div id=\"envira-gallery-item-4714\" class=\"envira-gallery-item enviratope-item envira-gallery-item-4 envira-lazy-load\" style=\"padding-left: 5px; padding-bottom: 10px; padding-right: 5px;\"  itemscope itemtype=\"https:\/\/schema.org\/ImageObject\"><div class=\"envira-gallery-item-inner\"><div class=\"envira-gallery-position-overlay  envira-gallery-top-left\"><\/div><div class=\"envira-gallery-position-overlay  envira-gallery-top-right\"><\/div><div class=\"envira-gallery-position-overlay  envira-gallery-bottom-left\"><\/div><div class=\"envira-gallery-position-overlay  envira-gallery-bottom-right\"><\/div><a href=\"https:\/\/shhj.info\/wp\/wp-content\/uploads\/2026\/05\/Passioakka2-scaled.jpg\" class=\"envira-gallery-4710 envira-gallery-link\" rel=\"enviragallery4710\" title=\"P&aring;ssioakka2\" data-envira-caption=\"P&aring;ssioakka2\" data-envira-retina=\"\" data-thumbnail=\"\"  itemprop=\"contentUrl\"><div class=\"envira-lazy\" data-test-width=\"640\" data-test-height=\"480\" style=\"padding-bottom:75%;\"><img decoding=\"async\" id=\"envira-gallery-image-4714\" class=\"envira-gallery-image envira-gallery-image-4\" data-envira-index=\"4\" src=\"https:\/\/shhj.info\/wp\/wp-content\/uploads\/2026\/05\/Passioakka2-768x1024-640x480.jpg\" data-envira-src=\"https:\/\/shhj.info\/wp\/wp-content\/uploads\/2026\/05\/Passioakka2-768x1024-640x480.jpg\" data-envira-gallery-id=\"4710\" data-envira-item-id=\"4714\" data-envira-caption=\"P&aring;ssioakka2\" alt=\"\" title=\"P&amp;aring;ssioakka2\"  itemprop=\"thumbnailUrl\" data-envira-srcset=\"https:\/\/shhj.info\/wp\/wp-content\/uploads\/2026\/05\/Passioakka2-768x1024-640x480.jpg 400w,https:\/\/shhj.info\/wp\/wp-content\/uploads\/2026\/05\/Passioakka2-768x1024-640x480.jpg 2x\" srcset=\"data:image\/gif;base64,R0lGODlhAQABAIAAAP\/\/\/\/\/\/\/yH5BAEKAAEALAAAAAABAAEAAAICTAEAOw==\" \/><\/div><\/a><\/div><\/div><div id=\"envira-gallery-item-4715\" class=\"envira-gallery-item enviratope-item envira-gallery-item-5 envira-lazy-load\" style=\"padding-left: 5px; padding-bottom: 10px; padding-right: 5px;\"  itemscope itemtype=\"https:\/\/schema.org\/ImageObject\"><div class=\"envira-gallery-item-inner\"><div class=\"envira-gallery-position-overlay  envira-gallery-top-left\"><\/div><div class=\"envira-gallery-position-overlay  envira-gallery-top-right\"><\/div><div class=\"envira-gallery-position-overlay  envira-gallery-bottom-left\"><\/div><div class=\"envira-gallery-position-overlay  envira-gallery-bottom-right\"><\/div><a href=\"https:\/\/shhj.info\/wp\/wp-content\/uploads\/2026\/05\/Tervamasan-Nalle1-scaled.jpg\" class=\"envira-gallery-4710 envira-gallery-link\" rel=\"enviragallery4710\" title=\"Tervamasan Nalle1\" data-envira-caption=\"Tervamasan Nalle1\" data-envira-retina=\"\" data-thumbnail=\"\"  itemprop=\"contentUrl\"><div class=\"envira-lazy\" data-test-width=\"640\" data-test-height=\"480\" style=\"padding-bottom:75%;\"><img decoding=\"async\" id=\"envira-gallery-image-4715\" class=\"envira-gallery-image envira-gallery-image-5\" data-envira-index=\"5\" src=\"https:\/\/shhj.info\/wp\/wp-content\/uploads\/2026\/05\/Tervamasan-Nalle1-1024x768-640x480.jpg\" data-envira-src=\"https:\/\/shhj.info\/wp\/wp-content\/uploads\/2026\/05\/Tervamasan-Nalle1-1024x768-640x480.jpg\" data-envira-gallery-id=\"4710\" data-envira-item-id=\"4715\" data-envira-caption=\"Tervamasan Nalle1\" alt=\"\" title=\"Tervamasan Nalle1\"  itemprop=\"thumbnailUrl\" data-envira-srcset=\"https:\/\/shhj.info\/wp\/wp-content\/uploads\/2026\/05\/Tervamasan-Nalle1-1024x768-640x480.jpg 400w,https:\/\/shhj.info\/wp\/wp-content\/uploads\/2026\/05\/Tervamasan-Nalle1-1024x768-640x480.jpg 2x\" srcset=\"data:image\/gif;base64,R0lGODlhAQABAIAAAP\/\/\/\/\/\/\/yH5BAEKAAEALAAAAAABAAEAAAICTAEAOw==\" \/><\/div><\/a><\/div><\/div><div id=\"envira-gallery-item-4716\" class=\"envira-gallery-item enviratope-item envira-gallery-item-6 envira-lazy-load\" style=\"padding-left: 5px; padding-bottom: 10px; padding-right: 5px;\"  itemscope itemtype=\"https:\/\/schema.org\/ImageObject\"><div class=\"envira-gallery-item-inner\"><div class=\"envira-gallery-position-overlay  envira-gallery-top-left\"><\/div><div class=\"envira-gallery-position-overlay  envira-gallery-top-right\"><\/div><div class=\"envira-gallery-position-overlay  envira-gallery-bottom-left\"><\/div><div class=\"envira-gallery-position-overlay  envira-gallery-bottom-right\"><\/div><a href=\"https:\/\/shhj.info\/wp\/wp-content\/uploads\/2026\/05\/Tervamasan-Nalle2-scaled.jpg\" class=\"envira-gallery-4710 envira-gallery-link\" rel=\"enviragallery4710\" title=\"Tervamasan Nalle2\" data-envira-caption=\"Tervamasan Nalle2\" data-envira-retina=\"\" data-thumbnail=\"\"  itemprop=\"contentUrl\"><div class=\"envira-lazy\" data-test-width=\"640\" data-test-height=\"480\" style=\"padding-bottom:75%;\"><img decoding=\"async\" id=\"envira-gallery-image-4716\" class=\"envira-gallery-image envira-gallery-image-6\" data-envira-index=\"6\" src=\"https:\/\/shhj.info\/wp\/wp-content\/uploads\/2026\/05\/Tervamasan-Nalle2-768x1024-640x480.jpg\" data-envira-src=\"https:\/\/shhj.info\/wp\/wp-content\/uploads\/2026\/05\/Tervamasan-Nalle2-768x1024-640x480.jpg\" data-envira-gallery-id=\"4710\" data-envira-item-id=\"4716\" data-envira-caption=\"Tervamasan Nalle2\" alt=\"\" title=\"Tervamasan Nalle2\"  itemprop=\"thumbnailUrl\" data-envira-srcset=\"https:\/\/shhj.info\/wp\/wp-content\/uploads\/2026\/05\/Tervamasan-Nalle2-768x1024-640x480.jpg 400w,https:\/\/shhj.info\/wp\/wp-content\/uploads\/2026\/05\/Tervamasan-Nalle2-768x1024-640x480.jpg 2x\" srcset=\"data:image\/gif;base64,R0lGODlhAQABAIAAAP\/\/\/\/\/\/\/yH5BAEKAAEALAAAAAABAAEAAAICTAEAOw==\" \/><\/div><\/a><\/div><\/div><div id=\"envira-gallery-item-4717\" class=\"envira-gallery-item enviratope-item envira-gallery-item-7 envira-lazy-load\" style=\"padding-left: 5px; padding-bottom: 10px; padding-right: 5px;\"  itemscope itemtype=\"https:\/\/schema.org\/ImageObject\"><div class=\"envira-gallery-item-inner\"><div class=\"envira-gallery-position-overlay  envira-gallery-top-left\"><\/div><div class=\"envira-gallery-position-overlay  envira-gallery-top-right\"><\/div><div class=\"envira-gallery-position-overlay  envira-gallery-bottom-left\"><\/div><div class=\"envira-gallery-position-overlay  envira-gallery-bottom-right\"><\/div><a href=\"https:\/\/shhj.info\/wp\/wp-content\/uploads\/2026\/05\/Ulvaansalon-Cosmios-2-scaled.jpg\" class=\"envira-gallery-4710 envira-gallery-link\" rel=\"enviragallery4710\" title=\"Ulvaansalon Cosmos 2\" data-envira-caption=\"Ulvaansalon Cosmos 2\" data-envira-retina=\"\" data-thumbnail=\"\"  itemprop=\"contentUrl\"><div class=\"envira-lazy\" data-test-width=\"640\" data-test-height=\"480\" style=\"padding-bottom:75%;\"><img decoding=\"async\" id=\"envira-gallery-image-4717\" class=\"envira-gallery-image envira-gallery-image-7\" data-envira-index=\"7\" src=\"https:\/\/shhj.info\/wp\/wp-content\/uploads\/2026\/05\/Ulvaansalon-Cosmios-2-768x1024-640x480.jpg\" data-envira-src=\"https:\/\/shhj.info\/wp\/wp-content\/uploads\/2026\/05\/Ulvaansalon-Cosmios-2-768x1024-640x480.jpg\" data-envira-gallery-id=\"4710\" data-envira-item-id=\"4717\" data-envira-caption=\"Ulvaansalon Cosmos 2\" alt=\"\" title=\"Ulvaansalon Cosmos 2\"  itemprop=\"thumbnailUrl\" data-envira-srcset=\"https:\/\/shhj.info\/wp\/wp-content\/uploads\/2026\/05\/Ulvaansalon-Cosmios-2-768x1024-640x480.jpg 400w,https:\/\/shhj.info\/wp\/wp-content\/uploads\/2026\/05\/Ulvaansalon-Cosmios-2-768x1024-640x480.jpg 2x\" srcset=\"data:image\/gif;base64,R0lGODlhAQABAIAAAP\/\/\/\/\/\/\/yH5BAEKAAEALAAAAAABAAEAAAICTAEAOw==\" \/><\/div><\/a><\/div><\/div><div id=\"envira-gallery-item-4718\" class=\"envira-gallery-item enviratope-item envira-gallery-item-8 envira-lazy-load\" style=\"padding-left: 5px; padding-bottom: 10px; padding-right: 5px;\"  itemscope itemtype=\"https:\/\/schema.org\/ImageObject\"><div class=\"envira-gallery-item-inner\"><div class=\"envira-gallery-position-overlay  envira-gallery-top-left\"><\/div><div class=\"envira-gallery-position-overlay  envira-gallery-top-right\"><\/div><div class=\"envira-gallery-position-overlay  envira-gallery-bottom-left\"><\/div><div class=\"envira-gallery-position-overlay  envira-gallery-bottom-right\"><\/div><a href=\"https:\/\/shhj.info\/wp\/wp-content\/uploads\/2026\/05\/Ulvaansalon-Cosmos-scaled.jpg\" class=\"envira-gallery-4710 envira-gallery-link\" rel=\"enviragallery4710\" title=\"Ulvaansalon Cosmos\" data-envira-caption=\"Ulvaansalon Cosmos\" data-envira-retina=\"\" data-thumbnail=\"\"  itemprop=\"contentUrl\"><div class=\"envira-lazy\" data-test-width=\"640\" data-test-height=\"480\" style=\"padding-bottom:75%;\"><img decoding=\"async\" id=\"envira-gallery-image-4718\" class=\"envira-gallery-image envira-gallery-image-8\" data-envira-index=\"8\" src=\"https:\/\/shhj.info\/wp\/wp-content\/uploads\/2026\/05\/Ulvaansalon-Cosmos-1024x768-640x480.jpg\" data-envira-src=\"https:\/\/shhj.info\/wp\/wp-content\/uploads\/2026\/05\/Ulvaansalon-Cosmos-1024x768-640x480.jpg\" data-envira-gallery-id=\"4710\" data-envira-item-id=\"4718\" data-envira-caption=\"Ulvaansalon Cosmos\" alt=\"\" title=\"Ulvaansalon Cosmos\"  itemprop=\"thumbnailUrl\" data-envira-srcset=\"https:\/\/shhj.info\/wp\/wp-content\/uploads\/2026\/05\/Ulvaansalon-Cosmos-1024x768-640x480.jpg 400w,https:\/\/shhj.info\/wp\/wp-content\/uploads\/2026\/05\/Ulvaansalon-Cosmos-1024x768-640x480.jpg 2x\" srcset=\"data:image\/gif;base64,R0lGODlhAQABAIAAAP\/\/\/\/\/\/\/yH5BAEKAAEALAAAAAABAAEAAAICTAEAOw==\" \/><\/div><\/a><\/div><\/div><\/div><\/div><noscript><img decoding=\"async\" src=\"https:\/\/shhj.info\/wp\/wp-content\/uploads\/2026\/05\/Pihlajarinteen-Nuoli-2-scaled.jpg\" alt=\"\" \/><img decoding=\"async\" src=\"https:\/\/shhj.info\/wp\/wp-content\/uploads\/2026\/05\/Pihlajarinteen-Nuoli1-scaled.jpg\" alt=\"\" \/><img decoding=\"async\" src=\"https:\/\/shhj.info\/wp\/wp-content\/uploads\/2026\/05\/Passioakka1-scaled.jpg\" alt=\"\" \/><img decoding=\"async\" src=\"https:\/\/shhj.info\/wp\/wp-content\/uploads\/2026\/05\/Passioakka2-scaled.jpg\" alt=\"\" \/><img decoding=\"async\" src=\"https:\/\/shhj.info\/wp\/wp-content\/uploads\/2026\/05\/Tervamasan-Nalle1-scaled.jpg\" alt=\"\" \/><img decoding=\"async\" src=\"https:\/\/shhj.info\/wp\/wp-content\/uploads\/2026\/05\/Tervamasan-Nalle2-scaled.jpg\" alt=\"\" \/><img decoding=\"async\" src=\"https:\/\/shhj.info\/wp\/wp-content\/uploads\/2026\/05\/Ulvaansalon-Cosmios-2-scaled.jpg\" alt=\"\" \/><img decoding=\"async\" src=\"https:\/\/shhj.info\/wp\/wp-content\/uploads\/2026\/05\/Ulvaansalon-Cosmos-scaled.jpg\" alt=\"\" \/><\/noscript>\n","protected":false},"excerpt":{"rendered":"<p>Pihlajarinteen Nuoli P\u00e5ssioakka Tervamasan Nalle Ulvaansalon Cosmos<\/p>\n","protected":false},"author":1,"featured_media":0,"parent":0,"menu_order":0,"comment_status":"closed","ping_status":"closed","template":"","meta":{"footnotes":""},"class_list":["post-4708","page","type-page","status-publish","hentry"],"yoast_head":"<!-- This site is optimized with the Yoast SEO plugin v26.6 - https:\/\/yoast.com\/wordpress\/plugins\/seo\/ -->\n<title>Jalostustarkastus valkoinen ruotsinhirvikoira 2026 - Suomen Harmaahirvikoiraj\u00e4rjest\u00f6 - SHHJ FJGK<\/title>\n<meta name=\"robots\" content=\"index, follow, max-snippet:-1, max-image-preview:large, max-video-preview:-1\" \/>\n<link rel=\"canonical\" href=\"https:\/\/shhj.info\/?page_id=4708\" \/>\n<meta property=\"og:locale\" content=\"fi_FI\" \/>\n<meta property=\"og:type\" content=\"article\" \/>\n<meta property=\"og:title\" content=\"Jalostustarkastus valkoinen ruotsinhirvikoira 2026 - Suomen Harmaahirvikoiraj\u00e4rjest\u00f6 - SHHJ FJGK\" \/>\n<meta property=\"og:description\" content=\"Pihlajarinteen Nuoli P\u00e5ssioakka Tervamasan Nalle Ulvaansalon Cosmos\" \/>\n<meta property=\"og:url\" content=\"https:\/\/shhj.info\/?page_id=4708\" \/>\n<meta property=\"og:site_name\" content=\"Suomen Harmaahirvikoiraj\u00e4rjest\u00f6 - SHHJ FJGK\" \/>\n<meta property=\"article:publisher\" content=\"https:\/\/www.facebook.com\/groups\/115740178447653\/\" \/>\n<meta property=\"article:modified_time\" content=\"2026-05-06T16:42:42+00:00\" \/>\n<meta property=\"og:image\" content=\"https:\/\/shhj.info\/wp\/wp-content\/uploads\/2015\/04\/etu_pentu.jpg\" \/>\n\t<meta property=\"og:image:width\" content=\"567\" \/>\n\t<meta property=\"og:image:height\" content=\"594\" \/>\n\t<meta property=\"og:image:type\" content=\"image\/jpeg\" \/>\n<meta name=\"twitter:card\" content=\"summary_large_image\" \/>\n<meta name=\"twitter:label1\" content=\"Arvioitu lukuaika\" \/>\n\t<meta name=\"twitter:data1\" content=\"1 minuutti\" \/>\n<script type=\"application\/ld+json\" class=\"yoast-schema-graph\">{\"@context\":\"https:\/\/schema.org\",\"@graph\":[{\"@type\":\"WebPage\",\"@id\":\"https:\/\/shhj.info\/?page_id=4708\",\"url\":\"https:\/\/shhj.info\/?page_id=4708\",\"name\":\"Jalostustarkastus valkoinen ruotsinhirvikoira 2026 - Suomen Harmaahirvikoiraj\u00e4rjest\u00f6 - SHHJ FJGK\",\"isPartOf\":{\"@id\":\"https:\/\/shhj.info\/#website\"},\"datePublished\":\"2026-05-06T16:35:49+00:00\",\"dateModified\":\"2026-05-06T16:42:42+00:00\",\"breadcrumb\":{\"@id\":\"https:\/\/shhj.info\/?page_id=4708#breadcrumb\"},\"inLanguage\":\"fi\",\"potentialAction\":[{\"@type\":\"ReadAction\",\"target\":[\"https:\/\/shhj.info\/?page_id=4708\"]}]},{\"@type\":\"BreadcrumbList\",\"@id\":\"https:\/\/shhj.info\/?page_id=4708#breadcrumb\",\"itemListElement\":[{\"@type\":\"ListItem\",\"position\":1,\"name\":\"Etusivu\",\"item\":\"https:\/\/shhj.info\/\"},{\"@type\":\"ListItem\",\"position\":2,\"name\":\"Jalostustarkastus valkoinen ruotsinhirvikoira 2026\"}]},{\"@type\":\"WebSite\",\"@id\":\"https:\/\/shhj.info\/#website\",\"url\":\"https:\/\/shhj.info\/\",\"name\":\"Suomen Harmaahirvikoiraj\u00e4rjest\u00f6 - SHHJ FJGK\",\"description\":\"parhaiden hirvikoirarotujen rotuj\u00e4rjest\u00f6 Suomessa\",\"publisher\":{\"@id\":\"https:\/\/shhj.info\/#organization\"},\"alternateName\":\"SHHJ FJGK\",\"potentialAction\":[{\"@type\":\"SearchAction\",\"target\":{\"@type\":\"EntryPoint\",\"urlTemplate\":\"https:\/\/shhj.info\/?s={search_term_string}\"},\"query-input\":{\"@type\":\"PropertyValueSpecification\",\"valueRequired\":true,\"valueName\":\"search_term_string\"}}],\"inLanguage\":\"fi\"},{\"@type\":\"Organization\",\"@id\":\"https:\/\/shhj.info\/#organization\",\"name\":\"Suomen Harmaahirvikoiraj\u00e4rjest\u00f6 - SHHJ FJGK\",\"url\":\"https:\/\/shhj.info\/\",\"logo\":{\"@type\":\"ImageObject\",\"inLanguage\":\"fi\",\"@id\":\"https:\/\/shhj.info\/#\/schema\/logo\/image\/\",\"url\":\"http:\/\/shhj.info\/wp\/wp-content\/uploads\/2018\/12\/logo.gif\",\"contentUrl\":\"http:\/\/shhj.info\/wp\/wp-content\/uploads\/2018\/12\/logo.gif\",\"width\":169,\"height\":166,\"caption\":\"Suomen Harmaahirvikoiraj\u00e4rjest\u00f6 - SHHJ FJGK\"},\"image\":{\"@id\":\"https:\/\/shhj.info\/#\/schema\/logo\/image\/\"},\"sameAs\":[\"https:\/\/www.facebook.com\/groups\/115740178447653\/\"]}]}<\/script>\n<!-- \/ Yoast SEO plugin. -->","yoast_head_json":{"title":"Jalostustarkastus valkoinen ruotsinhirvikoira 2026 - Suomen Harmaahirvikoiraj\u00e4rjest\u00f6 - SHHJ FJGK","robots":{"index":"index","follow":"follow","max-snippet":"max-snippet:-1","max-image-preview":"max-image-preview:large","max-video-preview":"max-video-preview:-1"},"canonical":"https:\/\/shhj.info\/?page_id=4708","og_locale":"fi_FI","og_type":"article","og_title":"Jalostustarkastus valkoinen ruotsinhirvikoira 2026 - Suomen Harmaahirvikoiraj\u00e4rjest\u00f6 - SHHJ FJGK","og_description":"Pihlajarinteen Nuoli P\u00e5ssioakka Tervamasan Nalle Ulvaansalon Cosmos","og_url":"https:\/\/shhj.info\/?page_id=4708","og_site_name":"Suomen Harmaahirvikoiraj\u00e4rjest\u00f6 - SHHJ FJGK","article_publisher":"https:\/\/www.facebook.com\/groups\/115740178447653\/","article_modified_time":"2026-05-06T16:42:42+00:00","og_image":[{"width":567,"height":594,"url":"https:\/\/shhj.info\/wp\/wp-content\/uploads\/2015\/04\/etu_pentu.jpg","type":"image\/jpeg"}],"twitter_card":"summary_large_image","twitter_misc":{"Arvioitu lukuaika":"1 minuutti"},"schema":{"@context":"https:\/\/schema.org","@graph":[{"@type":"WebPage","@id":"https:\/\/shhj.info\/?page_id=4708","url":"https:\/\/shhj.info\/?page_id=4708","name":"Jalostustarkastus valkoinen ruotsinhirvikoira 2026 - Suomen Harmaahirvikoiraj\u00e4rjest\u00f6 - SHHJ FJGK","isPartOf":{"@id":"https:\/\/shhj.info\/#website"},"datePublished":"2026-05-06T16:35:49+00:00","dateModified":"2026-05-06T16:42:42+00:00","breadcrumb":{"@id":"https:\/\/shhj.info\/?page_id=4708#breadcrumb"},"inLanguage":"fi","potentialAction":[{"@type":"ReadAction","target":["https:\/\/shhj.info\/?page_id=4708"]}]},{"@type":"BreadcrumbList","@id":"https:\/\/shhj.info\/?page_id=4708#breadcrumb","itemListElement":[{"@type":"ListItem","position":1,"name":"Etusivu","item":"https:\/\/shhj.info\/"},{"@type":"ListItem","position":2,"name":"Jalostustarkastus valkoinen ruotsinhirvikoira 2026"}]},{"@type":"WebSite","@id":"https:\/\/shhj.info\/#website","url":"https:\/\/shhj.info\/","name":"Suomen Harmaahirvikoiraj\u00e4rjest\u00f6 - SHHJ FJGK","description":"parhaiden hirvikoirarotujen rotuj\u00e4rjest\u00f6 Suomessa","publisher":{"@id":"https:\/\/shhj.info\/#organization"},"alternateName":"SHHJ FJGK","potentialAction":[{"@type":"SearchAction","target":{"@type":"EntryPoint","urlTemplate":"https:\/\/shhj.info\/?s={search_term_string}"},"query-input":{"@type":"PropertyValueSpecification","valueRequired":true,"valueName":"search_term_string"}}],"inLanguage":"fi"},{"@type":"Organization","@id":"https:\/\/shhj.info\/#organization","name":"Suomen Harmaahirvikoiraj\u00e4rjest\u00f6 - SHHJ FJGK","url":"https:\/\/shhj.info\/","logo":{"@type":"ImageObject","inLanguage":"fi","@id":"https:\/\/shhj.info\/#\/schema\/logo\/image\/","url":"http:\/\/shhj.info\/wp\/wp-content\/uploads\/2018\/12\/logo.gif","contentUrl":"http:\/\/shhj.info\/wp\/wp-content\/uploads\/2018\/12\/logo.gif","width":169,"height":166,"caption":"Suomen Harmaahirvikoiraj\u00e4rjest\u00f6 - SHHJ FJGK"},"image":{"@id":"https:\/\/shhj.info\/#\/schema\/logo\/image\/"},"sameAs":["https:\/\/www.facebook.com\/groups\/115740178447653\/"]}]}},"_links":{"self":[{"href":"https:\/\/shhj.info\/index.php?rest_route=\/wp\/v2\/pages\/4708","targetHints":{"allow":["GET"]}}],"collection":[{"href":"https:\/\/shhj.info\/index.php?rest_route=\/wp\/v2\/pages"}],"about":[{"href":"https:\/\/shhj.info\/index.php?rest_route=\/wp\/v2\/types\/page"}],"author":[{"embeddable":true,"href":"https:\/\/shhj.info\/index.php?rest_route=\/wp\/v2\/users\/1"}],"replies":[{"embeddable":true,"href":"https:\/\/shhj.info\/index.php?rest_route=%2Fwp%2Fv2%2Fcomments&post=4708"}],"version-history":[{"count":4,"href":"https:\/\/shhj.info\/index.php?rest_route=\/wp\/v2\/pages\/4708\/revisions"}],"predecessor-version":[{"id":4721,"href":"https:\/\/shhj.info\/index.php?rest_route=\/wp\/v2\/pages\/4708\/revisions\/4721"}],"wp:attachment":[{"href":"https:\/\/shhj.info\/index.php?rest_route=%2Fwp%2Fv2%2Fmedia&parent=4708"}],"curies":[{"name":"wp","href":"https:\/\/api.w.org\/{rel}","templated":true}]}}