{"id":4581,"date":"2026-04-06T09:51:55","date_gmt":"2026-04-06T06:51:55","guid":{"rendered":"https:\/\/shhj.info\/?page_id=4581"},"modified":"2026-04-06T09:51:55","modified_gmt":"2026-04-06T06:51:55","slug":"jalostustarkastus-2026","status":"publish","type":"page","link":"https:\/\/shhj.info\/?page_id=4581","title":{"rendered":"Jalostustarkastus 2026"},"content":{"rendered":"<p><strong>Kutsutut koirat<\/strong><\/p>\n<p><a href=\"https:\/\/shhj.info\/wp\/wp-content\/uploads\/2026\/04\/IMG_5227-scaled.png\"><img loading=\"lazy\" decoding=\"async\" class=\"alignnone size-large wp-image-4578\" src=\"https:\/\/shhj.info\/wp\/wp-content\/uploads\/2026\/04\/IMG_5227-724x1024.png\" alt=\"\" width=\"724\" height=\"1024\" srcset=\"https:\/\/shhj.info\/wp\/wp-content\/uploads\/2026\/04\/IMG_5227-724x1024.png 724w, https:\/\/shhj.info\/wp\/wp-content\/uploads\/2026\/04\/IMG_5227-212x300.png 212w, https:\/\/shhj.info\/wp\/wp-content\/uploads\/2026\/04\/IMG_5227-768x1086.png 768w, https:\/\/shhj.info\/wp\/wp-content\/uploads\/2026\/04\/IMG_5227-1086x1536.png 1086w, https:\/\/shhj.info\/wp\/wp-content\/uploads\/2026\/04\/IMG_5227-1448x2048.png 1448w, https:\/\/shhj.info\/wp\/wp-content\/uploads\/2026\/04\/IMG_5227-scaled.png 1810w\" sizes=\"auto, (max-width: 724px) 100vw, 724px\" \/><\/a><br \/>\n<a href=\"https:\/\/shhj.info\/wp\/wp-content\/uploads\/2026\/04\/IMG_5229-scaled.png\"><img loading=\"lazy\" decoding=\"async\" class=\"alignnone size-large wp-image-4579\" src=\"https:\/\/shhj.info\/wp\/wp-content\/uploads\/2026\/04\/IMG_5229-724x1024.png\" alt=\"\" width=\"724\" height=\"1024\" srcset=\"https:\/\/shhj.info\/wp\/wp-content\/uploads\/2026\/04\/IMG_5229-724x1024.png 724w, https:\/\/shhj.info\/wp\/wp-content\/uploads\/2026\/04\/IMG_5229-212x300.png 212w, https:\/\/shhj.info\/wp\/wp-content\/uploads\/2026\/04\/IMG_5229-768x1086.png 768w, https:\/\/shhj.info\/wp\/wp-content\/uploads\/2026\/04\/IMG_5229-1086x1536.png 1086w, https:\/\/shhj.info\/wp\/wp-content\/uploads\/2026\/04\/IMG_5229-1448x2048.png 1448w, https:\/\/shhj.info\/wp\/wp-content\/uploads\/2026\/04\/IMG_5229-scaled.png 1810w\" sizes=\"auto, (max-width: 724px) 100vw, 724px\" \/><\/a><br \/>\n<a href=\"https:\/\/shhj.info\/wp\/wp-content\/uploads\/2026\/04\/IMG_5228-scaled.png\"><img loading=\"lazy\" decoding=\"async\" class=\"alignnone size-large wp-image-4580\" src=\"https:\/\/shhj.info\/wp\/wp-content\/uploads\/2026\/04\/IMG_5228-724x1024.png\" alt=\"\" width=\"724\" height=\"1024\" srcset=\"https:\/\/shhj.info\/wp\/wp-content\/uploads\/2026\/04\/IMG_5228-724x1024.png 724w, https:\/\/shhj.info\/wp\/wp-content\/uploads\/2026\/04\/IMG_5228-212x300.png 212w, https:\/\/shhj.info\/wp\/wp-content\/uploads\/2026\/04\/IMG_5228-768x1086.png 768w, https:\/\/shhj.info\/wp\/wp-content\/uploads\/2026\/04\/IMG_5228-1086x1536.png 1086w, https:\/\/shhj.info\/wp\/wp-content\/uploads\/2026\/04\/IMG_5228-1448x2048.png 1448w, https:\/\/shhj.info\/wp\/wp-content\/uploads\/2026\/04\/IMG_5228-scaled.png 1810w\" sizes=\"auto, (max-width: 724px) 100vw, 724px\" \/><\/a><\/p>\n","protected":false},"excerpt":{"rendered":"<p>Kutsutut koirat<\/p>\n","protected":false},"author":1,"featured_media":0,"parent":0,"menu_order":0,"comment_status":"closed","ping_status":"closed","template":"","meta":{"footnotes":""},"class_list":["post-4581","page","type-page","status-publish","hentry"],"yoast_head":"<!-- This site is optimized with the Yoast SEO plugin v26.6 - https:\/\/yoast.com\/wordpress\/plugins\/seo\/ -->\n<title>Jalostustarkastus 2026 - Suomen Harmaahirvikoiraj\u00e4rjest\u00f6 - SHHJ FJGK<\/title>\n<meta name=\"robots\" content=\"index, follow, max-snippet:-1, max-image-preview:large, max-video-preview:-1\" \/>\n<link rel=\"canonical\" href=\"https:\/\/shhj.info\/?page_id=4581\" \/>\n<meta property=\"og:locale\" content=\"fi_FI\" \/>\n<meta property=\"og:type\" content=\"article\" \/>\n<meta property=\"og:title\" content=\"Jalostustarkastus 2026 - Suomen Harmaahirvikoiraj\u00e4rjest\u00f6 - SHHJ FJGK\" \/>\n<meta property=\"og:description\" content=\"Kutsutut koirat\" \/>\n<meta property=\"og:url\" content=\"https:\/\/shhj.info\/?page_id=4581\" \/>\n<meta property=\"og:site_name\" content=\"Suomen Harmaahirvikoiraj\u00e4rjest\u00f6 - SHHJ FJGK\" \/>\n<meta property=\"article:publisher\" content=\"https:\/\/www.facebook.com\/groups\/115740178447653\/\" \/>\n<meta property=\"og:image\" content=\"https:\/\/shhj.info\/wp\/wp-content\/uploads\/2026\/04\/IMG_5227-scaled.png\" \/>\n\t<meta property=\"og:image:width\" content=\"1810\" \/>\n\t<meta property=\"og:image:height\" content=\"2560\" \/>\n\t<meta property=\"og:image:type\" content=\"image\/png\" \/>\n<meta name=\"twitter:card\" content=\"summary_large_image\" \/>\n<meta name=\"twitter:label1\" content=\"Arvioitu lukuaika\" \/>\n\t<meta name=\"twitter:data1\" content=\"1 minuutti\" \/>\n<script type=\"application\/ld+json\" class=\"yoast-schema-graph\">{\"@context\":\"https:\/\/schema.org\",\"@graph\":[{\"@type\":\"WebPage\",\"@id\":\"https:\/\/shhj.info\/?page_id=4581\",\"url\":\"https:\/\/shhj.info\/?page_id=4581\",\"name\":\"Jalostustarkastus 2026 - Suomen Harmaahirvikoiraj\u00e4rjest\u00f6 - SHHJ FJGK\",\"isPartOf\":{\"@id\":\"https:\/\/shhj.info\/#website\"},\"primaryImageOfPage\":{\"@id\":\"https:\/\/shhj.info\/?page_id=4581#primaryimage\"},\"image\":{\"@id\":\"https:\/\/shhj.info\/?page_id=4581#primaryimage\"},\"thumbnailUrl\":\"https:\/\/shhj.info\/wp\/wp-content\/uploads\/2026\/04\/IMG_5227-724x1024.png\",\"datePublished\":\"2026-04-06T06:51:55+00:00\",\"breadcrumb\":{\"@id\":\"https:\/\/shhj.info\/?page_id=4581#breadcrumb\"},\"inLanguage\":\"fi\",\"potentialAction\":[{\"@type\":\"ReadAction\",\"target\":[\"https:\/\/shhj.info\/?page_id=4581\"]}]},{\"@type\":\"ImageObject\",\"inLanguage\":\"fi\",\"@id\":\"https:\/\/shhj.info\/?page_id=4581#primaryimage\",\"url\":\"https:\/\/shhj.info\/wp\/wp-content\/uploads\/2026\/04\/IMG_5227-scaled.png\",\"contentUrl\":\"https:\/\/shhj.info\/wp\/wp-content\/uploads\/2026\/04\/IMG_5227-scaled.png\",\"width\":1810,\"height\":2560},{\"@type\":\"BreadcrumbList\",\"@id\":\"https:\/\/shhj.info\/?page_id=4581#breadcrumb\",\"itemListElement\":[{\"@type\":\"ListItem\",\"position\":1,\"name\":\"Etusivu\",\"item\":\"https:\/\/shhj.info\/\"},{\"@type\":\"ListItem\",\"position\":2,\"name\":\"Jalostustarkastus 2026\"}]},{\"@type\":\"WebSite\",\"@id\":\"https:\/\/shhj.info\/#website\",\"url\":\"https:\/\/shhj.info\/\",\"name\":\"Suomen Harmaahirvikoiraj\u00e4rjest\u00f6 - SHHJ FJGK\",\"description\":\"parhaiden hirvikoirarotujen rotuj\u00e4rjest\u00f6 Suomessa\",\"publisher\":{\"@id\":\"https:\/\/shhj.info\/#organization\"},\"alternateName\":\"SHHJ FJGK\",\"potentialAction\":[{\"@type\":\"SearchAction\",\"target\":{\"@type\":\"EntryPoint\",\"urlTemplate\":\"https:\/\/shhj.info\/?s={search_term_string}\"},\"query-input\":{\"@type\":\"PropertyValueSpecification\",\"valueRequired\":true,\"valueName\":\"search_term_string\"}}],\"inLanguage\":\"fi\"},{\"@type\":\"Organization\",\"@id\":\"https:\/\/shhj.info\/#organization\",\"name\":\"Suomen Harmaahirvikoiraj\u00e4rjest\u00f6 - SHHJ FJGK\",\"url\":\"https:\/\/shhj.info\/\",\"logo\":{\"@type\":\"ImageObject\",\"inLanguage\":\"fi\",\"@id\":\"https:\/\/shhj.info\/#\/schema\/logo\/image\/\",\"url\":\"http:\/\/shhj.info\/wp\/wp-content\/uploads\/2018\/12\/logo.gif\",\"contentUrl\":\"http:\/\/shhj.info\/wp\/wp-content\/uploads\/2018\/12\/logo.gif\",\"width\":169,\"height\":166,\"caption\":\"Suomen Harmaahirvikoiraj\u00e4rjest\u00f6 - SHHJ FJGK\"},\"image\":{\"@id\":\"https:\/\/shhj.info\/#\/schema\/logo\/image\/\"},\"sameAs\":[\"https:\/\/www.facebook.com\/groups\/115740178447653\/\"]}]}<\/script>\n<!-- \/ Yoast SEO plugin. -->","yoast_head_json":{"title":"Jalostustarkastus 2026 - Suomen Harmaahirvikoiraj\u00e4rjest\u00f6 - SHHJ FJGK","robots":{"index":"index","follow":"follow","max-snippet":"max-snippet:-1","max-image-preview":"max-image-preview:large","max-video-preview":"max-video-preview:-1"},"canonical":"https:\/\/shhj.info\/?page_id=4581","og_locale":"fi_FI","og_type":"article","og_title":"Jalostustarkastus 2026 - Suomen Harmaahirvikoiraj\u00e4rjest\u00f6 - SHHJ FJGK","og_description":"Kutsutut koirat","og_url":"https:\/\/shhj.info\/?page_id=4581","og_site_name":"Suomen Harmaahirvikoiraj\u00e4rjest\u00f6 - SHHJ FJGK","article_publisher":"https:\/\/www.facebook.com\/groups\/115740178447653\/","og_image":[{"width":1810,"height":2560,"url":"https:\/\/shhj.info\/wp\/wp-content\/uploads\/2026\/04\/IMG_5227-scaled.png","type":"image\/png"}],"twitter_card":"summary_large_image","twitter_misc":{"Arvioitu lukuaika":"1 minuutti"},"schema":{"@context":"https:\/\/schema.org","@graph":[{"@type":"WebPage","@id":"https:\/\/shhj.info\/?page_id=4581","url":"https:\/\/shhj.info\/?page_id=4581","name":"Jalostustarkastus 2026 - Suomen Harmaahirvikoiraj\u00e4rjest\u00f6 - SHHJ FJGK","isPartOf":{"@id":"https:\/\/shhj.info\/#website"},"primaryImageOfPage":{"@id":"https:\/\/shhj.info\/?page_id=4581#primaryimage"},"image":{"@id":"https:\/\/shhj.info\/?page_id=4581#primaryimage"},"thumbnailUrl":"https:\/\/shhj.info\/wp\/wp-content\/uploads\/2026\/04\/IMG_5227-724x1024.png","datePublished":"2026-04-06T06:51:55+00:00","breadcrumb":{"@id":"https:\/\/shhj.info\/?page_id=4581#breadcrumb"},"inLanguage":"fi","potentialAction":[{"@type":"ReadAction","target":["https:\/\/shhj.info\/?page_id=4581"]}]},{"@type":"ImageObject","inLanguage":"fi","@id":"https:\/\/shhj.info\/?page_id=4581#primaryimage","url":"https:\/\/shhj.info\/wp\/wp-content\/uploads\/2026\/04\/IMG_5227-scaled.png","contentUrl":"https:\/\/shhj.info\/wp\/wp-content\/uploads\/2026\/04\/IMG_5227-scaled.png","width":1810,"height":2560},{"@type":"BreadcrumbList","@id":"https:\/\/shhj.info\/?page_id=4581#breadcrumb","itemListElement":[{"@type":"ListItem","position":1,"name":"Etusivu","item":"https:\/\/shhj.info\/"},{"@type":"ListItem","position":2,"name":"Jalostustarkastus 2026"}]},{"@type":"WebSite","@id":"https:\/\/shhj.info\/#website","url":"https:\/\/shhj.info\/","name":"Suomen Harmaahirvikoiraj\u00e4rjest\u00f6 - SHHJ FJGK","description":"parhaiden hirvikoirarotujen rotuj\u00e4rjest\u00f6 Suomessa","publisher":{"@id":"https:\/\/shhj.info\/#organization"},"alternateName":"SHHJ FJGK","potentialAction":[{"@type":"SearchAction","target":{"@type":"EntryPoint","urlTemplate":"https:\/\/shhj.info\/?s={search_term_string}"},"query-input":{"@type":"PropertyValueSpecification","valueRequired":true,"valueName":"search_term_string"}}],"inLanguage":"fi"},{"@type":"Organization","@id":"https:\/\/shhj.info\/#organization","name":"Suomen Harmaahirvikoiraj\u00e4rjest\u00f6 - SHHJ FJGK","url":"https:\/\/shhj.info\/","logo":{"@type":"ImageObject","inLanguage":"fi","@id":"https:\/\/shhj.info\/#\/schema\/logo\/image\/","url":"http:\/\/shhj.info\/wp\/wp-content\/uploads\/2018\/12\/logo.gif","contentUrl":"http:\/\/shhj.info\/wp\/wp-content\/uploads\/2018\/12\/logo.gif","width":169,"height":166,"caption":"Suomen Harmaahirvikoiraj\u00e4rjest\u00f6 - SHHJ FJGK"},"image":{"@id":"https:\/\/shhj.info\/#\/schema\/logo\/image\/"},"sameAs":["https:\/\/www.facebook.com\/groups\/115740178447653\/"]}]}},"_links":{"self":[{"href":"https:\/\/shhj.info\/index.php?rest_route=\/wp\/v2\/pages\/4581","targetHints":{"allow":["GET"]}}],"collection":[{"href":"https:\/\/shhj.info\/index.php?rest_route=\/wp\/v2\/pages"}],"about":[{"href":"https:\/\/shhj.info\/index.php?rest_route=\/wp\/v2\/types\/page"}],"author":[{"embeddable":true,"href":"https:\/\/shhj.info\/index.php?rest_route=\/wp\/v2\/users\/1"}],"replies":[{"embeddable":true,"href":"https:\/\/shhj.info\/index.php?rest_route=%2Fwp%2Fv2%2Fcomments&post=4581"}],"version-history":[{"count":1,"href":"https:\/\/shhj.info\/index.php?rest_route=\/wp\/v2\/pages\/4581\/revisions"}],"predecessor-version":[{"id":4582,"href":"https:\/\/shhj.info\/index.php?rest_route=\/wp\/v2\/pages\/4581\/revisions\/4582"}],"wp:attachment":[{"href":"https:\/\/shhj.info\/index.php?rest_route=%2Fwp%2Fv2%2Fmedia&parent=4581"}],"curies":[{"name":"wp","href":"https:\/\/api.w.org\/{rel}","templated":true}]}}