{"id":430,"date":"2015-04-27T16:27:09","date_gmt":"2015-04-27T13:27:09","guid":{"rendered":"http:\/\/www.shhj.info\/wp\/?page_id=430"},"modified":"2025-12-13T08:35:54","modified_gmt":"2025-12-13T06:35:54","slug":"hirv-ja-karh-saannnot","status":"publish","type":"page","link":"https:\/\/shhj.info\/?page_id=430","title":{"rendered":"HIRV-, KARH- ja villisikas\u00e4\u00e4nnn\u00f6t"},"content":{"rendered":"<p><a href=\"https:\/\/shhj.info\/wp\/wp-content\/uploads\/2025\/12\/Jaaviyssaanto-2026_SV.pdf\" target=\"_blank\" rel=\"noopener\">SKL J\u00e4\u00e4viyss\u00e4\u00e4nt\u00f6<\/a><\/p>\n<p><a href=\"http:\/\/shhj.info\/wp\/wp-content\/uploads\/2025\/04\/HIRV-J-1.8.2025-hyvaksytyt-saannot.pdf\" target=\"_blank\" rel=\"noopener\">HIRV-J s\u00e4\u00e4nn\u00f6t<\/a><\/p>\n<p><a href=\"https:\/\/shhj.info\/wp\/wp-content\/uploads\/2025\/10\/HIRV-saannot-ja-ohjeet-1.1.2026-.pdf\" target=\"_blank\" rel=\"noopener\">HIRV-s\u00e4\u00e4nn\u00f6t ja arvosteluohjeet<\/a><\/p>\n<p><a href=\"http:\/\/www.shhj.info\/wp\/wp-content\/uploads\/2015\/04\/HIRV_koirakohtainen.pdf\" target=\"_blank\" rel=\"noopener noreferrer\">HIRV-koirakohtainen p\u00f6yt\u00e4kirja<\/a><\/p>\n<p><a href=\"http:\/\/shhj.info\/wp\/wp-content\/uploads\/2024\/07\/booklet-Hirvi-A5-kortti-uusi-27.9.2023.pdf\" target=\"_blank\" rel=\"noopener\">HIRV-maastokortti<\/a><\/p>\n<p><a href=\"http:\/\/www.shhj.info\/wp\/wp-content\/uploads\/2015\/04\/HIRV_J_poytakirja_taytettava.pdf\" target=\"_blank\" rel=\"noopener noreferrer\">Hirvikoirien j\u00e4ljest\u00e4miskokeen p\u00f6yt\u00e4kirja<\/a><\/p>\n<p><a href=\"https:\/\/shhj.info\/wp\/wp-content\/uploads\/2025\/10\/KARH-saannot-ja-ohjeet-1.1.2026-.pdf\" target=\"_blank\" rel=\"noopener noreferrer\">KARH-s\u00e4\u00e4nn\u00f6t<\/a><\/p>\n<p><a href=\"http:\/\/shhj.info\/wp\/wp-content\/uploads\/2023\/08\/KARH-pk.pdf\" target=\"_blank\" rel=\"noopener\">KARH-koirakohtainen p\u00f6yt\u00e4kirja<\/a><\/p>\n<p><a href=\"http:\/\/www.shhj.info\/wp\/wp-content\/uploads\/2017\/09\/villisikas\u00e4\u00e4nn\u00f6t.pdf\" target=\"_blank\" rel=\"noopener noreferrer\">Arvostelu ja tulkintaohjeet Villisianhaukkutaipumuskokeeseen<\/a><\/p>\n","protected":false},"excerpt":{"rendered":"<p>SKL J\u00e4\u00e4viyss\u00e4\u00e4nt\u00f6 HIRV-J s\u00e4\u00e4nn\u00f6t HIRV-s\u00e4\u00e4nn\u00f6t ja arvosteluohjeet HIRV-koirakohtainen p\u00f6yt\u00e4kirja HIRV-maastokortti Hirvikoirien j\u00e4ljest\u00e4miskokeen p\u00f6yt\u00e4kirja KARH-s\u00e4\u00e4nn\u00f6t KARH-koirakohtainen p\u00f6yt\u00e4kirja Arvostelu ja tulkintaohjeet Villisianhaukkutaipumuskokeeseen<\/p>\n","protected":false},"author":1,"featured_media":0,"parent":0,"menu_order":0,"comment_status":"closed","ping_status":"closed","template":"","meta":{"footnotes":""},"class_list":["post-430","page","type-page","status-publish","hentry"],"yoast_head":"<!-- This site is optimized with the Yoast SEO plugin v26.6 - https:\/\/yoast.com\/wordpress\/plugins\/seo\/ -->\n<title>HIRV-, KARH- ja villisikas\u00e4\u00e4nnn\u00f6t - Suomen Harmaahirvikoiraj\u00e4rjest\u00f6 - SHHJ FJGK<\/title>\n<meta name=\"robots\" content=\"index, follow, max-snippet:-1, max-image-preview:large, max-video-preview:-1\" \/>\n<link rel=\"canonical\" href=\"https:\/\/shhj.info\/?page_id=430\" \/>\n<meta property=\"og:locale\" content=\"fi_FI\" \/>\n<meta property=\"og:type\" content=\"article\" \/>\n<meta property=\"og:title\" content=\"HIRV-, KARH- ja villisikas\u00e4\u00e4nnn\u00f6t - Suomen Harmaahirvikoiraj\u00e4rjest\u00f6 - SHHJ FJGK\" \/>\n<meta property=\"og:description\" content=\"SKL J\u00e4\u00e4viyss\u00e4\u00e4nt\u00f6 HIRV-J s\u00e4\u00e4nn\u00f6t HIRV-s\u00e4\u00e4nn\u00f6t ja arvosteluohjeet HIRV-koirakohtainen p\u00f6yt\u00e4kirja HIRV-maastokortti Hirvikoirien j\u00e4ljest\u00e4miskokeen p\u00f6yt\u00e4kirja KARH-s\u00e4\u00e4nn\u00f6t KARH-koirakohtainen p\u00f6yt\u00e4kirja Arvostelu ja tulkintaohjeet Villisianhaukkutaipumuskokeeseen\" \/>\n<meta property=\"og:url\" content=\"https:\/\/shhj.info\/?page_id=430\" \/>\n<meta property=\"og:site_name\" content=\"Suomen Harmaahirvikoiraj\u00e4rjest\u00f6 - SHHJ FJGK\" \/>\n<meta property=\"article:publisher\" content=\"https:\/\/www.facebook.com\/groups\/115740178447653\/\" \/>\n<meta property=\"article:modified_time\" content=\"2025-12-13T06:35:54+00:00\" \/>\n<meta property=\"og:image\" content=\"https:\/\/shhj.info\/wp\/wp-content\/uploads\/2015\/04\/etu_pentu.jpg\" \/>\n\t<meta property=\"og:image:width\" content=\"567\" \/>\n\t<meta property=\"og:image:height\" content=\"594\" \/>\n\t<meta property=\"og:image:type\" content=\"image\/jpeg\" \/>\n<meta name=\"twitter:card\" content=\"summary_large_image\" \/>\n<meta name=\"twitter:label1\" content=\"Arvioitu lukuaika\" \/>\n\t<meta name=\"twitter:data1\" content=\"1 minuutti\" \/>\n<script type=\"application\/ld+json\" class=\"yoast-schema-graph\">{\"@context\":\"https:\/\/schema.org\",\"@graph\":[{\"@type\":\"WebPage\",\"@id\":\"https:\/\/shhj.info\/?page_id=430\",\"url\":\"https:\/\/shhj.info\/?page_id=430\",\"name\":\"HIRV-, KARH- ja villisikas\u00e4\u00e4nnn\u00f6t - Suomen Harmaahirvikoiraj\u00e4rjest\u00f6 - SHHJ FJGK\",\"isPartOf\":{\"@id\":\"https:\/\/shhj.info\/#website\"},\"datePublished\":\"2015-04-27T13:27:09+00:00\",\"dateModified\":\"2025-12-13T06:35:54+00:00\",\"breadcrumb\":{\"@id\":\"https:\/\/shhj.info\/?page_id=430#breadcrumb\"},\"inLanguage\":\"fi\",\"potentialAction\":[{\"@type\":\"ReadAction\",\"target\":[\"https:\/\/shhj.info\/?page_id=430\"]}]},{\"@type\":\"BreadcrumbList\",\"@id\":\"https:\/\/shhj.info\/?page_id=430#breadcrumb\",\"itemListElement\":[{\"@type\":\"ListItem\",\"position\":1,\"name\":\"Etusivu\",\"item\":\"https:\/\/shhj.info\/\"},{\"@type\":\"ListItem\",\"position\":2,\"name\":\"HIRV-, KARH- ja villisikas\u00e4\u00e4nnn\u00f6t\"}]},{\"@type\":\"WebSite\",\"@id\":\"https:\/\/shhj.info\/#website\",\"url\":\"https:\/\/shhj.info\/\",\"name\":\"Suomen Harmaahirvikoiraj\u00e4rjest\u00f6 - SHHJ FJGK\",\"description\":\"parhaiden hirvikoirarotujen rotuj\u00e4rjest\u00f6 Suomessa\",\"publisher\":{\"@id\":\"https:\/\/shhj.info\/#organization\"},\"alternateName\":\"SHHJ FJGK\",\"potentialAction\":[{\"@type\":\"SearchAction\",\"target\":{\"@type\":\"EntryPoint\",\"urlTemplate\":\"https:\/\/shhj.info\/?s={search_term_string}\"},\"query-input\":{\"@type\":\"PropertyValueSpecification\",\"valueRequired\":true,\"valueName\":\"search_term_string\"}}],\"inLanguage\":\"fi\"},{\"@type\":\"Organization\",\"@id\":\"https:\/\/shhj.info\/#organization\",\"name\":\"Suomen Harmaahirvikoiraj\u00e4rjest\u00f6 - SHHJ FJGK\",\"url\":\"https:\/\/shhj.info\/\",\"logo\":{\"@type\":\"ImageObject\",\"inLanguage\":\"fi\",\"@id\":\"https:\/\/shhj.info\/#\/schema\/logo\/image\/\",\"url\":\"http:\/\/shhj.info\/wp\/wp-content\/uploads\/2018\/12\/logo.gif\",\"contentUrl\":\"http:\/\/shhj.info\/wp\/wp-content\/uploads\/2018\/12\/logo.gif\",\"width\":169,\"height\":166,\"caption\":\"Suomen Harmaahirvikoiraj\u00e4rjest\u00f6 - SHHJ FJGK\"},\"image\":{\"@id\":\"https:\/\/shhj.info\/#\/schema\/logo\/image\/\"},\"sameAs\":[\"https:\/\/www.facebook.com\/groups\/115740178447653\/\"]}]}<\/script>\n<!-- \/ Yoast SEO plugin. -->","yoast_head_json":{"title":"HIRV-, KARH- ja villisikas\u00e4\u00e4nnn\u00f6t - Suomen Harmaahirvikoiraj\u00e4rjest\u00f6 - SHHJ FJGK","robots":{"index":"index","follow":"follow","max-snippet":"max-snippet:-1","max-image-preview":"max-image-preview:large","max-video-preview":"max-video-preview:-1"},"canonical":"https:\/\/shhj.info\/?page_id=430","og_locale":"fi_FI","og_type":"article","og_title":"HIRV-, KARH- ja villisikas\u00e4\u00e4nnn\u00f6t - Suomen Harmaahirvikoiraj\u00e4rjest\u00f6 - SHHJ FJGK","og_description":"SKL J\u00e4\u00e4viyss\u00e4\u00e4nt\u00f6 HIRV-J s\u00e4\u00e4nn\u00f6t HIRV-s\u00e4\u00e4nn\u00f6t ja arvosteluohjeet HIRV-koirakohtainen p\u00f6yt\u00e4kirja HIRV-maastokortti Hirvikoirien j\u00e4ljest\u00e4miskokeen p\u00f6yt\u00e4kirja KARH-s\u00e4\u00e4nn\u00f6t KARH-koirakohtainen p\u00f6yt\u00e4kirja Arvostelu ja tulkintaohjeet Villisianhaukkutaipumuskokeeseen","og_url":"https:\/\/shhj.info\/?page_id=430","og_site_name":"Suomen Harmaahirvikoiraj\u00e4rjest\u00f6 - SHHJ FJGK","article_publisher":"https:\/\/www.facebook.com\/groups\/115740178447653\/","article_modified_time":"2025-12-13T06:35:54+00:00","og_image":[{"width":567,"height":594,"url":"https:\/\/shhj.info\/wp\/wp-content\/uploads\/2015\/04\/etu_pentu.jpg","type":"image\/jpeg"}],"twitter_card":"summary_large_image","twitter_misc":{"Arvioitu lukuaika":"1 minuutti"},"schema":{"@context":"https:\/\/schema.org","@graph":[{"@type":"WebPage","@id":"https:\/\/shhj.info\/?page_id=430","url":"https:\/\/shhj.info\/?page_id=430","name":"HIRV-, KARH- ja villisikas\u00e4\u00e4nnn\u00f6t - Suomen Harmaahirvikoiraj\u00e4rjest\u00f6 - SHHJ FJGK","isPartOf":{"@id":"https:\/\/shhj.info\/#website"},"datePublished":"2015-04-27T13:27:09+00:00","dateModified":"2025-12-13T06:35:54+00:00","breadcrumb":{"@id":"https:\/\/shhj.info\/?page_id=430#breadcrumb"},"inLanguage":"fi","potentialAction":[{"@type":"ReadAction","target":["https:\/\/shhj.info\/?page_id=430"]}]},{"@type":"BreadcrumbList","@id":"https:\/\/shhj.info\/?page_id=430#breadcrumb","itemListElement":[{"@type":"ListItem","position":1,"name":"Etusivu","item":"https:\/\/shhj.info\/"},{"@type":"ListItem","position":2,"name":"HIRV-, KARH- ja villisikas\u00e4\u00e4nnn\u00f6t"}]},{"@type":"WebSite","@id":"https:\/\/shhj.info\/#website","url":"https:\/\/shhj.info\/","name":"Suomen Harmaahirvikoiraj\u00e4rjest\u00f6 - SHHJ FJGK","description":"parhaiden hirvikoirarotujen rotuj\u00e4rjest\u00f6 Suomessa","publisher":{"@id":"https:\/\/shhj.info\/#organization"},"alternateName":"SHHJ FJGK","potentialAction":[{"@type":"SearchAction","target":{"@type":"EntryPoint","urlTemplate":"https:\/\/shhj.info\/?s={search_term_string}"},"query-input":{"@type":"PropertyValueSpecification","valueRequired":true,"valueName":"search_term_string"}}],"inLanguage":"fi"},{"@type":"Organization","@id":"https:\/\/shhj.info\/#organization","name":"Suomen Harmaahirvikoiraj\u00e4rjest\u00f6 - SHHJ FJGK","url":"https:\/\/shhj.info\/","logo":{"@type":"ImageObject","inLanguage":"fi","@id":"https:\/\/shhj.info\/#\/schema\/logo\/image\/","url":"http:\/\/shhj.info\/wp\/wp-content\/uploads\/2018\/12\/logo.gif","contentUrl":"http:\/\/shhj.info\/wp\/wp-content\/uploads\/2018\/12\/logo.gif","width":169,"height":166,"caption":"Suomen Harmaahirvikoiraj\u00e4rjest\u00f6 - SHHJ FJGK"},"image":{"@id":"https:\/\/shhj.info\/#\/schema\/logo\/image\/"},"sameAs":["https:\/\/www.facebook.com\/groups\/115740178447653\/"]}]}},"_links":{"self":[{"href":"https:\/\/shhj.info\/index.php?rest_route=\/wp\/v2\/pages\/430","targetHints":{"allow":["GET"]}}],"collection":[{"href":"https:\/\/shhj.info\/index.php?rest_route=\/wp\/v2\/pages"}],"about":[{"href":"https:\/\/shhj.info\/index.php?rest_route=\/wp\/v2\/types\/page"}],"author":[{"embeddable":true,"href":"https:\/\/shhj.info\/index.php?rest_route=\/wp\/v2\/users\/1"}],"replies":[{"embeddable":true,"href":"https:\/\/shhj.info\/index.php?rest_route=%2Fwp%2Fv2%2Fcomments&post=430"}],"version-history":[{"count":17,"href":"https:\/\/shhj.info\/index.php?rest_route=\/wp\/v2\/pages\/430\/revisions"}],"predecessor-version":[{"id":4530,"href":"https:\/\/shhj.info\/index.php?rest_route=\/wp\/v2\/pages\/430\/revisions\/4530"}],"wp:attachment":[{"href":"https:\/\/shhj.info\/index.php?rest_route=%2Fwp%2Fv2%2Fmedia&parent=430"}],"curies":[{"name":"wp","href":"https:\/\/api.w.org\/{rel}","templated":true}]}}