{"id":379,"date":"2015-04-25T18:39:41","date_gmt":"2015-04-25T15:39:41","guid":{"rendered":"http:\/\/www.shhj.info\/wp\/?page_id=379"},"modified":"2026-04-19T16:27:13","modified_gmt":"2026-04-19T13:27:13","slug":"nuorisotoimikunta","status":"publish","type":"page","link":"https:\/\/shhj.info\/?page_id=379","title":{"rendered":"Nuorisotoimikunta"},"content":{"rendered":"<p><strong>Reeta Korhonen pj.<\/strong><br \/>\nLaajankankaankatu 13 E 34, 87500 Kajaani<br \/>\n044-527 1032, korhonen_reeta@hotmail.com<\/p>\n<p><strong>Reeta Valkama<\/strong><br \/>\nKoivukuja 280, 37400 Haukila<br \/>\n040-534 8849, valkama.reeta@gmail.com<\/p>\n<p><strong>Tiia Ketola<br \/>\n<\/strong>Vainionkuja 23, 27640 Honkilahti KK<br \/>\n045-892 1510, tiia.harmaa@hotmail.com<\/p>\n<p><strong>Juha-Matti Korhonen<br \/>\n<\/strong>Kuokkalantie 40, 78850 Varkaus<br \/>\n045-147 9188, juham.korhonen@gmail.com<\/p>\n<p><strong>Tero Savilahti<\/strong><br \/>\nPuutteentie 10 B 21, 34800 Virrat<br \/>\n044-077 0745, tsavilahti90@gmail.com<\/p>\n<p><strong>Sanna Pasanen<br \/>\n<\/strong>Karimaa 22, 44920 Peninki<br \/>\n040-585 1543, sannaaaltokoski@gmail.com<\/p>\n<p><strong>Sauli Rinne<\/strong><br \/>\nMikonm\u00e4entie 56, 23600 Kalanti<br \/>\n050-306 0808, sauli.rinne@gmail.com<\/p>\n<p><strong>Ville Kuhna<\/strong><br \/>\nKiertotie 33, 61280 Jokipii<br \/>\n050-372 4059, villekuhna@hotmail.com<\/p>\n","protected":false},"excerpt":{"rendered":"<p>Reeta Korhonen pj. Laajankankaankatu 13 E 34, 87500 Kajaani 044-527 1032, korhonen_reeta@hotmail.com Reeta Valkama Koivukuja 280, 37400 Haukila 040-534 8849, valkama.reeta@gmail.com Tiia Ketola Vainionkuja 23, 27640 Honkilahti KK 045-892 1510, tiia.harmaa@hotmail.com Juha-Matti Korhonen Kuokkalantie 40, 78850 Varkaus 045-147 9188, juham.korhonen@gmail.com Tero Savilahti Puutteentie 10 B 21, 34800 Virrat 044-077 0745, tsavilahti90@gmail.com Sanna Pasanen Karimaa 22, [&hellip;]<\/p>\n","protected":false},"author":1,"featured_media":0,"parent":0,"menu_order":0,"comment_status":"closed","ping_status":"closed","template":"page-scs.php","meta":{"footnotes":""},"class_list":["post-379","page","type-page","status-publish","hentry"],"yoast_head":"<!-- This site is optimized with the Yoast SEO plugin v26.6 - https:\/\/yoast.com\/wordpress\/plugins\/seo\/ -->\n<title>Nuorisotoimikunta - Suomen Harmaahirvikoiraj\u00e4rjest\u00f6 - SHHJ FJGK<\/title>\n<meta name=\"robots\" content=\"index, follow, max-snippet:-1, max-image-preview:large, max-video-preview:-1\" \/>\n<link rel=\"canonical\" href=\"https:\/\/shhj.info\/?page_id=379\" \/>\n<meta property=\"og:locale\" content=\"fi_FI\" \/>\n<meta property=\"og:type\" content=\"article\" \/>\n<meta property=\"og:title\" content=\"Nuorisotoimikunta - Suomen Harmaahirvikoiraj\u00e4rjest\u00f6 - SHHJ FJGK\" \/>\n<meta property=\"og:description\" content=\"Reeta Korhonen pj. Laajankankaankatu 13 E 34, 87500 Kajaani 044-527 1032, korhonen_reeta@hotmail.com Reeta Valkama Koivukuja 280, 37400 Haukila 040-534 8849, valkama.reeta@gmail.com Tiia Ketola Vainionkuja 23, 27640 Honkilahti KK 045-892 1510, tiia.harmaa@hotmail.com Juha-Matti Korhonen Kuokkalantie 40, 78850 Varkaus 045-147 9188, juham.korhonen@gmail.com Tero Savilahti Puutteentie 10 B 21, 34800 Virrat 044-077 0745, tsavilahti90@gmail.com Sanna Pasanen Karimaa 22, [&hellip;]\" \/>\n<meta property=\"og:url\" content=\"https:\/\/shhj.info\/?page_id=379\" \/>\n<meta property=\"og:site_name\" content=\"Suomen Harmaahirvikoiraj\u00e4rjest\u00f6 - SHHJ FJGK\" \/>\n<meta property=\"article:publisher\" content=\"https:\/\/www.facebook.com\/groups\/115740178447653\/\" \/>\n<meta property=\"article:modified_time\" content=\"2026-04-19T13:27:13+00:00\" \/>\n<meta property=\"og:image\" content=\"https:\/\/shhj.info\/wp\/wp-content\/uploads\/2015\/04\/etu_pentu.jpg\" \/>\n\t<meta property=\"og:image:width\" content=\"567\" \/>\n\t<meta property=\"og:image:height\" content=\"594\" \/>\n\t<meta property=\"og:image:type\" content=\"image\/jpeg\" \/>\n<meta name=\"twitter:card\" content=\"summary_large_image\" \/>\n<meta name=\"twitter:label1\" content=\"Arvioitu lukuaika\" \/>\n\t<meta name=\"twitter:data1\" content=\"1 minuutti\" \/>\n<script type=\"application\/ld+json\" class=\"yoast-schema-graph\">{\"@context\":\"https:\/\/schema.org\",\"@graph\":[{\"@type\":\"WebPage\",\"@id\":\"https:\/\/shhj.info\/?page_id=379\",\"url\":\"https:\/\/shhj.info\/?page_id=379\",\"name\":\"Nuorisotoimikunta - Suomen Harmaahirvikoiraj\u00e4rjest\u00f6 - SHHJ FJGK\",\"isPartOf\":{\"@id\":\"https:\/\/shhj.info\/#website\"},\"datePublished\":\"2015-04-25T15:39:41+00:00\",\"dateModified\":\"2026-04-19T13:27:13+00:00\",\"breadcrumb\":{\"@id\":\"https:\/\/shhj.info\/?page_id=379#breadcrumb\"},\"inLanguage\":\"fi\",\"potentialAction\":[{\"@type\":\"ReadAction\",\"target\":[\"https:\/\/shhj.info\/?page_id=379\"]}]},{\"@type\":\"BreadcrumbList\",\"@id\":\"https:\/\/shhj.info\/?page_id=379#breadcrumb\",\"itemListElement\":[{\"@type\":\"ListItem\",\"position\":1,\"name\":\"Etusivu\",\"item\":\"https:\/\/shhj.info\/\"},{\"@type\":\"ListItem\",\"position\":2,\"name\":\"Nuorisotoimikunta\"}]},{\"@type\":\"WebSite\",\"@id\":\"https:\/\/shhj.info\/#website\",\"url\":\"https:\/\/shhj.info\/\",\"name\":\"Suomen Harmaahirvikoiraj\u00e4rjest\u00f6 - SHHJ FJGK\",\"description\":\"parhaiden hirvikoirarotujen rotuj\u00e4rjest\u00f6 Suomessa\",\"publisher\":{\"@id\":\"https:\/\/shhj.info\/#organization\"},\"alternateName\":\"SHHJ FJGK\",\"potentialAction\":[{\"@type\":\"SearchAction\",\"target\":{\"@type\":\"EntryPoint\",\"urlTemplate\":\"https:\/\/shhj.info\/?s={search_term_string}\"},\"query-input\":{\"@type\":\"PropertyValueSpecification\",\"valueRequired\":true,\"valueName\":\"search_term_string\"}}],\"inLanguage\":\"fi\"},{\"@type\":\"Organization\",\"@id\":\"https:\/\/shhj.info\/#organization\",\"name\":\"Suomen Harmaahirvikoiraj\u00e4rjest\u00f6 - SHHJ FJGK\",\"url\":\"https:\/\/shhj.info\/\",\"logo\":{\"@type\":\"ImageObject\",\"inLanguage\":\"fi\",\"@id\":\"https:\/\/shhj.info\/#\/schema\/logo\/image\/\",\"url\":\"http:\/\/shhj.info\/wp\/wp-content\/uploads\/2018\/12\/logo.gif\",\"contentUrl\":\"http:\/\/shhj.info\/wp\/wp-content\/uploads\/2018\/12\/logo.gif\",\"width\":169,\"height\":166,\"caption\":\"Suomen Harmaahirvikoiraj\u00e4rjest\u00f6 - SHHJ FJGK\"},\"image\":{\"@id\":\"https:\/\/shhj.info\/#\/schema\/logo\/image\/\"},\"sameAs\":[\"https:\/\/www.facebook.com\/groups\/115740178447653\/\"]}]}<\/script>\n<!-- \/ Yoast SEO plugin. -->","yoast_head_json":{"title":"Nuorisotoimikunta - Suomen Harmaahirvikoiraj\u00e4rjest\u00f6 - SHHJ FJGK","robots":{"index":"index","follow":"follow","max-snippet":"max-snippet:-1","max-image-preview":"max-image-preview:large","max-video-preview":"max-video-preview:-1"},"canonical":"https:\/\/shhj.info\/?page_id=379","og_locale":"fi_FI","og_type":"article","og_title":"Nuorisotoimikunta - Suomen Harmaahirvikoiraj\u00e4rjest\u00f6 - SHHJ FJGK","og_description":"Reeta Korhonen pj. Laajankankaankatu 13 E 34, 87500 Kajaani 044-527 1032, korhonen_reeta@hotmail.com Reeta Valkama Koivukuja 280, 37400 Haukila 040-534 8849, valkama.reeta@gmail.com Tiia Ketola Vainionkuja 23, 27640 Honkilahti KK 045-892 1510, tiia.harmaa@hotmail.com Juha-Matti Korhonen Kuokkalantie 40, 78850 Varkaus 045-147 9188, juham.korhonen@gmail.com Tero Savilahti Puutteentie 10 B 21, 34800 Virrat 044-077 0745, tsavilahti90@gmail.com Sanna Pasanen Karimaa 22, [&hellip;]","og_url":"https:\/\/shhj.info\/?page_id=379","og_site_name":"Suomen Harmaahirvikoiraj\u00e4rjest\u00f6 - SHHJ FJGK","article_publisher":"https:\/\/www.facebook.com\/groups\/115740178447653\/","article_modified_time":"2026-04-19T13:27:13+00:00","og_image":[{"width":567,"height":594,"url":"https:\/\/shhj.info\/wp\/wp-content\/uploads\/2015\/04\/etu_pentu.jpg","type":"image\/jpeg"}],"twitter_card":"summary_large_image","twitter_misc":{"Arvioitu lukuaika":"1 minuutti"},"schema":{"@context":"https:\/\/schema.org","@graph":[{"@type":"WebPage","@id":"https:\/\/shhj.info\/?page_id=379","url":"https:\/\/shhj.info\/?page_id=379","name":"Nuorisotoimikunta - Suomen Harmaahirvikoiraj\u00e4rjest\u00f6 - SHHJ FJGK","isPartOf":{"@id":"https:\/\/shhj.info\/#website"},"datePublished":"2015-04-25T15:39:41+00:00","dateModified":"2026-04-19T13:27:13+00:00","breadcrumb":{"@id":"https:\/\/shhj.info\/?page_id=379#breadcrumb"},"inLanguage":"fi","potentialAction":[{"@type":"ReadAction","target":["https:\/\/shhj.info\/?page_id=379"]}]},{"@type":"BreadcrumbList","@id":"https:\/\/shhj.info\/?page_id=379#breadcrumb","itemListElement":[{"@type":"ListItem","position":1,"name":"Etusivu","item":"https:\/\/shhj.info\/"},{"@type":"ListItem","position":2,"name":"Nuorisotoimikunta"}]},{"@type":"WebSite","@id":"https:\/\/shhj.info\/#website","url":"https:\/\/shhj.info\/","name":"Suomen Harmaahirvikoiraj\u00e4rjest\u00f6 - SHHJ FJGK","description":"parhaiden hirvikoirarotujen rotuj\u00e4rjest\u00f6 Suomessa","publisher":{"@id":"https:\/\/shhj.info\/#organization"},"alternateName":"SHHJ FJGK","potentialAction":[{"@type":"SearchAction","target":{"@type":"EntryPoint","urlTemplate":"https:\/\/shhj.info\/?s={search_term_string}"},"query-input":{"@type":"PropertyValueSpecification","valueRequired":true,"valueName":"search_term_string"}}],"inLanguage":"fi"},{"@type":"Organization","@id":"https:\/\/shhj.info\/#organization","name":"Suomen Harmaahirvikoiraj\u00e4rjest\u00f6 - SHHJ FJGK","url":"https:\/\/shhj.info\/","logo":{"@type":"ImageObject","inLanguage":"fi","@id":"https:\/\/shhj.info\/#\/schema\/logo\/image\/","url":"http:\/\/shhj.info\/wp\/wp-content\/uploads\/2018\/12\/logo.gif","contentUrl":"http:\/\/shhj.info\/wp\/wp-content\/uploads\/2018\/12\/logo.gif","width":169,"height":166,"caption":"Suomen Harmaahirvikoiraj\u00e4rjest\u00f6 - SHHJ FJGK"},"image":{"@id":"https:\/\/shhj.info\/#\/schema\/logo\/image\/"},"sameAs":["https:\/\/www.facebook.com\/groups\/115740178447653\/"]}]}},"_links":{"self":[{"href":"https:\/\/shhj.info\/index.php?rest_route=\/wp\/v2\/pages\/379","targetHints":{"allow":["GET"]}}],"collection":[{"href":"https:\/\/shhj.info\/index.php?rest_route=\/wp\/v2\/pages"}],"about":[{"href":"https:\/\/shhj.info\/index.php?rest_route=\/wp\/v2\/types\/page"}],"author":[{"embeddable":true,"href":"https:\/\/shhj.info\/index.php?rest_route=\/wp\/v2\/users\/1"}],"replies":[{"embeddable":true,"href":"https:\/\/shhj.info\/index.php?rest_route=%2Fwp%2Fv2%2Fcomments&post=379"}],"version-history":[{"count":21,"href":"https:\/\/shhj.info\/index.php?rest_route=\/wp\/v2\/pages\/379\/revisions"}],"predecessor-version":[{"id":4587,"href":"https:\/\/shhj.info\/index.php?rest_route=\/wp\/v2\/pages\/379\/revisions\/4587"}],"wp:attachment":[{"href":"https:\/\/shhj.info\/index.php?rest_route=%2Fwp%2Fv2%2Fmedia&parent=379"}],"curies":[{"name":"wp","href":"https:\/\/api.w.org\/{rel}","templated":true}]}}