{"id":3546,"date":"2022-07-24T18:05:03","date_gmt":"2022-07-24T15:05:03","guid":{"rendered":"http:\/\/shhj.info\/?page_id=3546"},"modified":"2022-07-24T18:20:11","modified_gmt":"2022-07-24T15:20:11","slug":"jalostustarkastus-valkoinen-ruotsinhirvikoira-ja-hallefors-2022","status":"publish","type":"page","link":"https:\/\/shhj.info\/?page_id=3546","title":{"rendered":"Jalostustarkastus valkoinen ruotsinhirvikoira ja h\u00e4llefors 2022"},"content":{"rendered":"<p><a href=\"http:\/\/shhj.info\/wp\/wp-content\/uploads\/2022\/07\/Luonnetesti-2022-hallefors-luonnetestitulokset.pdf\" target=\"_blank\" rel=\"noopener noreferrer\">Luonnetestin tulokset<\/a><\/p>\n<p><a href=\"http:\/\/shhj.info\/wp\/wp-content\/uploads\/2021\/06\/Selitteet_luonnetesti.pdf\" target=\"_blank\" rel=\"noopener noreferrer\">Selitteet luonnetestin arvosteluille<\/a><\/p>\n\n<table id=\"tablepress-55\" class=\"tablepress tablepress-id-55\">\n<tbody class=\"row-striping row-hover\">\n<tr class=\"row-1\">\n\t<td class=\"column-1\"><a href=\"https:\/\/koiratietokanta.fi\/shhj\/koirantiedot.php?lang=fi&amp;Reknro=ER33388\/18\" rel=\"noopener noreferrer\" target=\"_blank\">Alpweiden Hannibal<\/a><\/td><td class=\"column-2\"><a href=\"https:\/\/koiratietokanta.fi\/shhj\/koirantiedot.php?lang=fi&amp;Reknro=ER27452\/20\" rel=\"noopener noreferrer\" target=\"_blank\">Nalli<\/a><\/td><td class=\"column-3\"><a href=\"https:\/\/koiratietokanta.fi\/shhj\/koirantiedot.php?lang=fi&amp;Reknro=ER33911\/21\" rel=\"noopener noreferrer\" target=\"_blank\">\u00c4ts\u00e4joen Nelson<\/a><\/td><td class=\"column-4\"><a href=\"https:\/\/koiratietokanta.fi\/shhj\/koirantiedot.php?lang=fi&amp;Reknro=ER10269\/19\" rel=\"noopener noreferrer\" target=\"_blank\">Tunturij\u00e4rven Lintintin<\/a><\/td>\n<\/tr>\n<\/tbody>\n<\/table>\n<!-- #tablepress-55 from cache -->\n<p><em>Kuvat: Erja Pekkala<\/em><br \/>\n<div id=\"envira-gallery-wrap-3559\" class=\"envira-gallery-wrap envira-gallery-theme-base envira-lightbox-theme-base\" itemscope itemtype=\"https:\/\/schema.org\/ImageGallery\"><div data-row-height=\"150\" data-gallery-theme=\"normal\" id=\"envira-gallery-3559\" class=\"envira-gallery-public envira-gallery-justified-public envira-gallery-0-columns envira-clear enviratope envira-gallery-css-animations\" data-envira-columns=\"0\"><div id=\"envira-gallery-item-3560\" class=\"envira-gallery-item enviratope-item envira-gallery-item-1 envira-lazy-load\" style=\"padding-left: 5px; padding-bottom: 10px; padding-right: 5px;\"  itemscope itemtype=\"https:\/\/schema.org\/ImageObject\"><div class=\"envira-gallery-item-inner\"><div class=\"envira-gallery-position-overlay  envira-gallery-top-left\"><\/div><div class=\"envira-gallery-position-overlay  envira-gallery-top-right\"><\/div><div class=\"envira-gallery-position-overlay  envira-gallery-bottom-left\"><\/div><div class=\"envira-gallery-position-overlay  envira-gallery-bottom-right\"><\/div><a href=\"http:\/\/shhj.info\/wp\/wp-content\/uploads\/2022\/07\/alpweiden-hannibal-0341.jpg\" class=\"envira-gallery-3559 envira-gallery-link\" rel=\"enviragallery3559\" title=\"Alpweiden Hannibal 2\" data-envira-caption=\"Alpweiden Hannibal 2\" data-envira-retina=\"\" data-thumbnail=\"\"  itemprop=\"contentUrl\"><img decoding=\"async\" id=\"envira-gallery-image-3560\" class=\"envira-gallery-image envira-gallery-image-1 envira-normal envira-lazy\" data-envira-index=\"1\" src=\"https:\/\/shhj.info\/wp\/wp-content\/uploads\/2022\/07\/alpweiden-hannibal-0341-683x1024-640x480.jpg\" data-envira-src=\"https:\/\/shhj.info\/wp\/wp-content\/uploads\/2022\/07\/alpweiden-hannibal-0341-683x1024-640x480.jpg\" data-envira-gallery-id=\"3559\" data-envira-item-id=\"3560\" data-envira-caption=\"Alpweiden Hannibal 2\" alt=\"\" title=\"Alpweiden Hannibal 2\"  itemprop=\"thumbnailUrl\" data-envira-srcset=\"https:\/\/shhj.info\/wp\/wp-content\/uploads\/2022\/07\/alpweiden-hannibal-0341-683x1024-640x480.jpg 400w,https:\/\/shhj.info\/wp\/wp-content\/uploads\/2022\/07\/alpweiden-hannibal-0341-683x1024-640x480.jpg 2x\" data-envira-width=\"200\" data-envira-height=\"300\" srcset=\"data:image\/gif;base64,R0lGODlhAQABAIAAAP\/\/\/\/\/\/\/yH5BAEKAAEALAAAAAABAAEAAAICTAEAOw==\" data-safe-src=\"data:image\/gif;base64,R0lGODlhAQABAIAAAP\/\/\/\/\/\/\/yH5BAEKAAEALAAAAAABAAEAAAICTAEAOw==\" \/><\/a><\/div><\/div><div id=\"envira-gallery-item-3561\" class=\"envira-gallery-item enviratope-item envira-gallery-item-2 envira-lazy-load\" style=\"padding-left: 5px; padding-bottom: 10px; padding-right: 5px;\"  itemscope itemtype=\"https:\/\/schema.org\/ImageObject\"><div class=\"envira-gallery-item-inner\"><div class=\"envira-gallery-position-overlay  envira-gallery-top-left\"><\/div><div class=\"envira-gallery-position-overlay  envira-gallery-top-right\"><\/div><div class=\"envira-gallery-position-overlay  envira-gallery-bottom-left\"><\/div><div class=\"envira-gallery-position-overlay  envira-gallery-bottom-right\"><\/div><a href=\"http:\/\/shhj.info\/wp\/wp-content\/uploads\/2022\/07\/alpweiden-hannibal-0372.jpg\" class=\"envira-gallery-3559 envira-gallery-link\" rel=\"enviragallery3559\" title=\"Alpweiden Hannibal\" data-envira-caption=\"Alpweiden Hannibal\" data-envira-retina=\"\" data-thumbnail=\"\"  itemprop=\"contentUrl\"><img decoding=\"async\" id=\"envira-gallery-image-3561\" class=\"envira-gallery-image envira-gallery-image-2 envira-normal envira-lazy\" data-envira-index=\"2\" src=\"https:\/\/shhj.info\/wp\/wp-content\/uploads\/2022\/07\/alpweiden-hannibal-0372-1024x683-640x480.jpg\" data-envira-src=\"https:\/\/shhj.info\/wp\/wp-content\/uploads\/2022\/07\/alpweiden-hannibal-0372-1024x683-640x480.jpg\" data-envira-gallery-id=\"3559\" data-envira-item-id=\"3561\" data-envira-caption=\"Alpweiden Hannibal\" alt=\"\" title=\"Alpweiden Hannibal\"  itemprop=\"thumbnailUrl\" data-envira-srcset=\"https:\/\/shhj.info\/wp\/wp-content\/uploads\/2022\/07\/alpweiden-hannibal-0372-1024x683-640x480.jpg 400w,https:\/\/shhj.info\/wp\/wp-content\/uploads\/2022\/07\/alpweiden-hannibal-0372-1024x683-640x480.jpg 2x\" data-envira-width=\"300\" data-envira-height=\"200\" srcset=\"data:image\/gif;base64,R0lGODlhAQABAIAAAP\/\/\/\/\/\/\/yH5BAEKAAEALAAAAAABAAEAAAICTAEAOw==\" data-safe-src=\"data:image\/gif;base64,R0lGODlhAQABAIAAAP\/\/\/\/\/\/\/yH5BAEKAAEALAAAAAABAAEAAAICTAEAOw==\" \/><\/a><\/div><\/div><div id=\"envira-gallery-item-3562\" class=\"envira-gallery-item enviratope-item envira-gallery-item-3 envira-lazy-load\" style=\"padding-left: 5px; padding-bottom: 10px; padding-right: 5px;\"  itemscope itemtype=\"https:\/\/schema.org\/ImageObject\"><div class=\"envira-gallery-item-inner\"><div class=\"envira-gallery-position-overlay  envira-gallery-top-left\"><\/div><div class=\"envira-gallery-position-overlay  envira-gallery-top-right\"><\/div><div class=\"envira-gallery-position-overlay  envira-gallery-bottom-left\"><\/div><div class=\"envira-gallery-position-overlay  envira-gallery-bottom-right\"><\/div><a href=\"http:\/\/shhj.info\/wp\/wp-content\/uploads\/2022\/07\/nalli-0417.jpg\" class=\"envira-gallery-3559 envira-gallery-link\" rel=\"enviragallery3559\" title=\"Nalli 2\" data-envira-caption=\"Nalli 2\" data-envira-retina=\"\" data-thumbnail=\"\"  itemprop=\"contentUrl\"><img decoding=\"async\" id=\"envira-gallery-image-3562\" class=\"envira-gallery-image envira-gallery-image-3 envira-normal envira-lazy\" data-envira-index=\"3\" src=\"https:\/\/shhj.info\/wp\/wp-content\/uploads\/2022\/07\/nalli-0417-683x1024-640x480.jpg\" data-envira-src=\"https:\/\/shhj.info\/wp\/wp-content\/uploads\/2022\/07\/nalli-0417-683x1024-640x480.jpg\" data-envira-gallery-id=\"3559\" data-envira-item-id=\"3562\" data-envira-caption=\"Nalli 2\" alt=\"\" title=\"Nalli 2\"  itemprop=\"thumbnailUrl\" data-envira-srcset=\"https:\/\/shhj.info\/wp\/wp-content\/uploads\/2022\/07\/nalli-0417-683x1024-640x480.jpg 400w,https:\/\/shhj.info\/wp\/wp-content\/uploads\/2022\/07\/nalli-0417-683x1024-640x480.jpg 2x\" data-envira-width=\"200\" data-envira-height=\"300\" srcset=\"data:image\/gif;base64,R0lGODlhAQABAIAAAP\/\/\/\/\/\/\/yH5BAEKAAEALAAAAAABAAEAAAICTAEAOw==\" data-safe-src=\"data:image\/gif;base64,R0lGODlhAQABAIAAAP\/\/\/\/\/\/\/yH5BAEKAAEALAAAAAABAAEAAAICTAEAOw==\" \/><\/a><\/div><\/div><div id=\"envira-gallery-item-3563\" class=\"envira-gallery-item enviratope-item envira-gallery-item-4 envira-lazy-load\" style=\"padding-left: 5px; padding-bottom: 10px; padding-right: 5px;\"  itemscope itemtype=\"https:\/\/schema.org\/ImageObject\"><div class=\"envira-gallery-item-inner\"><div class=\"envira-gallery-position-overlay  envira-gallery-top-left\"><\/div><div class=\"envira-gallery-position-overlay  envira-gallery-top-right\"><\/div><div class=\"envira-gallery-position-overlay  envira-gallery-bottom-left\"><\/div><div class=\"envira-gallery-position-overlay  envira-gallery-bottom-right\"><\/div><a href=\"http:\/\/shhj.info\/wp\/wp-content\/uploads\/2022\/07\/nalli-0425.jpg\" class=\"envira-gallery-3559 envira-gallery-link\" rel=\"enviragallery3559\" title=\"Nalli\" data-envira-caption=\"Nalli\" data-envira-retina=\"\" data-thumbnail=\"\"  itemprop=\"contentUrl\"><img decoding=\"async\" id=\"envira-gallery-image-3563\" class=\"envira-gallery-image envira-gallery-image-4 envira-normal envira-lazy\" data-envira-index=\"4\" src=\"https:\/\/shhj.info\/wp\/wp-content\/uploads\/2022\/07\/nalli-0425-1024x683-640x480.jpg\" data-envira-src=\"https:\/\/shhj.info\/wp\/wp-content\/uploads\/2022\/07\/nalli-0425-1024x683-640x480.jpg\" data-envira-gallery-id=\"3559\" data-envira-item-id=\"3563\" data-envira-caption=\"Nalli\" alt=\"\" title=\"Nalli\"  itemprop=\"thumbnailUrl\" data-envira-srcset=\"https:\/\/shhj.info\/wp\/wp-content\/uploads\/2022\/07\/nalli-0425-1024x683-640x480.jpg 400w,https:\/\/shhj.info\/wp\/wp-content\/uploads\/2022\/07\/nalli-0425-1024x683-640x480.jpg 2x\" data-envira-width=\"300\" data-envira-height=\"200\" srcset=\"data:image\/gif;base64,R0lGODlhAQABAIAAAP\/\/\/\/\/\/\/yH5BAEKAAEALAAAAAABAAEAAAICTAEAOw==\" data-safe-src=\"data:image\/gif;base64,R0lGODlhAQABAIAAAP\/\/\/\/\/\/\/yH5BAEKAAEALAAAAAABAAEAAAICTAEAOw==\" \/><\/a><\/div><\/div><div id=\"envira-gallery-item-3564\" class=\"envira-gallery-item enviratope-item envira-gallery-item-5 envira-lazy-load\" style=\"padding-left: 5px; padding-bottom: 10px; padding-right: 5px;\"  itemscope itemtype=\"https:\/\/schema.org\/ImageObject\"><div class=\"envira-gallery-item-inner\"><div class=\"envira-gallery-position-overlay  envira-gallery-top-left\"><\/div><div class=\"envira-gallery-position-overlay  envira-gallery-top-right\"><\/div><div class=\"envira-gallery-position-overlay  envira-gallery-bottom-left\"><\/div><div class=\"envira-gallery-position-overlay  envira-gallery-bottom-right\"><\/div><a href=\"http:\/\/shhj.info\/wp\/wp-content\/uploads\/2022\/07\/tunturijarven-lintintin-0382.jpg\" class=\"envira-gallery-3559 envira-gallery-link\" rel=\"enviragallery3559\" title=\"Tunturij&auml;rven Lintintin 2\" data-envira-caption=\"Tunturij&auml;rven Lintintin 2\" data-envira-retina=\"\" data-thumbnail=\"\"  itemprop=\"contentUrl\"><img decoding=\"async\" id=\"envira-gallery-image-3564\" class=\"envira-gallery-image envira-gallery-image-5 envira-normal envira-lazy\" data-envira-index=\"5\" src=\"https:\/\/shhj.info\/wp\/wp-content\/uploads\/2022\/07\/tunturijarven-lintintin-0382-682x1024-640x480.jpg\" data-envira-src=\"https:\/\/shhj.info\/wp\/wp-content\/uploads\/2022\/07\/tunturijarven-lintintin-0382-682x1024-640x480.jpg\" data-envira-gallery-id=\"3559\" data-envira-item-id=\"3564\" data-envira-caption=\"Tunturij&auml;rven Lintintin 2\" alt=\"\" title=\"Tunturij\u00e4rven Lintintin 2\"  itemprop=\"thumbnailUrl\" data-envira-srcset=\"https:\/\/shhj.info\/wp\/wp-content\/uploads\/2022\/07\/tunturijarven-lintintin-0382-682x1024-640x480.jpg 400w,https:\/\/shhj.info\/wp\/wp-content\/uploads\/2022\/07\/tunturijarven-lintintin-0382-682x1024-640x480.jpg 2x\" data-envira-width=\"200\" data-envira-height=\"300\" srcset=\"data:image\/gif;base64,R0lGODlhAQABAIAAAP\/\/\/\/\/\/\/yH5BAEKAAEALAAAAAABAAEAAAICTAEAOw==\" data-safe-src=\"data:image\/gif;base64,R0lGODlhAQABAIAAAP\/\/\/\/\/\/\/yH5BAEKAAEALAAAAAABAAEAAAICTAEAOw==\" \/><\/a><\/div><\/div><div id=\"envira-gallery-item-3565\" class=\"envira-gallery-item enviratope-item envira-gallery-item-6 envira-lazy-load\" style=\"padding-left: 5px; padding-bottom: 10px; padding-right: 5px;\"  itemscope itemtype=\"https:\/\/schema.org\/ImageObject\"><div class=\"envira-gallery-item-inner\"><div class=\"envira-gallery-position-overlay  envira-gallery-top-left\"><\/div><div class=\"envira-gallery-position-overlay  envira-gallery-top-right\"><\/div><div class=\"envira-gallery-position-overlay  envira-gallery-bottom-left\"><\/div><div class=\"envira-gallery-position-overlay  envira-gallery-bottom-right\"><\/div><a href=\"http:\/\/shhj.info\/wp\/wp-content\/uploads\/2022\/07\/tunturijarven-lintintin-0384.jpg\" class=\"envira-gallery-3559 envira-gallery-link\" rel=\"enviragallery3559\" title=\"Tunturij&auml;rven Lintintin\" data-envira-caption=\"Tunturij&auml;rven Lintintin\" data-envira-retina=\"\" data-thumbnail=\"\"  itemprop=\"contentUrl\"><img decoding=\"async\" id=\"envira-gallery-image-3565\" class=\"envira-gallery-image envira-gallery-image-6 envira-normal envira-lazy\" data-envira-index=\"6\" src=\"https:\/\/shhj.info\/wp\/wp-content\/uploads\/2022\/07\/tunturijarven-lintintin-0384-1024x683-640x480.jpg\" data-envira-src=\"https:\/\/shhj.info\/wp\/wp-content\/uploads\/2022\/07\/tunturijarven-lintintin-0384-1024x683-640x480.jpg\" data-envira-gallery-id=\"3559\" data-envira-item-id=\"3565\" data-envira-caption=\"Tunturij&auml;rven Lintintin\" alt=\"\" title=\"Tunturij\u00e4rven Lintintin\"  itemprop=\"thumbnailUrl\" data-envira-srcset=\"https:\/\/shhj.info\/wp\/wp-content\/uploads\/2022\/07\/tunturijarven-lintintin-0384-1024x683-640x480.jpg 400w,https:\/\/shhj.info\/wp\/wp-content\/uploads\/2022\/07\/tunturijarven-lintintin-0384-1024x683-640x480.jpg 2x\" data-envira-width=\"300\" data-envira-height=\"200\" srcset=\"data:image\/gif;base64,R0lGODlhAQABAIAAAP\/\/\/\/\/\/\/yH5BAEKAAEALAAAAAABAAEAAAICTAEAOw==\" data-safe-src=\"data:image\/gif;base64,R0lGODlhAQABAIAAAP\/\/\/\/\/\/\/yH5BAEKAAEALAAAAAABAAEAAAICTAEAOw==\" \/><\/a><\/div><\/div><div id=\"envira-gallery-item-3567\" class=\"envira-gallery-item enviratope-item envira-gallery-item-7 envira-lazy-load\" style=\"padding-left: 5px; padding-bottom: 10px; padding-right: 5px;\"  itemscope itemtype=\"https:\/\/schema.org\/ImageObject\"><div class=\"envira-gallery-item-inner\"><div class=\"envira-gallery-position-overlay  envira-gallery-top-left\"><\/div><div class=\"envira-gallery-position-overlay  envira-gallery-top-right\"><\/div><div class=\"envira-gallery-position-overlay  envira-gallery-bottom-left\"><\/div><div class=\"envira-gallery-position-overlay  envira-gallery-bottom-right\"><\/div><a href=\"http:\/\/shhj.info\/wp\/wp-content\/uploads\/2022\/07\/Atsajoen-nelson-0311.jpg\" class=\"envira-gallery-3559 envira-gallery-link\" rel=\"enviragallery3559\" title=\"&Auml;ts&auml;joen Nelson 2\" data-envira-caption=\"&Auml;ts&auml;joen Nelson 2\" data-envira-retina=\"\" data-thumbnail=\"\"  itemprop=\"contentUrl\"><img decoding=\"async\" id=\"envira-gallery-image-3567\" class=\"envira-gallery-image envira-gallery-image-7 envira-normal envira-lazy\" data-envira-index=\"7\" src=\"https:\/\/shhj.info\/wp\/wp-content\/uploads\/2022\/07\/Atsajoen-nelson-0311-683x1024-640x480.jpg\" data-envira-src=\"https:\/\/shhj.info\/wp\/wp-content\/uploads\/2022\/07\/Atsajoen-nelson-0311-683x1024-640x480.jpg\" data-envira-gallery-id=\"3559\" data-envira-item-id=\"3567\" data-envira-caption=\"&Auml;ts&auml;joen Nelson 2\" alt=\"\" title=\"\u00c4ts\u00e4joen Nelson 2\"  itemprop=\"thumbnailUrl\" data-envira-srcset=\"https:\/\/shhj.info\/wp\/wp-content\/uploads\/2022\/07\/Atsajoen-nelson-0311-683x1024-640x480.jpg 400w,https:\/\/shhj.info\/wp\/wp-content\/uploads\/2022\/07\/Atsajoen-nelson-0311-683x1024-640x480.jpg 2x\" data-envira-width=\"200\" data-envira-height=\"300\" srcset=\"data:image\/gif;base64,R0lGODlhAQABAIAAAP\/\/\/\/\/\/\/yH5BAEKAAEALAAAAAABAAEAAAICTAEAOw==\" data-safe-src=\"data:image\/gif;base64,R0lGODlhAQABAIAAAP\/\/\/\/\/\/\/yH5BAEKAAEALAAAAAABAAEAAAICTAEAOw==\" \/><\/a><\/div><\/div><div id=\"envira-gallery-item-3566\" class=\"envira-gallery-item enviratope-item envira-gallery-item-8 envira-lazy-load\" style=\"padding-left: 5px; padding-bottom: 10px; padding-right: 5px;\"  itemscope itemtype=\"https:\/\/schema.org\/ImageObject\"><div class=\"envira-gallery-item-inner\"><div class=\"envira-gallery-position-overlay  envira-gallery-top-left\"><\/div><div class=\"envira-gallery-position-overlay  envira-gallery-top-right\"><\/div><div class=\"envira-gallery-position-overlay  envira-gallery-bottom-left\"><\/div><div class=\"envira-gallery-position-overlay  envira-gallery-bottom-right\"><\/div><a href=\"http:\/\/shhj.info\/wp\/wp-content\/uploads\/2022\/07\/Atsajoen-nelson-0305.jpg\" class=\"envira-gallery-3559 envira-gallery-link\" rel=\"enviragallery3559\" title=\"&Auml;ts&auml;joen Nelson\" data-envira-caption=\"&Auml;ts&auml;joen Nelson\" data-envira-retina=\"\" data-thumbnail=\"\"  itemprop=\"contentUrl\"><img decoding=\"async\" id=\"envira-gallery-image-3566\" class=\"envira-gallery-image envira-gallery-image-8 envira-normal envira-lazy\" data-envira-index=\"8\" src=\"https:\/\/shhj.info\/wp\/wp-content\/uploads\/2022\/07\/Atsajoen-nelson-0305-1024x806-640x480.jpg\" data-envira-src=\"https:\/\/shhj.info\/wp\/wp-content\/uploads\/2022\/07\/Atsajoen-nelson-0305-1024x806-640x480.jpg\" data-envira-gallery-id=\"3559\" data-envira-item-id=\"3566\" data-envira-caption=\"&Auml;ts&auml;joen Nelson\" alt=\"\" title=\"\u00c4ts\u00e4joen Nelson\"  itemprop=\"thumbnailUrl\" data-envira-srcset=\"https:\/\/shhj.info\/wp\/wp-content\/uploads\/2022\/07\/Atsajoen-nelson-0305-1024x806-640x480.jpg 400w,https:\/\/shhj.info\/wp\/wp-content\/uploads\/2022\/07\/Atsajoen-nelson-0305-1024x806-640x480.jpg 2x\" data-envira-width=\"300\" data-envira-height=\"236\" srcset=\"data:image\/gif;base64,R0lGODlhAQABAIAAAP\/\/\/\/\/\/\/yH5BAEKAAEALAAAAAABAAEAAAICTAEAOw==\" data-safe-src=\"data:image\/gif;base64,R0lGODlhAQABAIAAAP\/\/\/\/\/\/\/yH5BAEKAAEALAAAAAABAAEAAAICTAEAOw==\" \/><\/a><\/div><\/div><\/div><\/div><noscript><img decoding=\"async\" src=\"https:\/\/shhj.info\/wp\/wp-content\/uploads\/2022\/07\/alpweiden-hannibal-0341.jpg\" alt=\"\" \/><img decoding=\"async\" src=\"https:\/\/shhj.info\/wp\/wp-content\/uploads\/2022\/07\/alpweiden-hannibal-0372.jpg\" alt=\"\" \/><img decoding=\"async\" src=\"https:\/\/shhj.info\/wp\/wp-content\/uploads\/2022\/07\/nalli-0417.jpg\" alt=\"\" \/><img decoding=\"async\" src=\"https:\/\/shhj.info\/wp\/wp-content\/uploads\/2022\/07\/nalli-0425.jpg\" alt=\"\" \/><img decoding=\"async\" src=\"https:\/\/shhj.info\/wp\/wp-content\/uploads\/2022\/07\/tunturijarven-lintintin-0382.jpg\" alt=\"\" \/><img decoding=\"async\" src=\"https:\/\/shhj.info\/wp\/wp-content\/uploads\/2022\/07\/tunturijarven-lintintin-0384.jpg\" alt=\"\" \/><img decoding=\"async\" src=\"https:\/\/shhj.info\/wp\/wp-content\/uploads\/2022\/07\/Atsajoen-nelson-0311.jpg\" alt=\"\" \/><img decoding=\"async\" src=\"https:\/\/shhj.info\/wp\/wp-content\/uploads\/2022\/07\/Atsajoen-nelson-0305.jpg\" alt=\"\" \/><\/noscript><em><br \/>\n<\/em><\/p>\n","protected":false},"excerpt":{"rendered":"<p>Luonnetestin tulokset Selitteet luonnetestin arvosteluille Kuvat: Erja Pekkala<\/p>\n","protected":false},"author":1,"featured_media":0,"parent":0,"menu_order":0,"comment_status":"closed","ping_status":"closed","template":"","meta":{"footnotes":""},"class_list":["post-3546","page","type-page","status-publish","hentry"],"yoast_head":"<!-- This site is optimized with the Yoast SEO plugin v26.6 - https:\/\/yoast.com\/wordpress\/plugins\/seo\/ -->\n<title>Jalostustarkastus valkoinen ruotsinhirvikoira ja h\u00e4llefors 2022 - Suomen Harmaahirvikoiraj\u00e4rjest\u00f6 - SHHJ FJGK<\/title>\n<meta name=\"robots\" content=\"index, follow, max-snippet:-1, max-image-preview:large, max-video-preview:-1\" \/>\n<link rel=\"canonical\" href=\"https:\/\/shhj.info\/?page_id=3546\" \/>\n<meta property=\"og:locale\" content=\"fi_FI\" \/>\n<meta property=\"og:type\" content=\"article\" \/>\n<meta property=\"og:title\" content=\"Jalostustarkastus valkoinen ruotsinhirvikoira ja h\u00e4llefors 2022 - Suomen Harmaahirvikoiraj\u00e4rjest\u00f6 - SHHJ FJGK\" \/>\n<meta property=\"og:description\" content=\"Luonnetestin tulokset Selitteet luonnetestin arvosteluille Kuvat: Erja Pekkala\" \/>\n<meta property=\"og:url\" content=\"https:\/\/shhj.info\/?page_id=3546\" \/>\n<meta property=\"og:site_name\" content=\"Suomen Harmaahirvikoiraj\u00e4rjest\u00f6 - SHHJ FJGK\" \/>\n<meta property=\"article:publisher\" content=\"https:\/\/www.facebook.com\/groups\/115740178447653\/\" \/>\n<meta property=\"article:modified_time\" content=\"2022-07-24T15:20:11+00:00\" \/>\n<meta property=\"og:image\" content=\"https:\/\/shhj.info\/wp\/wp-content\/uploads\/2015\/04\/etu_pentu.jpg\" \/>\n\t<meta property=\"og:image:width\" content=\"567\" \/>\n\t<meta property=\"og:image:height\" content=\"594\" \/>\n\t<meta property=\"og:image:type\" content=\"image\/jpeg\" \/>\n<meta name=\"twitter:card\" content=\"summary_large_image\" \/>\n<script type=\"application\/ld+json\" class=\"yoast-schema-graph\">{\"@context\":\"https:\/\/schema.org\",\"@graph\":[{\"@type\":\"WebPage\",\"@id\":\"https:\/\/shhj.info\/?page_id=3546\",\"url\":\"https:\/\/shhj.info\/?page_id=3546\",\"name\":\"Jalostustarkastus valkoinen ruotsinhirvikoira ja h\u00e4llefors 2022 - Suomen Harmaahirvikoiraj\u00e4rjest\u00f6 - SHHJ FJGK\",\"isPartOf\":{\"@id\":\"https:\/\/shhj.info\/#website\"},\"datePublished\":\"2022-07-24T15:05:03+00:00\",\"dateModified\":\"2022-07-24T15:20:11+00:00\",\"breadcrumb\":{\"@id\":\"https:\/\/shhj.info\/?page_id=3546#breadcrumb\"},\"inLanguage\":\"fi\",\"potentialAction\":[{\"@type\":\"ReadAction\",\"target\":[\"https:\/\/shhj.info\/?page_id=3546\"]}]},{\"@type\":\"BreadcrumbList\",\"@id\":\"https:\/\/shhj.info\/?page_id=3546#breadcrumb\",\"itemListElement\":[{\"@type\":\"ListItem\",\"position\":1,\"name\":\"Etusivu\",\"item\":\"https:\/\/shhj.info\/\"},{\"@type\":\"ListItem\",\"position\":2,\"name\":\"Jalostustarkastus valkoinen ruotsinhirvikoira ja h\u00e4llefors 2022\"}]},{\"@type\":\"WebSite\",\"@id\":\"https:\/\/shhj.info\/#website\",\"url\":\"https:\/\/shhj.info\/\",\"name\":\"Suomen Harmaahirvikoiraj\u00e4rjest\u00f6 - SHHJ FJGK\",\"description\":\"parhaiden hirvikoirarotujen rotuj\u00e4rjest\u00f6 Suomessa\",\"publisher\":{\"@id\":\"https:\/\/shhj.info\/#organization\"},\"alternateName\":\"SHHJ FJGK\",\"potentialAction\":[{\"@type\":\"SearchAction\",\"target\":{\"@type\":\"EntryPoint\",\"urlTemplate\":\"https:\/\/shhj.info\/?s={search_term_string}\"},\"query-input\":{\"@type\":\"PropertyValueSpecification\",\"valueRequired\":true,\"valueName\":\"search_term_string\"}}],\"inLanguage\":\"fi\"},{\"@type\":\"Organization\",\"@id\":\"https:\/\/shhj.info\/#organization\",\"name\":\"Suomen Harmaahirvikoiraj\u00e4rjest\u00f6 - SHHJ FJGK\",\"url\":\"https:\/\/shhj.info\/\",\"logo\":{\"@type\":\"ImageObject\",\"inLanguage\":\"fi\",\"@id\":\"https:\/\/shhj.info\/#\/schema\/logo\/image\/\",\"url\":\"http:\/\/shhj.info\/wp\/wp-content\/uploads\/2018\/12\/logo.gif\",\"contentUrl\":\"http:\/\/shhj.info\/wp\/wp-content\/uploads\/2018\/12\/logo.gif\",\"width\":169,\"height\":166,\"caption\":\"Suomen Harmaahirvikoiraj\u00e4rjest\u00f6 - SHHJ FJGK\"},\"image\":{\"@id\":\"https:\/\/shhj.info\/#\/schema\/logo\/image\/\"},\"sameAs\":[\"https:\/\/www.facebook.com\/groups\/115740178447653\/\"]}]}<\/script>\n<!-- \/ Yoast SEO plugin. -->","yoast_head_json":{"title":"Jalostustarkastus valkoinen ruotsinhirvikoira ja h\u00e4llefors 2022 - Suomen Harmaahirvikoiraj\u00e4rjest\u00f6 - SHHJ FJGK","robots":{"index":"index","follow":"follow","max-snippet":"max-snippet:-1","max-image-preview":"max-image-preview:large","max-video-preview":"max-video-preview:-1"},"canonical":"https:\/\/shhj.info\/?page_id=3546","og_locale":"fi_FI","og_type":"article","og_title":"Jalostustarkastus valkoinen ruotsinhirvikoira ja h\u00e4llefors 2022 - Suomen Harmaahirvikoiraj\u00e4rjest\u00f6 - SHHJ FJGK","og_description":"Luonnetestin tulokset Selitteet luonnetestin arvosteluille Kuvat: Erja Pekkala","og_url":"https:\/\/shhj.info\/?page_id=3546","og_site_name":"Suomen Harmaahirvikoiraj\u00e4rjest\u00f6 - SHHJ FJGK","article_publisher":"https:\/\/www.facebook.com\/groups\/115740178447653\/","article_modified_time":"2022-07-24T15:20:11+00:00","og_image":[{"width":567,"height":594,"url":"https:\/\/shhj.info\/wp\/wp-content\/uploads\/2015\/04\/etu_pentu.jpg","type":"image\/jpeg"}],"twitter_card":"summary_large_image","schema":{"@context":"https:\/\/schema.org","@graph":[{"@type":"WebPage","@id":"https:\/\/shhj.info\/?page_id=3546","url":"https:\/\/shhj.info\/?page_id=3546","name":"Jalostustarkastus valkoinen ruotsinhirvikoira ja h\u00e4llefors 2022 - Suomen Harmaahirvikoiraj\u00e4rjest\u00f6 - SHHJ FJGK","isPartOf":{"@id":"https:\/\/shhj.info\/#website"},"datePublished":"2022-07-24T15:05:03+00:00","dateModified":"2022-07-24T15:20:11+00:00","breadcrumb":{"@id":"https:\/\/shhj.info\/?page_id=3546#breadcrumb"},"inLanguage":"fi","potentialAction":[{"@type":"ReadAction","target":["https:\/\/shhj.info\/?page_id=3546"]}]},{"@type":"BreadcrumbList","@id":"https:\/\/shhj.info\/?page_id=3546#breadcrumb","itemListElement":[{"@type":"ListItem","position":1,"name":"Etusivu","item":"https:\/\/shhj.info\/"},{"@type":"ListItem","position":2,"name":"Jalostustarkastus valkoinen ruotsinhirvikoira ja h\u00e4llefors 2022"}]},{"@type":"WebSite","@id":"https:\/\/shhj.info\/#website","url":"https:\/\/shhj.info\/","name":"Suomen Harmaahirvikoiraj\u00e4rjest\u00f6 - SHHJ FJGK","description":"parhaiden hirvikoirarotujen rotuj\u00e4rjest\u00f6 Suomessa","publisher":{"@id":"https:\/\/shhj.info\/#organization"},"alternateName":"SHHJ FJGK","potentialAction":[{"@type":"SearchAction","target":{"@type":"EntryPoint","urlTemplate":"https:\/\/shhj.info\/?s={search_term_string}"},"query-input":{"@type":"PropertyValueSpecification","valueRequired":true,"valueName":"search_term_string"}}],"inLanguage":"fi"},{"@type":"Organization","@id":"https:\/\/shhj.info\/#organization","name":"Suomen Harmaahirvikoiraj\u00e4rjest\u00f6 - SHHJ FJGK","url":"https:\/\/shhj.info\/","logo":{"@type":"ImageObject","inLanguage":"fi","@id":"https:\/\/shhj.info\/#\/schema\/logo\/image\/","url":"http:\/\/shhj.info\/wp\/wp-content\/uploads\/2018\/12\/logo.gif","contentUrl":"http:\/\/shhj.info\/wp\/wp-content\/uploads\/2018\/12\/logo.gif","width":169,"height":166,"caption":"Suomen Harmaahirvikoiraj\u00e4rjest\u00f6 - SHHJ FJGK"},"image":{"@id":"https:\/\/shhj.info\/#\/schema\/logo\/image\/"},"sameAs":["https:\/\/www.facebook.com\/groups\/115740178447653\/"]}]}},"_links":{"self":[{"href":"https:\/\/shhj.info\/index.php?rest_route=\/wp\/v2\/pages\/3546","targetHints":{"allow":["GET"]}}],"collection":[{"href":"https:\/\/shhj.info\/index.php?rest_route=\/wp\/v2\/pages"}],"about":[{"href":"https:\/\/shhj.info\/index.php?rest_route=\/wp\/v2\/types\/page"}],"author":[{"embeddable":true,"href":"https:\/\/shhj.info\/index.php?rest_route=\/wp\/v2\/users\/1"}],"replies":[{"embeddable":true,"href":"https:\/\/shhj.info\/index.php?rest_route=%2Fwp%2Fv2%2Fcomments&post=3546"}],"version-history":[{"count":6,"href":"https:\/\/shhj.info\/index.php?rest_route=\/wp\/v2\/pages\/3546\/revisions"}],"predecessor-version":[{"id":3569,"href":"https:\/\/shhj.info\/index.php?rest_route=\/wp\/v2\/pages\/3546\/revisions\/3569"}],"wp:attachment":[{"href":"https:\/\/shhj.info\/index.php?rest_route=%2Fwp%2Fv2%2Fmedia&parent=3546"}],"curies":[{"name":"wp","href":"https:\/\/api.w.org\/{rel}","templated":true}]}}