{"id":352,"date":"2015-04-23T10:27:16","date_gmt":"2015-04-23T07:27:16","guid":{"rendered":"http:\/\/www.shhj.info\/wp\/?page_id=352"},"modified":"2026-03-28T21:01:41","modified_gmt":"2026-03-28T19:01:41","slug":"jalostusvaliokunta","status":"publish","type":"page","link":"https:\/\/shhj.info\/?page_id=352","title":{"rendered":"Jalostusvaliokunta"},"content":{"rendered":"<h3><span style=\"color: #333333;\">Puheenjohtaja, koirien arvot, poikkeusluvat<\/span><\/h3>\n<p><strong>Juha Lepist\u00f6<\/strong>, (hallituksen edustaja)<br \/>\nHellanmaantie 718, 62130 Hellanmaa<br \/>\n044-585 3054, lepisto.juha@gmail.com<\/p>\n<hr \/>\n<h3><span style=\"color: #333333;\">Harmaa norjanhirvikoiran jalostusneuvojat ja pentuv\u00e4litys<\/span><\/h3>\n<h4>Id\u00e4n ja pohjan lohko:<\/h4>\n<p><strong>Reeta Valkama<\/strong><br \/>\nPorotie 4, 99800 Ivalo<br \/>\n050-570 9511, reeta.valkama@shhj.info<\/p>\n<h4>Etel\u00e4n\u00a0ja l\u00e4nnen\u00a0lohko:<\/h4>\n<p><strong>Janne Ojaniemi<\/strong><br \/>\nKettukalliontie 83, 62100 Lapua<br \/>\n040-835 3993, janne.ojaniemi@shhj.info<\/p>\n<hr \/>\n<h3>J\u00e4mtlanninpystykorvan\u00a0jalostusneuvojat ja pentuv\u00e4litys<\/h3>\n<p><strong>Vertti Hilkamo<\/strong><br \/>\nKaislikkotie 5 A, 40250 Jyv\u00e4skyl\u00e4<br \/>\nvertti.hilkamo@shhj.info<br \/>\n040-2177917, arkisin klo 9-18<b><br \/>\n<\/b><\/p>\n<p><strong>Janne Hypp\u00f6nen<\/strong><br \/>\nMuurahaiskuja 10, 78870 Varkaus<br \/>\n040-557 4797<br \/>\njanne.hypponen@shhj.info<\/p>\n<hr \/>\n<h3>Valkoisten ruotsinhirvikoiran, h\u00e4lleforsin ja mustan norjanhirvikoiran <span style=\"color: #333333;\">jalostusneuvoja <\/span>ja pentuv\u00e4litys<\/h3>\n<p><strong>Jesse Nurmikanta\u00a0<\/strong>(k\u00e4ytt\u00f6indeksien laskenta, jalostustietokannan yhteyshenkil\u00f6)<br \/>\nHautalahdenkuja 5 B 7, 70820 Kuopio<br \/>\n040-501 5647, jesse.nurmikanta@shhj.info<\/p>\n<hr \/>\n<p><strong>Patrik Ingves<\/strong> (yhteyshenkil\u00f6 Ruotsiin)<br \/>\nGallbodaslingan 15, 18491 \u00c5kersberga, Ruotsi<br \/>\n+46707206261, lillfinnen@gmail.com<\/p>\n<p><strong>Rea Sorasahi<\/strong>, (siht., terveystietojen ker\u00e4ys)<br \/>\n040-130 3169, sorasahi98@hotmail.com<\/p>\n<p>&nbsp;<\/p>\n","protected":false},"excerpt":{"rendered":"<p>Puheenjohtaja, koirien arvot, poikkeusluvat Juha Lepist\u00f6, (hallituksen edustaja) Hellanmaantie 718, 62130 Hellanmaa 044-585 3054, lepisto.juha@gmail.com Harmaa norjanhirvikoiran jalostusneuvojat ja pentuv\u00e4litys Id\u00e4n ja pohjan lohko: Reeta Valkama Porotie 4, 99800 Ivalo 050-570 9511, reeta.valkama@shhj.info Etel\u00e4n\u00a0ja l\u00e4nnen\u00a0lohko: Janne Ojaniemi Kettukalliontie 83, 62100 Lapua 040-835 3993, janne.ojaniemi@shhj.info J\u00e4mtlanninpystykorvan\u00a0jalostusneuvojat ja pentuv\u00e4litys Vertti Hilkamo Kaislikkotie 5 A, 40250 Jyv\u00e4skyl\u00e4 vertti.hilkamo@shhj.info [&hellip;]<\/p>\n","protected":false},"author":1,"featured_media":0,"parent":0,"menu_order":0,"comment_status":"closed","ping_status":"closed","template":"page-scs.php","meta":{"footnotes":""},"class_list":["post-352","page","type-page","status-publish","hentry"],"yoast_head":"<!-- This site is optimized with the Yoast SEO plugin v26.6 - https:\/\/yoast.com\/wordpress\/plugins\/seo\/ -->\n<title>Jalostusvaliokunta - Suomen Harmaahirvikoiraj\u00e4rjest\u00f6 - SHHJ FJGK<\/title>\n<meta name=\"robots\" content=\"index, follow, max-snippet:-1, max-image-preview:large, max-video-preview:-1\" \/>\n<link rel=\"canonical\" href=\"https:\/\/shhj.info\/?page_id=352\" \/>\n<meta property=\"og:locale\" content=\"fi_FI\" \/>\n<meta property=\"og:type\" content=\"article\" \/>\n<meta property=\"og:title\" content=\"Jalostusvaliokunta - Suomen Harmaahirvikoiraj\u00e4rjest\u00f6 - SHHJ FJGK\" \/>\n<meta property=\"og:description\" content=\"Puheenjohtaja, koirien arvot, poikkeusluvat Juha Lepist\u00f6, (hallituksen edustaja) Hellanmaantie 718, 62130 Hellanmaa 044-585 3054, lepisto.juha@gmail.com Harmaa norjanhirvikoiran jalostusneuvojat ja pentuv\u00e4litys Id\u00e4n ja pohjan lohko: Reeta Valkama Porotie 4, 99800 Ivalo 050-570 9511, reeta.valkama@shhj.info Etel\u00e4n\u00a0ja l\u00e4nnen\u00a0lohko: Janne Ojaniemi Kettukalliontie 83, 62100 Lapua 040-835 3993, janne.ojaniemi@shhj.info J\u00e4mtlanninpystykorvan\u00a0jalostusneuvojat ja pentuv\u00e4litys Vertti Hilkamo Kaislikkotie 5 A, 40250 Jyv\u00e4skyl\u00e4 vertti.hilkamo@shhj.info [&hellip;]\" \/>\n<meta property=\"og:url\" content=\"https:\/\/shhj.info\/?page_id=352\" \/>\n<meta property=\"og:site_name\" content=\"Suomen Harmaahirvikoiraj\u00e4rjest\u00f6 - SHHJ FJGK\" \/>\n<meta property=\"article:publisher\" content=\"https:\/\/www.facebook.com\/groups\/115740178447653\/\" \/>\n<meta property=\"article:modified_time\" content=\"2026-03-28T19:01:41+00:00\" \/>\n<meta property=\"og:image\" content=\"https:\/\/shhj.info\/wp\/wp-content\/uploads\/2015\/04\/etu_pentu.jpg\" \/>\n\t<meta property=\"og:image:width\" content=\"567\" \/>\n\t<meta property=\"og:image:height\" content=\"594\" \/>\n\t<meta property=\"og:image:type\" content=\"image\/jpeg\" \/>\n<meta name=\"twitter:card\" content=\"summary_large_image\" \/>\n<meta name=\"twitter:label1\" content=\"Arvioitu lukuaika\" \/>\n\t<meta name=\"twitter:data1\" content=\"1 minuutti\" \/>\n<script type=\"application\/ld+json\" class=\"yoast-schema-graph\">{\"@context\":\"https:\/\/schema.org\",\"@graph\":[{\"@type\":\"WebPage\",\"@id\":\"https:\/\/shhj.info\/?page_id=352\",\"url\":\"https:\/\/shhj.info\/?page_id=352\",\"name\":\"Jalostusvaliokunta - Suomen Harmaahirvikoiraj\u00e4rjest\u00f6 - SHHJ FJGK\",\"isPartOf\":{\"@id\":\"https:\/\/shhj.info\/#website\"},\"datePublished\":\"2015-04-23T07:27:16+00:00\",\"dateModified\":\"2026-03-28T19:01:41+00:00\",\"breadcrumb\":{\"@id\":\"https:\/\/shhj.info\/?page_id=352#breadcrumb\"},\"inLanguage\":\"fi\",\"potentialAction\":[{\"@type\":\"ReadAction\",\"target\":[\"https:\/\/shhj.info\/?page_id=352\"]}]},{\"@type\":\"BreadcrumbList\",\"@id\":\"https:\/\/shhj.info\/?page_id=352#breadcrumb\",\"itemListElement\":[{\"@type\":\"ListItem\",\"position\":1,\"name\":\"Etusivu\",\"item\":\"https:\/\/shhj.info\/\"},{\"@type\":\"ListItem\",\"position\":2,\"name\":\"Jalostusvaliokunta\"}]},{\"@type\":\"WebSite\",\"@id\":\"https:\/\/shhj.info\/#website\",\"url\":\"https:\/\/shhj.info\/\",\"name\":\"Suomen Harmaahirvikoiraj\u00e4rjest\u00f6 - SHHJ FJGK\",\"description\":\"parhaiden hirvikoirarotujen rotuj\u00e4rjest\u00f6 Suomessa\",\"publisher\":{\"@id\":\"https:\/\/shhj.info\/#organization\"},\"alternateName\":\"SHHJ FJGK\",\"potentialAction\":[{\"@type\":\"SearchAction\",\"target\":{\"@type\":\"EntryPoint\",\"urlTemplate\":\"https:\/\/shhj.info\/?s={search_term_string}\"},\"query-input\":{\"@type\":\"PropertyValueSpecification\",\"valueRequired\":true,\"valueName\":\"search_term_string\"}}],\"inLanguage\":\"fi\"},{\"@type\":\"Organization\",\"@id\":\"https:\/\/shhj.info\/#organization\",\"name\":\"Suomen Harmaahirvikoiraj\u00e4rjest\u00f6 - SHHJ FJGK\",\"url\":\"https:\/\/shhj.info\/\",\"logo\":{\"@type\":\"ImageObject\",\"inLanguage\":\"fi\",\"@id\":\"https:\/\/shhj.info\/#\/schema\/logo\/image\/\",\"url\":\"http:\/\/shhj.info\/wp\/wp-content\/uploads\/2018\/12\/logo.gif\",\"contentUrl\":\"http:\/\/shhj.info\/wp\/wp-content\/uploads\/2018\/12\/logo.gif\",\"width\":169,\"height\":166,\"caption\":\"Suomen Harmaahirvikoiraj\u00e4rjest\u00f6 - SHHJ FJGK\"},\"image\":{\"@id\":\"https:\/\/shhj.info\/#\/schema\/logo\/image\/\"},\"sameAs\":[\"https:\/\/www.facebook.com\/groups\/115740178447653\/\"]}]}<\/script>\n<!-- \/ Yoast SEO plugin. -->","yoast_head_json":{"title":"Jalostusvaliokunta - Suomen Harmaahirvikoiraj\u00e4rjest\u00f6 - SHHJ FJGK","robots":{"index":"index","follow":"follow","max-snippet":"max-snippet:-1","max-image-preview":"max-image-preview:large","max-video-preview":"max-video-preview:-1"},"canonical":"https:\/\/shhj.info\/?page_id=352","og_locale":"fi_FI","og_type":"article","og_title":"Jalostusvaliokunta - Suomen Harmaahirvikoiraj\u00e4rjest\u00f6 - SHHJ FJGK","og_description":"Puheenjohtaja, koirien arvot, poikkeusluvat Juha Lepist\u00f6, (hallituksen edustaja) Hellanmaantie 718, 62130 Hellanmaa 044-585 3054, lepisto.juha@gmail.com Harmaa norjanhirvikoiran jalostusneuvojat ja pentuv\u00e4litys Id\u00e4n ja pohjan lohko: Reeta Valkama Porotie 4, 99800 Ivalo 050-570 9511, reeta.valkama@shhj.info Etel\u00e4n\u00a0ja l\u00e4nnen\u00a0lohko: Janne Ojaniemi Kettukalliontie 83, 62100 Lapua 040-835 3993, janne.ojaniemi@shhj.info J\u00e4mtlanninpystykorvan\u00a0jalostusneuvojat ja pentuv\u00e4litys Vertti Hilkamo Kaislikkotie 5 A, 40250 Jyv\u00e4skyl\u00e4 vertti.hilkamo@shhj.info [&hellip;]","og_url":"https:\/\/shhj.info\/?page_id=352","og_site_name":"Suomen Harmaahirvikoiraj\u00e4rjest\u00f6 - SHHJ FJGK","article_publisher":"https:\/\/www.facebook.com\/groups\/115740178447653\/","article_modified_time":"2026-03-28T19:01:41+00:00","og_image":[{"width":567,"height":594,"url":"https:\/\/shhj.info\/wp\/wp-content\/uploads\/2015\/04\/etu_pentu.jpg","type":"image\/jpeg"}],"twitter_card":"summary_large_image","twitter_misc":{"Arvioitu lukuaika":"1 minuutti"},"schema":{"@context":"https:\/\/schema.org","@graph":[{"@type":"WebPage","@id":"https:\/\/shhj.info\/?page_id=352","url":"https:\/\/shhj.info\/?page_id=352","name":"Jalostusvaliokunta - Suomen Harmaahirvikoiraj\u00e4rjest\u00f6 - SHHJ FJGK","isPartOf":{"@id":"https:\/\/shhj.info\/#website"},"datePublished":"2015-04-23T07:27:16+00:00","dateModified":"2026-03-28T19:01:41+00:00","breadcrumb":{"@id":"https:\/\/shhj.info\/?page_id=352#breadcrumb"},"inLanguage":"fi","potentialAction":[{"@type":"ReadAction","target":["https:\/\/shhj.info\/?page_id=352"]}]},{"@type":"BreadcrumbList","@id":"https:\/\/shhj.info\/?page_id=352#breadcrumb","itemListElement":[{"@type":"ListItem","position":1,"name":"Etusivu","item":"https:\/\/shhj.info\/"},{"@type":"ListItem","position":2,"name":"Jalostusvaliokunta"}]},{"@type":"WebSite","@id":"https:\/\/shhj.info\/#website","url":"https:\/\/shhj.info\/","name":"Suomen Harmaahirvikoiraj\u00e4rjest\u00f6 - SHHJ FJGK","description":"parhaiden hirvikoirarotujen rotuj\u00e4rjest\u00f6 Suomessa","publisher":{"@id":"https:\/\/shhj.info\/#organization"},"alternateName":"SHHJ FJGK","potentialAction":[{"@type":"SearchAction","target":{"@type":"EntryPoint","urlTemplate":"https:\/\/shhj.info\/?s={search_term_string}"},"query-input":{"@type":"PropertyValueSpecification","valueRequired":true,"valueName":"search_term_string"}}],"inLanguage":"fi"},{"@type":"Organization","@id":"https:\/\/shhj.info\/#organization","name":"Suomen Harmaahirvikoiraj\u00e4rjest\u00f6 - SHHJ FJGK","url":"https:\/\/shhj.info\/","logo":{"@type":"ImageObject","inLanguage":"fi","@id":"https:\/\/shhj.info\/#\/schema\/logo\/image\/","url":"http:\/\/shhj.info\/wp\/wp-content\/uploads\/2018\/12\/logo.gif","contentUrl":"http:\/\/shhj.info\/wp\/wp-content\/uploads\/2018\/12\/logo.gif","width":169,"height":166,"caption":"Suomen Harmaahirvikoiraj\u00e4rjest\u00f6 - SHHJ FJGK"},"image":{"@id":"https:\/\/shhj.info\/#\/schema\/logo\/image\/"},"sameAs":["https:\/\/www.facebook.com\/groups\/115740178447653\/"]}]}},"_links":{"self":[{"href":"https:\/\/shhj.info\/index.php?rest_route=\/wp\/v2\/pages\/352","targetHints":{"allow":["GET"]}}],"collection":[{"href":"https:\/\/shhj.info\/index.php?rest_route=\/wp\/v2\/pages"}],"about":[{"href":"https:\/\/shhj.info\/index.php?rest_route=\/wp\/v2\/types\/page"}],"author":[{"embeddable":true,"href":"https:\/\/shhj.info\/index.php?rest_route=\/wp\/v2\/users\/1"}],"replies":[{"embeddable":true,"href":"https:\/\/shhj.info\/index.php?rest_route=%2Fwp%2Fv2%2Fcomments&post=352"}],"version-history":[{"count":45,"href":"https:\/\/shhj.info\/index.php?rest_route=\/wp\/v2\/pages\/352\/revisions"}],"predecessor-version":[{"id":4574,"href":"https:\/\/shhj.info\/index.php?rest_route=\/wp\/v2\/pages\/352\/revisions\/4574"}],"wp:attachment":[{"href":"https:\/\/shhj.info\/index.php?rest_route=%2Fwp%2Fv2%2Fmedia&parent=352"}],"curies":[{"name":"wp","href":"https:\/\/api.w.org\/{rel}","templated":true}]}}