{"id":3389,"date":"2021-11-16T20:06:36","date_gmt":"2021-11-16T18:06:36","guid":{"rendered":"http:\/\/shhj.info\/?page_id=3389"},"modified":"2023-02-18T11:07:28","modified_gmt":"2023-02-18T09:07:28","slug":"harmaa-norjanhirvikoirien-geenitutkimuksista","status":"publish","type":"page","link":"https:\/\/shhj.info\/?page_id=3389","title":{"rendered":"Tiedote harmaa norjanhirvikoirien geenitutkimuksista"},"content":{"rendered":"<p>MyDogDNA on lopettanut harmaa norjanhirvikoirien glaukoomageenin tutkimisen. Tutkiminen on lopetettu 1.9.2020, eli t\u00e4m\u00e4n j\u00e4lkeen MyDogDNA-testill\u00e4 otetut n\u00e4ytteet eiv\u00e4t ole glaukooman osalta paikkaansapit\u00e4vi\u00e4. Rotuj\u00e4rjest\u00f6n alennuskoodi MyDogDNA:lle ei siis ole en\u00e4\u00e4 k\u00e4yt\u00f6ss\u00e4, koska testi ei ole harmaa norjanhirvikoirien glaukomageeni\u00e4 testaava. Suositellaan ottamaan geenitestit jatkossa verin\u00e4ytteell\u00e4 ja k\u00e4ytett\u00e4v\u00e4ksi esimerkiksi Laboklin-laboratoriota, joka testaa glaukooma- ja tappijalkageeni\u00e4.<\/p>\n<p>Geenitestin l\u00e4hetteet l\u00f6ytyy t\u00e4\u00e4lt\u00e4 &#8212;&gt; <a href=\"https:\/\/shop.labogen.com\/fi\/hinnasto-ja-laehetteet\" target=\"_blank\" rel=\"noopener noreferrer\">https:\/\/shop.labogen.com\/fi\/hinnasto-ja-laehetteet<\/a><\/p>\n<p>L\u00e4hetteeseen tulee kirjata halutut tutkimukset ja niiden tunnukset:<br \/>\nTappijalkatutkimus 8316 Chondrodysplasia (Dwarfism)<br \/>\nGlaukoomatutkimus 8452 Primary open angle glaucoma (POAG)<\/p>\n<p>Huomioithan, ett\u00e4 Suomen Kennelliiton j\u00e4senen\u00e4 saat alennusta k\u00e4ytt\u00e4ess\u00e4si Kennelliiton virallista tutkimusl\u00e4hetett\u00e4.<\/p>\n<p>&nbsp;<\/p>\n<p>Lis\u00e4tietoja antaa rodun jalostusneuvojat.<\/p>\n","protected":false},"excerpt":{"rendered":"<p>MyDogDNA on lopettanut harmaa norjanhirvikoirien glaukoomageenin tutkimisen. Tutkiminen on lopetettu 1.9.2020, eli t\u00e4m\u00e4n j\u00e4lkeen MyDogDNA-testill\u00e4 otetut n\u00e4ytteet eiv\u00e4t ole glaukooman osalta paikkaansapit\u00e4vi\u00e4. Rotuj\u00e4rjest\u00f6n alennuskoodi MyDogDNA:lle ei siis ole en\u00e4\u00e4 k\u00e4yt\u00f6ss\u00e4, koska testi ei ole harmaa norjanhirvikoirien glaukomageeni\u00e4 testaava. Suositellaan ottamaan geenitestit jatkossa verin\u00e4ytteell\u00e4 ja k\u00e4ytett\u00e4v\u00e4ksi esimerkiksi Laboklin-laboratoriota, joka testaa glaukooma- ja tappijalkageeni\u00e4. Geenitestin l\u00e4hetteet l\u00f6ytyy [&hellip;]<\/p>\n","protected":false},"author":1,"featured_media":0,"parent":0,"menu_order":0,"comment_status":"closed","ping_status":"closed","template":"page-scs.php","meta":{"footnotes":""},"class_list":["post-3389","page","type-page","status-publish","hentry"],"yoast_head":"<!-- This site is optimized with the Yoast SEO plugin v26.6 - https:\/\/yoast.com\/wordpress\/plugins\/seo\/ -->\n<title>Tiedote harmaa norjanhirvikoirien geenitutkimuksista - Suomen Harmaahirvikoiraj\u00e4rjest\u00f6 - SHHJ FJGK<\/title>\n<meta name=\"robots\" content=\"index, follow, max-snippet:-1, max-image-preview:large, max-video-preview:-1\" \/>\n<link rel=\"canonical\" href=\"https:\/\/shhj.info\/?page_id=3389\" \/>\n<meta property=\"og:locale\" content=\"fi_FI\" \/>\n<meta property=\"og:type\" content=\"article\" \/>\n<meta property=\"og:title\" content=\"Tiedote harmaa norjanhirvikoirien geenitutkimuksista - Suomen Harmaahirvikoiraj\u00e4rjest\u00f6 - SHHJ FJGK\" \/>\n<meta property=\"og:description\" content=\"MyDogDNA on lopettanut harmaa norjanhirvikoirien glaukoomageenin tutkimisen. Tutkiminen on lopetettu 1.9.2020, eli t\u00e4m\u00e4n j\u00e4lkeen MyDogDNA-testill\u00e4 otetut n\u00e4ytteet eiv\u00e4t ole glaukooman osalta paikkaansapit\u00e4vi\u00e4. Rotuj\u00e4rjest\u00f6n alennuskoodi MyDogDNA:lle ei siis ole en\u00e4\u00e4 k\u00e4yt\u00f6ss\u00e4, koska testi ei ole harmaa norjanhirvikoirien glaukomageeni\u00e4 testaava. Suositellaan ottamaan geenitestit jatkossa verin\u00e4ytteell\u00e4 ja k\u00e4ytett\u00e4v\u00e4ksi esimerkiksi Laboklin-laboratoriota, joka testaa glaukooma- ja tappijalkageeni\u00e4. Geenitestin l\u00e4hetteet l\u00f6ytyy [&hellip;]\" \/>\n<meta property=\"og:url\" content=\"https:\/\/shhj.info\/?page_id=3389\" \/>\n<meta property=\"og:site_name\" content=\"Suomen Harmaahirvikoiraj\u00e4rjest\u00f6 - SHHJ FJGK\" \/>\n<meta property=\"article:publisher\" content=\"https:\/\/www.facebook.com\/groups\/115740178447653\/\" \/>\n<meta property=\"article:modified_time\" content=\"2023-02-18T09:07:28+00:00\" \/>\n<meta property=\"og:image\" content=\"https:\/\/shhj.info\/wp\/wp-content\/uploads\/2015\/04\/etu_pentu.jpg\" \/>\n\t<meta property=\"og:image:width\" content=\"567\" \/>\n\t<meta property=\"og:image:height\" content=\"594\" \/>\n\t<meta property=\"og:image:type\" content=\"image\/jpeg\" \/>\n<meta name=\"twitter:card\" content=\"summary_large_image\" \/>\n<meta name=\"twitter:label1\" content=\"Arvioitu lukuaika\" \/>\n\t<meta name=\"twitter:data1\" content=\"1 minuutti\" \/>\n<script type=\"application\/ld+json\" class=\"yoast-schema-graph\">{\"@context\":\"https:\/\/schema.org\",\"@graph\":[{\"@type\":\"WebPage\",\"@id\":\"https:\/\/shhj.info\/?page_id=3389\",\"url\":\"https:\/\/shhj.info\/?page_id=3389\",\"name\":\"Tiedote harmaa norjanhirvikoirien geenitutkimuksista - Suomen Harmaahirvikoiraj\u00e4rjest\u00f6 - SHHJ FJGK\",\"isPartOf\":{\"@id\":\"https:\/\/shhj.info\/#website\"},\"datePublished\":\"2021-11-16T18:06:36+00:00\",\"dateModified\":\"2023-02-18T09:07:28+00:00\",\"breadcrumb\":{\"@id\":\"https:\/\/shhj.info\/?page_id=3389#breadcrumb\"},\"inLanguage\":\"fi\",\"potentialAction\":[{\"@type\":\"ReadAction\",\"target\":[\"https:\/\/shhj.info\/?page_id=3389\"]}]},{\"@type\":\"BreadcrumbList\",\"@id\":\"https:\/\/shhj.info\/?page_id=3389#breadcrumb\",\"itemListElement\":[{\"@type\":\"ListItem\",\"position\":1,\"name\":\"Etusivu\",\"item\":\"https:\/\/shhj.info\/\"},{\"@type\":\"ListItem\",\"position\":2,\"name\":\"Tiedote harmaa norjanhirvikoirien geenitutkimuksista\"}]},{\"@type\":\"WebSite\",\"@id\":\"https:\/\/shhj.info\/#website\",\"url\":\"https:\/\/shhj.info\/\",\"name\":\"Suomen Harmaahirvikoiraj\u00e4rjest\u00f6 - SHHJ FJGK\",\"description\":\"parhaiden hirvikoirarotujen rotuj\u00e4rjest\u00f6 Suomessa\",\"publisher\":{\"@id\":\"https:\/\/shhj.info\/#organization\"},\"alternateName\":\"SHHJ FJGK\",\"potentialAction\":[{\"@type\":\"SearchAction\",\"target\":{\"@type\":\"EntryPoint\",\"urlTemplate\":\"https:\/\/shhj.info\/?s={search_term_string}\"},\"query-input\":{\"@type\":\"PropertyValueSpecification\",\"valueRequired\":true,\"valueName\":\"search_term_string\"}}],\"inLanguage\":\"fi\"},{\"@type\":\"Organization\",\"@id\":\"https:\/\/shhj.info\/#organization\",\"name\":\"Suomen Harmaahirvikoiraj\u00e4rjest\u00f6 - SHHJ FJGK\",\"url\":\"https:\/\/shhj.info\/\",\"logo\":{\"@type\":\"ImageObject\",\"inLanguage\":\"fi\",\"@id\":\"https:\/\/shhj.info\/#\/schema\/logo\/image\/\",\"url\":\"http:\/\/shhj.info\/wp\/wp-content\/uploads\/2018\/12\/logo.gif\",\"contentUrl\":\"http:\/\/shhj.info\/wp\/wp-content\/uploads\/2018\/12\/logo.gif\",\"width\":169,\"height\":166,\"caption\":\"Suomen Harmaahirvikoiraj\u00e4rjest\u00f6 - SHHJ FJGK\"},\"image\":{\"@id\":\"https:\/\/shhj.info\/#\/schema\/logo\/image\/\"},\"sameAs\":[\"https:\/\/www.facebook.com\/groups\/115740178447653\/\"]}]}<\/script>\n<!-- \/ Yoast SEO plugin. -->","yoast_head_json":{"title":"Tiedote harmaa norjanhirvikoirien geenitutkimuksista - Suomen Harmaahirvikoiraj\u00e4rjest\u00f6 - SHHJ FJGK","robots":{"index":"index","follow":"follow","max-snippet":"max-snippet:-1","max-image-preview":"max-image-preview:large","max-video-preview":"max-video-preview:-1"},"canonical":"https:\/\/shhj.info\/?page_id=3389","og_locale":"fi_FI","og_type":"article","og_title":"Tiedote harmaa norjanhirvikoirien geenitutkimuksista - Suomen Harmaahirvikoiraj\u00e4rjest\u00f6 - SHHJ FJGK","og_description":"MyDogDNA on lopettanut harmaa norjanhirvikoirien glaukoomageenin tutkimisen. Tutkiminen on lopetettu 1.9.2020, eli t\u00e4m\u00e4n j\u00e4lkeen MyDogDNA-testill\u00e4 otetut n\u00e4ytteet eiv\u00e4t ole glaukooman osalta paikkaansapit\u00e4vi\u00e4. Rotuj\u00e4rjest\u00f6n alennuskoodi MyDogDNA:lle ei siis ole en\u00e4\u00e4 k\u00e4yt\u00f6ss\u00e4, koska testi ei ole harmaa norjanhirvikoirien glaukomageeni\u00e4 testaava. Suositellaan ottamaan geenitestit jatkossa verin\u00e4ytteell\u00e4 ja k\u00e4ytett\u00e4v\u00e4ksi esimerkiksi Laboklin-laboratoriota, joka testaa glaukooma- ja tappijalkageeni\u00e4. Geenitestin l\u00e4hetteet l\u00f6ytyy [&hellip;]","og_url":"https:\/\/shhj.info\/?page_id=3389","og_site_name":"Suomen Harmaahirvikoiraj\u00e4rjest\u00f6 - SHHJ FJGK","article_publisher":"https:\/\/www.facebook.com\/groups\/115740178447653\/","article_modified_time":"2023-02-18T09:07:28+00:00","og_image":[{"width":567,"height":594,"url":"https:\/\/shhj.info\/wp\/wp-content\/uploads\/2015\/04\/etu_pentu.jpg","type":"image\/jpeg"}],"twitter_card":"summary_large_image","twitter_misc":{"Arvioitu lukuaika":"1 minuutti"},"schema":{"@context":"https:\/\/schema.org","@graph":[{"@type":"WebPage","@id":"https:\/\/shhj.info\/?page_id=3389","url":"https:\/\/shhj.info\/?page_id=3389","name":"Tiedote harmaa norjanhirvikoirien geenitutkimuksista - Suomen Harmaahirvikoiraj\u00e4rjest\u00f6 - SHHJ FJGK","isPartOf":{"@id":"https:\/\/shhj.info\/#website"},"datePublished":"2021-11-16T18:06:36+00:00","dateModified":"2023-02-18T09:07:28+00:00","breadcrumb":{"@id":"https:\/\/shhj.info\/?page_id=3389#breadcrumb"},"inLanguage":"fi","potentialAction":[{"@type":"ReadAction","target":["https:\/\/shhj.info\/?page_id=3389"]}]},{"@type":"BreadcrumbList","@id":"https:\/\/shhj.info\/?page_id=3389#breadcrumb","itemListElement":[{"@type":"ListItem","position":1,"name":"Etusivu","item":"https:\/\/shhj.info\/"},{"@type":"ListItem","position":2,"name":"Tiedote harmaa norjanhirvikoirien geenitutkimuksista"}]},{"@type":"WebSite","@id":"https:\/\/shhj.info\/#website","url":"https:\/\/shhj.info\/","name":"Suomen Harmaahirvikoiraj\u00e4rjest\u00f6 - SHHJ FJGK","description":"parhaiden hirvikoirarotujen rotuj\u00e4rjest\u00f6 Suomessa","publisher":{"@id":"https:\/\/shhj.info\/#organization"},"alternateName":"SHHJ FJGK","potentialAction":[{"@type":"SearchAction","target":{"@type":"EntryPoint","urlTemplate":"https:\/\/shhj.info\/?s={search_term_string}"},"query-input":{"@type":"PropertyValueSpecification","valueRequired":true,"valueName":"search_term_string"}}],"inLanguage":"fi"},{"@type":"Organization","@id":"https:\/\/shhj.info\/#organization","name":"Suomen Harmaahirvikoiraj\u00e4rjest\u00f6 - SHHJ FJGK","url":"https:\/\/shhj.info\/","logo":{"@type":"ImageObject","inLanguage":"fi","@id":"https:\/\/shhj.info\/#\/schema\/logo\/image\/","url":"http:\/\/shhj.info\/wp\/wp-content\/uploads\/2018\/12\/logo.gif","contentUrl":"http:\/\/shhj.info\/wp\/wp-content\/uploads\/2018\/12\/logo.gif","width":169,"height":166,"caption":"Suomen Harmaahirvikoiraj\u00e4rjest\u00f6 - SHHJ FJGK"},"image":{"@id":"https:\/\/shhj.info\/#\/schema\/logo\/image\/"},"sameAs":["https:\/\/www.facebook.com\/groups\/115740178447653\/"]}]}},"_links":{"self":[{"href":"https:\/\/shhj.info\/index.php?rest_route=\/wp\/v2\/pages\/3389","targetHints":{"allow":["GET"]}}],"collection":[{"href":"https:\/\/shhj.info\/index.php?rest_route=\/wp\/v2\/pages"}],"about":[{"href":"https:\/\/shhj.info\/index.php?rest_route=\/wp\/v2\/types\/page"}],"author":[{"embeddable":true,"href":"https:\/\/shhj.info\/index.php?rest_route=\/wp\/v2\/users\/1"}],"replies":[{"embeddable":true,"href":"https:\/\/shhj.info\/index.php?rest_route=%2Fwp%2Fv2%2Fcomments&post=3389"}],"version-history":[{"count":4,"href":"https:\/\/shhj.info\/index.php?rest_route=\/wp\/v2\/pages\/3389\/revisions"}],"predecessor-version":[{"id":3688,"href":"https:\/\/shhj.info\/index.php?rest_route=\/wp\/v2\/pages\/3389\/revisions\/3688"}],"wp:attachment":[{"href":"https:\/\/shhj.info\/index.php?rest_route=%2Fwp%2Fv2%2Fmedia&parent=3389"}],"curies":[{"name":"wp","href":"https:\/\/api.w.org\/{rel}","templated":true}]}}