{"id":3355,"date":"2021-10-19T20:56:58","date_gmt":"2021-10-19T17:56:58","guid":{"rendered":"http:\/\/shhj.info\/?page_id=3355"},"modified":"2021-10-19T21:12:32","modified_gmt":"2021-10-19T18:12:32","slug":"metsapaivan-poytakirjat-ja-sanalliset-selostukset-jamtlannipystykorva-2021","status":"publish","type":"page","link":"https:\/\/shhj.info\/?page_id=3355","title":{"rendered":"Mets\u00e4p\u00e4iv\u00e4n p\u00f6yt\u00e4kirjat ja sanalliset selostukset j\u00e4mtlannipystykorva 2021"},"content":{"rendered":"<p><a href=\"http:\/\/shhj.info\/wp\/wp-content\/uploads\/2021\/10\/Hopeapajulaakson-Manu_pk.pdf\" target=\"_blank\" rel=\"noopener noreferrer\">Hopeapajulaakson Manu p\u00f6yt\u00e4kirja<\/a>, <a href=\"http:\/\/shhj.info\/wp\/wp-content\/uploads\/2021\/10\/HOPEAPAJULAAKSON-MANU.xlsx.pdf\" target=\"_blank\" rel=\"noopener noreferrer\">sanallinen kertomus<\/a><br \/>\n<a href=\"http:\/\/shhj.info\/wp\/wp-content\/uploads\/2021\/10\/Kaskyttajan-Seikka-pk.pdf\" target=\"_blank\" rel=\"noopener noreferrer\">K\u00e4skytt\u00e4j\u00e4n Seikka p\u00f6yt\u00e4kirja<\/a>, <a href=\"http:\/\/shhj.info\/wp\/wp-content\/uploads\/2021\/10\/Kaskyttajan-Seikka.pdf\" target=\"_blank\" rel=\"noopener noreferrer\">sanallinen kertomus<\/a><br \/>\n<a href=\"http:\/\/shhj.info\/wp\/wp-content\/uploads\/2021\/10\/Murennuskurun-Hirvari-pk.pdf\" target=\"_blank\" rel=\"noopener noreferrer\">Murennuskurun Hirvari p\u00f6yt\u00e4kirja<\/a>, <a href=\"http:\/\/shhj.info\/wp\/wp-content\/uploads\/2021\/10\/Murennuskuriun-Hirvari.pdf\" target=\"_blank\" rel=\"noopener noreferrer\">sanallinen kertomus<\/a><br \/>\n<a href=\"http:\/\/shhj.info\/wp\/wp-content\/uploads\/2021\/10\/Murheenlaakson-Svantte-pk.pdf\" target=\"_blank\" rel=\"noopener noreferrer\">Murheenlaakson Svantte p\u00f6yt\u00e4kirja<\/a>, <a href=\"http:\/\/shhj.info\/wp\/wp-content\/uploads\/2021\/10\/Murheenlaakson_Svantte.pdf\" target=\"_blank\" rel=\"noopener noreferrer\">sanallinen kertomus<\/a><br \/>\n<a href=\"http:\/\/shhj.info\/wp\/wp-content\/uploads\/2021\/10\/Pihlajaharjun-Luke-pk.pdf\" target=\"_blank\" rel=\"noopener noreferrer\">Pihlajaharjun Luke p\u00f6yt\u00e4kirja<\/a>, <a href=\"http:\/\/shhj.info\/wp\/wp-content\/uploads\/2021\/10\/PIHLAJAHARJUN-LUKE.xlsx.pdf\" target=\"_blank\" rel=\"noopener noreferrer\">sanallinen kertomus<\/a><br \/>\n<a href=\"http:\/\/shhj.info\/wp\/wp-content\/uploads\/2021\/10\/Routariemun-Igaros-pk.pdf\" target=\"_blank\" rel=\"noopener noreferrer\">Routariemun Igaros p\u00f6yt\u00e4kirja<\/a>, <a href=\"http:\/\/shhj.info\/wp\/wp-content\/uploads\/2021\/10\/Routariemun-Igaros-maastopaiva.pdf\" target=\"_blank\" rel=\"noopener noreferrer\">sanallinen kertomus<\/a><br \/>\n<a href=\"http:\/\/shhj.info\/wp\/wp-content\/uploads\/2021\/10\/Sossijan-Qito-pk.pdf\" target=\"_blank\" rel=\"noopener noreferrer\">S\u00f6ssij\u00e4n Qito p\u00f6yt\u00e4kirja<\/a>, <a href=\"http:\/\/shhj.info\/wp\/wp-content\/uploads\/2021\/10\/SOSSIJAN-QITO.pdf\" target=\"_blank\" rel=\"noopener noreferrer\">sanallinen kertomus<\/a><br \/>\n<a href=\"http:\/\/shhj.info\/wp\/wp-content\/uploads\/2021\/10\/Varpukallion-Jasse-pk.pdf\" target=\"_blank\" rel=\"noopener noreferrer\">Varpukallion Jasse p\u00f6yt\u00e4kirja<\/a>, <a href=\"http:\/\/shhj.info\/wp\/wp-content\/uploads\/2021\/10\/Varpukallion-Jasse.xlsx.pdf\" target=\"_blank\" rel=\"noopener noreferrer\">sanallinen kertomus<\/a><br \/>\n<a href=\"http:\/\/shhj.info\/wp\/wp-content\/uploads\/2021\/10\/Varpukallion-Leka-pk.pdf\" target=\"_blank\" rel=\"noopener noreferrer\">Varpukallion Leka p\u00f6yt\u00e4kirja<\/a>, <a href=\"http:\/\/shhj.info\/wp\/wp-content\/uploads\/2021\/10\/VARPUKALLION-LEKA.pdf\" target=\"_blank\" rel=\"noopener noreferrer\">sanallinen kertomus<\/a><\/p>\n","protected":false},"excerpt":{"rendered":"<p>Hopeapajulaakson Manu p\u00f6yt\u00e4kirja, sanallinen kertomus K\u00e4skytt\u00e4j\u00e4n Seikka p\u00f6yt\u00e4kirja, sanallinen kertomus Murennuskurun Hirvari p\u00f6yt\u00e4kirja, sanallinen kertomus Murheenlaakson Svantte p\u00f6yt\u00e4kirja, sanallinen kertomus Pihlajaharjun Luke p\u00f6yt\u00e4kirja, sanallinen kertomus Routariemun Igaros p\u00f6yt\u00e4kirja, sanallinen kertomus S\u00f6ssij\u00e4n Qito p\u00f6yt\u00e4kirja, sanallinen kertomus Varpukallion Jasse p\u00f6yt\u00e4kirja, sanallinen kertomus Varpukallion Leka p\u00f6yt\u00e4kirja, sanallinen kertomus<\/p>\n","protected":false},"author":1,"featured_media":0,"parent":0,"menu_order":0,"comment_status":"closed","ping_status":"closed","template":"page-scs.php","meta":{"footnotes":""},"class_list":["post-3355","page","type-page","status-publish","hentry"],"yoast_head":"<!-- This site is optimized with the Yoast SEO plugin v26.6 - https:\/\/yoast.com\/wordpress\/plugins\/seo\/ -->\n<title>Mets\u00e4p\u00e4iv\u00e4n p\u00f6yt\u00e4kirjat ja sanalliset selostukset j\u00e4mtlannipystykorva 2021 - Suomen Harmaahirvikoiraj\u00e4rjest\u00f6 - SHHJ FJGK<\/title>\n<meta name=\"robots\" content=\"index, follow, max-snippet:-1, max-image-preview:large, max-video-preview:-1\" \/>\n<link rel=\"canonical\" href=\"https:\/\/shhj.info\/?page_id=3355\" \/>\n<meta property=\"og:locale\" content=\"fi_FI\" \/>\n<meta property=\"og:type\" content=\"article\" \/>\n<meta property=\"og:title\" content=\"Mets\u00e4p\u00e4iv\u00e4n p\u00f6yt\u00e4kirjat ja sanalliset selostukset j\u00e4mtlannipystykorva 2021 - Suomen Harmaahirvikoiraj\u00e4rjest\u00f6 - SHHJ FJGK\" \/>\n<meta property=\"og:description\" content=\"Hopeapajulaakson Manu p\u00f6yt\u00e4kirja, sanallinen kertomus K\u00e4skytt\u00e4j\u00e4n Seikka p\u00f6yt\u00e4kirja, sanallinen kertomus Murennuskurun Hirvari p\u00f6yt\u00e4kirja, sanallinen kertomus Murheenlaakson Svantte p\u00f6yt\u00e4kirja, sanallinen kertomus Pihlajaharjun Luke p\u00f6yt\u00e4kirja, sanallinen kertomus Routariemun Igaros p\u00f6yt\u00e4kirja, sanallinen kertomus S\u00f6ssij\u00e4n Qito p\u00f6yt\u00e4kirja, sanallinen kertomus Varpukallion Jasse p\u00f6yt\u00e4kirja, sanallinen kertomus Varpukallion Leka p\u00f6yt\u00e4kirja, sanallinen kertomus\" \/>\n<meta property=\"og:url\" content=\"https:\/\/shhj.info\/?page_id=3355\" \/>\n<meta property=\"og:site_name\" content=\"Suomen Harmaahirvikoiraj\u00e4rjest\u00f6 - SHHJ FJGK\" \/>\n<meta property=\"article:publisher\" content=\"https:\/\/www.facebook.com\/groups\/115740178447653\/\" \/>\n<meta property=\"article:modified_time\" content=\"2021-10-19T18:12:32+00:00\" \/>\n<meta property=\"og:image\" content=\"https:\/\/shhj.info\/wp\/wp-content\/uploads\/2015\/04\/etu_pentu.jpg\" \/>\n\t<meta property=\"og:image:width\" content=\"567\" \/>\n\t<meta property=\"og:image:height\" content=\"594\" \/>\n\t<meta property=\"og:image:type\" content=\"image\/jpeg\" \/>\n<meta name=\"twitter:card\" content=\"summary_large_image\" \/>\n<script type=\"application\/ld+json\" class=\"yoast-schema-graph\">{\"@context\":\"https:\/\/schema.org\",\"@graph\":[{\"@type\":\"WebPage\",\"@id\":\"https:\/\/shhj.info\/?page_id=3355\",\"url\":\"https:\/\/shhj.info\/?page_id=3355\",\"name\":\"Mets\u00e4p\u00e4iv\u00e4n p\u00f6yt\u00e4kirjat ja sanalliset selostukset j\u00e4mtlannipystykorva 2021 - Suomen Harmaahirvikoiraj\u00e4rjest\u00f6 - SHHJ FJGK\",\"isPartOf\":{\"@id\":\"https:\/\/shhj.info\/#website\"},\"datePublished\":\"2021-10-19T17:56:58+00:00\",\"dateModified\":\"2021-10-19T18:12:32+00:00\",\"breadcrumb\":{\"@id\":\"https:\/\/shhj.info\/?page_id=3355#breadcrumb\"},\"inLanguage\":\"fi\",\"potentialAction\":[{\"@type\":\"ReadAction\",\"target\":[\"https:\/\/shhj.info\/?page_id=3355\"]}]},{\"@type\":\"BreadcrumbList\",\"@id\":\"https:\/\/shhj.info\/?page_id=3355#breadcrumb\",\"itemListElement\":[{\"@type\":\"ListItem\",\"position\":1,\"name\":\"Etusivu\",\"item\":\"https:\/\/shhj.info\/\"},{\"@type\":\"ListItem\",\"position\":2,\"name\":\"Mets\u00e4p\u00e4iv\u00e4n p\u00f6yt\u00e4kirjat ja sanalliset selostukset j\u00e4mtlannipystykorva 2021\"}]},{\"@type\":\"WebSite\",\"@id\":\"https:\/\/shhj.info\/#website\",\"url\":\"https:\/\/shhj.info\/\",\"name\":\"Suomen Harmaahirvikoiraj\u00e4rjest\u00f6 - SHHJ FJGK\",\"description\":\"parhaiden hirvikoirarotujen rotuj\u00e4rjest\u00f6 Suomessa\",\"publisher\":{\"@id\":\"https:\/\/shhj.info\/#organization\"},\"alternateName\":\"SHHJ FJGK\",\"potentialAction\":[{\"@type\":\"SearchAction\",\"target\":{\"@type\":\"EntryPoint\",\"urlTemplate\":\"https:\/\/shhj.info\/?s={search_term_string}\"},\"query-input\":{\"@type\":\"PropertyValueSpecification\",\"valueRequired\":true,\"valueName\":\"search_term_string\"}}],\"inLanguage\":\"fi\"},{\"@type\":\"Organization\",\"@id\":\"https:\/\/shhj.info\/#organization\",\"name\":\"Suomen Harmaahirvikoiraj\u00e4rjest\u00f6 - SHHJ FJGK\",\"url\":\"https:\/\/shhj.info\/\",\"logo\":{\"@type\":\"ImageObject\",\"inLanguage\":\"fi\",\"@id\":\"https:\/\/shhj.info\/#\/schema\/logo\/image\/\",\"url\":\"http:\/\/shhj.info\/wp\/wp-content\/uploads\/2018\/12\/logo.gif\",\"contentUrl\":\"http:\/\/shhj.info\/wp\/wp-content\/uploads\/2018\/12\/logo.gif\",\"width\":169,\"height\":166,\"caption\":\"Suomen Harmaahirvikoiraj\u00e4rjest\u00f6 - SHHJ FJGK\"},\"image\":{\"@id\":\"https:\/\/shhj.info\/#\/schema\/logo\/image\/\"},\"sameAs\":[\"https:\/\/www.facebook.com\/groups\/115740178447653\/\"]}]}<\/script>\n<!-- \/ Yoast SEO plugin. -->","yoast_head_json":{"title":"Mets\u00e4p\u00e4iv\u00e4n p\u00f6yt\u00e4kirjat ja sanalliset selostukset j\u00e4mtlannipystykorva 2021 - Suomen Harmaahirvikoiraj\u00e4rjest\u00f6 - SHHJ FJGK","robots":{"index":"index","follow":"follow","max-snippet":"max-snippet:-1","max-image-preview":"max-image-preview:large","max-video-preview":"max-video-preview:-1"},"canonical":"https:\/\/shhj.info\/?page_id=3355","og_locale":"fi_FI","og_type":"article","og_title":"Mets\u00e4p\u00e4iv\u00e4n p\u00f6yt\u00e4kirjat ja sanalliset selostukset j\u00e4mtlannipystykorva 2021 - Suomen Harmaahirvikoiraj\u00e4rjest\u00f6 - SHHJ FJGK","og_description":"Hopeapajulaakson Manu p\u00f6yt\u00e4kirja, sanallinen kertomus K\u00e4skytt\u00e4j\u00e4n Seikka p\u00f6yt\u00e4kirja, sanallinen kertomus Murennuskurun Hirvari p\u00f6yt\u00e4kirja, sanallinen kertomus Murheenlaakson Svantte p\u00f6yt\u00e4kirja, sanallinen kertomus Pihlajaharjun Luke p\u00f6yt\u00e4kirja, sanallinen kertomus Routariemun Igaros p\u00f6yt\u00e4kirja, sanallinen kertomus S\u00f6ssij\u00e4n Qito p\u00f6yt\u00e4kirja, sanallinen kertomus Varpukallion Jasse p\u00f6yt\u00e4kirja, sanallinen kertomus Varpukallion Leka p\u00f6yt\u00e4kirja, sanallinen kertomus","og_url":"https:\/\/shhj.info\/?page_id=3355","og_site_name":"Suomen Harmaahirvikoiraj\u00e4rjest\u00f6 - SHHJ FJGK","article_publisher":"https:\/\/www.facebook.com\/groups\/115740178447653\/","article_modified_time":"2021-10-19T18:12:32+00:00","og_image":[{"width":567,"height":594,"url":"https:\/\/shhj.info\/wp\/wp-content\/uploads\/2015\/04\/etu_pentu.jpg","type":"image\/jpeg"}],"twitter_card":"summary_large_image","schema":{"@context":"https:\/\/schema.org","@graph":[{"@type":"WebPage","@id":"https:\/\/shhj.info\/?page_id=3355","url":"https:\/\/shhj.info\/?page_id=3355","name":"Mets\u00e4p\u00e4iv\u00e4n p\u00f6yt\u00e4kirjat ja sanalliset selostukset j\u00e4mtlannipystykorva 2021 - Suomen Harmaahirvikoiraj\u00e4rjest\u00f6 - SHHJ FJGK","isPartOf":{"@id":"https:\/\/shhj.info\/#website"},"datePublished":"2021-10-19T17:56:58+00:00","dateModified":"2021-10-19T18:12:32+00:00","breadcrumb":{"@id":"https:\/\/shhj.info\/?page_id=3355#breadcrumb"},"inLanguage":"fi","potentialAction":[{"@type":"ReadAction","target":["https:\/\/shhj.info\/?page_id=3355"]}]},{"@type":"BreadcrumbList","@id":"https:\/\/shhj.info\/?page_id=3355#breadcrumb","itemListElement":[{"@type":"ListItem","position":1,"name":"Etusivu","item":"https:\/\/shhj.info\/"},{"@type":"ListItem","position":2,"name":"Mets\u00e4p\u00e4iv\u00e4n p\u00f6yt\u00e4kirjat ja sanalliset selostukset j\u00e4mtlannipystykorva 2021"}]},{"@type":"WebSite","@id":"https:\/\/shhj.info\/#website","url":"https:\/\/shhj.info\/","name":"Suomen Harmaahirvikoiraj\u00e4rjest\u00f6 - SHHJ FJGK","description":"parhaiden hirvikoirarotujen rotuj\u00e4rjest\u00f6 Suomessa","publisher":{"@id":"https:\/\/shhj.info\/#organization"},"alternateName":"SHHJ FJGK","potentialAction":[{"@type":"SearchAction","target":{"@type":"EntryPoint","urlTemplate":"https:\/\/shhj.info\/?s={search_term_string}"},"query-input":{"@type":"PropertyValueSpecification","valueRequired":true,"valueName":"search_term_string"}}],"inLanguage":"fi"},{"@type":"Organization","@id":"https:\/\/shhj.info\/#organization","name":"Suomen Harmaahirvikoiraj\u00e4rjest\u00f6 - SHHJ FJGK","url":"https:\/\/shhj.info\/","logo":{"@type":"ImageObject","inLanguage":"fi","@id":"https:\/\/shhj.info\/#\/schema\/logo\/image\/","url":"http:\/\/shhj.info\/wp\/wp-content\/uploads\/2018\/12\/logo.gif","contentUrl":"http:\/\/shhj.info\/wp\/wp-content\/uploads\/2018\/12\/logo.gif","width":169,"height":166,"caption":"Suomen Harmaahirvikoiraj\u00e4rjest\u00f6 - SHHJ FJGK"},"image":{"@id":"https:\/\/shhj.info\/#\/schema\/logo\/image\/"},"sameAs":["https:\/\/www.facebook.com\/groups\/115740178447653\/"]}]}},"_links":{"self":[{"href":"https:\/\/shhj.info\/index.php?rest_route=\/wp\/v2\/pages\/3355","targetHints":{"allow":["GET"]}}],"collection":[{"href":"https:\/\/shhj.info\/index.php?rest_route=\/wp\/v2\/pages"}],"about":[{"href":"https:\/\/shhj.info\/index.php?rest_route=\/wp\/v2\/types\/page"}],"author":[{"embeddable":true,"href":"https:\/\/shhj.info\/index.php?rest_route=\/wp\/v2\/users\/1"}],"replies":[{"embeddable":true,"href":"https:\/\/shhj.info\/index.php?rest_route=%2Fwp%2Fv2%2Fcomments&post=3355"}],"version-history":[{"count":3,"href":"https:\/\/shhj.info\/index.php?rest_route=\/wp\/v2\/pages\/3355\/revisions"}],"predecessor-version":[{"id":3367,"href":"https:\/\/shhj.info\/index.php?rest_route=\/wp\/v2\/pages\/3355\/revisions\/3367"}],"wp:attachment":[{"href":"https:\/\/shhj.info\/index.php?rest_route=%2Fwp%2Fv2%2Fmedia&parent=3355"}],"curies":[{"name":"wp","href":"https:\/\/api.w.org\/{rel}","templated":true}]}}