{"id":3311,"date":"2021-10-03T18:48:19","date_gmt":"2021-10-03T15:48:19","guid":{"rendered":"http:\/\/shhj.info\/?page_id=3311"},"modified":"2021-10-03T18:48:19","modified_gmt":"2021-10-03T15:48:19","slug":"metsapaivan-poytakirjat-ja-sanalliset-selostukset-harmaa-norjanhirvikoira-2021","status":"publish","type":"page","link":"https:\/\/shhj.info\/?page_id=3311","title":{"rendered":"Mets\u00e4p\u00e4iv\u00e4n p\u00f6yt\u00e4kirjat ja sanalliset selostukset harmaa norjanhirvikoira 2021"},"content":{"rendered":"<p><a href=\"http:\/\/shhj.info\/wp\/wp-content\/uploads\/2021\/10\/Erahaukun-Cakke_pk.pdf\" target=\"_blank\" rel=\"noopener noreferrer\">Er\u00e4haukun Cakke p\u00f6yt\u00e4kirja<\/a>, <a href=\"http:\/\/shhj.info\/wp\/wp-content\/uploads\/2021\/10\/ERAHAUKUN-CAKKE.pdf\" target=\"_blank\" rel=\"noopener noreferrer\">sanallinen kertomus<\/a><br \/>\nHiilloksen Roki, ei osallistunut<br \/>\n<a href=\"http:\/\/shhj.info\/wp\/wp-content\/uploads\/2021\/10\/Kaarnakorven-Peku_pk.pdf\" target=\"_blank\" rel=\"noopener noreferrer\">Kaarnakorven Peku p\u00f6yt\u00e4kirja<\/a>, <a href=\"http:\/\/shhj.info\/wp\/wp-content\/uploads\/2021\/10\/Kaarnakorven-Peku.pdf\" target=\"_blank\" rel=\"noopener noreferrer\">sanallinen kertomus<\/a><br \/>\n<a href=\"http:\/\/shhj.info\/wp\/wp-content\/uploads\/2021\/10\/Kantovalakian-Aki_pk.pdf\" target=\"_blank\" rel=\"noopener noreferrer\">Kantovalakian Aki p\u00f6yt\u00e4kirja<\/a>, <a href=\"http:\/\/shhj.info\/wp\/wp-content\/uploads\/2021\/10\/Kantovalakian-Aki.pdf\" target=\"_blank\" rel=\"noopener noreferrer\">sanallinen kertomus<\/a><br \/>\n<a href=\"http:\/\/shhj.info\/wp\/wp-content\/uploads\/2021\/10\/Lapinvuoren-Aku_pk.pdf\" target=\"_blank\" rel=\"noopener noreferrer\">Lapinvuoren Aku p\u00f6yt\u00e4kirja<\/a>, <a href=\"http:\/\/shhj.info\/wp\/wp-content\/uploads\/2021\/10\/Lapinvuoren-Aku.pdf\" target=\"_blank\" rel=\"noopener noreferrer\">sanallinen kertomus<\/a><br \/>\n<a href=\"http:\/\/shhj.info\/wp\/wp-content\/uploads\/2021\/10\/Myrskogens-Jabi_pk.pdf\" target=\"_blank\" rel=\"noopener noreferrer\">Myrskogens Jabi p\u00f6yt\u00e4kirja<\/a>, <a href=\"http:\/\/shhj.info\/wp\/wp-content\/uploads\/2021\/10\/Myrskogen-Jabi_pk.pdf\" target=\"_blank\" rel=\"noopener noreferrer\">sanallinen kertomus<\/a><br \/>\n<a href=\"http:\/\/shhj.info\/wp\/wp-content\/uploads\/2021\/10\/Morkokorven-Jurmu_pk.pdf\" target=\"_blank\" rel=\"noopener noreferrer\">M\u00f6rk\u00f6korven Jurmu p\u00f6yt\u00e4kirja<\/a>, <a href=\"http:\/\/shhj.info\/wp\/wp-content\/uploads\/2021\/10\/Morkokorven-Jurmu.pdf\" target=\"_blank\" rel=\"noopener noreferrer\">sanallinen kertomus<\/a><br \/>\n<a href=\"http:\/\/shhj.info\/wp\/wp-content\/uploads\/2021\/10\/Palokallion-Yngve_pk.pdf\" target=\"_blank\" rel=\"noopener noreferrer\">Palokallion Yngve p\u00f6yt\u00e4kirja<\/a>, <a href=\"http:\/\/shhj.info\/wp\/wp-content\/uploads\/2021\/10\/Palokallion-Yngve.pdf\" target=\"_blank\" rel=\"noopener noreferrer\">sanallinen kertomus<\/a><br \/>\n<a href=\"http:\/\/shhj.info\/wp\/wp-content\/uploads\/2021\/10\/Retakan-Pessi_pk.pdf\" target=\"_blank\" rel=\"noopener noreferrer\">Retakan Pessi p\u00f6yt\u00e4kirja<\/a>, <a href=\"http:\/\/shhj.info\/wp\/wp-content\/uploads\/2021\/10\/Retakan-Pessi.pdf\" target=\"_blank\" rel=\"noopener noreferrer\">sanallinen kertomus<\/a><br \/>\n<a href=\"http:\/\/shhj.info\/wp\/wp-content\/uploads\/2021\/10\/Uramon-Salon-Jami_pk.pdf\" target=\"_blank\" rel=\"noopener noreferrer\">Uramon Salon Jami p\u00f6yt\u00e4kirja<\/a>, <a href=\"http:\/\/shhj.info\/wp\/wp-content\/uploads\/2021\/10\/Uramon-Salon-Jami.pdf\" target=\"_blank\" rel=\"noopener noreferrer\">sanallinen kertomus<\/a><\/p>\n","protected":false},"excerpt":{"rendered":"<p>Er\u00e4haukun Cakke p\u00f6yt\u00e4kirja, sanallinen kertomus Hiilloksen Roki, ei osallistunut Kaarnakorven Peku p\u00f6yt\u00e4kirja, sanallinen kertomus Kantovalakian Aki p\u00f6yt\u00e4kirja, sanallinen kertomus Lapinvuoren Aku p\u00f6yt\u00e4kirja, sanallinen kertomus Myrskogens Jabi p\u00f6yt\u00e4kirja, sanallinen kertomus M\u00f6rk\u00f6korven Jurmu p\u00f6yt\u00e4kirja, sanallinen kertomus Palokallion Yngve p\u00f6yt\u00e4kirja, sanallinen kertomus Retakan Pessi p\u00f6yt\u00e4kirja, sanallinen kertomus Uramon Salon Jami p\u00f6yt\u00e4kirja, sanallinen kertomus<\/p>\n","protected":false},"author":1,"featured_media":0,"parent":0,"menu_order":0,"comment_status":"closed","ping_status":"closed","template":"page-scs.php","meta":{"footnotes":""},"class_list":["post-3311","page","type-page","status-publish","hentry"],"yoast_head":"<!-- This site is optimized with the Yoast SEO plugin v26.6 - https:\/\/yoast.com\/wordpress\/plugins\/seo\/ -->\n<title>Mets\u00e4p\u00e4iv\u00e4n p\u00f6yt\u00e4kirjat ja sanalliset selostukset harmaa norjanhirvikoira 2021 - Suomen Harmaahirvikoiraj\u00e4rjest\u00f6 - SHHJ FJGK<\/title>\n<meta name=\"robots\" content=\"index, follow, max-snippet:-1, max-image-preview:large, max-video-preview:-1\" \/>\n<link rel=\"canonical\" href=\"https:\/\/shhj.info\/?page_id=3311\" \/>\n<meta property=\"og:locale\" content=\"fi_FI\" \/>\n<meta property=\"og:type\" content=\"article\" \/>\n<meta property=\"og:title\" content=\"Mets\u00e4p\u00e4iv\u00e4n p\u00f6yt\u00e4kirjat ja sanalliset selostukset harmaa norjanhirvikoira 2021 - Suomen Harmaahirvikoiraj\u00e4rjest\u00f6 - SHHJ FJGK\" \/>\n<meta property=\"og:description\" content=\"Er\u00e4haukun Cakke p\u00f6yt\u00e4kirja, sanallinen kertomus Hiilloksen Roki, ei osallistunut Kaarnakorven Peku p\u00f6yt\u00e4kirja, sanallinen kertomus Kantovalakian Aki p\u00f6yt\u00e4kirja, sanallinen kertomus Lapinvuoren Aku p\u00f6yt\u00e4kirja, sanallinen kertomus Myrskogens Jabi p\u00f6yt\u00e4kirja, sanallinen kertomus M\u00f6rk\u00f6korven Jurmu p\u00f6yt\u00e4kirja, sanallinen kertomus Palokallion Yngve p\u00f6yt\u00e4kirja, sanallinen kertomus Retakan Pessi p\u00f6yt\u00e4kirja, sanallinen kertomus Uramon Salon Jami p\u00f6yt\u00e4kirja, sanallinen kertomus\" \/>\n<meta property=\"og:url\" content=\"https:\/\/shhj.info\/?page_id=3311\" \/>\n<meta property=\"og:site_name\" content=\"Suomen Harmaahirvikoiraj\u00e4rjest\u00f6 - SHHJ FJGK\" \/>\n<meta property=\"article:publisher\" content=\"https:\/\/www.facebook.com\/groups\/115740178447653\/\" \/>\n<meta property=\"og:image\" content=\"https:\/\/shhj.info\/wp\/wp-content\/uploads\/2015\/04\/etu_pentu.jpg\" \/>\n\t<meta property=\"og:image:width\" content=\"567\" \/>\n\t<meta property=\"og:image:height\" content=\"594\" \/>\n\t<meta property=\"og:image:type\" content=\"image\/jpeg\" \/>\n<meta name=\"twitter:card\" content=\"summary_large_image\" \/>\n<script type=\"application\/ld+json\" class=\"yoast-schema-graph\">{\"@context\":\"https:\/\/schema.org\",\"@graph\":[{\"@type\":\"WebPage\",\"@id\":\"https:\/\/shhj.info\/?page_id=3311\",\"url\":\"https:\/\/shhj.info\/?page_id=3311\",\"name\":\"Mets\u00e4p\u00e4iv\u00e4n p\u00f6yt\u00e4kirjat ja sanalliset selostukset harmaa norjanhirvikoira 2021 - Suomen Harmaahirvikoiraj\u00e4rjest\u00f6 - SHHJ FJGK\",\"isPartOf\":{\"@id\":\"https:\/\/shhj.info\/#website\"},\"datePublished\":\"2021-10-03T15:48:19+00:00\",\"breadcrumb\":{\"@id\":\"https:\/\/shhj.info\/?page_id=3311#breadcrumb\"},\"inLanguage\":\"fi\",\"potentialAction\":[{\"@type\":\"ReadAction\",\"target\":[\"https:\/\/shhj.info\/?page_id=3311\"]}]},{\"@type\":\"BreadcrumbList\",\"@id\":\"https:\/\/shhj.info\/?page_id=3311#breadcrumb\",\"itemListElement\":[{\"@type\":\"ListItem\",\"position\":1,\"name\":\"Etusivu\",\"item\":\"https:\/\/shhj.info\/\"},{\"@type\":\"ListItem\",\"position\":2,\"name\":\"Mets\u00e4p\u00e4iv\u00e4n p\u00f6yt\u00e4kirjat ja sanalliset selostukset harmaa norjanhirvikoira 2021\"}]},{\"@type\":\"WebSite\",\"@id\":\"https:\/\/shhj.info\/#website\",\"url\":\"https:\/\/shhj.info\/\",\"name\":\"Suomen Harmaahirvikoiraj\u00e4rjest\u00f6 - SHHJ FJGK\",\"description\":\"parhaiden hirvikoirarotujen rotuj\u00e4rjest\u00f6 Suomessa\",\"publisher\":{\"@id\":\"https:\/\/shhj.info\/#organization\"},\"alternateName\":\"SHHJ FJGK\",\"potentialAction\":[{\"@type\":\"SearchAction\",\"target\":{\"@type\":\"EntryPoint\",\"urlTemplate\":\"https:\/\/shhj.info\/?s={search_term_string}\"},\"query-input\":{\"@type\":\"PropertyValueSpecification\",\"valueRequired\":true,\"valueName\":\"search_term_string\"}}],\"inLanguage\":\"fi\"},{\"@type\":\"Organization\",\"@id\":\"https:\/\/shhj.info\/#organization\",\"name\":\"Suomen Harmaahirvikoiraj\u00e4rjest\u00f6 - SHHJ FJGK\",\"url\":\"https:\/\/shhj.info\/\",\"logo\":{\"@type\":\"ImageObject\",\"inLanguage\":\"fi\",\"@id\":\"https:\/\/shhj.info\/#\/schema\/logo\/image\/\",\"url\":\"http:\/\/shhj.info\/wp\/wp-content\/uploads\/2018\/12\/logo.gif\",\"contentUrl\":\"http:\/\/shhj.info\/wp\/wp-content\/uploads\/2018\/12\/logo.gif\",\"width\":169,\"height\":166,\"caption\":\"Suomen Harmaahirvikoiraj\u00e4rjest\u00f6 - SHHJ FJGK\"},\"image\":{\"@id\":\"https:\/\/shhj.info\/#\/schema\/logo\/image\/\"},\"sameAs\":[\"https:\/\/www.facebook.com\/groups\/115740178447653\/\"]}]}<\/script>\n<!-- \/ Yoast SEO plugin. -->","yoast_head_json":{"title":"Mets\u00e4p\u00e4iv\u00e4n p\u00f6yt\u00e4kirjat ja sanalliset selostukset harmaa norjanhirvikoira 2021 - Suomen Harmaahirvikoiraj\u00e4rjest\u00f6 - SHHJ FJGK","robots":{"index":"index","follow":"follow","max-snippet":"max-snippet:-1","max-image-preview":"max-image-preview:large","max-video-preview":"max-video-preview:-1"},"canonical":"https:\/\/shhj.info\/?page_id=3311","og_locale":"fi_FI","og_type":"article","og_title":"Mets\u00e4p\u00e4iv\u00e4n p\u00f6yt\u00e4kirjat ja sanalliset selostukset harmaa norjanhirvikoira 2021 - Suomen Harmaahirvikoiraj\u00e4rjest\u00f6 - SHHJ FJGK","og_description":"Er\u00e4haukun Cakke p\u00f6yt\u00e4kirja, sanallinen kertomus Hiilloksen Roki, ei osallistunut Kaarnakorven Peku p\u00f6yt\u00e4kirja, sanallinen kertomus Kantovalakian Aki p\u00f6yt\u00e4kirja, sanallinen kertomus Lapinvuoren Aku p\u00f6yt\u00e4kirja, sanallinen kertomus Myrskogens Jabi p\u00f6yt\u00e4kirja, sanallinen kertomus M\u00f6rk\u00f6korven Jurmu p\u00f6yt\u00e4kirja, sanallinen kertomus Palokallion Yngve p\u00f6yt\u00e4kirja, sanallinen kertomus Retakan Pessi p\u00f6yt\u00e4kirja, sanallinen kertomus Uramon Salon Jami p\u00f6yt\u00e4kirja, sanallinen kertomus","og_url":"https:\/\/shhj.info\/?page_id=3311","og_site_name":"Suomen Harmaahirvikoiraj\u00e4rjest\u00f6 - SHHJ FJGK","article_publisher":"https:\/\/www.facebook.com\/groups\/115740178447653\/","og_image":[{"width":567,"height":594,"url":"https:\/\/shhj.info\/wp\/wp-content\/uploads\/2015\/04\/etu_pentu.jpg","type":"image\/jpeg"}],"twitter_card":"summary_large_image","schema":{"@context":"https:\/\/schema.org","@graph":[{"@type":"WebPage","@id":"https:\/\/shhj.info\/?page_id=3311","url":"https:\/\/shhj.info\/?page_id=3311","name":"Mets\u00e4p\u00e4iv\u00e4n p\u00f6yt\u00e4kirjat ja sanalliset selostukset harmaa norjanhirvikoira 2021 - Suomen Harmaahirvikoiraj\u00e4rjest\u00f6 - SHHJ FJGK","isPartOf":{"@id":"https:\/\/shhj.info\/#website"},"datePublished":"2021-10-03T15:48:19+00:00","breadcrumb":{"@id":"https:\/\/shhj.info\/?page_id=3311#breadcrumb"},"inLanguage":"fi","potentialAction":[{"@type":"ReadAction","target":["https:\/\/shhj.info\/?page_id=3311"]}]},{"@type":"BreadcrumbList","@id":"https:\/\/shhj.info\/?page_id=3311#breadcrumb","itemListElement":[{"@type":"ListItem","position":1,"name":"Etusivu","item":"https:\/\/shhj.info\/"},{"@type":"ListItem","position":2,"name":"Mets\u00e4p\u00e4iv\u00e4n p\u00f6yt\u00e4kirjat ja sanalliset selostukset harmaa norjanhirvikoira 2021"}]},{"@type":"WebSite","@id":"https:\/\/shhj.info\/#website","url":"https:\/\/shhj.info\/","name":"Suomen Harmaahirvikoiraj\u00e4rjest\u00f6 - SHHJ FJGK","description":"parhaiden hirvikoirarotujen rotuj\u00e4rjest\u00f6 Suomessa","publisher":{"@id":"https:\/\/shhj.info\/#organization"},"alternateName":"SHHJ FJGK","potentialAction":[{"@type":"SearchAction","target":{"@type":"EntryPoint","urlTemplate":"https:\/\/shhj.info\/?s={search_term_string}"},"query-input":{"@type":"PropertyValueSpecification","valueRequired":true,"valueName":"search_term_string"}}],"inLanguage":"fi"},{"@type":"Organization","@id":"https:\/\/shhj.info\/#organization","name":"Suomen Harmaahirvikoiraj\u00e4rjest\u00f6 - SHHJ FJGK","url":"https:\/\/shhj.info\/","logo":{"@type":"ImageObject","inLanguage":"fi","@id":"https:\/\/shhj.info\/#\/schema\/logo\/image\/","url":"http:\/\/shhj.info\/wp\/wp-content\/uploads\/2018\/12\/logo.gif","contentUrl":"http:\/\/shhj.info\/wp\/wp-content\/uploads\/2018\/12\/logo.gif","width":169,"height":166,"caption":"Suomen Harmaahirvikoiraj\u00e4rjest\u00f6 - SHHJ FJGK"},"image":{"@id":"https:\/\/shhj.info\/#\/schema\/logo\/image\/"},"sameAs":["https:\/\/www.facebook.com\/groups\/115740178447653\/"]}]}},"_links":{"self":[{"href":"https:\/\/shhj.info\/index.php?rest_route=\/wp\/v2\/pages\/3311","targetHints":{"allow":["GET"]}}],"collection":[{"href":"https:\/\/shhj.info\/index.php?rest_route=\/wp\/v2\/pages"}],"about":[{"href":"https:\/\/shhj.info\/index.php?rest_route=\/wp\/v2\/types\/page"}],"author":[{"embeddable":true,"href":"https:\/\/shhj.info\/index.php?rest_route=\/wp\/v2\/users\/1"}],"replies":[{"embeddable":true,"href":"https:\/\/shhj.info\/index.php?rest_route=%2Fwp%2Fv2%2Fcomments&post=3311"}],"version-history":[{"count":1,"href":"https:\/\/shhj.info\/index.php?rest_route=\/wp\/v2\/pages\/3311\/revisions"}],"predecessor-version":[{"id":3312,"href":"https:\/\/shhj.info\/index.php?rest_route=\/wp\/v2\/pages\/3311\/revisions\/3312"}],"wp:attachment":[{"href":"https:\/\/shhj.info\/index.php?rest_route=%2Fwp%2Fv2%2Fmedia&parent=3311"}],"curies":[{"name":"wp","href":"https:\/\/api.w.org\/{rel}","templated":true}]}}