{"id":2952,"date":"2020-09-07T22:50:54","date_gmt":"2020-09-07T19:50:54","guid":{"rendered":"http:\/\/www.shhj.info\/?page_id=2952"},"modified":"2024-11-07T21:43:30","modified_gmt":"2024-11-07T19:43:30","slug":"harmaa-norjanhirvikoiran-pentuja-jamtlanninpystykorvan-pentuja-valkoisen-ruotsinhirvikoiran-pentuja","status":"publish","type":"page","link":"https:\/\/shhj.info\/?page_id=2952","title":{"rendered":"Pentuja, astutuksia"},"content":{"rendered":"<p>Astutus- ja pentuv\u00e4lityspalstat l\u00f6yd\u00e4n alla olevien linkkien takaa:<\/p>\n<p><a href=\"http:\/\/shhj.info\/keskustelufoorumi\/\" target=\"_blank\" rel=\"noopener\">Harmaa norjanhirvikoiran pentuja<\/a><\/p>\n<p><a href=\"http:\/\/shhj.info\/keskustelufoorumi\/\" target=\"_blank\" rel=\"noopener\">J\u00e4mtlanninpystykorvan pentuja<\/a><\/p>\n<p><a href=\"http:\/\/shhj.info\/keskustelufoorumi\/\" target=\"_blank\" rel=\"noopener\">Valkoisen ruotsinhirvikoiran pentuja<\/a><\/p>\n<p>&nbsp;<\/p>\n","protected":false},"excerpt":{"rendered":"<p>Astutus- ja pentuv\u00e4lityspalstat l\u00f6yd\u00e4n alla olevien linkkien takaa: Harmaa norjanhirvikoiran pentuja J\u00e4mtlanninpystykorvan pentuja Valkoisen ruotsinhirvikoiran pentuja &nbsp;<\/p>\n","protected":false},"author":1,"featured_media":0,"parent":0,"menu_order":0,"comment_status":"closed","ping_status":"closed","template":"","meta":{"footnotes":""},"class_list":["post-2952","page","type-page","status-publish","hentry"],"yoast_head":"<!-- This site is optimized with the Yoast SEO plugin v26.6 - https:\/\/yoast.com\/wordpress\/plugins\/seo\/ -->\n<title>Pentuja, astutuksia - Suomen Harmaahirvikoiraj\u00e4rjest\u00f6 - SHHJ FJGK<\/title>\n<meta name=\"description\" content=\"Suomen Harmaahirvikoiraj\u00e4rjest\u00f6, parhaiden hirvikoirarotujen rotuj\u00e4rjest\u00f6 Suomessa. Pentuja, jalostusneuvontaa, j\u00e4senetuja yms!\" \/>\n<meta name=\"robots\" content=\"index, follow, max-snippet:-1, max-image-preview:large, max-video-preview:-1\" \/>\n<link rel=\"canonical\" href=\"https:\/\/shhj.info\/?page_id=2952\" \/>\n<meta property=\"og:locale\" content=\"fi_FI\" \/>\n<meta property=\"og:type\" content=\"article\" \/>\n<meta property=\"og:title\" content=\"Pentuja, astutuksia - Suomen Harmaahirvikoiraj\u00e4rjest\u00f6 - SHHJ FJGK\" \/>\n<meta property=\"og:description\" content=\"Suomen Harmaahirvikoiraj\u00e4rjest\u00f6, parhaiden hirvikoirarotujen rotuj\u00e4rjest\u00f6 Suomessa. Pentuja, jalostusneuvontaa, j\u00e4senetuja yms!\" \/>\n<meta property=\"og:url\" content=\"https:\/\/shhj.info\/?page_id=2952\" \/>\n<meta property=\"og:site_name\" content=\"Suomen Harmaahirvikoiraj\u00e4rjest\u00f6 - SHHJ FJGK\" \/>\n<meta property=\"article:publisher\" content=\"https:\/\/www.facebook.com\/groups\/115740178447653\/\" \/>\n<meta property=\"article:modified_time\" content=\"2024-11-07T19:43:30+00:00\" \/>\n<meta property=\"og:image\" content=\"https:\/\/shhj.info\/wp\/wp-content\/uploads\/2015\/04\/etu_pentu.jpg\" \/>\n\t<meta property=\"og:image:width\" content=\"567\" \/>\n\t<meta property=\"og:image:height\" content=\"594\" \/>\n\t<meta property=\"og:image:type\" content=\"image\/jpeg\" \/>\n<meta name=\"twitter:card\" content=\"summary_large_image\" \/>\n<meta name=\"twitter:label1\" content=\"Arvioitu lukuaika\" \/>\n\t<meta name=\"twitter:data1\" content=\"1 minuutti\" \/>\n<script type=\"application\/ld+json\" class=\"yoast-schema-graph\">{\"@context\":\"https:\/\/schema.org\",\"@graph\":[{\"@type\":\"WebPage\",\"@id\":\"https:\/\/shhj.info\/?page_id=2952\",\"url\":\"https:\/\/shhj.info\/?page_id=2952\",\"name\":\"Pentuja, astutuksia - Suomen Harmaahirvikoiraj\u00e4rjest\u00f6 - SHHJ FJGK\",\"isPartOf\":{\"@id\":\"https:\/\/shhj.info\/#website\"},\"datePublished\":\"2020-09-07T19:50:54+00:00\",\"dateModified\":\"2024-11-07T19:43:30+00:00\",\"description\":\"Suomen Harmaahirvikoiraj\u00e4rjest\u00f6, parhaiden hirvikoirarotujen rotuj\u00e4rjest\u00f6 Suomessa. Pentuja, jalostusneuvontaa, j\u00e4senetuja yms!\",\"breadcrumb\":{\"@id\":\"https:\/\/shhj.info\/?page_id=2952#breadcrumb\"},\"inLanguage\":\"fi\",\"potentialAction\":[{\"@type\":\"ReadAction\",\"target\":[\"https:\/\/shhj.info\/?page_id=2952\"]}]},{\"@type\":\"BreadcrumbList\",\"@id\":\"https:\/\/shhj.info\/?page_id=2952#breadcrumb\",\"itemListElement\":[{\"@type\":\"ListItem\",\"position\":1,\"name\":\"Etusivu\",\"item\":\"https:\/\/shhj.info\/\"},{\"@type\":\"ListItem\",\"position\":2,\"name\":\"Pentuja, astutuksia\"}]},{\"@type\":\"WebSite\",\"@id\":\"https:\/\/shhj.info\/#website\",\"url\":\"https:\/\/shhj.info\/\",\"name\":\"Suomen Harmaahirvikoiraj\u00e4rjest\u00f6 - SHHJ FJGK\",\"description\":\"parhaiden hirvikoirarotujen rotuj\u00e4rjest\u00f6 Suomessa\",\"publisher\":{\"@id\":\"https:\/\/shhj.info\/#organization\"},\"alternateName\":\"SHHJ FJGK\",\"potentialAction\":[{\"@type\":\"SearchAction\",\"target\":{\"@type\":\"EntryPoint\",\"urlTemplate\":\"https:\/\/shhj.info\/?s={search_term_string}\"},\"query-input\":{\"@type\":\"PropertyValueSpecification\",\"valueRequired\":true,\"valueName\":\"search_term_string\"}}],\"inLanguage\":\"fi\"},{\"@type\":\"Organization\",\"@id\":\"https:\/\/shhj.info\/#organization\",\"name\":\"Suomen Harmaahirvikoiraj\u00e4rjest\u00f6 - SHHJ FJGK\",\"url\":\"https:\/\/shhj.info\/\",\"logo\":{\"@type\":\"ImageObject\",\"inLanguage\":\"fi\",\"@id\":\"https:\/\/shhj.info\/#\/schema\/logo\/image\/\",\"url\":\"http:\/\/shhj.info\/wp\/wp-content\/uploads\/2018\/12\/logo.gif\",\"contentUrl\":\"http:\/\/shhj.info\/wp\/wp-content\/uploads\/2018\/12\/logo.gif\",\"width\":169,\"height\":166,\"caption\":\"Suomen Harmaahirvikoiraj\u00e4rjest\u00f6 - SHHJ FJGK\"},\"image\":{\"@id\":\"https:\/\/shhj.info\/#\/schema\/logo\/image\/\"},\"sameAs\":[\"https:\/\/www.facebook.com\/groups\/115740178447653\/\"]}]}<\/script>\n<!-- \/ Yoast SEO plugin. -->","yoast_head_json":{"title":"Pentuja, astutuksia - Suomen Harmaahirvikoiraj\u00e4rjest\u00f6 - SHHJ FJGK","description":"Suomen Harmaahirvikoiraj\u00e4rjest\u00f6, parhaiden hirvikoirarotujen rotuj\u00e4rjest\u00f6 Suomessa. Pentuja, jalostusneuvontaa, j\u00e4senetuja yms!","robots":{"index":"index","follow":"follow","max-snippet":"max-snippet:-1","max-image-preview":"max-image-preview:large","max-video-preview":"max-video-preview:-1"},"canonical":"https:\/\/shhj.info\/?page_id=2952","og_locale":"fi_FI","og_type":"article","og_title":"Pentuja, astutuksia - Suomen Harmaahirvikoiraj\u00e4rjest\u00f6 - SHHJ FJGK","og_description":"Suomen Harmaahirvikoiraj\u00e4rjest\u00f6, parhaiden hirvikoirarotujen rotuj\u00e4rjest\u00f6 Suomessa. Pentuja, jalostusneuvontaa, j\u00e4senetuja yms!","og_url":"https:\/\/shhj.info\/?page_id=2952","og_site_name":"Suomen Harmaahirvikoiraj\u00e4rjest\u00f6 - SHHJ FJGK","article_publisher":"https:\/\/www.facebook.com\/groups\/115740178447653\/","article_modified_time":"2024-11-07T19:43:30+00:00","og_image":[{"width":567,"height":594,"url":"https:\/\/shhj.info\/wp\/wp-content\/uploads\/2015\/04\/etu_pentu.jpg","type":"image\/jpeg"}],"twitter_card":"summary_large_image","twitter_misc":{"Arvioitu lukuaika":"1 minuutti"},"schema":{"@context":"https:\/\/schema.org","@graph":[{"@type":"WebPage","@id":"https:\/\/shhj.info\/?page_id=2952","url":"https:\/\/shhj.info\/?page_id=2952","name":"Pentuja, astutuksia - Suomen Harmaahirvikoiraj\u00e4rjest\u00f6 - SHHJ FJGK","isPartOf":{"@id":"https:\/\/shhj.info\/#website"},"datePublished":"2020-09-07T19:50:54+00:00","dateModified":"2024-11-07T19:43:30+00:00","description":"Suomen Harmaahirvikoiraj\u00e4rjest\u00f6, parhaiden hirvikoirarotujen rotuj\u00e4rjest\u00f6 Suomessa. Pentuja, jalostusneuvontaa, j\u00e4senetuja yms!","breadcrumb":{"@id":"https:\/\/shhj.info\/?page_id=2952#breadcrumb"},"inLanguage":"fi","potentialAction":[{"@type":"ReadAction","target":["https:\/\/shhj.info\/?page_id=2952"]}]},{"@type":"BreadcrumbList","@id":"https:\/\/shhj.info\/?page_id=2952#breadcrumb","itemListElement":[{"@type":"ListItem","position":1,"name":"Etusivu","item":"https:\/\/shhj.info\/"},{"@type":"ListItem","position":2,"name":"Pentuja, astutuksia"}]},{"@type":"WebSite","@id":"https:\/\/shhj.info\/#website","url":"https:\/\/shhj.info\/","name":"Suomen Harmaahirvikoiraj\u00e4rjest\u00f6 - SHHJ FJGK","description":"parhaiden hirvikoirarotujen rotuj\u00e4rjest\u00f6 Suomessa","publisher":{"@id":"https:\/\/shhj.info\/#organization"},"alternateName":"SHHJ FJGK","potentialAction":[{"@type":"SearchAction","target":{"@type":"EntryPoint","urlTemplate":"https:\/\/shhj.info\/?s={search_term_string}"},"query-input":{"@type":"PropertyValueSpecification","valueRequired":true,"valueName":"search_term_string"}}],"inLanguage":"fi"},{"@type":"Organization","@id":"https:\/\/shhj.info\/#organization","name":"Suomen Harmaahirvikoiraj\u00e4rjest\u00f6 - SHHJ FJGK","url":"https:\/\/shhj.info\/","logo":{"@type":"ImageObject","inLanguage":"fi","@id":"https:\/\/shhj.info\/#\/schema\/logo\/image\/","url":"http:\/\/shhj.info\/wp\/wp-content\/uploads\/2018\/12\/logo.gif","contentUrl":"http:\/\/shhj.info\/wp\/wp-content\/uploads\/2018\/12\/logo.gif","width":169,"height":166,"caption":"Suomen Harmaahirvikoiraj\u00e4rjest\u00f6 - SHHJ FJGK"},"image":{"@id":"https:\/\/shhj.info\/#\/schema\/logo\/image\/"},"sameAs":["https:\/\/www.facebook.com\/groups\/115740178447653\/"]}]}},"_links":{"self":[{"href":"https:\/\/shhj.info\/index.php?rest_route=\/wp\/v2\/pages\/2952","targetHints":{"allow":["GET"]}}],"collection":[{"href":"https:\/\/shhj.info\/index.php?rest_route=\/wp\/v2\/pages"}],"about":[{"href":"https:\/\/shhj.info\/index.php?rest_route=\/wp\/v2\/types\/page"}],"author":[{"embeddable":true,"href":"https:\/\/shhj.info\/index.php?rest_route=\/wp\/v2\/users\/1"}],"replies":[{"embeddable":true,"href":"https:\/\/shhj.info\/index.php?rest_route=%2Fwp%2Fv2%2Fcomments&post=2952"}],"version-history":[{"count":6,"href":"https:\/\/shhj.info\/index.php?rest_route=\/wp\/v2\/pages\/2952\/revisions"}],"predecessor-version":[{"id":4246,"href":"https:\/\/shhj.info\/index.php?rest_route=\/wp\/v2\/pages\/2952\/revisions\/4246"}],"wp:attachment":[{"href":"https:\/\/shhj.info\/index.php?rest_route=%2Fwp%2Fv2%2Fmedia&parent=2952"}],"curies":[{"name":"wp","href":"https:\/\/api.w.org\/{rel}","templated":true}]}}