{"id":29,"date":"2015-04-18T23:12:45","date_gmt":"2015-04-18T20:12:45","guid":{"rendered":"http:\/\/www.shhj.info\/wp\/?page_id=29"},"modified":"2015-05-09T01:09:52","modified_gmt":"2015-05-08T22:09:52","slug":"jamtlanninpystykorva","status":"publish","type":"page","link":"https:\/\/shhj.info\/?page_id=29","title":{"rendered":"J\u00e4mtlanninpystykorva"},"content":{"rendered":"<p><img loading=\"lazy\" decoding=\"async\" class=\"alignright wp-image-698\" src=\"http:\/\/www.shhj.info\/wp\/wp-content\/uploads\/2015\/04\/jamti.jpg\" alt=\"jamti\" width=\"400\" height=\"293\" srcset=\"https:\/\/shhj.info\/wp\/wp-content\/uploads\/2015\/04\/jamti.jpg 532w, https:\/\/shhj.info\/wp\/wp-content\/uploads\/2015\/04\/jamti-300x220.jpg 300w\" sizes=\"auto, (max-width: 400px) 100vw, 400px\" \/>Ennen vuotta 1946 Ruotsissa ja Norjassa paikallisia pystykorvakantoja yritettiin sulauttaa yhteen nimell\u00e4<br \/>\nnorrlanninpystykorva. L\u00e4ht\u00f6kohtina olivat alueella tavatut pienehk\u00f6t ja vantterat pystykorvat sek\u00e4<br \/>\nniit\u00e4 kymmenkunta sentti\u00e4 suurempi, rakenteeltaan kevyempi koira-aines. Yhteist\u00e4 molemmille kannoille<br \/>\noli harmaa yleisv\u00e4ri. Rotujen l\u00e4ht\u00f6kohdat olivat kuitenkin siin\u00e4 m\u00e4\u00e4rin toisistaan poikkeavat, ett\u00e4<br \/>\npuolessa vuosisadassa ei onnistuttu kokoamaan yhten\u00e4ist\u00e4 rotua. Jatkuvien ristiriitojen v\u00e4ltt\u00e4miseksi<br \/>\nrodut p\u00e4\u00e4tettiin erottaa toisistaan. J\u00e4mtlanninpystykorvalle vahvistettiin oma rotum\u00e4\u00e4ritelm\u00e4<br \/>\n21.11.1946. P\u00e4\u00e4t\u00f6s oli mit\u00e4 ilmeisimmin perusteltu, sill\u00e4 harmaa norjanhirvikoira sek\u00e4 j\u00e4mtlanninpystykorva<br \/>\nvakiintuivat omiksi roduikseen h\u00e4mm\u00e4stytt\u00e4v\u00e4n lyhyess\u00e4 ajassa<\/p>\n<p>J\u00e4mtlanninpystykorvan ulkomuodon ja k\u00e4ytt\u00f6ominaisuuksien vakiinnuttamisessa k\u00e4ytettiin ahdasta<br \/>\nsukusiitosta. Oman lis\u00e4v\u00e4rins\u00e4 rodun kehitykseen toivat suurkasvattajat, jotka onnistuivat luomaan<br \/>\nomalla kasvatusty\u00f6ll\u00e4\u00e4n suoranaisia jalostuslinjoja rodun sis\u00e4lle. Alkuaikojen ahdas sukusiitos selitt\u00e4nee<br \/>\nmy\u00f6s osaltaan rodussa my\u00f6hemmin havaittuja perinn\u00f6llisi\u00e4 sairauksia, joita jonkin verran esiintyy.<\/p>\n<p>Vuosi 1940 muodostui k\u00e4\u00e4nteentekev\u00e4ksi j\u00e4mtlanninpystykorvan kehitykselle Suomessa. Syksyll\u00e4 1939<br \/>\noli alkanut sota Ven\u00e4j\u00e4\u00e4 (silloinen Neuvostoliitto) vastaan. Alkutalvesta 1940 ruotsalaisen kreivin Bj\u00f6rn<br \/>\nvon Rosenin aloitteesta koottiin kiireell\u00e4 kaksi koiravaljakkoa k\u00e4ytett\u00e4v\u00e4ksi haavoittuneiden evakuointiin<br \/>\nvaikeissa lumiolosuhteissa. Ruotsista ei ollut saatavissa riitt\u00e4v\u00e4sti varsinaisiin vetokoirarotuihin<br \/>\nkuuluvia yksil\u00f6it\u00e4 ja siit\u00e4 syyst\u00e4 valjakkoon hyv\u00e4ksyttiin paikallista alkuper\u00e4\u00e4 olevia suurikokoisia, pystykorvaisia<br \/>\nkoiria. Bj\u00f6rn von Rosenin lahjoittamiin valjakkoihin kuului kaikkiaan 14 koiraa. Koirat olivat<br \/>\nRuotsin Vapaaehtoisjoukon k\u00e4yt\u00f6ss\u00e4 talvisodan loppuun saakka. Sodan p\u00e4\u00e4tytty\u00e4 koirat lahjoitettiin 9.<br \/>\nhuhtikuuta 1940 Suomen punaiselle ristille ja ne sijoitettiin armeijan koirakouluun H\u00e4meenlinnaan.<br \/>\nMy\u00f6hemmin jatkosodan aikana osaa koirista k\u00e4ytettiin sotateht\u00e4viin viesti- ja vartiokoirina. Vaikeassa<br \/>\nelintarviketilanteessa osa koirista osoittautui k\u00e4ytt\u00f6kelpoiseksi my\u00f6s hirvijahdissa ja niit\u00e4 myytiin sodan<br \/>\nkest\u00e4ess\u00e4 tai sen j\u00e4lkeen mets\u00e4styskoiriksi tarkoin valikoiduille ostajille.<\/p>\n<p>Ensimm\u00e4inen k\u00e4ytt\u00f6valio j\u00e4mtlanninpystykorvista saatiin vasta 1960-luvun alussa (JCH Djimi 4166\/57).<br \/>\nDjimin em\u00e4nis\u00e4 nelj\u00e4nness\u00e4 polvessa oli Stor\u00e5br\u00e4nna-suvun kantais\u00e4 Jack 1644HH, jota pidet\u00e4\u00e4n koko<br \/>\nrodun kantakoirana.<\/p>\n<p>Nelj\u00e4 ensimm\u00e4ist\u00e4 vuosikymment\u00e4 vuosittaiset rekister\u00f6intim\u00e4\u00e4r\u00e4t pysyiv\u00e4t tasaisesti 200\u2013300 kappaleen<br \/>\ntienoilla. Kotimaisen yksil\u00f6m\u00e4\u00e4r\u00e4n pienuudesta johtuen jalostusmateriaalin hankinnassa on alusta<br \/>\nalkaen tukeuduttu systemaattisesti rodun kotimaahan. Usein tietotaidon v\u00e4litt\u00e4jin\u00e4 ovat toimineet<br \/>\nruotsinkieliset asianharrastajat. Vuosituhannen vaihteen j\u00e4lkeen rekister\u00f6intim\u00e4\u00e4r\u00e4t ovat kolminkertaistuneet<br \/>\nja kontaktiverkko monipuolistunut.<\/p>\n","protected":false},"excerpt":{"rendered":"<p>Ennen vuotta 1946 Ruotsissa ja Norjassa paikallisia pystykorvakantoja yritettiin sulauttaa yhteen nimell\u00e4 norrlanninpystykorva. L\u00e4ht\u00f6kohtina olivat alueella tavatut pienehk\u00f6t ja vantterat pystykorvat sek\u00e4 niit\u00e4 kymmenkunta sentti\u00e4 suurempi, rakenteeltaan kevyempi koira-aines. Yhteist\u00e4 molemmille kannoille oli harmaa yleisv\u00e4ri. Rotujen l\u00e4ht\u00f6kohdat olivat kuitenkin siin\u00e4 m\u00e4\u00e4rin toisistaan poikkeavat, ett\u00e4 puolessa vuosisadassa ei onnistuttu kokoamaan yhten\u00e4ist\u00e4 rotua. Jatkuvien ristiriitojen v\u00e4ltt\u00e4miseksi rodut [&hellip;]<\/p>\n","protected":false},"author":1,"featured_media":0,"parent":0,"menu_order":0,"comment_status":"closed","ping_status":"closed","template":"page-scs.php","meta":{"footnotes":""},"class_list":["post-29","page","type-page","status-publish","hentry"],"yoast_head":"<!-- This site is optimized with the Yoast SEO plugin v26.6 - https:\/\/yoast.com\/wordpress\/plugins\/seo\/ -->\n<title>J\u00e4mtlanninpystykorva - Suomen Harmaahirvikoiraj\u00e4rjest\u00f6 - SHHJ FJGK<\/title>\n<meta name=\"robots\" content=\"index, follow, max-snippet:-1, max-image-preview:large, max-video-preview:-1\" \/>\n<link rel=\"canonical\" href=\"https:\/\/shhj.info\/?page_id=29\" \/>\n<meta property=\"og:locale\" content=\"fi_FI\" \/>\n<meta property=\"og:type\" content=\"article\" \/>\n<meta property=\"og:title\" content=\"J\u00e4mtlanninpystykorva - Suomen Harmaahirvikoiraj\u00e4rjest\u00f6 - SHHJ FJGK\" \/>\n<meta property=\"og:description\" content=\"Ennen vuotta 1946 Ruotsissa ja Norjassa paikallisia pystykorvakantoja yritettiin sulauttaa yhteen nimell\u00e4 norrlanninpystykorva. L\u00e4ht\u00f6kohtina olivat alueella tavatut pienehk\u00f6t ja vantterat pystykorvat sek\u00e4 niit\u00e4 kymmenkunta sentti\u00e4 suurempi, rakenteeltaan kevyempi koira-aines. Yhteist\u00e4 molemmille kannoille oli harmaa yleisv\u00e4ri. Rotujen l\u00e4ht\u00f6kohdat olivat kuitenkin siin\u00e4 m\u00e4\u00e4rin toisistaan poikkeavat, ett\u00e4 puolessa vuosisadassa ei onnistuttu kokoamaan yhten\u00e4ist\u00e4 rotua. Jatkuvien ristiriitojen v\u00e4ltt\u00e4miseksi rodut [&hellip;]\" \/>\n<meta property=\"og:url\" content=\"https:\/\/shhj.info\/?page_id=29\" \/>\n<meta property=\"og:site_name\" content=\"Suomen Harmaahirvikoiraj\u00e4rjest\u00f6 - SHHJ FJGK\" \/>\n<meta property=\"article:publisher\" content=\"https:\/\/www.facebook.com\/groups\/115740178447653\/\" \/>\n<meta property=\"article:modified_time\" content=\"2015-05-08T22:09:52+00:00\" \/>\n<meta property=\"og:image\" content=\"http:\/\/www.shhj.info\/wp\/wp-content\/uploads\/2015\/04\/jamti.jpg\" \/>\n<meta name=\"twitter:card\" content=\"summary_large_image\" \/>\n<meta name=\"twitter:label1\" content=\"Arvioitu lukuaika\" \/>\n\t<meta name=\"twitter:data1\" content=\"2 minuuttia\" \/>\n<script type=\"application\/ld+json\" class=\"yoast-schema-graph\">{\"@context\":\"https:\/\/schema.org\",\"@graph\":[{\"@type\":\"WebPage\",\"@id\":\"https:\/\/shhj.info\/?page_id=29\",\"url\":\"https:\/\/shhj.info\/?page_id=29\",\"name\":\"J\u00e4mtlanninpystykorva - Suomen Harmaahirvikoiraj\u00e4rjest\u00f6 - SHHJ FJGK\",\"isPartOf\":{\"@id\":\"https:\/\/shhj.info\/#website\"},\"primaryImageOfPage\":{\"@id\":\"https:\/\/shhj.info\/?page_id=29#primaryimage\"},\"image\":{\"@id\":\"https:\/\/shhj.info\/?page_id=29#primaryimage\"},\"thumbnailUrl\":\"http:\/\/www.shhj.info\/wp\/wp-content\/uploads\/2015\/04\/jamti.jpg\",\"datePublished\":\"2015-04-18T20:12:45+00:00\",\"dateModified\":\"2015-05-08T22:09:52+00:00\",\"breadcrumb\":{\"@id\":\"https:\/\/shhj.info\/?page_id=29#breadcrumb\"},\"inLanguage\":\"fi\",\"potentialAction\":[{\"@type\":\"ReadAction\",\"target\":[\"https:\/\/shhj.info\/?page_id=29\"]}]},{\"@type\":\"ImageObject\",\"inLanguage\":\"fi\",\"@id\":\"https:\/\/shhj.info\/?page_id=29#primaryimage\",\"url\":\"http:\/\/www.shhj.info\/wp\/wp-content\/uploads\/2015\/04\/jamti.jpg\",\"contentUrl\":\"http:\/\/www.shhj.info\/wp\/wp-content\/uploads\/2015\/04\/jamti.jpg\"},{\"@type\":\"BreadcrumbList\",\"@id\":\"https:\/\/shhj.info\/?page_id=29#breadcrumb\",\"itemListElement\":[{\"@type\":\"ListItem\",\"position\":1,\"name\":\"Etusivu\",\"item\":\"https:\/\/shhj.info\/\"},{\"@type\":\"ListItem\",\"position\":2,\"name\":\"J\u00e4mtlanninpystykorva\"}]},{\"@type\":\"WebSite\",\"@id\":\"https:\/\/shhj.info\/#website\",\"url\":\"https:\/\/shhj.info\/\",\"name\":\"Suomen Harmaahirvikoiraj\u00e4rjest\u00f6 - SHHJ FJGK\",\"description\":\"parhaiden hirvikoirarotujen rotuj\u00e4rjest\u00f6 Suomessa\",\"publisher\":{\"@id\":\"https:\/\/shhj.info\/#organization\"},\"alternateName\":\"SHHJ FJGK\",\"potentialAction\":[{\"@type\":\"SearchAction\",\"target\":{\"@type\":\"EntryPoint\",\"urlTemplate\":\"https:\/\/shhj.info\/?s={search_term_string}\"},\"query-input\":{\"@type\":\"PropertyValueSpecification\",\"valueRequired\":true,\"valueName\":\"search_term_string\"}}],\"inLanguage\":\"fi\"},{\"@type\":\"Organization\",\"@id\":\"https:\/\/shhj.info\/#organization\",\"name\":\"Suomen Harmaahirvikoiraj\u00e4rjest\u00f6 - SHHJ FJGK\",\"url\":\"https:\/\/shhj.info\/\",\"logo\":{\"@type\":\"ImageObject\",\"inLanguage\":\"fi\",\"@id\":\"https:\/\/shhj.info\/#\/schema\/logo\/image\/\",\"url\":\"http:\/\/shhj.info\/wp\/wp-content\/uploads\/2018\/12\/logo.gif\",\"contentUrl\":\"http:\/\/shhj.info\/wp\/wp-content\/uploads\/2018\/12\/logo.gif\",\"width\":169,\"height\":166,\"caption\":\"Suomen Harmaahirvikoiraj\u00e4rjest\u00f6 - SHHJ FJGK\"},\"image\":{\"@id\":\"https:\/\/shhj.info\/#\/schema\/logo\/image\/\"},\"sameAs\":[\"https:\/\/www.facebook.com\/groups\/115740178447653\/\"]}]}<\/script>\n<!-- \/ Yoast SEO plugin. -->","yoast_head_json":{"title":"J\u00e4mtlanninpystykorva - Suomen Harmaahirvikoiraj\u00e4rjest\u00f6 - SHHJ FJGK","robots":{"index":"index","follow":"follow","max-snippet":"max-snippet:-1","max-image-preview":"max-image-preview:large","max-video-preview":"max-video-preview:-1"},"canonical":"https:\/\/shhj.info\/?page_id=29","og_locale":"fi_FI","og_type":"article","og_title":"J\u00e4mtlanninpystykorva - Suomen Harmaahirvikoiraj\u00e4rjest\u00f6 - SHHJ FJGK","og_description":"Ennen vuotta 1946 Ruotsissa ja Norjassa paikallisia pystykorvakantoja yritettiin sulauttaa yhteen nimell\u00e4 norrlanninpystykorva. L\u00e4ht\u00f6kohtina olivat alueella tavatut pienehk\u00f6t ja vantterat pystykorvat sek\u00e4 niit\u00e4 kymmenkunta sentti\u00e4 suurempi, rakenteeltaan kevyempi koira-aines. Yhteist\u00e4 molemmille kannoille oli harmaa yleisv\u00e4ri. Rotujen l\u00e4ht\u00f6kohdat olivat kuitenkin siin\u00e4 m\u00e4\u00e4rin toisistaan poikkeavat, ett\u00e4 puolessa vuosisadassa ei onnistuttu kokoamaan yhten\u00e4ist\u00e4 rotua. Jatkuvien ristiriitojen v\u00e4ltt\u00e4miseksi rodut [&hellip;]","og_url":"https:\/\/shhj.info\/?page_id=29","og_site_name":"Suomen Harmaahirvikoiraj\u00e4rjest\u00f6 - SHHJ FJGK","article_publisher":"https:\/\/www.facebook.com\/groups\/115740178447653\/","article_modified_time":"2015-05-08T22:09:52+00:00","og_image":[{"url":"http:\/\/www.shhj.info\/wp\/wp-content\/uploads\/2015\/04\/jamti.jpg","type":"","width":"","height":""}],"twitter_card":"summary_large_image","twitter_misc":{"Arvioitu lukuaika":"2 minuuttia"},"schema":{"@context":"https:\/\/schema.org","@graph":[{"@type":"WebPage","@id":"https:\/\/shhj.info\/?page_id=29","url":"https:\/\/shhj.info\/?page_id=29","name":"J\u00e4mtlanninpystykorva - Suomen Harmaahirvikoiraj\u00e4rjest\u00f6 - SHHJ FJGK","isPartOf":{"@id":"https:\/\/shhj.info\/#website"},"primaryImageOfPage":{"@id":"https:\/\/shhj.info\/?page_id=29#primaryimage"},"image":{"@id":"https:\/\/shhj.info\/?page_id=29#primaryimage"},"thumbnailUrl":"http:\/\/www.shhj.info\/wp\/wp-content\/uploads\/2015\/04\/jamti.jpg","datePublished":"2015-04-18T20:12:45+00:00","dateModified":"2015-05-08T22:09:52+00:00","breadcrumb":{"@id":"https:\/\/shhj.info\/?page_id=29#breadcrumb"},"inLanguage":"fi","potentialAction":[{"@type":"ReadAction","target":["https:\/\/shhj.info\/?page_id=29"]}]},{"@type":"ImageObject","inLanguage":"fi","@id":"https:\/\/shhj.info\/?page_id=29#primaryimage","url":"http:\/\/www.shhj.info\/wp\/wp-content\/uploads\/2015\/04\/jamti.jpg","contentUrl":"http:\/\/www.shhj.info\/wp\/wp-content\/uploads\/2015\/04\/jamti.jpg"},{"@type":"BreadcrumbList","@id":"https:\/\/shhj.info\/?page_id=29#breadcrumb","itemListElement":[{"@type":"ListItem","position":1,"name":"Etusivu","item":"https:\/\/shhj.info\/"},{"@type":"ListItem","position":2,"name":"J\u00e4mtlanninpystykorva"}]},{"@type":"WebSite","@id":"https:\/\/shhj.info\/#website","url":"https:\/\/shhj.info\/","name":"Suomen Harmaahirvikoiraj\u00e4rjest\u00f6 - SHHJ FJGK","description":"parhaiden hirvikoirarotujen rotuj\u00e4rjest\u00f6 Suomessa","publisher":{"@id":"https:\/\/shhj.info\/#organization"},"alternateName":"SHHJ FJGK","potentialAction":[{"@type":"SearchAction","target":{"@type":"EntryPoint","urlTemplate":"https:\/\/shhj.info\/?s={search_term_string}"},"query-input":{"@type":"PropertyValueSpecification","valueRequired":true,"valueName":"search_term_string"}}],"inLanguage":"fi"},{"@type":"Organization","@id":"https:\/\/shhj.info\/#organization","name":"Suomen Harmaahirvikoiraj\u00e4rjest\u00f6 - SHHJ FJGK","url":"https:\/\/shhj.info\/","logo":{"@type":"ImageObject","inLanguage":"fi","@id":"https:\/\/shhj.info\/#\/schema\/logo\/image\/","url":"http:\/\/shhj.info\/wp\/wp-content\/uploads\/2018\/12\/logo.gif","contentUrl":"http:\/\/shhj.info\/wp\/wp-content\/uploads\/2018\/12\/logo.gif","width":169,"height":166,"caption":"Suomen Harmaahirvikoiraj\u00e4rjest\u00f6 - SHHJ FJGK"},"image":{"@id":"https:\/\/shhj.info\/#\/schema\/logo\/image\/"},"sameAs":["https:\/\/www.facebook.com\/groups\/115740178447653\/"]}]}},"_links":{"self":[{"href":"https:\/\/shhj.info\/index.php?rest_route=\/wp\/v2\/pages\/29","targetHints":{"allow":["GET"]}}],"collection":[{"href":"https:\/\/shhj.info\/index.php?rest_route=\/wp\/v2\/pages"}],"about":[{"href":"https:\/\/shhj.info\/index.php?rest_route=\/wp\/v2\/types\/page"}],"author":[{"embeddable":true,"href":"https:\/\/shhj.info\/index.php?rest_route=\/wp\/v2\/users\/1"}],"replies":[{"embeddable":true,"href":"https:\/\/shhj.info\/index.php?rest_route=%2Fwp%2Fv2%2Fcomments&post=29"}],"version-history":[{"count":4,"href":"https:\/\/shhj.info\/index.php?rest_route=\/wp\/v2\/pages\/29\/revisions"}],"predecessor-version":[{"id":699,"href":"https:\/\/shhj.info\/index.php?rest_route=\/wp\/v2\/pages\/29\/revisions\/699"}],"wp:attachment":[{"href":"https:\/\/shhj.info\/index.php?rest_route=%2Fwp%2Fv2%2Fmedia&parent=29"}],"curies":[{"name":"wp","href":"https:\/\/api.w.org\/{rel}","templated":true}]}}