{"id":2,"date":"2015-04-18T10:22:03","date_gmt":"2015-04-18T10:22:03","guid":{"rendered":"http:\/\/www.shhj.info\/wp\/?page_id=2"},"modified":"2026-04-06T09:54:02","modified_gmt":"2026-04-06T06:54:02","slug":"esimerkkisivu","status":"publish","type":"page","link":"https:\/\/shhj.info\/","title":{"rendered":"Tervetuloa Shhj:n kotisivuille"},"content":{"rendered":"<h6 style=\"text-align: left;\"><strong>Kuvissa SHHJ:n mestaruusotteluiden voittajakoirat vuodelta 2025<\/strong><\/h6>\n<h6><div id=\"envira-gallery-wrap-4534\" class=\"envira-gallery-wrap envira-gallery-theme-base envira-lightbox-theme-base\" itemscope itemtype=\"https:\/\/schema.org\/ImageGallery\"><div data-row-height=\"209\" data-gallery-theme=\"normal\" id=\"envira-gallery-4534\" class=\"envira-gallery-public envira-gallery-justified-public envira-gallery-0-columns envira-clear enviratope envira-gallery-css-animations\" data-envira-columns=\"0\"><div id=\"envira-gallery-item-4535\" class=\"envira-gallery-item enviratope-item envira-gallery-item-1 envira-lazy-load\" style=\"padding-left: 5px; padding-bottom: 10px; padding-right: 5px;\"  itemscope itemtype=\"https:\/\/schema.org\/ImageObject\"><div class=\"envira-gallery-item-inner\"><div class=\"envira-gallery-position-overlay  envira-gallery-top-left\"><\/div><div class=\"envira-gallery-position-overlay  envira-gallery-top-right\"><\/div><div class=\"envira-gallery-position-overlay  envira-gallery-bottom-left\"><\/div><div class=\"envira-gallery-position-overlay  envira-gallery-bottom-right\"><\/div><a href=\"https:\/\/shhj.info\/wp\/wp-content\/uploads\/2025\/12\/ETUOTON-ONNIN-BOUTA-scaled.jpg\" class=\"envira-gallery-4534 envira-gallery-link\" rel=\"enviragallery4534\" title=\"Hirvimestaritar-2025 Etuoton Onnin Bouta\" data-envira-caption=\"Hirvimestaritar-2025 Etuoton Onnin Bouta\" data-envira-retina=\"\" data-thumbnail=\"\"  itemprop=\"contentUrl\"><img decoding=\"async\" id=\"envira-gallery-image-4535\" class=\"envira-gallery-image envira-gallery-image-1 envira-normal envira-lazy\" data-envira-index=\"1\" src=\"https:\/\/shhj.info\/wp\/wp-content\/uploads\/2025\/12\/ETUOTON-ONNIN-BOUTA-1024x683-640x480.jpg\" data-envira-src=\"https:\/\/shhj.info\/wp\/wp-content\/uploads\/2025\/12\/ETUOTON-ONNIN-BOUTA-1024x683-640x480.jpg\" data-envira-gallery-id=\"4534\" data-envira-item-id=\"4535\" data-envira-caption=\"Hirvimestaritar-2025 Etuoton Onnin Bouta\" alt=\"Hirvimestaritar-2025 Etuoton Onnin Bouta\" title=\"Hirvimestaritar-2025 Etuoton Onnin Bouta\"  itemprop=\"thumbnailUrl\" data-envira-srcset=\"https:\/\/shhj.info\/wp\/wp-content\/uploads\/2025\/12\/ETUOTON-ONNIN-BOUTA-1024x683-640x480.jpg 400w,https:\/\/shhj.info\/wp\/wp-content\/uploads\/2025\/12\/ETUOTON-ONNIN-BOUTA-1024x683-640x480.jpg 2x\" data-envira-width=\"300\" data-envira-height=\"200\" srcset=\"data:image\/gif;base64,R0lGODlhAQABAIAAAP\/\/\/\/\/\/\/yH5BAEKAAEALAAAAAABAAEAAAICTAEAOw==\" data-safe-src=\"data:image\/gif;base64,R0lGODlhAQABAIAAAP\/\/\/\/\/\/\/yH5BAEKAAEALAAAAAABAAEAAAICTAEAOw==\" \/><\/a><\/div><\/div><div id=\"envira-gallery-item-4536\" class=\"envira-gallery-item enviratope-item envira-gallery-item-2 envira-lazy-load\" style=\"padding-left: 5px; padding-bottom: 10px; padding-right: 5px;\"  itemscope itemtype=\"https:\/\/schema.org\/ImageObject\"><div class=\"envira-gallery-item-inner\"><div class=\"envira-gallery-position-overlay  envira-gallery-top-left\"><\/div><div class=\"envira-gallery-position-overlay  envira-gallery-top-right\"><\/div><div class=\"envira-gallery-position-overlay  envira-gallery-bottom-left\"><\/div><div class=\"envira-gallery-position-overlay  envira-gallery-bottom-right\"><\/div><a href=\"https:\/\/shhj.info\/wp\/wp-content\/uploads\/2025\/12\/Mestari-25-1.jpg\" class=\"envira-gallery-4534 envira-gallery-link\" rel=\"enviragallery4534\" title=\"Hirvimestari-2025 Alpweiden Hannibal\" data-envira-caption=\"Hirvimestari-2025 Alpweiden Hannibal\" data-envira-retina=\"\" data-thumbnail=\"\"  itemprop=\"contentUrl\"><img decoding=\"async\" id=\"envira-gallery-image-4536\" class=\"envira-gallery-image envira-gallery-image-2 envira-normal envira-lazy\" data-envira-index=\"2\" src=\"https:\/\/shhj.info\/wp\/wp-content\/uploads\/2025\/12\/Mestari-25-1-640x480.jpg\" data-envira-src=\"https:\/\/shhj.info\/wp\/wp-content\/uploads\/2025\/12\/Mestari-25-1-640x480.jpg\" data-envira-gallery-id=\"4534\" data-envira-item-id=\"4536\" data-envira-caption=\"Hirvimestari-2025 Alpweiden Hannibal\" alt=\"\" title=\"Hirvimestari-2025 Alpweiden Hannibal\"  itemprop=\"thumbnailUrl\" data-envira-srcset=\"https:\/\/shhj.info\/wp\/wp-content\/uploads\/2025\/12\/Mestari-25-1-640x480.jpg 400w,https:\/\/shhj.info\/wp\/wp-content\/uploads\/2025\/12\/Mestari-25-1-640x480.jpg 2x\" data-envira-width=\"300\" data-envira-height=\"248\" srcset=\"data:image\/gif;base64,R0lGODlhAQABAIAAAP\/\/\/\/\/\/\/yH5BAEKAAEALAAAAAABAAEAAAICTAEAOw==\" data-safe-src=\"data:image\/gif;base64,R0lGODlhAQABAIAAAP\/\/\/\/\/\/\/yH5BAEKAAEALAAAAAABAAEAAAICTAEAOw==\" \/><\/a><\/div><\/div><div id=\"envira-gallery-item-4537\" class=\"envira-gallery-item enviratope-item envira-gallery-item-3 envira-lazy-load\" style=\"padding-left: 5px; padding-bottom: 10px; padding-right: 5px;\"  itemscope itemtype=\"https:\/\/schema.org\/ImageObject\"><div class=\"envira-gallery-item-inner\"><div class=\"envira-gallery-position-overlay  envira-gallery-top-left\"><\/div><div class=\"envira-gallery-position-overlay  envira-gallery-top-right\"><\/div><div class=\"envira-gallery-position-overlay  envira-gallery-bottom-left\"><\/div><div class=\"envira-gallery-position-overlay  envira-gallery-bottom-right\"><\/div><a href=\"https:\/\/shhj.info\/wp\/wp-content\/uploads\/2025\/12\/Myrskogens-Chuck-Norris-JM-2025-scaled.jpg\" class=\"envira-gallery-4534 envira-gallery-link\" rel=\"enviragallery4534\" title=\"Juoniorimestari-2025 Myrskogens Chuck Norris\" data-envira-caption=\"Juoniorimestari-2025 Myrskogens Chuck Norris\" data-envira-retina=\"\" data-thumbnail=\"\"  itemprop=\"contentUrl\"><img decoding=\"async\" id=\"envira-gallery-image-4537\" class=\"envira-gallery-image envira-gallery-image-3 envira-normal envira-lazy\" data-envira-index=\"3\" src=\"https:\/\/shhj.info\/wp\/wp-content\/uploads\/2025\/12\/Myrskogens-Chuck-Norris-JM-2025-1024x806-640x480.jpg\" data-envira-src=\"https:\/\/shhj.info\/wp\/wp-content\/uploads\/2025\/12\/Myrskogens-Chuck-Norris-JM-2025-1024x806-640x480.jpg\" data-envira-gallery-id=\"4534\" data-envira-item-id=\"4537\" data-envira-caption=\"Juoniorimestari-2025 Myrskogens Chuck Norris\" alt=\"\" title=\"Juoniorimestari-2025 Myrskogens Chuck Norris\"  itemprop=\"thumbnailUrl\" data-envira-srcset=\"https:\/\/shhj.info\/wp\/wp-content\/uploads\/2025\/12\/Myrskogens-Chuck-Norris-JM-2025-1024x806-640x480.jpg 400w,https:\/\/shhj.info\/wp\/wp-content\/uploads\/2025\/12\/Myrskogens-Chuck-Norris-JM-2025-1024x806-640x480.jpg 2x\" data-envira-width=\"300\" data-envira-height=\"236\" srcset=\"data:image\/gif;base64,R0lGODlhAQABAIAAAP\/\/\/\/\/\/\/yH5BAEKAAEALAAAAAABAAEAAAICTAEAOw==\" data-safe-src=\"data:image\/gif;base64,R0lGODlhAQABAIAAAP\/\/\/\/\/\/\/yH5BAEKAAEALAAAAAABAAEAAAICTAEAOw==\" \/><\/a><\/div><\/div><\/div><\/div><noscript><img decoding=\"async\" src=\"https:\/\/shhj.info\/wp\/wp-content\/uploads\/2025\/12\/ETUOTON-ONNIN-BOUTA-scaled.jpg\" alt=\"Hirvimestaritar-2025 Etuoton Onnin Bouta\" \/><img decoding=\"async\" src=\"https:\/\/shhj.info\/wp\/wp-content\/uploads\/2025\/12\/Mestari-25-1.jpg\" alt=\"\" \/><img decoding=\"async\" src=\"https:\/\/shhj.info\/wp\/wp-content\/uploads\/2025\/12\/Myrskogens-Chuck-Norris-JM-2025-scaled.jpg\" alt=\"\" \/><\/noscript><\/h6>\n<h2><\/h2>\n<h2>Ajankohtaista:<\/h2>\n<h5><a href=\"https:\/\/shhj.info\/?page_id=4581\">Jalostustarkastus 2026<\/a><br \/>\n<a href=\"https:\/\/www.leppalahdeneramiehet.com\/n%C3%A4yttelyt\" target=\"_blank\" rel=\"noopener\">Liperin erikoisn\u00e4yttely 25.7.2026<\/a><\/h5>\n<h5><a href=\"https:\/\/shhj.info\/wp\/wp-content\/uploads\/2026\/02\/20260130-Kondrodysplasia-POAG-tallennus-harmaa-norjanhirvikoira.pdf\" target=\"_blank\" rel=\"noopener\">Kondrodysplasia ja POAG tallennus harmaa norjanhirvikoira<\/a><br \/>\n<a href=\"https:\/\/shhj.info\/wp\/wp-content\/uploads\/2026\/01\/jvk_tiedote-2025-kilpailuista_.pdf\" target=\"_blank\" rel=\"noopener\">Jalostusvaliokunnan tiedote\u00a0<\/a><br \/>\n<a href=\"https:\/\/www.koiratapahtuma.fi\/shhj-er-laihia2026\/\" target=\"_blank\" rel=\"noopener\">Shhj:n rotujen erikoisn\u00e4yttely Laihialla 21.2.2026<\/a><br \/>\n<a href=\"https:\/\/koiratietokanta.fi\/hirvikoetulokset\/Hamina_20251128.htm\" target=\"_blank\" rel=\"noopener\">Hirvimestaruusottelun tulokset<\/a><br \/>\n<a href=\"https:\/\/koiratietokanta.fi\/hirvikoetulokset\/Tyrnava_20251114.htm\" target=\"_blank\" rel=\"noopener\">Hirvimestaritarottelun tulokset<\/a><br \/>\n<a href=\"https:\/\/shhj.info\/wp\/wp-content\/uploads\/2025\/11\/vuosikokouskutsu-ja-majoitusilmoitus-2026-painoon.pdf\" target=\"_blank\" rel=\"noopener\">Vuosikokous ja kokousmajoitus-2026<\/a><br \/>\n<a href=\"https:\/\/shhj.info\/wp\/wp-content\/uploads\/2025\/11\/asekaappi-arvonnan-mainos-lehteen.pdf\" target=\"_blank\" rel=\"noopener\">&#8211; Asekaappiarvonta<\/a><br \/>\n<a href=\"http:\/\/shhj.info\/wp\/?page_id=54\"><span style=\"color: #000000;\">Liity Shhj:n j\u00e4seneksi!<\/span><\/a><\/h5>\n<hr \/>\n<h3>Viimeksi p\u00e4ivitetty:<\/h3>\n<h5><a href=\"https:\/\/shhj.info\/wp\/wp-content\/uploads\/2026\/03\/vuosikokous-2026-poytakirja.pdf\" target=\"_blank\" rel=\"noopener\">Kokousp\u00f6yt\u00e4kirjat vuosikokous<\/a><\/h5>\n<h5><a href=\"https:\/\/shhj.info\/wp\/wp-content\/uploads\/2026\/02\/2026.02.08-hallituksen-kokous-poytakirja-nettiin.pdf\" target=\"_blank\" rel=\"noopener\">Kokousp\u00f6yt\u00e4kirjat hallitus<\/a><br \/>\n<a href=\"http:\/\/shhj.info\/?page_id=142\">Tiedotteet<\/a><br \/>\n<a href=\"https:\/\/shhj.info\/?page_id=4409\">Jalostustarkastus 2025<\/a><br \/>\n<a href=\"https:\/\/shhj.info\/wp\/wp-content\/uploads\/2025\/11\/SYKSYN-2025-KOEKALENTERI.pdf\" target=\"_blank\" rel=\"noopener\">Koekalenteri-2025<\/a><br \/>\n<a href=\"http:\/\/shhj.info\/wp\/wp-content\/uploads\/2025\/05\/20250512-Kondrodysplasia-POAG-tallennus-harmaa-norjanhirvikoira.pdf\" target=\"_blank\" rel=\"noopener\">Kondrodysplasia- ja POAG-tulosten tallennus harmaa norjanhirvikoiralle<\/a><\/h5>\n<h4 style=\"padding-left: 560px;\"><\/h4>\n","protected":false},"excerpt":{"rendered":"<p>Kuvissa SHHJ:n mestaruusotteluiden voittajakoirat vuodelta 2025 Ajankohtaista: Jalostustarkastus 2026 Liperin erikoisn\u00e4yttely 25.7.2026 Kondrodysplasia ja POAG tallennus harmaa norjanhirvikoira Jalostusvaliokunnan tiedote\u00a0 Shhj:n rotujen erikoisn\u00e4yttely Laihialla 21.2.2026 Hirvimestaruusottelun tulokset Hirvimestaritarottelun tulokset Vuosikokous ja kokousmajoitus-2026 &#8211; Asekaappiarvonta Liity Shhj:n j\u00e4seneksi! Viimeksi p\u00e4ivitetty: Kokousp\u00f6yt\u00e4kirjat vuosikokous Kokousp\u00f6yt\u00e4kirjat hallitus Tiedotteet Jalostustarkastus 2025 Koekalenteri-2025 Kondrodysplasia- ja POAG-tulosten tallennus harmaa norjanhirvikoiralle<\/p>\n","protected":false},"author":1,"featured_media":0,"parent":0,"menu_order":0,"comment_status":"closed","ping_status":"closed","template":"","meta":{"footnotes":""},"class_list":["post-2","page","type-page","status-publish","hentry"],"yoast_head":"<!-- This site is optimized with the Yoast SEO plugin v26.6 - https:\/\/yoast.com\/wordpress\/plugins\/seo\/ -->\n<title>Tervetuloa Shhj:n kotisivuille - Suomen Harmaahirvikoiraj\u00e4rjest\u00f6 - SHHJ FJGK<\/title>\n<meta name=\"description\" content=\"Suomen Harmaahirvikoiraj\u00e4rjest\u00f6, parhaiden hirvikoirarotujen rotuj\u00e4rjest\u00f6 Suomessa. Pentuja, jalostusneuvontaa, j\u00e4senetuja yms!\" \/>\n<meta name=\"robots\" content=\"index, follow, max-snippet:-1, max-image-preview:large, max-video-preview:-1\" \/>\n<link rel=\"canonical\" href=\"https:\/\/shhj.info\/\" \/>\n<meta property=\"og:locale\" content=\"fi_FI\" \/>\n<meta property=\"og:type\" content=\"article\" \/>\n<meta property=\"og:title\" content=\"Tervetuloa Shhj:n kotisivuille - Suomen Harmaahirvikoiraj\u00e4rjest\u00f6 - SHHJ FJGK\" \/>\n<meta property=\"og:description\" content=\"Suomen Harmaahirvikoiraj\u00e4rjest\u00f6, parhaiden hirvikoirarotujen rotuj\u00e4rjest\u00f6 Suomessa. Pentuja, jalostusneuvontaa, j\u00e4senetuja yms!\" \/>\n<meta property=\"og:url\" content=\"https:\/\/shhj.info\/\" \/>\n<meta property=\"og:site_name\" content=\"Suomen Harmaahirvikoiraj\u00e4rjest\u00f6 - SHHJ FJGK\" \/>\n<meta property=\"article:publisher\" content=\"https:\/\/www.facebook.com\/groups\/115740178447653\/\" \/>\n<meta property=\"article:modified_time\" content=\"2026-04-06T06:54:02+00:00\" \/>\n<meta property=\"og:image\" content=\"https:\/\/shhj.info\/wp\/wp-content\/uploads\/2015\/04\/etu_pentu.jpg\" \/>\n\t<meta property=\"og:image:width\" content=\"567\" \/>\n\t<meta property=\"og:image:height\" content=\"594\" \/>\n\t<meta property=\"og:image:type\" content=\"image\/jpeg\" \/>\n<meta name=\"twitter:card\" content=\"summary_large_image\" \/>\n<meta name=\"twitter:label1\" content=\"Arvioitu lukuaika\" \/>\n\t<meta name=\"twitter:data1\" content=\"1 minuutti\" \/>\n<script type=\"application\/ld+json\" class=\"yoast-schema-graph\">{\"@context\":\"https:\/\/schema.org\",\"@graph\":[{\"@type\":\"WebPage\",\"@id\":\"https:\/\/shhj.info\/\",\"url\":\"https:\/\/shhj.info\/\",\"name\":\"Tervetuloa Shhj:n kotisivuille - Suomen Harmaahirvikoiraj\u00e4rjest\u00f6 - SHHJ FJGK\",\"isPartOf\":{\"@id\":\"https:\/\/shhj.info\/#website\"},\"datePublished\":\"2015-04-18T10:22:03+00:00\",\"dateModified\":\"2026-04-06T06:54:02+00:00\",\"description\":\"Suomen Harmaahirvikoiraj\u00e4rjest\u00f6, parhaiden hirvikoirarotujen rotuj\u00e4rjest\u00f6 Suomessa. Pentuja, jalostusneuvontaa, j\u00e4senetuja yms!\",\"breadcrumb\":{\"@id\":\"https:\/\/shhj.info\/#breadcrumb\"},\"inLanguage\":\"fi\",\"potentialAction\":[{\"@type\":\"ReadAction\",\"target\":[\"https:\/\/shhj.info\/\"]}]},{\"@type\":\"BreadcrumbList\",\"@id\":\"https:\/\/shhj.info\/#breadcrumb\",\"itemListElement\":[{\"@type\":\"ListItem\",\"position\":1,\"name\":\"Etusivu\",\"item\":\"https:\/\/shhj.info\/\"},{\"@type\":\"ListItem\",\"position\":2,\"name\":\"Tervetuloa Shhj:n kotisivuille\"}]},{\"@type\":\"WebSite\",\"@id\":\"https:\/\/shhj.info\/#website\",\"url\":\"https:\/\/shhj.info\/\",\"name\":\"Suomen Harmaahirvikoiraj\u00e4rjest\u00f6 - SHHJ FJGK\",\"description\":\"parhaiden hirvikoirarotujen rotuj\u00e4rjest\u00f6 Suomessa\",\"publisher\":{\"@id\":\"https:\/\/shhj.info\/#organization\"},\"alternateName\":\"SHHJ FJGK\",\"potentialAction\":[{\"@type\":\"SearchAction\",\"target\":{\"@type\":\"EntryPoint\",\"urlTemplate\":\"https:\/\/shhj.info\/?s={search_term_string}\"},\"query-input\":{\"@type\":\"PropertyValueSpecification\",\"valueRequired\":true,\"valueName\":\"search_term_string\"}}],\"inLanguage\":\"fi\"},{\"@type\":\"Organization\",\"@id\":\"https:\/\/shhj.info\/#organization\",\"name\":\"Suomen Harmaahirvikoiraj\u00e4rjest\u00f6 - SHHJ FJGK\",\"url\":\"https:\/\/shhj.info\/\",\"logo\":{\"@type\":\"ImageObject\",\"inLanguage\":\"fi\",\"@id\":\"https:\/\/shhj.info\/#\/schema\/logo\/image\/\",\"url\":\"http:\/\/shhj.info\/wp\/wp-content\/uploads\/2018\/12\/logo.gif\",\"contentUrl\":\"http:\/\/shhj.info\/wp\/wp-content\/uploads\/2018\/12\/logo.gif\",\"width\":169,\"height\":166,\"caption\":\"Suomen Harmaahirvikoiraj\u00e4rjest\u00f6 - SHHJ FJGK\"},\"image\":{\"@id\":\"https:\/\/shhj.info\/#\/schema\/logo\/image\/\"},\"sameAs\":[\"https:\/\/www.facebook.com\/groups\/115740178447653\/\"]}]}<\/script>\n<!-- \/ Yoast SEO plugin. -->","yoast_head_json":{"title":"Tervetuloa Shhj:n kotisivuille - Suomen Harmaahirvikoiraj\u00e4rjest\u00f6 - SHHJ FJGK","description":"Suomen Harmaahirvikoiraj\u00e4rjest\u00f6, parhaiden hirvikoirarotujen rotuj\u00e4rjest\u00f6 Suomessa. Pentuja, jalostusneuvontaa, j\u00e4senetuja yms!","robots":{"index":"index","follow":"follow","max-snippet":"max-snippet:-1","max-image-preview":"max-image-preview:large","max-video-preview":"max-video-preview:-1"},"canonical":"https:\/\/shhj.info\/","og_locale":"fi_FI","og_type":"article","og_title":"Tervetuloa Shhj:n kotisivuille - Suomen Harmaahirvikoiraj\u00e4rjest\u00f6 - SHHJ FJGK","og_description":"Suomen Harmaahirvikoiraj\u00e4rjest\u00f6, parhaiden hirvikoirarotujen rotuj\u00e4rjest\u00f6 Suomessa. Pentuja, jalostusneuvontaa, j\u00e4senetuja yms!","og_url":"https:\/\/shhj.info\/","og_site_name":"Suomen Harmaahirvikoiraj\u00e4rjest\u00f6 - SHHJ FJGK","article_publisher":"https:\/\/www.facebook.com\/groups\/115740178447653\/","article_modified_time":"2026-04-06T06:54:02+00:00","og_image":[{"width":567,"height":594,"url":"https:\/\/shhj.info\/wp\/wp-content\/uploads\/2015\/04\/etu_pentu.jpg","type":"image\/jpeg"}],"twitter_card":"summary_large_image","twitter_misc":{"Arvioitu lukuaika":"1 minuutti"},"schema":{"@context":"https:\/\/schema.org","@graph":[{"@type":"WebPage","@id":"https:\/\/shhj.info\/","url":"https:\/\/shhj.info\/","name":"Tervetuloa Shhj:n kotisivuille - Suomen Harmaahirvikoiraj\u00e4rjest\u00f6 - SHHJ FJGK","isPartOf":{"@id":"https:\/\/shhj.info\/#website"},"datePublished":"2015-04-18T10:22:03+00:00","dateModified":"2026-04-06T06:54:02+00:00","description":"Suomen Harmaahirvikoiraj\u00e4rjest\u00f6, parhaiden hirvikoirarotujen rotuj\u00e4rjest\u00f6 Suomessa. Pentuja, jalostusneuvontaa, j\u00e4senetuja yms!","breadcrumb":{"@id":"https:\/\/shhj.info\/#breadcrumb"},"inLanguage":"fi","potentialAction":[{"@type":"ReadAction","target":["https:\/\/shhj.info\/"]}]},{"@type":"BreadcrumbList","@id":"https:\/\/shhj.info\/#breadcrumb","itemListElement":[{"@type":"ListItem","position":1,"name":"Etusivu","item":"https:\/\/shhj.info\/"},{"@type":"ListItem","position":2,"name":"Tervetuloa Shhj:n kotisivuille"}]},{"@type":"WebSite","@id":"https:\/\/shhj.info\/#website","url":"https:\/\/shhj.info\/","name":"Suomen Harmaahirvikoiraj\u00e4rjest\u00f6 - SHHJ FJGK","description":"parhaiden hirvikoirarotujen rotuj\u00e4rjest\u00f6 Suomessa","publisher":{"@id":"https:\/\/shhj.info\/#organization"},"alternateName":"SHHJ FJGK","potentialAction":[{"@type":"SearchAction","target":{"@type":"EntryPoint","urlTemplate":"https:\/\/shhj.info\/?s={search_term_string}"},"query-input":{"@type":"PropertyValueSpecification","valueRequired":true,"valueName":"search_term_string"}}],"inLanguage":"fi"},{"@type":"Organization","@id":"https:\/\/shhj.info\/#organization","name":"Suomen Harmaahirvikoiraj\u00e4rjest\u00f6 - SHHJ FJGK","url":"https:\/\/shhj.info\/","logo":{"@type":"ImageObject","inLanguage":"fi","@id":"https:\/\/shhj.info\/#\/schema\/logo\/image\/","url":"http:\/\/shhj.info\/wp\/wp-content\/uploads\/2018\/12\/logo.gif","contentUrl":"http:\/\/shhj.info\/wp\/wp-content\/uploads\/2018\/12\/logo.gif","width":169,"height":166,"caption":"Suomen Harmaahirvikoiraj\u00e4rjest\u00f6 - SHHJ FJGK"},"image":{"@id":"https:\/\/shhj.info\/#\/schema\/logo\/image\/"},"sameAs":["https:\/\/www.facebook.com\/groups\/115740178447653\/"]}]}},"_links":{"self":[{"href":"https:\/\/shhj.info\/index.php?rest_route=\/wp\/v2\/pages\/2","targetHints":{"allow":["GET"]}}],"collection":[{"href":"https:\/\/shhj.info\/index.php?rest_route=\/wp\/v2\/pages"}],"about":[{"href":"https:\/\/shhj.info\/index.php?rest_route=\/wp\/v2\/types\/page"}],"author":[{"embeddable":true,"href":"https:\/\/shhj.info\/index.php?rest_route=\/wp\/v2\/users\/1"}],"replies":[{"embeddable":true,"href":"https:\/\/shhj.info\/index.php?rest_route=%2Fwp%2Fv2%2Fcomments&post=2"}],"version-history":[{"count":485,"href":"https:\/\/shhj.info\/index.php?rest_route=\/wp\/v2\/pages\/2\/revisions"}],"predecessor-version":[{"id":4583,"href":"https:\/\/shhj.info\/index.php?rest_route=\/wp\/v2\/pages\/2\/revisions\/4583"}],"wp:attachment":[{"href":"https:\/\/shhj.info\/index.php?rest_route=%2Fwp%2Fv2%2Fmedia&parent=2"}],"curies":[{"name":"wp","href":"https:\/\/api.w.org\/{rel}","templated":true}]}}