{"id":176,"date":"2015-04-22T12:53:04","date_gmt":"2015-04-22T09:53:04","guid":{"rendered":"http:\/\/www.shhj.info\/wp\/?page_id=176"},"modified":"2015-05-09T09:30:14","modified_gmt":"2015-05-09T06:30:14","slug":"rotumaaritelma-harmaa-norjanhirvikoira","status":"publish","type":"page","link":"https:\/\/shhj.info\/?page_id=176","title":{"rendered":"Rotum\u00e4\u00e4ritelm\u00e4 harmaa norjanhirvikoira"},"content":{"rendered":"<p>(Hyv\u00e4ksytty: NKK 18.9.1997, FCI 9.8.1999, k\u00e4\u00e4nn\u00f6s SKL-FKK 19.5.1998)<\/p>\n<p>FCI: n ryhm\u00e4 5, pystykorvat ja alkukantaiset tyypit.<\/p>\n<p>Alkuper\u00e4maa: Norja<\/p>\n<p><strong>K\u00c4YTT\u00d6TARKOITUS:<\/strong><br \/>\nHirven mets\u00e4stykseen k\u00e4ytett\u00e4v\u00e4 koira.<\/p>\n<p><strong>YLEISVAIKUTELMA:<\/strong><br \/>\nTyypillinen pystykorvarotu. Tiivisrakenteinen, lyhytrunkoinen, neli\u00f6m\u00e4inen, j\u00e4ntev\u00e4 ja hyv\u00e4ryhtinen koira, jolla on pystyt korvat. Tihe\u00e4, runsas, ei harottava eik\u00e4 pitk\u00e4 karvapeite. H\u00e4nt\u00e4 on tiiviisti rullautunut sel\u00e4n keskiviivan p\u00e4\u00e4lle.<\/p>\n<p><strong>T\u00c4RKEIT\u00c4 MITTASUHTEITA:<\/strong><br \/>\nNeli\u00f6m\u00e4inen rakenne. Kallo ja kuono ovat l\u00e4hes yht\u00e4 pitk\u00e4t.<\/p>\n<p><strong>K\u00c4YTT\u00c4YTYMINEN \/ LUONNE:<\/strong><br \/>\nRohkea, peloton ja tarmokas.<\/p>\n<p><strong>P\u00c4\u00c4:<\/strong><br \/>\nKiilanmuotoinen ja korvien v\u00e4list\u00e4 suhteellisen leve\u00e4. P\u00e4\u00e4n nahka on tiivis.<\/p>\n<p><strong>KALLO-OSA:<\/strong><br \/>\nHieman kaareutunut.<\/p>\n<p><strong>OTSAPENGER:<\/strong><br \/>\nLoiva.<\/p>\n<p><strong>KIRSU:<\/strong><br \/>\nMusta.<\/p>\n<p><strong>KUONO-OSA:<\/strong><br \/>\nSek\u00e4 p\u00e4\u00e4lt\u00e4 ett\u00e4 sivulta katsottuna tasaisesti kapeneva. Kuononselk\u00e4 on suora.<\/p>\n<p><strong>HUULET:<\/strong><br \/>\nTiiviit.<\/p>\n<p><strong>HAMPAAT \/ PURENTA:<\/strong><br \/>\nLeikkaava purenta. T\u00e4ydellinen hampaisto.<\/p>\n<p><strong>SILM\u00c4T:<\/strong><br \/>\nEiv\u00e4t ulkonevat, v\u00e4rilt\u00e4\u00e4n tummanruskeat.<\/p>\n<p><strong>KORVAT:<\/strong><br \/>\nKorkealle kiinnittyneet, tanakasti pystyss\u00e4, melko pienet ja tyvileveytt\u00e4\u00e4n hieman pitemm\u00e4t. Ter\u00e4v\u00e4k\u00e4rkiset ja herkk\u00e4liikkeiset.<\/p>\n<p><strong>KAULA:<\/strong><br \/>\nVoimakas, ryhdik\u00e4s ja keskipitk\u00e4. Karvapeite muodostaa tuuhean kauluksen. Tiivis kaulanahka.<\/p>\n<p><strong>RUNKO:<\/strong><br \/>\nVoimakas, tiivis ja lyhyt.<\/p>\n<p><strong>YL\u00c4LINJA:<\/strong><br \/>\nS\u00e4\u00e4n ja h\u00e4nn\u00e4ntyven v\u00e4li on suora.<\/p>\n<p><strong>S\u00c4K\u00c4:<\/strong><br \/>\nHyvin kehittynyt.<\/p>\n<p><strong>SELK\u00c4:<\/strong><br \/>\nVahva, suora ja voimakas.<\/p>\n<p><strong>LANNE:<\/strong><br \/>\nHyvin kehittynyt.<\/p>\n<p><strong>LANTIO:<\/strong><br \/>\nVoimakas ja leve\u00e4.<\/p>\n<p><strong>RINTAKEH\u00c4:<\/strong><br \/>\nLeve\u00e4 ja syv\u00e4; kylkiluut ovat selv\u00e4sti kaareutuneet.<\/p>\n<p><strong>ALALINJA JA VATSA:<\/strong><br \/>\nVatsalinja on l\u00e4hes suora.<\/p>\n<p><strong>H\u00c4NT\u00c4:<\/strong><br \/>\nVoimakas, korkealle kiinnittynyt ja suhteellisen lyhyt. Tihe\u00e4karvainen, ei t\u00f6yht\u00f6m\u00e4inen. Tiiviisti sel\u00e4n keskiviivan p\u00e4\u00e4lle rullautunut. T\u00e4ysikasvuisen koiran h\u00e4nn\u00e4np\u00e4\u00e4t\u00e4 ei voi suoristaa.<\/p>\n<p><strong>ETURAAJAT<\/strong><br \/>\n<strong> YLEISVAIKUTELMA:<\/strong><br \/>\nEturaajat ovat voimakkaat, kuivat ja suorat.<\/p>\n<p><strong>LAVAT:<\/strong><br \/>\nViistot.<\/p>\n<p><strong>OLKAVARRET:<\/strong><br \/>\nHieman viistot.<\/p>\n<p><strong>KYYN\u00c4RP\u00c4\u00c4T:<\/strong><br \/>\nTiiviisti rungonmy\u00f6t\u00e4iset, eiv\u00e4t sis\u00e4\u00e4n- eiv\u00e4tk\u00e4 ulosp\u00e4in k\u00e4\u00e4ntyneet.<\/p>\n<p><strong>KYYN\u00c4RVARRET:<\/strong><br \/>\nEdest\u00e4 ja sivulta katsottuna suorat.<\/p>\n<p><strong>V\u00c4LIK\u00c4MMENET:<\/strong><br \/>\nEdest\u00e4 katsottuna suorat ja sivulta hieman viistot.<\/p>\n<p><strong>K\u00c4P\u00c4L\u00c4T:<\/strong><br \/>\nSuhteellisen pienet, tiiviit ja eteenp\u00e4in suuntautuneet.<\/p>\n<p><strong>TAKARAAJAT<\/strong><br \/>\n<strong> YLEISVAIKUTELMA:<\/strong><br \/>\nTakaraajat ovat voimakkaat, kuivat, vahvat ja takaa katsottuna yhdensuuntaiset. Kohtuullisesti kulmautuneet.<\/p>\n<p><strong>REIDET:<\/strong><br \/>\nLihaksikkaat ja leve\u00e4t.<\/p>\n<p><strong>POLVET:<\/strong><br \/>\nKohtuullisesti kulmautuneet.<\/p>\n<p><strong>S\u00c4\u00c4RET:<\/strong><br \/>\nKeskipitk\u00e4t.<\/p>\n<p><strong>KINTEREET:<\/strong><br \/>\nKohtuullisesti kulmautuneet.<\/p>\n<p><strong>V\u00c4LIJALAT:<\/strong><br \/>\nEiv\u00e4t saa koiran seistess\u00e4 sijaita h\u00e4nn\u00e4n tyve\u00e4 taaempana.<\/p>\n<p><strong>K\u00c4P\u00c4L\u00c4T:<\/strong><br \/>\nSuhteellisen pienet, soikeat, tiiviit ja eteenp\u00e4in suuntautuneet.<\/p>\n<p><strong>LIIKKEET:<\/strong><br \/>\nKeve\u00e4t ja tehokkaat. Edest\u00e4 ja takaa katsottuna yhdensuuntaiset.<\/p>\n<p><strong>NAHKA:<\/strong><br \/>\nTiivis; p\u00e4\u00e4ss\u00e4 ei ole ryppyj\u00e4.<\/p>\n<p><strong>KARVAPEITE<\/strong><br \/>\n<strong> KARVA:<\/strong><br \/>\nPeitinkarva on keskipitk\u00e4\u00e4, tihe\u00e4\u00e4, runsasta ja karheaa, ei kiharaa. Se on lyhytt\u00e4 ja pinnanmy\u00f6t\u00e4ist\u00e4 p\u00e4\u00e4ss\u00e4 ja raajojen etupuolella, pisint\u00e4 kaulassa, reisien ja eturaajojen takapuolella sek\u00e4 h\u00e4nn\u00e4ss\u00e4. Pehme\u00e4 aluskarva.<\/p>\n<p><strong>V\u00c4RI:<\/strong><br \/>\nEri s\u00e4vyinen harmaa. Peitinkarvojen mustat k\u00e4rjet saavat aikaan harmaan v\u00e4rin. V\u00e4ri on vaaleampaa rinnassa, vatsassa ja raajoissa, h\u00e4nn\u00e4n ja sen tyven alapuolella ja valjaissa. Noin 5 cm leve\u00e4, pystysuora, s\u00e4\u00e4st\u00e4 kyyn\u00e4rp\u00e4\u00e4h\u00e4n ulottuva raita muodostaa valjaat. T\u00e4ll\u00e4 alueella peitinkarvat eiv\u00e4t saa olla musta-k\u00e4rkiset. Korvien ja kuonon etuosan tulee olla tummat (tumma maski); tummat viivat silmist\u00e4 korvan tyveen kuuluvat maskiin. Aluskarva on puhtaan vaaleanharmaa.<\/p>\n<p><strong>S\u00c4K\u00c4KORKEUS:<\/strong><br \/>\nhannekorkeus uroksilla 52 cm ja nartuilla 49 cm.<\/p>\n<p><strong>VIRHEET:<\/strong><br \/>\nKaikki poikkeamat edell\u00e4mainituista kohdista luetaan virheiksi suhteutettuna virheen vakavuuteen. Py\u00f6re\u00e4 tai kupolimainen kallo. Liian suuret tai haja-asentoiset korvat. Ep\u00e4s\u00e4\u00e4nn\u00f6llinen tai tasapurenta. Vaaleat silm\u00e4t. Suippo tai lyhyt kuono. Litte\u00e4t, hajavarpaiset k\u00e4p\u00e4l\u00e4t. L\u00f6yh\u00e4sti sivulle kiertynyt tai liian lyhyt h\u00e4nt\u00e4. Liian pitk\u00e4 tai liian lyhyt peitinkarva. Ruskehtava tai kellert\u00e4v\u00e4 v\u00e4ri, nokisuus tai tumma aluskarva. Valkoinen h\u00e4nn\u00e4np\u00e4\u00e4 tai valkoinen rintal\u00e4ikk\u00e4. Pehme\u00e4 tai rauhaton luonne.<\/p>\n<p><strong>HYLK\u00c4\u00c4V\u00c4T VIRHEET:<\/strong><br \/>\nT\u00f6p\u00f6h\u00e4nt\u00e4. Voimakkaasti harmaasta poikkeava v\u00e4ri. Keltaiset tai herasilm\u00e4t. Luppakorvat. Ala- tai yl\u00e4purenta. Takaraajojen kannukset. Ihannes\u00e4k\u00e4korkeuden alitus yli 3 cm:ll\u00e4 tai ylitys yli 4 cm:ll\u00e4. Aggressiivisuus.<\/p>\n<p><strong>HUOM.<\/strong><br \/>\nUroksilla tulee olla kaksi normaalisti kehittynytt\u00e4 kivest\u00e4 t\u00e4ysin laskeutuneina kivespussiin.<\/p>\n<p>&nbsp;<\/p>\n","protected":false},"excerpt":{"rendered":"<p>(Hyv\u00e4ksytty: NKK 18.9.1997, FCI 9.8.1999, k\u00e4\u00e4nn\u00f6s SKL-FKK 19.5.1998) FCI: n ryhm\u00e4 5, pystykorvat ja alkukantaiset tyypit. Alkuper\u00e4maa: Norja K\u00c4YTT\u00d6TARKOITUS: Hirven mets\u00e4stykseen k\u00e4ytett\u00e4v\u00e4 koira. YLEISVAIKUTELMA: Tyypillinen pystykorvarotu. Tiivisrakenteinen, lyhytrunkoinen, neli\u00f6m\u00e4inen, j\u00e4ntev\u00e4 ja hyv\u00e4ryhtinen koira, jolla on pystyt korvat. Tihe\u00e4, runsas, ei harottava eik\u00e4 pitk\u00e4 karvapeite. H\u00e4nt\u00e4 on tiiviisti rullautunut sel\u00e4n keskiviivan p\u00e4\u00e4lle. T\u00c4RKEIT\u00c4 MITTASUHTEITA: Neli\u00f6m\u00e4inen rakenne. [&hellip;]<\/p>\n","protected":false},"author":1,"featured_media":0,"parent":0,"menu_order":0,"comment_status":"closed","ping_status":"closed","template":"page-scs.php","meta":{"footnotes":""},"class_list":["post-176","page","type-page","status-publish","hentry"],"yoast_head":"<!-- This site is optimized with the Yoast SEO plugin v26.6 - https:\/\/yoast.com\/wordpress\/plugins\/seo\/ -->\n<title>Rotum\u00e4\u00e4ritelm\u00e4 harmaa norjanhirvikoira - Suomen Harmaahirvikoiraj\u00e4rjest\u00f6 - SHHJ FJGK<\/title>\n<meta name=\"robots\" content=\"index, follow, max-snippet:-1, max-image-preview:large, max-video-preview:-1\" \/>\n<link rel=\"canonical\" href=\"https:\/\/shhj.info\/?page_id=176\" \/>\n<meta property=\"og:locale\" content=\"fi_FI\" \/>\n<meta property=\"og:type\" content=\"article\" \/>\n<meta property=\"og:title\" content=\"Rotum\u00e4\u00e4ritelm\u00e4 harmaa norjanhirvikoira - Suomen Harmaahirvikoiraj\u00e4rjest\u00f6 - SHHJ FJGK\" \/>\n<meta property=\"og:description\" content=\"(Hyv\u00e4ksytty: NKK 18.9.1997, FCI 9.8.1999, k\u00e4\u00e4nn\u00f6s SKL-FKK 19.5.1998) FCI: n ryhm\u00e4 5, pystykorvat ja alkukantaiset tyypit. Alkuper\u00e4maa: Norja K\u00c4YTT\u00d6TARKOITUS: Hirven mets\u00e4stykseen k\u00e4ytett\u00e4v\u00e4 koira. YLEISVAIKUTELMA: Tyypillinen pystykorvarotu. Tiivisrakenteinen, lyhytrunkoinen, neli\u00f6m\u00e4inen, j\u00e4ntev\u00e4 ja hyv\u00e4ryhtinen koira, jolla on pystyt korvat. Tihe\u00e4, runsas, ei harottava eik\u00e4 pitk\u00e4 karvapeite. H\u00e4nt\u00e4 on tiiviisti rullautunut sel\u00e4n keskiviivan p\u00e4\u00e4lle. T\u00c4RKEIT\u00c4 MITTASUHTEITA: Neli\u00f6m\u00e4inen rakenne. [&hellip;]\" \/>\n<meta property=\"og:url\" content=\"https:\/\/shhj.info\/?page_id=176\" \/>\n<meta property=\"og:site_name\" content=\"Suomen Harmaahirvikoiraj\u00e4rjest\u00f6 - SHHJ FJGK\" \/>\n<meta property=\"article:publisher\" content=\"https:\/\/www.facebook.com\/groups\/115740178447653\/\" \/>\n<meta property=\"article:modified_time\" content=\"2015-05-09T06:30:14+00:00\" \/>\n<meta property=\"og:image\" content=\"https:\/\/shhj.info\/wp\/wp-content\/uploads\/2015\/04\/etu_pentu.jpg\" \/>\n\t<meta property=\"og:image:width\" content=\"567\" \/>\n\t<meta property=\"og:image:height\" content=\"594\" \/>\n\t<meta property=\"og:image:type\" content=\"image\/jpeg\" \/>\n<meta name=\"twitter:card\" content=\"summary_large_image\" \/>\n<meta name=\"twitter:label1\" content=\"Arvioitu lukuaika\" \/>\n\t<meta name=\"twitter:data1\" content=\"3 minuuttia\" \/>\n<script type=\"application\/ld+json\" class=\"yoast-schema-graph\">{\"@context\":\"https:\/\/schema.org\",\"@graph\":[{\"@type\":\"WebPage\",\"@id\":\"https:\/\/shhj.info\/?page_id=176\",\"url\":\"https:\/\/shhj.info\/?page_id=176\",\"name\":\"Rotum\u00e4\u00e4ritelm\u00e4 harmaa norjanhirvikoira - Suomen Harmaahirvikoiraj\u00e4rjest\u00f6 - SHHJ FJGK\",\"isPartOf\":{\"@id\":\"https:\/\/shhj.info\/#website\"},\"datePublished\":\"2015-04-22T09:53:04+00:00\",\"dateModified\":\"2015-05-09T06:30:14+00:00\",\"breadcrumb\":{\"@id\":\"https:\/\/shhj.info\/?page_id=176#breadcrumb\"},\"inLanguage\":\"fi\",\"potentialAction\":[{\"@type\":\"ReadAction\",\"target\":[\"https:\/\/shhj.info\/?page_id=176\"]}]},{\"@type\":\"BreadcrumbList\",\"@id\":\"https:\/\/shhj.info\/?page_id=176#breadcrumb\",\"itemListElement\":[{\"@type\":\"ListItem\",\"position\":1,\"name\":\"Etusivu\",\"item\":\"https:\/\/shhj.info\/\"},{\"@type\":\"ListItem\",\"position\":2,\"name\":\"Rotum\u00e4\u00e4ritelm\u00e4 harmaa norjanhirvikoira\"}]},{\"@type\":\"WebSite\",\"@id\":\"https:\/\/shhj.info\/#website\",\"url\":\"https:\/\/shhj.info\/\",\"name\":\"Suomen Harmaahirvikoiraj\u00e4rjest\u00f6 - SHHJ FJGK\",\"description\":\"parhaiden hirvikoirarotujen rotuj\u00e4rjest\u00f6 Suomessa\",\"publisher\":{\"@id\":\"https:\/\/shhj.info\/#organization\"},\"alternateName\":\"SHHJ FJGK\",\"potentialAction\":[{\"@type\":\"SearchAction\",\"target\":{\"@type\":\"EntryPoint\",\"urlTemplate\":\"https:\/\/shhj.info\/?s={search_term_string}\"},\"query-input\":{\"@type\":\"PropertyValueSpecification\",\"valueRequired\":true,\"valueName\":\"search_term_string\"}}],\"inLanguage\":\"fi\"},{\"@type\":\"Organization\",\"@id\":\"https:\/\/shhj.info\/#organization\",\"name\":\"Suomen Harmaahirvikoiraj\u00e4rjest\u00f6 - SHHJ FJGK\",\"url\":\"https:\/\/shhj.info\/\",\"logo\":{\"@type\":\"ImageObject\",\"inLanguage\":\"fi\",\"@id\":\"https:\/\/shhj.info\/#\/schema\/logo\/image\/\",\"url\":\"http:\/\/shhj.info\/wp\/wp-content\/uploads\/2018\/12\/logo.gif\",\"contentUrl\":\"http:\/\/shhj.info\/wp\/wp-content\/uploads\/2018\/12\/logo.gif\",\"width\":169,\"height\":166,\"caption\":\"Suomen Harmaahirvikoiraj\u00e4rjest\u00f6 - SHHJ FJGK\"},\"image\":{\"@id\":\"https:\/\/shhj.info\/#\/schema\/logo\/image\/\"},\"sameAs\":[\"https:\/\/www.facebook.com\/groups\/115740178447653\/\"]}]}<\/script>\n<!-- \/ Yoast SEO plugin. -->","yoast_head_json":{"title":"Rotum\u00e4\u00e4ritelm\u00e4 harmaa norjanhirvikoira - Suomen Harmaahirvikoiraj\u00e4rjest\u00f6 - SHHJ FJGK","robots":{"index":"index","follow":"follow","max-snippet":"max-snippet:-1","max-image-preview":"max-image-preview:large","max-video-preview":"max-video-preview:-1"},"canonical":"https:\/\/shhj.info\/?page_id=176","og_locale":"fi_FI","og_type":"article","og_title":"Rotum\u00e4\u00e4ritelm\u00e4 harmaa norjanhirvikoira - Suomen Harmaahirvikoiraj\u00e4rjest\u00f6 - SHHJ FJGK","og_description":"(Hyv\u00e4ksytty: NKK 18.9.1997, FCI 9.8.1999, k\u00e4\u00e4nn\u00f6s SKL-FKK 19.5.1998) FCI: n ryhm\u00e4 5, pystykorvat ja alkukantaiset tyypit. Alkuper\u00e4maa: Norja K\u00c4YTT\u00d6TARKOITUS: Hirven mets\u00e4stykseen k\u00e4ytett\u00e4v\u00e4 koira. YLEISVAIKUTELMA: Tyypillinen pystykorvarotu. Tiivisrakenteinen, lyhytrunkoinen, neli\u00f6m\u00e4inen, j\u00e4ntev\u00e4 ja hyv\u00e4ryhtinen koira, jolla on pystyt korvat. Tihe\u00e4, runsas, ei harottava eik\u00e4 pitk\u00e4 karvapeite. H\u00e4nt\u00e4 on tiiviisti rullautunut sel\u00e4n keskiviivan p\u00e4\u00e4lle. T\u00c4RKEIT\u00c4 MITTASUHTEITA: Neli\u00f6m\u00e4inen rakenne. [&hellip;]","og_url":"https:\/\/shhj.info\/?page_id=176","og_site_name":"Suomen Harmaahirvikoiraj\u00e4rjest\u00f6 - SHHJ FJGK","article_publisher":"https:\/\/www.facebook.com\/groups\/115740178447653\/","article_modified_time":"2015-05-09T06:30:14+00:00","og_image":[{"width":567,"height":594,"url":"https:\/\/shhj.info\/wp\/wp-content\/uploads\/2015\/04\/etu_pentu.jpg","type":"image\/jpeg"}],"twitter_card":"summary_large_image","twitter_misc":{"Arvioitu lukuaika":"3 minuuttia"},"schema":{"@context":"https:\/\/schema.org","@graph":[{"@type":"WebPage","@id":"https:\/\/shhj.info\/?page_id=176","url":"https:\/\/shhj.info\/?page_id=176","name":"Rotum\u00e4\u00e4ritelm\u00e4 harmaa norjanhirvikoira - Suomen Harmaahirvikoiraj\u00e4rjest\u00f6 - SHHJ FJGK","isPartOf":{"@id":"https:\/\/shhj.info\/#website"},"datePublished":"2015-04-22T09:53:04+00:00","dateModified":"2015-05-09T06:30:14+00:00","breadcrumb":{"@id":"https:\/\/shhj.info\/?page_id=176#breadcrumb"},"inLanguage":"fi","potentialAction":[{"@type":"ReadAction","target":["https:\/\/shhj.info\/?page_id=176"]}]},{"@type":"BreadcrumbList","@id":"https:\/\/shhj.info\/?page_id=176#breadcrumb","itemListElement":[{"@type":"ListItem","position":1,"name":"Etusivu","item":"https:\/\/shhj.info\/"},{"@type":"ListItem","position":2,"name":"Rotum\u00e4\u00e4ritelm\u00e4 harmaa norjanhirvikoira"}]},{"@type":"WebSite","@id":"https:\/\/shhj.info\/#website","url":"https:\/\/shhj.info\/","name":"Suomen Harmaahirvikoiraj\u00e4rjest\u00f6 - SHHJ FJGK","description":"parhaiden hirvikoirarotujen rotuj\u00e4rjest\u00f6 Suomessa","publisher":{"@id":"https:\/\/shhj.info\/#organization"},"alternateName":"SHHJ FJGK","potentialAction":[{"@type":"SearchAction","target":{"@type":"EntryPoint","urlTemplate":"https:\/\/shhj.info\/?s={search_term_string}"},"query-input":{"@type":"PropertyValueSpecification","valueRequired":true,"valueName":"search_term_string"}}],"inLanguage":"fi"},{"@type":"Organization","@id":"https:\/\/shhj.info\/#organization","name":"Suomen Harmaahirvikoiraj\u00e4rjest\u00f6 - SHHJ FJGK","url":"https:\/\/shhj.info\/","logo":{"@type":"ImageObject","inLanguage":"fi","@id":"https:\/\/shhj.info\/#\/schema\/logo\/image\/","url":"http:\/\/shhj.info\/wp\/wp-content\/uploads\/2018\/12\/logo.gif","contentUrl":"http:\/\/shhj.info\/wp\/wp-content\/uploads\/2018\/12\/logo.gif","width":169,"height":166,"caption":"Suomen Harmaahirvikoiraj\u00e4rjest\u00f6 - SHHJ FJGK"},"image":{"@id":"https:\/\/shhj.info\/#\/schema\/logo\/image\/"},"sameAs":["https:\/\/www.facebook.com\/groups\/115740178447653\/"]}]}},"_links":{"self":[{"href":"https:\/\/shhj.info\/index.php?rest_route=\/wp\/v2\/pages\/176","targetHints":{"allow":["GET"]}}],"collection":[{"href":"https:\/\/shhj.info\/index.php?rest_route=\/wp\/v2\/pages"}],"about":[{"href":"https:\/\/shhj.info\/index.php?rest_route=\/wp\/v2\/types\/page"}],"author":[{"embeddable":true,"href":"https:\/\/shhj.info\/index.php?rest_route=\/wp\/v2\/users\/1"}],"replies":[{"embeddable":true,"href":"https:\/\/shhj.info\/index.php?rest_route=%2Fwp%2Fv2%2Fcomments&post=176"}],"version-history":[{"count":5,"href":"https:\/\/shhj.info\/index.php?rest_route=\/wp\/v2\/pages\/176\/revisions"}],"predecessor-version":[{"id":710,"href":"https:\/\/shhj.info\/index.php?rest_route=\/wp\/v2\/pages\/176\/revisions\/710"}],"wp:attachment":[{"href":"https:\/\/shhj.info\/index.php?rest_route=%2Fwp%2Fv2%2Fmedia&parent=176"}],"curies":[{"name":"wp","href":"https:\/\/api.w.org\/{rel}","templated":true}]}}