{"id":1394,"date":"2015-06-04T21:07:06","date_gmt":"2015-06-04T18:07:06","guid":{"rendered":"http:\/\/www.shhj.info\/wp\/?page_id=1394"},"modified":"2015-06-04T21:09:47","modified_gmt":"2015-06-04T18:09:47","slug":"jalostusaiheisia-lehtiartikkeleita","status":"publish","type":"page","link":"https:\/\/shhj.info\/?page_id=1394","title":{"rendered":"Jalostusaiheisia lehtiartikkeleita"},"content":{"rendered":"\n<table id=\"tablepress-35\" class=\"tablepress tablepress-id-35\">\n<tbody class=\"row-striping row-hover\">\n<tr class=\"row-1\">\n\t<td class=\"column-1\"><a href=\"http:\/\/www.shhj.info\/wp\/wp-content\/uploads\/2015\/06\/art_ohjeita_pentuetta_suunnitteleville.pdf\" target=\"_blank\">Ohjeita pentuetta suunnittelevalle<\/a><\/td><td class=\"column-2\"><a href=\"http:\/\/www.shhj.info\/wp\/wp-content\/uploads\/2015\/06\/art_onnistunut_astutus.pdf\" target=\"_blank\">Onnistunut astutus<\/a><\/td><td class=\"column-3\"><a href=\"http:\/\/www.shhj.info\/wp\/wp-content\/uploads\/2015\/06\/art_kasvattajan_kivinen_tie.pdf\" target=\"_blank\">Kasvattajan kivinen tie<\/a><\/td><td class=\"column-4\"><a href=\"http:\/\/www.shhj.info\/wp\/wp-content\/uploads\/2015\/06\/art_pennun_valinta.pdf\" target=\"_blank\">Pennun valinta, kotikasvatus, koulutus<\/a><\/td>\n<\/tr>\n<tr class=\"row-2\">\n\t<td class=\"column-1\"><a href=\"http:\/\/www.shhj.info\/wp\/wp-content\/uploads\/2015\/06\/art_ruokinnan_perusteita.pdf\" target=\"_blank\">Koirien ruokinnan perusteita<\/a><\/td><td class=\"column-2\"><a href=\"http:\/\/www.shhj.info\/wp\/wp-content\/uploads\/2015\/06\/art_koiranjalostus.pdf\" target=\"_blank\">Koiran jalostus\/ jalostusasiaa<\/a><\/td><td class=\"column-3\"><a href=\"http:\/\/www.shhj.info\/wp\/wp-content\/uploads\/2015\/06\/art_seisottava_hirvikoira.pdf\" target=\"_blank\">Seisottava hirvikoira<\/a><\/td><td class=\"column-4\"><a href=\"http:\/\/www.shhj.info\/wp\/wp-content\/uploads\/2015\/06\/art_karhun_metsastys.pdf\" target=\"_blank\">Karhun mets\u00e4stys koiralla<\/a><\/td>\n<\/tr>\n<tr class=\"row-3\">\n\t<td class=\"column-1\"><a href=\"http:\/\/www.shhj.info\/wp\/wp-content\/uploads\/2015\/06\/art_harmaa_60_luku.pdf\" target=\"_blank\">Harmaiden jalostusuroksia 60-luvulta<\/a><\/td><td class=\"column-2\"><a href=\"http:\/\/www.shhj.info\/wp\/wp-content\/uploads\/2015\/06\/art_harmaa_tuonti_70_80_luku.pdf\" target=\"_blank\">Harmaa tuontiurokset 70-80-luku<\/a><\/td><td class=\"column-3\"><a href=\"http:\/\/www.shhj.info\/wp\/wp-content\/uploads\/2015\/06\/art_jalostustaulukon_tulkintoja_1996.pdf\" target=\"_blank\">Jalostustaulukon tulkintoja v. 1996<\/a><\/td><td class=\"column-4\"><a href=\"http:\/\/www.shhj.info\/wp\/wp-content\/uploads\/2015\/06\/art_harmaa_norjanhirvikoira.pdf\" target=\"_blank\">Harmaa norjanhirvikoira<\/a><\/td>\n<\/tr>\n<\/tbody>\n<\/table>\n<!-- #tablepress-35 from cache -->\n","protected":false},"excerpt":{"rendered":"","protected":false},"author":1,"featured_media":0,"parent":0,"menu_order":0,"comment_status":"closed","ping_status":"closed","template":"","meta":{"footnotes":""},"class_list":["post-1394","page","type-page","status-publish","hentry"],"yoast_head":"<!-- This site is optimized with the Yoast SEO plugin v26.6 - https:\/\/yoast.com\/wordpress\/plugins\/seo\/ -->\n<title>Jalostusaiheisia lehtiartikkeleita - Suomen Harmaahirvikoiraj\u00e4rjest\u00f6 - SHHJ FJGK<\/title>\n<meta name=\"robots\" content=\"index, follow, max-snippet:-1, max-image-preview:large, max-video-preview:-1\" \/>\n<link rel=\"canonical\" href=\"https:\/\/shhj.info\/?page_id=1394\" \/>\n<meta property=\"og:locale\" content=\"fi_FI\" \/>\n<meta property=\"og:type\" content=\"article\" \/>\n<meta property=\"og:title\" content=\"Jalostusaiheisia lehtiartikkeleita - Suomen Harmaahirvikoiraj\u00e4rjest\u00f6 - SHHJ FJGK\" \/>\n<meta property=\"og:url\" content=\"https:\/\/shhj.info\/?page_id=1394\" \/>\n<meta property=\"og:site_name\" content=\"Suomen Harmaahirvikoiraj\u00e4rjest\u00f6 - SHHJ FJGK\" \/>\n<meta property=\"article:publisher\" content=\"https:\/\/www.facebook.com\/groups\/115740178447653\/\" \/>\n<meta property=\"article:modified_time\" content=\"2015-06-04T18:09:47+00:00\" \/>\n<meta property=\"og:image\" content=\"https:\/\/shhj.info\/wp\/wp-content\/uploads\/2015\/04\/etu_pentu.jpg\" \/>\n\t<meta property=\"og:image:width\" content=\"567\" \/>\n\t<meta property=\"og:image:height\" content=\"594\" \/>\n\t<meta property=\"og:image:type\" content=\"image\/jpeg\" \/>\n<meta name=\"twitter:card\" content=\"summary_large_image\" \/>\n<script type=\"application\/ld+json\" class=\"yoast-schema-graph\">{\"@context\":\"https:\/\/schema.org\",\"@graph\":[{\"@type\":\"WebPage\",\"@id\":\"https:\/\/shhj.info\/?page_id=1394\",\"url\":\"https:\/\/shhj.info\/?page_id=1394\",\"name\":\"Jalostusaiheisia lehtiartikkeleita - Suomen Harmaahirvikoiraj\u00e4rjest\u00f6 - SHHJ FJGK\",\"isPartOf\":{\"@id\":\"https:\/\/shhj.info\/#website\"},\"datePublished\":\"2015-06-04T18:07:06+00:00\",\"dateModified\":\"2015-06-04T18:09:47+00:00\",\"breadcrumb\":{\"@id\":\"https:\/\/shhj.info\/?page_id=1394#breadcrumb\"},\"inLanguage\":\"fi\",\"potentialAction\":[{\"@type\":\"ReadAction\",\"target\":[\"https:\/\/shhj.info\/?page_id=1394\"]}]},{\"@type\":\"BreadcrumbList\",\"@id\":\"https:\/\/shhj.info\/?page_id=1394#breadcrumb\",\"itemListElement\":[{\"@type\":\"ListItem\",\"position\":1,\"name\":\"Etusivu\",\"item\":\"https:\/\/shhj.info\/\"},{\"@type\":\"ListItem\",\"position\":2,\"name\":\"Jalostusaiheisia lehtiartikkeleita\"}]},{\"@type\":\"WebSite\",\"@id\":\"https:\/\/shhj.info\/#website\",\"url\":\"https:\/\/shhj.info\/\",\"name\":\"Suomen Harmaahirvikoiraj\u00e4rjest\u00f6 - SHHJ FJGK\",\"description\":\"parhaiden hirvikoirarotujen rotuj\u00e4rjest\u00f6 Suomessa\",\"publisher\":{\"@id\":\"https:\/\/shhj.info\/#organization\"},\"alternateName\":\"SHHJ FJGK\",\"potentialAction\":[{\"@type\":\"SearchAction\",\"target\":{\"@type\":\"EntryPoint\",\"urlTemplate\":\"https:\/\/shhj.info\/?s={search_term_string}\"},\"query-input\":{\"@type\":\"PropertyValueSpecification\",\"valueRequired\":true,\"valueName\":\"search_term_string\"}}],\"inLanguage\":\"fi\"},{\"@type\":\"Organization\",\"@id\":\"https:\/\/shhj.info\/#organization\",\"name\":\"Suomen Harmaahirvikoiraj\u00e4rjest\u00f6 - SHHJ FJGK\",\"url\":\"https:\/\/shhj.info\/\",\"logo\":{\"@type\":\"ImageObject\",\"inLanguage\":\"fi\",\"@id\":\"https:\/\/shhj.info\/#\/schema\/logo\/image\/\",\"url\":\"http:\/\/shhj.info\/wp\/wp-content\/uploads\/2018\/12\/logo.gif\",\"contentUrl\":\"http:\/\/shhj.info\/wp\/wp-content\/uploads\/2018\/12\/logo.gif\",\"width\":169,\"height\":166,\"caption\":\"Suomen Harmaahirvikoiraj\u00e4rjest\u00f6 - SHHJ FJGK\"},\"image\":{\"@id\":\"https:\/\/shhj.info\/#\/schema\/logo\/image\/\"},\"sameAs\":[\"https:\/\/www.facebook.com\/groups\/115740178447653\/\"]}]}<\/script>\n<!-- \/ Yoast SEO plugin. -->","yoast_head_json":{"title":"Jalostusaiheisia lehtiartikkeleita - Suomen Harmaahirvikoiraj\u00e4rjest\u00f6 - SHHJ FJGK","robots":{"index":"index","follow":"follow","max-snippet":"max-snippet:-1","max-image-preview":"max-image-preview:large","max-video-preview":"max-video-preview:-1"},"canonical":"https:\/\/shhj.info\/?page_id=1394","og_locale":"fi_FI","og_type":"article","og_title":"Jalostusaiheisia lehtiartikkeleita - Suomen Harmaahirvikoiraj\u00e4rjest\u00f6 - SHHJ FJGK","og_url":"https:\/\/shhj.info\/?page_id=1394","og_site_name":"Suomen Harmaahirvikoiraj\u00e4rjest\u00f6 - SHHJ FJGK","article_publisher":"https:\/\/www.facebook.com\/groups\/115740178447653\/","article_modified_time":"2015-06-04T18:09:47+00:00","og_image":[{"width":567,"height":594,"url":"https:\/\/shhj.info\/wp\/wp-content\/uploads\/2015\/04\/etu_pentu.jpg","type":"image\/jpeg"}],"twitter_card":"summary_large_image","schema":{"@context":"https:\/\/schema.org","@graph":[{"@type":"WebPage","@id":"https:\/\/shhj.info\/?page_id=1394","url":"https:\/\/shhj.info\/?page_id=1394","name":"Jalostusaiheisia lehtiartikkeleita - Suomen Harmaahirvikoiraj\u00e4rjest\u00f6 - SHHJ FJGK","isPartOf":{"@id":"https:\/\/shhj.info\/#website"},"datePublished":"2015-06-04T18:07:06+00:00","dateModified":"2015-06-04T18:09:47+00:00","breadcrumb":{"@id":"https:\/\/shhj.info\/?page_id=1394#breadcrumb"},"inLanguage":"fi","potentialAction":[{"@type":"ReadAction","target":["https:\/\/shhj.info\/?page_id=1394"]}]},{"@type":"BreadcrumbList","@id":"https:\/\/shhj.info\/?page_id=1394#breadcrumb","itemListElement":[{"@type":"ListItem","position":1,"name":"Etusivu","item":"https:\/\/shhj.info\/"},{"@type":"ListItem","position":2,"name":"Jalostusaiheisia lehtiartikkeleita"}]},{"@type":"WebSite","@id":"https:\/\/shhj.info\/#website","url":"https:\/\/shhj.info\/","name":"Suomen Harmaahirvikoiraj\u00e4rjest\u00f6 - SHHJ FJGK","description":"parhaiden hirvikoirarotujen rotuj\u00e4rjest\u00f6 Suomessa","publisher":{"@id":"https:\/\/shhj.info\/#organization"},"alternateName":"SHHJ FJGK","potentialAction":[{"@type":"SearchAction","target":{"@type":"EntryPoint","urlTemplate":"https:\/\/shhj.info\/?s={search_term_string}"},"query-input":{"@type":"PropertyValueSpecification","valueRequired":true,"valueName":"search_term_string"}}],"inLanguage":"fi"},{"@type":"Organization","@id":"https:\/\/shhj.info\/#organization","name":"Suomen Harmaahirvikoiraj\u00e4rjest\u00f6 - SHHJ FJGK","url":"https:\/\/shhj.info\/","logo":{"@type":"ImageObject","inLanguage":"fi","@id":"https:\/\/shhj.info\/#\/schema\/logo\/image\/","url":"http:\/\/shhj.info\/wp\/wp-content\/uploads\/2018\/12\/logo.gif","contentUrl":"http:\/\/shhj.info\/wp\/wp-content\/uploads\/2018\/12\/logo.gif","width":169,"height":166,"caption":"Suomen Harmaahirvikoiraj\u00e4rjest\u00f6 - SHHJ FJGK"},"image":{"@id":"https:\/\/shhj.info\/#\/schema\/logo\/image\/"},"sameAs":["https:\/\/www.facebook.com\/groups\/115740178447653\/"]}]}},"_links":{"self":[{"href":"https:\/\/shhj.info\/index.php?rest_route=\/wp\/v2\/pages\/1394","targetHints":{"allow":["GET"]}}],"collection":[{"href":"https:\/\/shhj.info\/index.php?rest_route=\/wp\/v2\/pages"}],"about":[{"href":"https:\/\/shhj.info\/index.php?rest_route=\/wp\/v2\/types\/page"}],"author":[{"embeddable":true,"href":"https:\/\/shhj.info\/index.php?rest_route=\/wp\/v2\/users\/1"}],"replies":[{"embeddable":true,"href":"https:\/\/shhj.info\/index.php?rest_route=%2Fwp%2Fv2%2Fcomments&post=1394"}],"version-history":[{"count":2,"href":"https:\/\/shhj.info\/index.php?rest_route=\/wp\/v2\/pages\/1394\/revisions"}],"predecessor-version":[{"id":1398,"href":"https:\/\/shhj.info\/index.php?rest_route=\/wp\/v2\/pages\/1394\/revisions\/1398"}],"wp:attachment":[{"href":"https:\/\/shhj.info\/index.php?rest_route=%2Fwp%2Fv2%2Fmedia&parent=1394"}],"curies":[{"name":"wp","href":"https:\/\/api.w.org\/{rel}","templated":true}]}}