{"id":1375,"date":"2015-05-30T19:54:16","date_gmt":"2015-05-30T16:54:16","guid":{"rendered":"http:\/\/www.shhj.info\/wp\/?page_id=1375"},"modified":"2015-05-30T19:54:16","modified_gmt":"2015-05-30T16:54:16","slug":"polvilumpion-sijoiltaan-meno","status":"publish","type":"page","link":"https:\/\/shhj.info\/?page_id=1375","title":{"rendered":"Polvilumpion sijoiltaan meno"},"content":{"rendered":"<h3>Polvilumpion sijoiltaan meno (patellaluksaatio)<\/h3>\n<p><em>ELT Anu Lappalainen<\/em><\/p>\n<p>Polvinivelen rakenteelliset heikkoudet altistavat patellaluksaatiolle eli polvilumpion sijoiltaan menolle. Jalka-asento on virheellinen ja polvilumpion telaurat ovat liian matalat.\u00a0Patellaluksaatiota esiintyy suhteellisen runsaasti k\u00e4\u00e4pi\u00f6roduilla ja sellaisilla suuremmilla roduilla, joilla on suora takajalka. Vika on periytyv\u00e4. Polvilumpion rakennetta s\u00e4\u00e4telev\u00e4t useat eri geenit, joiden esilletuloa my\u00f6s ymp\u00e4rist\u00f6 muokkaa.<\/p>\n<p>Pienikokoisilla roduilla polvilumpio luksoituu yleens\u00e4 sis\u00e4\u00e4np\u00e4in (mediaalisesti). Patellaluksaatio on synnynn\u00e4inen ja jaetaan vian vakavuuden perusteella nelj\u00e4\u00e4n eri asteeseen. El\u00e4inl\u00e4\u00e4k\u00e4ri tutkii polvet tunnustelemalla. I &#8211; asteen luksaatiot ovat tavallisesti oireettomia eiv\u00e4tk\u00e4 kaipaa hoitoa. II- ja III &#8211; asteen luksaatioissa koiralla havaitaan selvi\u00e4 liikkumisvaikeuksia. Ravatessaan koira koukistaa hetkitt\u00e4in raajaansa sen sijaan ett\u00e4 tukeutuisi sill\u00e4 maahan (polvilumpio on luiskahtanut pois paikoiltaan), ja jatkaa sitten normaalia ravia (polvilumpio on palautunut paikoilleen).\u00a0 IV &#8211; asteen luksaatiossa polvilumpio on pysyv\u00e4sti pois paikoiltaan. Usein oireet huomataan tapaturman j\u00e4lkeen, vaikka kyseess\u00e4 on synnynn\u00e4inen vika.Patellaluksaatio voi my\u00f6s pahentua eik\u00e4 nuorena saatu tulos v\u00e4ltt\u00e4m\u00e4tt\u00e4 ole lopullinen.<\/p>\n<p>Lievien patellaluksaation muotojen hoidoksi riitt\u00e4\u00e4 yleens\u00e4 lepo ja kipul\u00e4\u00e4kitys. Jos t\u00e4m\u00e4 ei auta, patellaluksaatiota voidaan hoitaa kirurgisesti. Leikkausmenetelmi\u00e4 on useita. Vaikeimman asteen luksaatioissa hoito voi vaatia useita leikkauksia ja ennuste voi olla huono.<\/p>\n<p>Muutamat rodut kuuluvat patellaluksaation osalta PEVISA:aan.<\/p>\n<p>Arvostelussa k\u00e4ytet\u00e4\u00e4n Putnamin asteikkoa. Luksaatio voi olla mediaalinen tai lateraalinen (tai molempia):<\/p>\n<table style=\"height: 481px;\" width=\"609\">\n<tbody>\n<tr>\n<td>0<\/td>\n<td>Polvilumpio ei luksoidu.<\/td>\n<\/tr>\n<tr>\n<td>Aste 1<\/td>\n<td>Polvinivel on l\u00e4hes normaali. Polvilumpiota voidaan liikutella helpommin<br \/>\nkuin normaalisti ja patella saadaan luksoitumaan mik\u00e4li polvea samalla<br \/>\nojennetaan. Patella saattaa luksoitua ajoittain, mutta se palautuu<br \/>\nitsest\u00e4\u00e4n paikoilleen. Polvilumpion suoran siteen kiinnityskohta saattaa<br \/>\nolla liev\u00e4sti kiertynyt.<\/td>\n<\/tr>\n<tr>\n<td>Aste 2<\/td>\n<td>Polvilumpio on tavallisesti paikoillaan raajan ollessa ojennettuna. Lumpio<br \/>\nluksoituu polvea koukistettaessa tai rotatoitaessa (kierrett\u00e4ess\u00e4) ja pysyy<br \/>\npoissa telaurasta kunnes se asetetaan takaisin paikoilleen. S\u00e4\u00e4riluun<br \/>\n(tibia) yl\u00e4osa on kiertynyt jopa 30 astetta sis\u00e4\u00e4np\u00e4in (pienet koirat).<\/td>\n<\/tr>\n<tr>\n<td>Aste 3<\/td>\n<td>Polvilumpio on yleens\u00e4 luksoituneena. Lumpio saadaan asetettua<br \/>\ntilap\u00e4isesti paikoilleen. S\u00e4\u00e4riluun yl\u00e4osa on kiertynyt jopa 30\u201360 astetta.<\/td>\n<\/tr>\n<tr>\n<td>Aste 4<\/td>\n<td>Polvilumpio on pysyv\u00e4sti sijoiltaan, eik\u00e4 se pysy telaurassa ilman<br \/>\nleikkausta. S\u00e4\u00e4riluun yl\u00e4osa kiertynyt jopa 90 astetta.<\/td>\n<\/tr>\n<\/tbody>\n<\/table>\n","protected":false},"excerpt":{"rendered":"<p>Polvilumpion sijoiltaan meno (patellaluksaatio) ELT Anu Lappalainen Polvinivelen rakenteelliset heikkoudet altistavat patellaluksaatiolle eli polvilumpion sijoiltaan menolle. Jalka-asento on virheellinen ja polvilumpion telaurat ovat liian matalat.\u00a0Patellaluksaatiota esiintyy suhteellisen runsaasti k\u00e4\u00e4pi\u00f6roduilla ja sellaisilla suuremmilla roduilla, joilla on suora takajalka. Vika on periytyv\u00e4. Polvilumpion rakennetta s\u00e4\u00e4telev\u00e4t useat eri geenit, joiden esilletuloa my\u00f6s ymp\u00e4rist\u00f6 muokkaa. Pienikokoisilla roduilla polvilumpio luksoituu [&hellip;]<\/p>\n","protected":false},"author":1,"featured_media":0,"parent":0,"menu_order":0,"comment_status":"closed","ping_status":"closed","template":"page-scs.php","meta":{"footnotes":""},"class_list":["post-1375","page","type-page","status-publish","hentry"],"yoast_head":"<!-- This site is optimized with the Yoast SEO plugin v26.6 - https:\/\/yoast.com\/wordpress\/plugins\/seo\/ -->\n<title>Polvilumpion sijoiltaan meno - Suomen Harmaahirvikoiraj\u00e4rjest\u00f6 - SHHJ FJGK<\/title>\n<meta name=\"robots\" content=\"index, follow, max-snippet:-1, max-image-preview:large, max-video-preview:-1\" \/>\n<link rel=\"canonical\" href=\"https:\/\/shhj.info\/?page_id=1375\" \/>\n<meta property=\"og:locale\" content=\"fi_FI\" \/>\n<meta property=\"og:type\" content=\"article\" \/>\n<meta property=\"og:title\" content=\"Polvilumpion sijoiltaan meno - Suomen Harmaahirvikoiraj\u00e4rjest\u00f6 - SHHJ FJGK\" \/>\n<meta property=\"og:description\" content=\"Polvilumpion sijoiltaan meno (patellaluksaatio) ELT Anu Lappalainen Polvinivelen rakenteelliset heikkoudet altistavat patellaluksaatiolle eli polvilumpion sijoiltaan menolle. Jalka-asento on virheellinen ja polvilumpion telaurat ovat liian matalat.\u00a0Patellaluksaatiota esiintyy suhteellisen runsaasti k\u00e4\u00e4pi\u00f6roduilla ja sellaisilla suuremmilla roduilla, joilla on suora takajalka. Vika on periytyv\u00e4. Polvilumpion rakennetta s\u00e4\u00e4telev\u00e4t useat eri geenit, joiden esilletuloa my\u00f6s ymp\u00e4rist\u00f6 muokkaa. Pienikokoisilla roduilla polvilumpio luksoituu [&hellip;]\" \/>\n<meta property=\"og:url\" content=\"https:\/\/shhj.info\/?page_id=1375\" \/>\n<meta property=\"og:site_name\" content=\"Suomen Harmaahirvikoiraj\u00e4rjest\u00f6 - SHHJ FJGK\" \/>\n<meta property=\"article:publisher\" content=\"https:\/\/www.facebook.com\/groups\/115740178447653\/\" \/>\n<meta property=\"og:image\" content=\"https:\/\/shhj.info\/wp\/wp-content\/uploads\/2015\/04\/etu_pentu.jpg\" \/>\n\t<meta property=\"og:image:width\" content=\"567\" \/>\n\t<meta property=\"og:image:height\" content=\"594\" \/>\n\t<meta property=\"og:image:type\" content=\"image\/jpeg\" \/>\n<meta name=\"twitter:card\" content=\"summary_large_image\" \/>\n<meta name=\"twitter:label1\" content=\"Arvioitu lukuaika\" \/>\n\t<meta name=\"twitter:data1\" content=\"2 minuuttia\" \/>\n<script type=\"application\/ld+json\" class=\"yoast-schema-graph\">{\"@context\":\"https:\/\/schema.org\",\"@graph\":[{\"@type\":\"WebPage\",\"@id\":\"https:\/\/shhj.info\/?page_id=1375\",\"url\":\"https:\/\/shhj.info\/?page_id=1375\",\"name\":\"Polvilumpion sijoiltaan meno - Suomen Harmaahirvikoiraj\u00e4rjest\u00f6 - SHHJ FJGK\",\"isPartOf\":{\"@id\":\"https:\/\/shhj.info\/#website\"},\"datePublished\":\"2015-05-30T16:54:16+00:00\",\"breadcrumb\":{\"@id\":\"https:\/\/shhj.info\/?page_id=1375#breadcrumb\"},\"inLanguage\":\"fi\",\"potentialAction\":[{\"@type\":\"ReadAction\",\"target\":[\"https:\/\/shhj.info\/?page_id=1375\"]}]},{\"@type\":\"BreadcrumbList\",\"@id\":\"https:\/\/shhj.info\/?page_id=1375#breadcrumb\",\"itemListElement\":[{\"@type\":\"ListItem\",\"position\":1,\"name\":\"Etusivu\",\"item\":\"https:\/\/shhj.info\/\"},{\"@type\":\"ListItem\",\"position\":2,\"name\":\"Polvilumpion sijoiltaan meno\"}]},{\"@type\":\"WebSite\",\"@id\":\"https:\/\/shhj.info\/#website\",\"url\":\"https:\/\/shhj.info\/\",\"name\":\"Suomen Harmaahirvikoiraj\u00e4rjest\u00f6 - SHHJ FJGK\",\"description\":\"parhaiden hirvikoirarotujen rotuj\u00e4rjest\u00f6 Suomessa\",\"publisher\":{\"@id\":\"https:\/\/shhj.info\/#organization\"},\"alternateName\":\"SHHJ FJGK\",\"potentialAction\":[{\"@type\":\"SearchAction\",\"target\":{\"@type\":\"EntryPoint\",\"urlTemplate\":\"https:\/\/shhj.info\/?s={search_term_string}\"},\"query-input\":{\"@type\":\"PropertyValueSpecification\",\"valueRequired\":true,\"valueName\":\"search_term_string\"}}],\"inLanguage\":\"fi\"},{\"@type\":\"Organization\",\"@id\":\"https:\/\/shhj.info\/#organization\",\"name\":\"Suomen Harmaahirvikoiraj\u00e4rjest\u00f6 - SHHJ FJGK\",\"url\":\"https:\/\/shhj.info\/\",\"logo\":{\"@type\":\"ImageObject\",\"inLanguage\":\"fi\",\"@id\":\"https:\/\/shhj.info\/#\/schema\/logo\/image\/\",\"url\":\"http:\/\/shhj.info\/wp\/wp-content\/uploads\/2018\/12\/logo.gif\",\"contentUrl\":\"http:\/\/shhj.info\/wp\/wp-content\/uploads\/2018\/12\/logo.gif\",\"width\":169,\"height\":166,\"caption\":\"Suomen Harmaahirvikoiraj\u00e4rjest\u00f6 - SHHJ FJGK\"},\"image\":{\"@id\":\"https:\/\/shhj.info\/#\/schema\/logo\/image\/\"},\"sameAs\":[\"https:\/\/www.facebook.com\/groups\/115740178447653\/\"]}]}<\/script>\n<!-- \/ Yoast SEO plugin. -->","yoast_head_json":{"title":"Polvilumpion sijoiltaan meno - Suomen Harmaahirvikoiraj\u00e4rjest\u00f6 - SHHJ FJGK","robots":{"index":"index","follow":"follow","max-snippet":"max-snippet:-1","max-image-preview":"max-image-preview:large","max-video-preview":"max-video-preview:-1"},"canonical":"https:\/\/shhj.info\/?page_id=1375","og_locale":"fi_FI","og_type":"article","og_title":"Polvilumpion sijoiltaan meno - Suomen Harmaahirvikoiraj\u00e4rjest\u00f6 - SHHJ FJGK","og_description":"Polvilumpion sijoiltaan meno (patellaluksaatio) ELT Anu Lappalainen Polvinivelen rakenteelliset heikkoudet altistavat patellaluksaatiolle eli polvilumpion sijoiltaan menolle. Jalka-asento on virheellinen ja polvilumpion telaurat ovat liian matalat.\u00a0Patellaluksaatiota esiintyy suhteellisen runsaasti k\u00e4\u00e4pi\u00f6roduilla ja sellaisilla suuremmilla roduilla, joilla on suora takajalka. Vika on periytyv\u00e4. Polvilumpion rakennetta s\u00e4\u00e4telev\u00e4t useat eri geenit, joiden esilletuloa my\u00f6s ymp\u00e4rist\u00f6 muokkaa. Pienikokoisilla roduilla polvilumpio luksoituu [&hellip;]","og_url":"https:\/\/shhj.info\/?page_id=1375","og_site_name":"Suomen Harmaahirvikoiraj\u00e4rjest\u00f6 - SHHJ FJGK","article_publisher":"https:\/\/www.facebook.com\/groups\/115740178447653\/","og_image":[{"width":567,"height":594,"url":"https:\/\/shhj.info\/wp\/wp-content\/uploads\/2015\/04\/etu_pentu.jpg","type":"image\/jpeg"}],"twitter_card":"summary_large_image","twitter_misc":{"Arvioitu lukuaika":"2 minuuttia"},"schema":{"@context":"https:\/\/schema.org","@graph":[{"@type":"WebPage","@id":"https:\/\/shhj.info\/?page_id=1375","url":"https:\/\/shhj.info\/?page_id=1375","name":"Polvilumpion sijoiltaan meno - Suomen Harmaahirvikoiraj\u00e4rjest\u00f6 - SHHJ FJGK","isPartOf":{"@id":"https:\/\/shhj.info\/#website"},"datePublished":"2015-05-30T16:54:16+00:00","breadcrumb":{"@id":"https:\/\/shhj.info\/?page_id=1375#breadcrumb"},"inLanguage":"fi","potentialAction":[{"@type":"ReadAction","target":["https:\/\/shhj.info\/?page_id=1375"]}]},{"@type":"BreadcrumbList","@id":"https:\/\/shhj.info\/?page_id=1375#breadcrumb","itemListElement":[{"@type":"ListItem","position":1,"name":"Etusivu","item":"https:\/\/shhj.info\/"},{"@type":"ListItem","position":2,"name":"Polvilumpion sijoiltaan meno"}]},{"@type":"WebSite","@id":"https:\/\/shhj.info\/#website","url":"https:\/\/shhj.info\/","name":"Suomen Harmaahirvikoiraj\u00e4rjest\u00f6 - SHHJ FJGK","description":"parhaiden hirvikoirarotujen rotuj\u00e4rjest\u00f6 Suomessa","publisher":{"@id":"https:\/\/shhj.info\/#organization"},"alternateName":"SHHJ FJGK","potentialAction":[{"@type":"SearchAction","target":{"@type":"EntryPoint","urlTemplate":"https:\/\/shhj.info\/?s={search_term_string}"},"query-input":{"@type":"PropertyValueSpecification","valueRequired":true,"valueName":"search_term_string"}}],"inLanguage":"fi"},{"@type":"Organization","@id":"https:\/\/shhj.info\/#organization","name":"Suomen Harmaahirvikoiraj\u00e4rjest\u00f6 - SHHJ FJGK","url":"https:\/\/shhj.info\/","logo":{"@type":"ImageObject","inLanguage":"fi","@id":"https:\/\/shhj.info\/#\/schema\/logo\/image\/","url":"http:\/\/shhj.info\/wp\/wp-content\/uploads\/2018\/12\/logo.gif","contentUrl":"http:\/\/shhj.info\/wp\/wp-content\/uploads\/2018\/12\/logo.gif","width":169,"height":166,"caption":"Suomen Harmaahirvikoiraj\u00e4rjest\u00f6 - SHHJ FJGK"},"image":{"@id":"https:\/\/shhj.info\/#\/schema\/logo\/image\/"},"sameAs":["https:\/\/www.facebook.com\/groups\/115740178447653\/"]}]}},"_links":{"self":[{"href":"https:\/\/shhj.info\/index.php?rest_route=\/wp\/v2\/pages\/1375","targetHints":{"allow":["GET"]}}],"collection":[{"href":"https:\/\/shhj.info\/index.php?rest_route=\/wp\/v2\/pages"}],"about":[{"href":"https:\/\/shhj.info\/index.php?rest_route=\/wp\/v2\/types\/page"}],"author":[{"embeddable":true,"href":"https:\/\/shhj.info\/index.php?rest_route=\/wp\/v2\/users\/1"}],"replies":[{"embeddable":true,"href":"https:\/\/shhj.info\/index.php?rest_route=%2Fwp%2Fv2%2Fcomments&post=1375"}],"version-history":[{"count":1,"href":"https:\/\/shhj.info\/index.php?rest_route=\/wp\/v2\/pages\/1375\/revisions"}],"predecessor-version":[{"id":1376,"href":"https:\/\/shhj.info\/index.php?rest_route=\/wp\/v2\/pages\/1375\/revisions\/1376"}],"wp:attachment":[{"href":"https:\/\/shhj.info\/index.php?rest_route=%2Fwp%2Fv2%2Fmedia&parent=1375"}],"curies":[{"name":"wp","href":"https:\/\/api.w.org\/{rel}","templated":true}]}}