{"id":1372,"date":"2015-05-30T19:50:13","date_gmt":"2015-05-30T16:50:13","guid":{"rendered":"http:\/\/www.shhj.info\/wp\/?page_id=1372"},"modified":"2015-05-30T19:50:13","modified_gmt":"2015-05-30T16:50:13","slug":"lonkkanivelen-kasvuhairio","status":"publish","type":"page","link":"https:\/\/shhj.info\/?page_id=1372","title":{"rendered":"Lonkkanivelen kasvuh\u00e4iri\u00f6"},"content":{"rendered":"<h3>Lonkkanivelen kasvuh\u00e4iri\u00f6<\/h3>\n<p><em>ELT Anu Lappalainen<\/em><\/p>\n<p>Lonkkanivelen kasvuh\u00e4iri\u00f6 eli \u201dlonkkavika\u201d, (engl. hip dysplasia, HD) on koirien yleisin luuston ja nivelten kasvuh\u00e4iri\u00f6. Se voidaan m\u00e4\u00e4ritell\u00e4 perinn\u00f6lliseksi lonkkanivelen l\u00f6ysyydeksi. Lonkat ovat syntym\u00e4hetkell\u00e4 silm\u00e4m\u00e4\u00e4r\u00e4isesti normaalit, mutta muutokset alkavat jo pennun ensimm\u00e4isten elinviikkojen aikana.<br \/>\nL\u00f6ysyys johtaa reisiluun p\u00e4\u00e4n ja lonkkamaljan riitt\u00e4m\u00e4tt\u00f6m\u00e4\u00e4n kontaktiin. Alueelle kohdistuu ep\u00e4normaalin suuri paine, joka on sit\u00e4 suurempi mit\u00e4 pienempi kontaktialue on. T\u00e4m\u00e4 voi johtaa mikromurtumiin ja lonkkamaljan mataloitumiseen. Noin vuoden i\u00e4ss\u00e4 lantion luutuminen on t\u00e4ydellist\u00e4 ja yleens\u00e4 kipukin helpottaa t\u00e4ss\u00e4 i\u00e4ss\u00e4.<\/p>\n<p>Lonkkanivelen kasvuh\u00e4iri\u00f6 johtaa usein nivelrikkoon. Nivelrikon kehittymisen aikatauluun ja tyyppiin vaikuttavat rotukohtaiset ja yksil\u00f6lliset erot. Lonkkanivelen kasvuh\u00e4iri\u00f6n perimm\u00e4ist\u00e4 syyt\u00e4 ei tiedet\u00e4, mutta se periytyy t\u00e4m\u00e4nhetkisen tutkimustiedon perusteella kvantitatiivisesti eli siihen vaikuttaa useita eri geenej\u00e4. My\u00f6s ymp\u00e4rist\u00f6ll\u00e4 on vaikutusta lonkkavian ilmenemiseen ja vaikeusasteeseen.<\/p>\n<p>Lonkkanivelen kasvuh\u00e4iri\u00f6t\u00e4 tavataan l\u00e4hes kaikilla roduilla, mutta yleisint\u00e4 se on suurilla ja j\u00e4ttiroduilla. Oireet voidaan huomata pentuna 3-12 kuukauden i\u00e4ss\u00e4, jolloin kipu johtuu l\u00f6ysyyden aiheuttamasta nivelkapselin tulehduksesta tai luukalvon hermojen j\u00e4nnityksest\u00e4 ja repe\u00e4misest\u00e4. Nuorilla koirilla oireina voivat olla takajalkojen ontuminen, \u201dpupuhyppely\u201d, yl\u00f6snousuvaikeudet levon j\u00e4lkeen, liikkumishaluttomuus ja naksahteleva \u00e4\u00e4ni k\u00e4velless\u00e4. Oireet voivat alkaa \u00e4killisesti ja omistaja voi liitt\u00e4\u00e4 ne johonkin tapaturmaan. Oireet voivat v\u00e4henty\u00e4 selv\u00e4sti tai loppua kokonaan jopa useiksi vuosiksi, kun nivelen ymp\u00e4rille muodostuva sidekudos v\u00e4hent\u00e4\u00e4 nivelen l\u00f6ysyytt\u00e4.<\/p>\n<p>Toinen oireilevien koirien ryhm\u00e4 on aikuiset koirat, joiden oireiden syyn\u00e4 on nivelrikko. Vanhemmilla nivelrikkoisilla koirilla oireet voivat olla ep\u00e4m\u00e4\u00e4r\u00e4isi\u00e4 ja oireilu laitetaankin usein vanhenemisen piikkiin. Tyypillisi\u00e4 oireita ovat takajalkojen ontuminen ja j\u00e4ykkyys liikkeess\u00e4. Lonkkavikainen koira yritt\u00e4\u00e4 vied\u00e4 painoa pois takaosalta, mik\u00e4 ilmenee k\u00e4velless\u00e4 selk\u00e4linjan aaltoiluna ja lantion kiertymisen\u00e4. T\u00e4m\u00e4 johtaa my\u00f6s takaosan lihaskatoon ja etup\u00e4\u00e4n lihasten voimistumiseen.<\/p>\n<p>Lonkkanivelen kasvuh\u00e4iri\u00f6n ja siit\u00e4 johtuvan nivelrikon hoidossa on ruokinnalla keskeinen merkitys. Ylipaino pahentaa oireita ja pelkk\u00e4 painon pudotus voi helpottaa koiran oloa. Tulehduskipul\u00e4\u00e4kkeit\u00e4 ja pistoksena tai suun kautta annettavia nivelnesteen ja nivelruston koostumusta parantavia aineita k\u00e4ytet\u00e4\u00e4n yleisesti. Sopiva liikunta pit\u00e4\u00e4 lihaksiston kunnossa ja nivelet liikkuvina. Kirurgisia hoitoja on my\u00f6s olemassa.<\/p>\n<p>Lonkkavian vastustamisohjelma perustuu useimmilla roduilla lonkkien r\u00f6ntgenkuvaukseen. Lonkkanivelen kasvuh\u00e4iri\u00f6n periytyvyys on kohtuullinen. Ilmiasuunkin perustuvan jalostusvalinnan pit\u00e4isi johtaa tuloksiin, jos valinta on systemaattista eik\u00e4 lonkkavikaisia koiria k\u00e4ytet\u00e4. Jalostusarvoindeksien (BLUP-indeksit) avulla valinta on tehokkaampaa. Indeksiss\u00e4 otetaan huomioon koiran kaikkien tutkittujen sukulaisten taso ja poistetaan r\u00f6ntgentuloksiin vaikuttavien ymp\u00e4rist\u00f6tekij\u00f6iden vaikutusta. Jalostusindeksej\u00e4 lasketaan jo useille roduille sek\u00e4 lonkka- ett\u00e4 kyyn\u00e4rnivelist\u00e4. Indeksien laskemisen edellytyksen\u00e4 on riitt\u00e4v\u00e4 m\u00e4\u00e4r\u00e4 kuvattuja koiria.<\/p>\n<p><strong>Suomessa\u00a0 k\u00e4ytet\u00e4\u00e4n FCI:n vahvistamaa kansainv\u00e4list\u00e4 lonkkaniveldysplasian arvosteluasteikkoa:<\/strong><\/p>\n<table>\n<tbody>\n<tr>\n<td>A<br \/>\nei muutoksia<\/td>\n<td>Reisiluun p\u00e4\u00e4 ja lonkkamaljakko ovat yhdenmukaiset. Lonkkamaljakon kraniolateraalinen reuna piirtyy ter\u00e4v\u00e4n\u00e4 ja on liev\u00e4sti py\u00f6ristynyt. Nivelrako on tiivis ja tasainen. Norbergin asteikko vetoasennossa noin 105\u00b0 (suosituksena).<\/td>\n<\/tr>\n<tr>\n<td>B<br \/>\nl\u00e4hes normaali \/ rajatapaus<\/td>\n<td>Reisiluun p\u00e4\u00e4 ja lonkkamaljakko ovat v\u00e4h\u00e4n ep\u00e4yhdenmukaiset ja Norbergin asteikko vetoasennossa l\u00e4hell\u00e4 105\u00b0, tai reisiluun p\u00e4\u00e4n keskus on mediaalisesti lonkkamaljakon dorsaalireunaan n\u00e4hden ja reisiluun p\u00e4\u00e4 ja lonkkamaljakko ovat yhdenmukaiset.<\/td>\n<\/tr>\n<tr>\n<td>C<br \/>\nliev\u00e4<\/td>\n<td>Reisiluun p\u00e4\u00e4 ja lonkkamalja eiv\u00e4t ole yhdenmukaiset, Norbergin asteikko on noin 100\u00b0 ja\/tai lonkkamaljakon kraniolateraalinen reuna on v\u00e4h\u00e4n mataloitunut. Ep\u00e4tasaisuutta tai korkeintaan lievi\u00e4 nivelrikkomuutoksia lonkkamaljan kraniaali-, kaudaali- tai dorsaalireunassa tai reisiluun p\u00e4\u00e4ss\u00e4 tai kaulassa.<\/td>\n<\/tr>\n<tr>\n<td>D<br \/>\nkohtalainen (keskivaikea)<\/td>\n<td>Selv\u00e4\u00e4 ep\u00e4tasaisuutta reisiluun p\u00e4\u00e4ss\u00e4 ja lonkkamaljakossa, subluksaatio. Norbergin asteikko on suurempi kuin 90\u00b0 (vain suosituksena). Lonkkamaljakon kraniolateraalireuna<br \/>\ntasaantunut ja\/tai nivelrikon merkkej\u00e4.<\/td>\n<\/tr>\n<tr>\n<td>E<br \/>\nvaikea<\/td>\n<td>Selv\u00e4sti dysplastinen lonkkanivel. Esim. luksaatio tai selv\u00e4 subluksaatio, Nordbergin asteikko alle 90\u00b0, selv\u00e4 lonkkamaljakon kraniaalireunan tasaantuminen, reisiluun p\u00e4\u00e4n ep\u00e4muotoisuus (sienim\u00e4inen, tasaantunut) tai muut nivelrikkomuutokset.<\/td>\n<\/tr>\n<\/tbody>\n<\/table>\n<p>T\u00e4t\u00e4 asteikkoa noudatetaan koiran 6 vuoden ik\u00e4\u00e4n saakka. T\u00e4m\u00e4n j\u00e4lkeen arvostelussa on otettava huomioon koiran ik\u00e4 ja erityisesti sekund\u00e4\u00e4rinivelrikko.<\/p>\n","protected":false},"excerpt":{"rendered":"<p>Lonkkanivelen kasvuh\u00e4iri\u00f6 ELT Anu Lappalainen Lonkkanivelen kasvuh\u00e4iri\u00f6 eli \u201dlonkkavika\u201d, (engl. hip dysplasia, HD) on koirien yleisin luuston ja nivelten kasvuh\u00e4iri\u00f6. Se voidaan m\u00e4\u00e4ritell\u00e4 perinn\u00f6lliseksi lonkkanivelen l\u00f6ysyydeksi. Lonkat ovat syntym\u00e4hetkell\u00e4 silm\u00e4m\u00e4\u00e4r\u00e4isesti normaalit, mutta muutokset alkavat jo pennun ensimm\u00e4isten elinviikkojen aikana. L\u00f6ysyys johtaa reisiluun p\u00e4\u00e4n ja lonkkamaljan riitt\u00e4m\u00e4tt\u00f6m\u00e4\u00e4n kontaktiin. Alueelle kohdistuu ep\u00e4normaalin suuri paine, joka on sit\u00e4 [&hellip;]<\/p>\n","protected":false},"author":1,"featured_media":0,"parent":0,"menu_order":0,"comment_status":"closed","ping_status":"closed","template":"page-scs.php","meta":{"footnotes":""},"class_list":["post-1372","page","type-page","status-publish","hentry"],"yoast_head":"<!-- This site is optimized with the Yoast SEO plugin v26.6 - https:\/\/yoast.com\/wordpress\/plugins\/seo\/ -->\n<title>Lonkkanivelen kasvuh\u00e4iri\u00f6 - Suomen Harmaahirvikoiraj\u00e4rjest\u00f6 - SHHJ FJGK<\/title>\n<meta name=\"robots\" content=\"index, follow, max-snippet:-1, max-image-preview:large, max-video-preview:-1\" \/>\n<link rel=\"canonical\" href=\"https:\/\/shhj.info\/?page_id=1372\" \/>\n<meta property=\"og:locale\" content=\"fi_FI\" \/>\n<meta property=\"og:type\" content=\"article\" \/>\n<meta property=\"og:title\" content=\"Lonkkanivelen kasvuh\u00e4iri\u00f6 - Suomen Harmaahirvikoiraj\u00e4rjest\u00f6 - SHHJ FJGK\" \/>\n<meta property=\"og:description\" content=\"Lonkkanivelen kasvuh\u00e4iri\u00f6 ELT Anu Lappalainen Lonkkanivelen kasvuh\u00e4iri\u00f6 eli \u201dlonkkavika\u201d, (engl. hip dysplasia, HD) on koirien yleisin luuston ja nivelten kasvuh\u00e4iri\u00f6. Se voidaan m\u00e4\u00e4ritell\u00e4 perinn\u00f6lliseksi lonkkanivelen l\u00f6ysyydeksi. Lonkat ovat syntym\u00e4hetkell\u00e4 silm\u00e4m\u00e4\u00e4r\u00e4isesti normaalit, mutta muutokset alkavat jo pennun ensimm\u00e4isten elinviikkojen aikana. L\u00f6ysyys johtaa reisiluun p\u00e4\u00e4n ja lonkkamaljan riitt\u00e4m\u00e4tt\u00f6m\u00e4\u00e4n kontaktiin. Alueelle kohdistuu ep\u00e4normaalin suuri paine, joka on sit\u00e4 [&hellip;]\" \/>\n<meta property=\"og:url\" content=\"https:\/\/shhj.info\/?page_id=1372\" \/>\n<meta property=\"og:site_name\" content=\"Suomen Harmaahirvikoiraj\u00e4rjest\u00f6 - SHHJ FJGK\" \/>\n<meta property=\"article:publisher\" content=\"https:\/\/www.facebook.com\/groups\/115740178447653\/\" \/>\n<meta property=\"og:image\" content=\"https:\/\/shhj.info\/wp\/wp-content\/uploads\/2015\/04\/etu_pentu.jpg\" \/>\n\t<meta property=\"og:image:width\" content=\"567\" \/>\n\t<meta property=\"og:image:height\" content=\"594\" \/>\n\t<meta property=\"og:image:type\" content=\"image\/jpeg\" \/>\n<meta name=\"twitter:card\" content=\"summary_large_image\" \/>\n<meta name=\"twitter:label1\" content=\"Arvioitu lukuaika\" \/>\n\t<meta name=\"twitter:data1\" content=\"3 minuuttia\" \/>\n<script type=\"application\/ld+json\" class=\"yoast-schema-graph\">{\"@context\":\"https:\/\/schema.org\",\"@graph\":[{\"@type\":\"WebPage\",\"@id\":\"https:\/\/shhj.info\/?page_id=1372\",\"url\":\"https:\/\/shhj.info\/?page_id=1372\",\"name\":\"Lonkkanivelen kasvuh\u00e4iri\u00f6 - Suomen Harmaahirvikoiraj\u00e4rjest\u00f6 - SHHJ FJGK\",\"isPartOf\":{\"@id\":\"https:\/\/shhj.info\/#website\"},\"datePublished\":\"2015-05-30T16:50:13+00:00\",\"breadcrumb\":{\"@id\":\"https:\/\/shhj.info\/?page_id=1372#breadcrumb\"},\"inLanguage\":\"fi\",\"potentialAction\":[{\"@type\":\"ReadAction\",\"target\":[\"https:\/\/shhj.info\/?page_id=1372\"]}]},{\"@type\":\"BreadcrumbList\",\"@id\":\"https:\/\/shhj.info\/?page_id=1372#breadcrumb\",\"itemListElement\":[{\"@type\":\"ListItem\",\"position\":1,\"name\":\"Etusivu\",\"item\":\"https:\/\/shhj.info\/\"},{\"@type\":\"ListItem\",\"position\":2,\"name\":\"Lonkkanivelen kasvuh\u00e4iri\u00f6\"}]},{\"@type\":\"WebSite\",\"@id\":\"https:\/\/shhj.info\/#website\",\"url\":\"https:\/\/shhj.info\/\",\"name\":\"Suomen Harmaahirvikoiraj\u00e4rjest\u00f6 - SHHJ FJGK\",\"description\":\"parhaiden hirvikoirarotujen rotuj\u00e4rjest\u00f6 Suomessa\",\"publisher\":{\"@id\":\"https:\/\/shhj.info\/#organization\"},\"alternateName\":\"SHHJ FJGK\",\"potentialAction\":[{\"@type\":\"SearchAction\",\"target\":{\"@type\":\"EntryPoint\",\"urlTemplate\":\"https:\/\/shhj.info\/?s={search_term_string}\"},\"query-input\":{\"@type\":\"PropertyValueSpecification\",\"valueRequired\":true,\"valueName\":\"search_term_string\"}}],\"inLanguage\":\"fi\"},{\"@type\":\"Organization\",\"@id\":\"https:\/\/shhj.info\/#organization\",\"name\":\"Suomen Harmaahirvikoiraj\u00e4rjest\u00f6 - SHHJ FJGK\",\"url\":\"https:\/\/shhj.info\/\",\"logo\":{\"@type\":\"ImageObject\",\"inLanguage\":\"fi\",\"@id\":\"https:\/\/shhj.info\/#\/schema\/logo\/image\/\",\"url\":\"http:\/\/shhj.info\/wp\/wp-content\/uploads\/2018\/12\/logo.gif\",\"contentUrl\":\"http:\/\/shhj.info\/wp\/wp-content\/uploads\/2018\/12\/logo.gif\",\"width\":169,\"height\":166,\"caption\":\"Suomen Harmaahirvikoiraj\u00e4rjest\u00f6 - SHHJ FJGK\"},\"image\":{\"@id\":\"https:\/\/shhj.info\/#\/schema\/logo\/image\/\"},\"sameAs\":[\"https:\/\/www.facebook.com\/groups\/115740178447653\/\"]}]}<\/script>\n<!-- \/ Yoast SEO plugin. -->","yoast_head_json":{"title":"Lonkkanivelen kasvuh\u00e4iri\u00f6 - Suomen Harmaahirvikoiraj\u00e4rjest\u00f6 - SHHJ FJGK","robots":{"index":"index","follow":"follow","max-snippet":"max-snippet:-1","max-image-preview":"max-image-preview:large","max-video-preview":"max-video-preview:-1"},"canonical":"https:\/\/shhj.info\/?page_id=1372","og_locale":"fi_FI","og_type":"article","og_title":"Lonkkanivelen kasvuh\u00e4iri\u00f6 - Suomen Harmaahirvikoiraj\u00e4rjest\u00f6 - SHHJ FJGK","og_description":"Lonkkanivelen kasvuh\u00e4iri\u00f6 ELT Anu Lappalainen Lonkkanivelen kasvuh\u00e4iri\u00f6 eli \u201dlonkkavika\u201d, (engl. hip dysplasia, HD) on koirien yleisin luuston ja nivelten kasvuh\u00e4iri\u00f6. Se voidaan m\u00e4\u00e4ritell\u00e4 perinn\u00f6lliseksi lonkkanivelen l\u00f6ysyydeksi. Lonkat ovat syntym\u00e4hetkell\u00e4 silm\u00e4m\u00e4\u00e4r\u00e4isesti normaalit, mutta muutokset alkavat jo pennun ensimm\u00e4isten elinviikkojen aikana. L\u00f6ysyys johtaa reisiluun p\u00e4\u00e4n ja lonkkamaljan riitt\u00e4m\u00e4tt\u00f6m\u00e4\u00e4n kontaktiin. Alueelle kohdistuu ep\u00e4normaalin suuri paine, joka on sit\u00e4 [&hellip;]","og_url":"https:\/\/shhj.info\/?page_id=1372","og_site_name":"Suomen Harmaahirvikoiraj\u00e4rjest\u00f6 - SHHJ FJGK","article_publisher":"https:\/\/www.facebook.com\/groups\/115740178447653\/","og_image":[{"width":567,"height":594,"url":"https:\/\/shhj.info\/wp\/wp-content\/uploads\/2015\/04\/etu_pentu.jpg","type":"image\/jpeg"}],"twitter_card":"summary_large_image","twitter_misc":{"Arvioitu lukuaika":"3 minuuttia"},"schema":{"@context":"https:\/\/schema.org","@graph":[{"@type":"WebPage","@id":"https:\/\/shhj.info\/?page_id=1372","url":"https:\/\/shhj.info\/?page_id=1372","name":"Lonkkanivelen kasvuh\u00e4iri\u00f6 - Suomen Harmaahirvikoiraj\u00e4rjest\u00f6 - SHHJ FJGK","isPartOf":{"@id":"https:\/\/shhj.info\/#website"},"datePublished":"2015-05-30T16:50:13+00:00","breadcrumb":{"@id":"https:\/\/shhj.info\/?page_id=1372#breadcrumb"},"inLanguage":"fi","potentialAction":[{"@type":"ReadAction","target":["https:\/\/shhj.info\/?page_id=1372"]}]},{"@type":"BreadcrumbList","@id":"https:\/\/shhj.info\/?page_id=1372#breadcrumb","itemListElement":[{"@type":"ListItem","position":1,"name":"Etusivu","item":"https:\/\/shhj.info\/"},{"@type":"ListItem","position":2,"name":"Lonkkanivelen kasvuh\u00e4iri\u00f6"}]},{"@type":"WebSite","@id":"https:\/\/shhj.info\/#website","url":"https:\/\/shhj.info\/","name":"Suomen Harmaahirvikoiraj\u00e4rjest\u00f6 - SHHJ FJGK","description":"parhaiden hirvikoirarotujen rotuj\u00e4rjest\u00f6 Suomessa","publisher":{"@id":"https:\/\/shhj.info\/#organization"},"alternateName":"SHHJ FJGK","potentialAction":[{"@type":"SearchAction","target":{"@type":"EntryPoint","urlTemplate":"https:\/\/shhj.info\/?s={search_term_string}"},"query-input":{"@type":"PropertyValueSpecification","valueRequired":true,"valueName":"search_term_string"}}],"inLanguage":"fi"},{"@type":"Organization","@id":"https:\/\/shhj.info\/#organization","name":"Suomen Harmaahirvikoiraj\u00e4rjest\u00f6 - SHHJ FJGK","url":"https:\/\/shhj.info\/","logo":{"@type":"ImageObject","inLanguage":"fi","@id":"https:\/\/shhj.info\/#\/schema\/logo\/image\/","url":"http:\/\/shhj.info\/wp\/wp-content\/uploads\/2018\/12\/logo.gif","contentUrl":"http:\/\/shhj.info\/wp\/wp-content\/uploads\/2018\/12\/logo.gif","width":169,"height":166,"caption":"Suomen Harmaahirvikoiraj\u00e4rjest\u00f6 - SHHJ FJGK"},"image":{"@id":"https:\/\/shhj.info\/#\/schema\/logo\/image\/"},"sameAs":["https:\/\/www.facebook.com\/groups\/115740178447653\/"]}]}},"_links":{"self":[{"href":"https:\/\/shhj.info\/index.php?rest_route=\/wp\/v2\/pages\/1372","targetHints":{"allow":["GET"]}}],"collection":[{"href":"https:\/\/shhj.info\/index.php?rest_route=\/wp\/v2\/pages"}],"about":[{"href":"https:\/\/shhj.info\/index.php?rest_route=\/wp\/v2\/types\/page"}],"author":[{"embeddable":true,"href":"https:\/\/shhj.info\/index.php?rest_route=\/wp\/v2\/users\/1"}],"replies":[{"embeddable":true,"href":"https:\/\/shhj.info\/index.php?rest_route=%2Fwp%2Fv2%2Fcomments&post=1372"}],"version-history":[{"count":1,"href":"https:\/\/shhj.info\/index.php?rest_route=\/wp\/v2\/pages\/1372\/revisions"}],"predecessor-version":[{"id":1373,"href":"https:\/\/shhj.info\/index.php?rest_route=\/wp\/v2\/pages\/1372\/revisions\/1373"}],"wp:attachment":[{"href":"https:\/\/shhj.info\/index.php?rest_route=%2Fwp%2Fv2%2Fmedia&parent=1372"}],"curies":[{"name":"wp","href":"https:\/\/api.w.org\/{rel}","templated":true}]}}