{"id":1363,"date":"2015-05-30T19:36:30","date_gmt":"2015-05-30T16:36:30","guid":{"rendered":"http:\/\/www.shhj.info\/wp\/?page_id=1363"},"modified":"2023-02-18T11:06:37","modified_gmt":"2023-02-18T09:06:37","slug":"harmaa-norjanhirvikoiran-geenitestit","status":"publish","type":"page","link":"https:\/\/shhj.info\/?page_id=1363","title":{"rendered":"Harmaa norjanhirvikoiran geenitestit"},"content":{"rendered":"<p>Hannes Lohen ryhm\u00e4 on kehitt\u00e4nyt harmaa norjanhirvikoiralle kaksi geenitesti\u00e4, &#8221;tappijalkaisuuteen&#8221; (kondrodysplasia) ja glaukoomaan. Geenitesteill\u00e4 voidaan tunnistaa sairauden tai vian kantajat, ja ne auttavat my\u00f6s geneettisesti sairaiden koirien tunnistamisessa ennen jalostusvalintaa.<\/p>\n<p>Peritymismekanismi on sek\u00e4 tappijalkaisuudessa, ett\u00e4 glaukoomassa samanlainen, eli autosomalinen resessiivinen periytyminen.<\/p>\n<p><strong>Tietoa periytymismallista<\/strong><\/p>\n<p>Jos yhdistet\u00e4\u00e4n koirat:<br \/>\nTerve &#8211; terve: kaikki j\u00e4lkel\u00e4iset ovat ko. sairauden osalta terveit\u00e4, eiv\u00e4tk\u00e4 periyt\u00e4 sairautta eteenp\u00e4in.<br \/>\nTerve &#8211; kantaja:\u00a0j\u00e4lkel\u00e4isist\u00e4 50% terveit\u00e4 ja 50% kantajia. Sairaita ei synny.<br \/>\nTerve &#8211; sairas: j\u00e4lkel\u00e4isist\u00e4 100% kantajia. Sairaita ei synny.<br \/>\nKantaja &#8211; kantaja: j\u00e4lkel\u00e4isist\u00e4 25% terveit\u00e4, 50% kantajia, 25% sairaita.<br \/>\nKantaja &#8211; sairas:\u00a0j\u00e4lkel\u00e4isist\u00e4 50% kantajia, 50% sairaita.<br \/>\nSairas &#8211; sairas:\u00a0j\u00e4lkel\u00e4isist\u00e4 100% sairaita.<\/p>\n<p>Testi kannattaa teett\u00e4\u00e4 jalostukseen k\u00e4ytett\u00e4v\u00e4st\u00e4 koirasta, jonka\u00a0vanhemmista molemmat tai jompikumpi on kantaja tai testaamaton. Testi mahdollistaa kantajakoirien turvallisen jalostukseen k\u00e4yt\u00f6n, eik\u00e4 sairaita\u00a0koiria synny, kun huolehditaan, ett\u00e4 toisella yhdistelm\u00e4n vanhemmista on testitulos &#8221;geneettisesti terve&#8221;. Voit tiedustella koirasi testitarpeesta <a href=\"http:\/\/www.shhj.info\/wp\/?page_id=352\">jalostusneuvojilta<\/a>.<\/p>\n<p><strong>Ohjeet em. geenitestien tekemiseen:<\/strong><\/p>\n<p>Tarkemmat tiedot geenitestien tekemiseen saat rodun jalostusneuvojilta.<\/p>\n<p>&nbsp;<\/p>\n","protected":false},"excerpt":{"rendered":"<p>Hannes Lohen ryhm\u00e4 on kehitt\u00e4nyt harmaa norjanhirvikoiralle kaksi geenitesti\u00e4, &#8221;tappijalkaisuuteen&#8221; (kondrodysplasia) ja glaukoomaan. Geenitesteill\u00e4 voidaan tunnistaa sairauden tai vian kantajat, ja ne auttavat my\u00f6s geneettisesti sairaiden koirien tunnistamisessa ennen jalostusvalintaa. Peritymismekanismi on sek\u00e4 tappijalkaisuudessa, ett\u00e4 glaukoomassa samanlainen, eli autosomalinen resessiivinen periytyminen. Tietoa periytymismallista Jos yhdistet\u00e4\u00e4n koirat: Terve &#8211; terve: kaikki j\u00e4lkel\u00e4iset ovat ko. sairauden osalta [&hellip;]<\/p>\n","protected":false},"author":1,"featured_media":0,"parent":0,"menu_order":0,"comment_status":"closed","ping_status":"closed","template":"page-scs.php","meta":{"footnotes":""},"class_list":["post-1363","page","type-page","status-publish","hentry"],"yoast_head":"<!-- This site is optimized with the Yoast SEO plugin v26.6 - https:\/\/yoast.com\/wordpress\/plugins\/seo\/ -->\n<title>Harmaa norjanhirvikoiran geenitestit - Suomen Harmaahirvikoiraj\u00e4rjest\u00f6 - SHHJ FJGK<\/title>\n<meta name=\"robots\" content=\"index, follow, max-snippet:-1, max-image-preview:large, max-video-preview:-1\" \/>\n<link rel=\"canonical\" href=\"https:\/\/shhj.info\/?page_id=1363\" \/>\n<meta property=\"og:locale\" content=\"fi_FI\" \/>\n<meta property=\"og:type\" content=\"article\" \/>\n<meta property=\"og:title\" content=\"Harmaa norjanhirvikoiran geenitestit - Suomen Harmaahirvikoiraj\u00e4rjest\u00f6 - SHHJ FJGK\" \/>\n<meta property=\"og:description\" content=\"Hannes Lohen ryhm\u00e4 on kehitt\u00e4nyt harmaa norjanhirvikoiralle kaksi geenitesti\u00e4, &#8221;tappijalkaisuuteen&#8221; (kondrodysplasia) ja glaukoomaan. Geenitesteill\u00e4 voidaan tunnistaa sairauden tai vian kantajat, ja ne auttavat my\u00f6s geneettisesti sairaiden koirien tunnistamisessa ennen jalostusvalintaa. Peritymismekanismi on sek\u00e4 tappijalkaisuudessa, ett\u00e4 glaukoomassa samanlainen, eli autosomalinen resessiivinen periytyminen. Tietoa periytymismallista Jos yhdistet\u00e4\u00e4n koirat: Terve &#8211; terve: kaikki j\u00e4lkel\u00e4iset ovat ko. sairauden osalta [&hellip;]\" \/>\n<meta property=\"og:url\" content=\"https:\/\/shhj.info\/?page_id=1363\" \/>\n<meta property=\"og:site_name\" content=\"Suomen Harmaahirvikoiraj\u00e4rjest\u00f6 - SHHJ FJGK\" \/>\n<meta property=\"article:publisher\" content=\"https:\/\/www.facebook.com\/groups\/115740178447653\/\" \/>\n<meta property=\"article:modified_time\" content=\"2023-02-18T09:06:37+00:00\" \/>\n<meta property=\"og:image\" content=\"https:\/\/shhj.info\/wp\/wp-content\/uploads\/2015\/04\/etu_pentu.jpg\" \/>\n\t<meta property=\"og:image:width\" content=\"567\" \/>\n\t<meta property=\"og:image:height\" content=\"594\" \/>\n\t<meta property=\"og:image:type\" content=\"image\/jpeg\" \/>\n<meta name=\"twitter:card\" content=\"summary_large_image\" \/>\n<meta name=\"twitter:label1\" content=\"Arvioitu lukuaika\" \/>\n\t<meta name=\"twitter:data1\" content=\"1 minuutti\" \/>\n<script type=\"application\/ld+json\" class=\"yoast-schema-graph\">{\"@context\":\"https:\/\/schema.org\",\"@graph\":[{\"@type\":\"WebPage\",\"@id\":\"https:\/\/shhj.info\/?page_id=1363\",\"url\":\"https:\/\/shhj.info\/?page_id=1363\",\"name\":\"Harmaa norjanhirvikoiran geenitestit - Suomen Harmaahirvikoiraj\u00e4rjest\u00f6 - SHHJ FJGK\",\"isPartOf\":{\"@id\":\"https:\/\/shhj.info\/#website\"},\"datePublished\":\"2015-05-30T16:36:30+00:00\",\"dateModified\":\"2023-02-18T09:06:37+00:00\",\"breadcrumb\":{\"@id\":\"https:\/\/shhj.info\/?page_id=1363#breadcrumb\"},\"inLanguage\":\"fi\",\"potentialAction\":[{\"@type\":\"ReadAction\",\"target\":[\"https:\/\/shhj.info\/?page_id=1363\"]}]},{\"@type\":\"BreadcrumbList\",\"@id\":\"https:\/\/shhj.info\/?page_id=1363#breadcrumb\",\"itemListElement\":[{\"@type\":\"ListItem\",\"position\":1,\"name\":\"Etusivu\",\"item\":\"https:\/\/shhj.info\/\"},{\"@type\":\"ListItem\",\"position\":2,\"name\":\"Harmaa norjanhirvikoiran geenitestit\"}]},{\"@type\":\"WebSite\",\"@id\":\"https:\/\/shhj.info\/#website\",\"url\":\"https:\/\/shhj.info\/\",\"name\":\"Suomen Harmaahirvikoiraj\u00e4rjest\u00f6 - SHHJ FJGK\",\"description\":\"parhaiden hirvikoirarotujen rotuj\u00e4rjest\u00f6 Suomessa\",\"publisher\":{\"@id\":\"https:\/\/shhj.info\/#organization\"},\"alternateName\":\"SHHJ FJGK\",\"potentialAction\":[{\"@type\":\"SearchAction\",\"target\":{\"@type\":\"EntryPoint\",\"urlTemplate\":\"https:\/\/shhj.info\/?s={search_term_string}\"},\"query-input\":{\"@type\":\"PropertyValueSpecification\",\"valueRequired\":true,\"valueName\":\"search_term_string\"}}],\"inLanguage\":\"fi\"},{\"@type\":\"Organization\",\"@id\":\"https:\/\/shhj.info\/#organization\",\"name\":\"Suomen Harmaahirvikoiraj\u00e4rjest\u00f6 - SHHJ FJGK\",\"url\":\"https:\/\/shhj.info\/\",\"logo\":{\"@type\":\"ImageObject\",\"inLanguage\":\"fi\",\"@id\":\"https:\/\/shhj.info\/#\/schema\/logo\/image\/\",\"url\":\"http:\/\/shhj.info\/wp\/wp-content\/uploads\/2018\/12\/logo.gif\",\"contentUrl\":\"http:\/\/shhj.info\/wp\/wp-content\/uploads\/2018\/12\/logo.gif\",\"width\":169,\"height\":166,\"caption\":\"Suomen Harmaahirvikoiraj\u00e4rjest\u00f6 - SHHJ FJGK\"},\"image\":{\"@id\":\"https:\/\/shhj.info\/#\/schema\/logo\/image\/\"},\"sameAs\":[\"https:\/\/www.facebook.com\/groups\/115740178447653\/\"]}]}<\/script>\n<!-- \/ Yoast SEO plugin. -->","yoast_head_json":{"title":"Harmaa norjanhirvikoiran geenitestit - Suomen Harmaahirvikoiraj\u00e4rjest\u00f6 - SHHJ FJGK","robots":{"index":"index","follow":"follow","max-snippet":"max-snippet:-1","max-image-preview":"max-image-preview:large","max-video-preview":"max-video-preview:-1"},"canonical":"https:\/\/shhj.info\/?page_id=1363","og_locale":"fi_FI","og_type":"article","og_title":"Harmaa norjanhirvikoiran geenitestit - Suomen Harmaahirvikoiraj\u00e4rjest\u00f6 - SHHJ FJGK","og_description":"Hannes Lohen ryhm\u00e4 on kehitt\u00e4nyt harmaa norjanhirvikoiralle kaksi geenitesti\u00e4, &#8221;tappijalkaisuuteen&#8221; (kondrodysplasia) ja glaukoomaan. Geenitesteill\u00e4 voidaan tunnistaa sairauden tai vian kantajat, ja ne auttavat my\u00f6s geneettisesti sairaiden koirien tunnistamisessa ennen jalostusvalintaa. Peritymismekanismi on sek\u00e4 tappijalkaisuudessa, ett\u00e4 glaukoomassa samanlainen, eli autosomalinen resessiivinen periytyminen. Tietoa periytymismallista Jos yhdistet\u00e4\u00e4n koirat: Terve &#8211; terve: kaikki j\u00e4lkel\u00e4iset ovat ko. sairauden osalta [&hellip;]","og_url":"https:\/\/shhj.info\/?page_id=1363","og_site_name":"Suomen Harmaahirvikoiraj\u00e4rjest\u00f6 - SHHJ FJGK","article_publisher":"https:\/\/www.facebook.com\/groups\/115740178447653\/","article_modified_time":"2023-02-18T09:06:37+00:00","og_image":[{"width":567,"height":594,"url":"https:\/\/shhj.info\/wp\/wp-content\/uploads\/2015\/04\/etu_pentu.jpg","type":"image\/jpeg"}],"twitter_card":"summary_large_image","twitter_misc":{"Arvioitu lukuaika":"1 minuutti"},"schema":{"@context":"https:\/\/schema.org","@graph":[{"@type":"WebPage","@id":"https:\/\/shhj.info\/?page_id=1363","url":"https:\/\/shhj.info\/?page_id=1363","name":"Harmaa norjanhirvikoiran geenitestit - Suomen Harmaahirvikoiraj\u00e4rjest\u00f6 - SHHJ FJGK","isPartOf":{"@id":"https:\/\/shhj.info\/#website"},"datePublished":"2015-05-30T16:36:30+00:00","dateModified":"2023-02-18T09:06:37+00:00","breadcrumb":{"@id":"https:\/\/shhj.info\/?page_id=1363#breadcrumb"},"inLanguage":"fi","potentialAction":[{"@type":"ReadAction","target":["https:\/\/shhj.info\/?page_id=1363"]}]},{"@type":"BreadcrumbList","@id":"https:\/\/shhj.info\/?page_id=1363#breadcrumb","itemListElement":[{"@type":"ListItem","position":1,"name":"Etusivu","item":"https:\/\/shhj.info\/"},{"@type":"ListItem","position":2,"name":"Harmaa norjanhirvikoiran geenitestit"}]},{"@type":"WebSite","@id":"https:\/\/shhj.info\/#website","url":"https:\/\/shhj.info\/","name":"Suomen Harmaahirvikoiraj\u00e4rjest\u00f6 - SHHJ FJGK","description":"parhaiden hirvikoirarotujen rotuj\u00e4rjest\u00f6 Suomessa","publisher":{"@id":"https:\/\/shhj.info\/#organization"},"alternateName":"SHHJ FJGK","potentialAction":[{"@type":"SearchAction","target":{"@type":"EntryPoint","urlTemplate":"https:\/\/shhj.info\/?s={search_term_string}"},"query-input":{"@type":"PropertyValueSpecification","valueRequired":true,"valueName":"search_term_string"}}],"inLanguage":"fi"},{"@type":"Organization","@id":"https:\/\/shhj.info\/#organization","name":"Suomen Harmaahirvikoiraj\u00e4rjest\u00f6 - SHHJ FJGK","url":"https:\/\/shhj.info\/","logo":{"@type":"ImageObject","inLanguage":"fi","@id":"https:\/\/shhj.info\/#\/schema\/logo\/image\/","url":"http:\/\/shhj.info\/wp\/wp-content\/uploads\/2018\/12\/logo.gif","contentUrl":"http:\/\/shhj.info\/wp\/wp-content\/uploads\/2018\/12\/logo.gif","width":169,"height":166,"caption":"Suomen Harmaahirvikoiraj\u00e4rjest\u00f6 - SHHJ FJGK"},"image":{"@id":"https:\/\/shhj.info\/#\/schema\/logo\/image\/"},"sameAs":["https:\/\/www.facebook.com\/groups\/115740178447653\/"]}]}},"_links":{"self":[{"href":"https:\/\/shhj.info\/index.php?rest_route=\/wp\/v2\/pages\/1363","targetHints":{"allow":["GET"]}}],"collection":[{"href":"https:\/\/shhj.info\/index.php?rest_route=\/wp\/v2\/pages"}],"about":[{"href":"https:\/\/shhj.info\/index.php?rest_route=\/wp\/v2\/types\/page"}],"author":[{"embeddable":true,"href":"https:\/\/shhj.info\/index.php?rest_route=\/wp\/v2\/users\/1"}],"replies":[{"embeddable":true,"href":"https:\/\/shhj.info\/index.php?rest_route=%2Fwp%2Fv2%2Fcomments&post=1363"}],"version-history":[{"count":10,"href":"https:\/\/shhj.info\/index.php?rest_route=\/wp\/v2\/pages\/1363\/revisions"}],"predecessor-version":[{"id":3687,"href":"https:\/\/shhj.info\/index.php?rest_route=\/wp\/v2\/pages\/1363\/revisions\/3687"}],"wp:attachment":[{"href":"https:\/\/shhj.info\/index.php?rest_route=%2Fwp%2Fv2%2Fmedia&parent=1363"}],"curies":[{"name":"wp","href":"https:\/\/api.w.org\/{rel}","templated":true}]}}