{"id":1354,"date":"2015-05-24T20:28:01","date_gmt":"2015-05-24T17:28:01","guid":{"rendered":"http:\/\/www.shhj.info\/wp\/?page_id=1354"},"modified":"2015-05-24T20:28:01","modified_gmt":"2015-05-24T17:28:01","slug":"rasvapatit","status":"publish","type":"page","link":"https:\/\/shhj.info\/?page_id=1354","title":{"rendered":"Rasvapatit"},"content":{"rendered":"<p><em>(Hirvikoira- lehti 2\/ 1998)<\/em><br \/>\nELAINL\u00c4\u00c4KARI ERKKI HARA:<\/p>\n<p>Pystykorvien talvip\u00e4ivill\u00e4 pidin esitelm\u00e4n mets\u00e4styspystykorvien terveyden- ja sairaudenhoidosta. Koska t\u00e4m\u00e4 hyvin vapaa esitelm\u00e4 her\u00e4tti keskustelua, yrit\u00e4n palauttaa mieleeni joitakin yksityiskohtia siit\u00e4 sek\u00e4 tarkentaa sanomaani.<\/p>\n<p>Keskustelua her\u00e4tti varsinkin harmailla pystykorvilla esiintyv\u00e4 talipattisairaus, josta ei koiranomistajilla ole oikein tietoa. Kysymyksess\u00e4 on keratoakantooma (infundibular keratinizing acanthoma, intracutaneous cornifying epithelioma).<\/p>\n<p>T\u00e4ss\u00e4 taudissa esiintyy tyypillisi\u00e4 talirauhaspatteja eri puolella kehoa, p\u00e4\u00e4asiassa kuitenkin kaulalla, etu- sek\u00e4 takasel\u00e4n alueella. Kyseess\u00e4 on hyv\u00e4nlaatuinen karvatuppiepiteeleist\u00e4 alkunsa saanut kasvainmuutos. Juuri harmaa norjanhirvikoira mainitaan yleisesti kirjallisuudessa koirarotuna, jolla on taipumus muodostaa nimenomaan t\u00e4m\u00e4ntyyppisi\u00e4 ihokasvaimia. Syit\u00e4 t\u00e4h\u00e4n altistukseen ei kuitenkaan tiedet\u00e4.<\/p>\n<p>El\u00e4inpatologi Seppo Saaren mukaan kyseess\u00e4 on histologisesti neoplastinen eli uudis-solumuutos. Muodostuu yksi tai useampi kystinen muutos iholle, joka on keratiinin t\u00e4ytt\u00e4m\u00e4. Vaikka syy t\u00e4h\u00e4n tautiin onkin tuntematon, taudin generalisoitunut muoto, jossa havaitaan useita talirauhaspatteja iholla, on perinn\u00f6llisesti levi\u00e4v\u00e4.<\/p>\n<p>Tauti puhkeaa yleisesti alle viisivuotiailla koirilla. Uroksilla se on yleisempi kuin naarailla. Patit voivat olla kovia tai pehmeit\u00e4. Yleens\u00e4 ne ovat ymp\u00e4rist\u00f6st\u00e4\u00e4n hyvin erottuvia kooltaan puolesta viiteen senttimetri\u00e4. Patit aukeavat iholle monasti ajan my\u00f6t\u00e4. Kun n\u00e4it\u00e4 patteja puristelee, niist\u00e4 pursuaa ensin kovahko massa ulos. N\u00e4m\u00e4 patit eiv\u00e4t tartu suorassa kontaktissa koirasta toiseen eiv\u00e4tk\u00e4 I\u00e4het\u00e4 et\u00e4ispes\u00e4kkeit\u00e4 muualle elimist\u00f6\u00f6n.<\/p>\n<p>Taudin generalisoituneessa muodossa voi ihopatteja olla jopa viisikymment\u00e4, jolloin niit\u00e4 ilmestyy iholle koko elini\u00e4n ja haittaavat huomattavasti koiran el\u00e4m\u00e4\u00e4. Vaikka tauti ei sin\u00e4ll\u00e4\u00e4n olekaan tappavaa, on selv\u00e4\u00e4, ett\u00e4 t\u00e4llaisessa yleistyneess\u00e4 muodossa se on voimakkaasti koiraa invalidisoiva vaiva. Usein p\u00e4\u00e4dyt\u00e4\u00e4n t\u00e4ll\u00f6in koiran lopetukseen el\u00e4insuojelusyist\u00e4.<\/p>\n<p>Keratoakantooman hoito on l\u00e4hes toivotonta. Toinen toistaan eksoottisimpia hoito-vaihtoehtoja kuulee kerrottavan maallikoiden suulla. Yksitt\u00e4isi\u00e4 patteja voidaan poistaa kirurgisesti leikkaamalla, cryoterapialla tai s\u00e4hk\u00f6veitsell\u00e4 leikaten. Mik\u00e4li kyseess\u00e4 on pahasti tulehtunut patti, voidaan suositella antibioottikuuria. Mainitsen viel\u00e4 erikseen, ettei mik\u00e4\u00e4n linkomysiini- tai muu antibioottikuuri tautia paranna. Uskokaa minua. Usein ainoa j\u00e4rkev\u00e4 hoitokeino on vain ihmetell\u00e4 ja p\u00e4ivitell\u00e4 t\u00e4t\u00e4 tautia tekem\u00e4tt\u00e4 yht\u00e4\u00e4n mit\u00e4\u00e4n. Lopuksi suosittelen olla k\u00e4ytt\u00e4m\u00e4tt\u00e4 sellaisia koiria jalostukseen, joilla on taudin yleistynyt muoto.<\/p>\n<hr \/>\n<p>Lohen tutkimusryhm\u00e4 on tutkinut rasvapatteja jo useamman vuoden ajan. Ohessa linkki tutkimusryhm\u00e4n sivuille, jossa lis\u00e4\u00e4 tietoa sairaudesta:<\/p>\n<p><a href=\"http:\/\/www.koirangeenit.fi\/projektit\/tutkimusprojektit\/syovat\/keratoakantooma\/\" target=\"_blank\">Keratoakantooma- tutkimusprojekti<\/a><\/p>\n<p>&nbsp;<\/p>\n","protected":false},"excerpt":{"rendered":"<p>(Hirvikoira- lehti 2\/ 1998) ELAINL\u00c4\u00c4KARI ERKKI HARA: Pystykorvien talvip\u00e4ivill\u00e4 pidin esitelm\u00e4n mets\u00e4styspystykorvien terveyden- ja sairaudenhoidosta. Koska t\u00e4m\u00e4 hyvin vapaa esitelm\u00e4 her\u00e4tti keskustelua, yrit\u00e4n palauttaa mieleeni joitakin yksityiskohtia siit\u00e4 sek\u00e4 tarkentaa sanomaani. Keskustelua her\u00e4tti varsinkin harmailla pystykorvilla esiintyv\u00e4 talipattisairaus, josta ei koiranomistajilla ole oikein tietoa. Kysymyksess\u00e4 on keratoakantooma (infundibular keratinizing acanthoma, intracutaneous cornifying epithelioma). T\u00e4ss\u00e4 taudissa [&hellip;]<\/p>\n","protected":false},"author":1,"featured_media":0,"parent":0,"menu_order":0,"comment_status":"closed","ping_status":"closed","template":"page-scs.php","meta":{"footnotes":""},"class_list":["post-1354","page","type-page","status-publish","hentry"],"yoast_head":"<!-- This site is optimized with the Yoast SEO plugin v26.6 - https:\/\/yoast.com\/wordpress\/plugins\/seo\/ -->\n<title>Rasvapatit - Suomen Harmaahirvikoiraj\u00e4rjest\u00f6 - SHHJ FJGK<\/title>\n<meta name=\"robots\" content=\"index, follow, max-snippet:-1, max-image-preview:large, max-video-preview:-1\" \/>\n<link rel=\"canonical\" href=\"https:\/\/shhj.info\/?page_id=1354\" \/>\n<meta property=\"og:locale\" content=\"fi_FI\" \/>\n<meta property=\"og:type\" content=\"article\" \/>\n<meta property=\"og:title\" content=\"Rasvapatit - Suomen Harmaahirvikoiraj\u00e4rjest\u00f6 - SHHJ FJGK\" \/>\n<meta property=\"og:description\" content=\"(Hirvikoira- lehti 2\/ 1998) ELAINL\u00c4\u00c4KARI ERKKI HARA: Pystykorvien talvip\u00e4ivill\u00e4 pidin esitelm\u00e4n mets\u00e4styspystykorvien terveyden- ja sairaudenhoidosta. Koska t\u00e4m\u00e4 hyvin vapaa esitelm\u00e4 her\u00e4tti keskustelua, yrit\u00e4n palauttaa mieleeni joitakin yksityiskohtia siit\u00e4 sek\u00e4 tarkentaa sanomaani. Keskustelua her\u00e4tti varsinkin harmailla pystykorvilla esiintyv\u00e4 talipattisairaus, josta ei koiranomistajilla ole oikein tietoa. Kysymyksess\u00e4 on keratoakantooma (infundibular keratinizing acanthoma, intracutaneous cornifying epithelioma). T\u00e4ss\u00e4 taudissa [&hellip;]\" \/>\n<meta property=\"og:url\" content=\"https:\/\/shhj.info\/?page_id=1354\" \/>\n<meta property=\"og:site_name\" content=\"Suomen Harmaahirvikoiraj\u00e4rjest\u00f6 - SHHJ FJGK\" \/>\n<meta property=\"article:publisher\" content=\"https:\/\/www.facebook.com\/groups\/115740178447653\/\" \/>\n<meta property=\"og:image\" content=\"https:\/\/shhj.info\/wp\/wp-content\/uploads\/2015\/04\/etu_pentu.jpg\" \/>\n\t<meta property=\"og:image:width\" content=\"567\" \/>\n\t<meta property=\"og:image:height\" content=\"594\" \/>\n\t<meta property=\"og:image:type\" content=\"image\/jpeg\" \/>\n<meta name=\"twitter:card\" content=\"summary_large_image\" \/>\n<meta name=\"twitter:label1\" content=\"Arvioitu lukuaika\" \/>\n\t<meta name=\"twitter:data1\" content=\"2 minuuttia\" \/>\n<script type=\"application\/ld+json\" class=\"yoast-schema-graph\">{\"@context\":\"https:\/\/schema.org\",\"@graph\":[{\"@type\":\"WebPage\",\"@id\":\"https:\/\/shhj.info\/?page_id=1354\",\"url\":\"https:\/\/shhj.info\/?page_id=1354\",\"name\":\"Rasvapatit - Suomen Harmaahirvikoiraj\u00e4rjest\u00f6 - SHHJ FJGK\",\"isPartOf\":{\"@id\":\"https:\/\/shhj.info\/#website\"},\"datePublished\":\"2015-05-24T17:28:01+00:00\",\"breadcrumb\":{\"@id\":\"https:\/\/shhj.info\/?page_id=1354#breadcrumb\"},\"inLanguage\":\"fi\",\"potentialAction\":[{\"@type\":\"ReadAction\",\"target\":[\"https:\/\/shhj.info\/?page_id=1354\"]}]},{\"@type\":\"BreadcrumbList\",\"@id\":\"https:\/\/shhj.info\/?page_id=1354#breadcrumb\",\"itemListElement\":[{\"@type\":\"ListItem\",\"position\":1,\"name\":\"Etusivu\",\"item\":\"https:\/\/shhj.info\/\"},{\"@type\":\"ListItem\",\"position\":2,\"name\":\"Rasvapatit\"}]},{\"@type\":\"WebSite\",\"@id\":\"https:\/\/shhj.info\/#website\",\"url\":\"https:\/\/shhj.info\/\",\"name\":\"Suomen Harmaahirvikoiraj\u00e4rjest\u00f6 - SHHJ FJGK\",\"description\":\"parhaiden hirvikoirarotujen rotuj\u00e4rjest\u00f6 Suomessa\",\"publisher\":{\"@id\":\"https:\/\/shhj.info\/#organization\"},\"alternateName\":\"SHHJ FJGK\",\"potentialAction\":[{\"@type\":\"SearchAction\",\"target\":{\"@type\":\"EntryPoint\",\"urlTemplate\":\"https:\/\/shhj.info\/?s={search_term_string}\"},\"query-input\":{\"@type\":\"PropertyValueSpecification\",\"valueRequired\":true,\"valueName\":\"search_term_string\"}}],\"inLanguage\":\"fi\"},{\"@type\":\"Organization\",\"@id\":\"https:\/\/shhj.info\/#organization\",\"name\":\"Suomen Harmaahirvikoiraj\u00e4rjest\u00f6 - SHHJ FJGK\",\"url\":\"https:\/\/shhj.info\/\",\"logo\":{\"@type\":\"ImageObject\",\"inLanguage\":\"fi\",\"@id\":\"https:\/\/shhj.info\/#\/schema\/logo\/image\/\",\"url\":\"http:\/\/shhj.info\/wp\/wp-content\/uploads\/2018\/12\/logo.gif\",\"contentUrl\":\"http:\/\/shhj.info\/wp\/wp-content\/uploads\/2018\/12\/logo.gif\",\"width\":169,\"height\":166,\"caption\":\"Suomen Harmaahirvikoiraj\u00e4rjest\u00f6 - SHHJ FJGK\"},\"image\":{\"@id\":\"https:\/\/shhj.info\/#\/schema\/logo\/image\/\"},\"sameAs\":[\"https:\/\/www.facebook.com\/groups\/115740178447653\/\"]}]}<\/script>\n<!-- \/ Yoast SEO plugin. -->","yoast_head_json":{"title":"Rasvapatit - Suomen Harmaahirvikoiraj\u00e4rjest\u00f6 - SHHJ FJGK","robots":{"index":"index","follow":"follow","max-snippet":"max-snippet:-1","max-image-preview":"max-image-preview:large","max-video-preview":"max-video-preview:-1"},"canonical":"https:\/\/shhj.info\/?page_id=1354","og_locale":"fi_FI","og_type":"article","og_title":"Rasvapatit - Suomen Harmaahirvikoiraj\u00e4rjest\u00f6 - SHHJ FJGK","og_description":"(Hirvikoira- lehti 2\/ 1998) ELAINL\u00c4\u00c4KARI ERKKI HARA: Pystykorvien talvip\u00e4ivill\u00e4 pidin esitelm\u00e4n mets\u00e4styspystykorvien terveyden- ja sairaudenhoidosta. Koska t\u00e4m\u00e4 hyvin vapaa esitelm\u00e4 her\u00e4tti keskustelua, yrit\u00e4n palauttaa mieleeni joitakin yksityiskohtia siit\u00e4 sek\u00e4 tarkentaa sanomaani. Keskustelua her\u00e4tti varsinkin harmailla pystykorvilla esiintyv\u00e4 talipattisairaus, josta ei koiranomistajilla ole oikein tietoa. Kysymyksess\u00e4 on keratoakantooma (infundibular keratinizing acanthoma, intracutaneous cornifying epithelioma). T\u00e4ss\u00e4 taudissa [&hellip;]","og_url":"https:\/\/shhj.info\/?page_id=1354","og_site_name":"Suomen Harmaahirvikoiraj\u00e4rjest\u00f6 - SHHJ FJGK","article_publisher":"https:\/\/www.facebook.com\/groups\/115740178447653\/","og_image":[{"width":567,"height":594,"url":"https:\/\/shhj.info\/wp\/wp-content\/uploads\/2015\/04\/etu_pentu.jpg","type":"image\/jpeg"}],"twitter_card":"summary_large_image","twitter_misc":{"Arvioitu lukuaika":"2 minuuttia"},"schema":{"@context":"https:\/\/schema.org","@graph":[{"@type":"WebPage","@id":"https:\/\/shhj.info\/?page_id=1354","url":"https:\/\/shhj.info\/?page_id=1354","name":"Rasvapatit - Suomen Harmaahirvikoiraj\u00e4rjest\u00f6 - SHHJ FJGK","isPartOf":{"@id":"https:\/\/shhj.info\/#website"},"datePublished":"2015-05-24T17:28:01+00:00","breadcrumb":{"@id":"https:\/\/shhj.info\/?page_id=1354#breadcrumb"},"inLanguage":"fi","potentialAction":[{"@type":"ReadAction","target":["https:\/\/shhj.info\/?page_id=1354"]}]},{"@type":"BreadcrumbList","@id":"https:\/\/shhj.info\/?page_id=1354#breadcrumb","itemListElement":[{"@type":"ListItem","position":1,"name":"Etusivu","item":"https:\/\/shhj.info\/"},{"@type":"ListItem","position":2,"name":"Rasvapatit"}]},{"@type":"WebSite","@id":"https:\/\/shhj.info\/#website","url":"https:\/\/shhj.info\/","name":"Suomen Harmaahirvikoiraj\u00e4rjest\u00f6 - SHHJ FJGK","description":"parhaiden hirvikoirarotujen rotuj\u00e4rjest\u00f6 Suomessa","publisher":{"@id":"https:\/\/shhj.info\/#organization"},"alternateName":"SHHJ FJGK","potentialAction":[{"@type":"SearchAction","target":{"@type":"EntryPoint","urlTemplate":"https:\/\/shhj.info\/?s={search_term_string}"},"query-input":{"@type":"PropertyValueSpecification","valueRequired":true,"valueName":"search_term_string"}}],"inLanguage":"fi"},{"@type":"Organization","@id":"https:\/\/shhj.info\/#organization","name":"Suomen Harmaahirvikoiraj\u00e4rjest\u00f6 - SHHJ FJGK","url":"https:\/\/shhj.info\/","logo":{"@type":"ImageObject","inLanguage":"fi","@id":"https:\/\/shhj.info\/#\/schema\/logo\/image\/","url":"http:\/\/shhj.info\/wp\/wp-content\/uploads\/2018\/12\/logo.gif","contentUrl":"http:\/\/shhj.info\/wp\/wp-content\/uploads\/2018\/12\/logo.gif","width":169,"height":166,"caption":"Suomen Harmaahirvikoiraj\u00e4rjest\u00f6 - SHHJ FJGK"},"image":{"@id":"https:\/\/shhj.info\/#\/schema\/logo\/image\/"},"sameAs":["https:\/\/www.facebook.com\/groups\/115740178447653\/"]}]}},"_links":{"self":[{"href":"https:\/\/shhj.info\/index.php?rest_route=\/wp\/v2\/pages\/1354","targetHints":{"allow":["GET"]}}],"collection":[{"href":"https:\/\/shhj.info\/index.php?rest_route=\/wp\/v2\/pages"}],"about":[{"href":"https:\/\/shhj.info\/index.php?rest_route=\/wp\/v2\/types\/page"}],"author":[{"embeddable":true,"href":"https:\/\/shhj.info\/index.php?rest_route=\/wp\/v2\/users\/1"}],"replies":[{"embeddable":true,"href":"https:\/\/shhj.info\/index.php?rest_route=%2Fwp%2Fv2%2Fcomments&post=1354"}],"version-history":[{"count":1,"href":"https:\/\/shhj.info\/index.php?rest_route=\/wp\/v2\/pages\/1354\/revisions"}],"predecessor-version":[{"id":1355,"href":"https:\/\/shhj.info\/index.php?rest_route=\/wp\/v2\/pages\/1354\/revisions\/1355"}],"wp:attachment":[{"href":"https:\/\/shhj.info\/index.php?rest_route=%2Fwp%2Fv2%2Fmedia&parent=1354"}],"curies":[{"name":"wp","href":"https:\/\/api.w.org\/{rel}","templated":true}]}}