{"id":1351,"date":"2015-05-24T20:15:41","date_gmt":"2015-05-24T17:15:41","guid":{"rendered":"http:\/\/www.shhj.info\/wp\/?page_id=1351"},"modified":"2015-05-24T20:15:41","modified_gmt":"2015-05-24T17:15:41","slug":"koiran-nenapunkki","status":"publish","type":"page","link":"https:\/\/shhj.info\/?page_id=1351","title":{"rendered":"Koiran nen\u00e4punkki"},"content":{"rendered":"<p><em>(Hirvikoira- lehti 2\/ 01)<\/em><\/p>\n<p>Teksti:<br \/>\nELL ESA SOPPELA<br \/>\npienel\u00e4insairauksien erikoisl\u00e4\u00e4k\u00e4ri, El\u00e4inl\u00e4\u00e4k\u00e4riasema AKUUTTI, Oulu<\/p>\n<p><strong>KOIRAN NEN\u00c4PUNKKI<\/strong><\/p>\n<p><strong>Millainen loinen?<\/strong><br \/>\nNen\u00e4punkki on 0,7- 1,5 mm pituinen koiralla esiintyv\u00e4 punkkilaji. Se on v\u00e4rilt\u00e4\u00e4n vaalea ja erottuu paljain silmin tummalla alustalla. Se el\u00e4\u00e4 koiran nen\u00e4ontelossa, mutta saattaa piileskell\u00e4 muissakin p\u00e4\u00e4n onteloissa. Joskus niit\u00e4 tulee ulos sierainaukoista ja t\u00e4ll\u00f6in niit\u00e4 voi n\u00e4hd\u00e4 kirsussa ja kuonolla.<\/p>\n<p><strong>Yleisyys<\/strong><br \/>\nEnsimm\u00e4isen kerran punkista on tutkimustietoa Euroopasta vuodelta 1970, jolloin Ruotsissa tutkittiin yli 400 koiraa nen\u00e4punkkien varalta ruumiinavauksen yhteydess\u00e4. Silloin todettiin l ,9 %:lla tutkituista koirista nen\u00e4punkkeja. Tutkimus uusittiin Ruotsissa 1992 ja t\u00e4ll\u00f6in nen\u00e4punkkeja todettiin 27,3 %:lla tutkituista koirista. Suomessa alkoi olla havaintoja punkista 1990-luvulla ja nyky\u00e4\u00e4n se on selv\u00e4stikin yleinen loinen.<\/p>\n<p><strong>Tartunta<\/strong><br \/>\nNen\u00e4punkki tarttuu suoraan koirasta toiseen. Huoneenl\u00e4mm\u00f6ss\u00e4 punkit el\u00e4v\u00e4t koiran ulkopuolella noin vuorokauden. Kosteus ja viileys suosivat punkin elossa pysymist\u00e4: esimerkiksi j\u00e4\u00e4kaappil\u00e4mp\u00f6tilassa punkit s\u00e4ilyv\u00e4t hengiss\u00e4 kolme viikkoa koiran ulkopuolella.<\/p>\n<p><strong>Merkitys koiralle<\/strong><br \/>\nYleens\u00e4 nen\u00e4punkki on koiralle melko harmiton loinen. Usein koiralla ei ole p\u00e4\u00e4lle p\u00e4in n\u00e4kyvi\u00e4 oireita lainkaan. Jos oireita on, ne ovat hengitysteiden \u00e4rsytysoireita: aivastelua, p\u00e4rskimist\u00e4, \u00e4\u00e4nek\u00e4st\u00e4 krohinaa nen\u00e4n kautta sis\u00e4\u00e4n hengitt\u00e4en, sierainvuotoa, tuhahtelua, kyynelvuotoa, kuonon kutinaa. Punkkien m\u00e4\u00e4r\u00e4 ja koiran herkkyys vaikuttavat hajuaistin toimintaan. T\u00e4ll\u00f6in se h\u00e4iritsee ty\u00f6skentely\u00e4 esimerkiksi mets\u00e4styskoirilla.<\/p>\n<p><strong>Miten tutkitaan?<\/strong><br \/>\nHelpointa loistartunta on osoittaa, jos punkkeja l\u00f6ytyy koiran sierainaukoilta tai limap\u00e4rskeist\u00e4. Joskus koirien omistajat havaitsevat vaaleita, hilsejyv\u00e4n kokoisia \u00f6t\u00f6k\u00f6it\u00e4 liikkumassa sierainten l\u00e4hell\u00e4. Itse olen n\u00e4hnyt nen\u00e4punkkeja ihan sivul\u00f6yd\u00f6ksen\u00e4 esimerkiksi leikkausten yhteydess\u00e4. N\u00e4in punkkeja kuitenkin havaitaan harvoin. Koiran nen\u00e4ontelon rakenne on monimutkainen ja siksi luotettavaa n\u00e4ytett\u00e4 suoraan limakalvoilta ei saada. Jos otetuissa liman\u00e4ytteiss\u00e4 ei ole nen\u00e4punkkia, se ei varmista koiran olevan nen\u00e4punkiton, punkithan voivat piileskell\u00e4 vaikka kallon muissa onteloissa. Yleens\u00e4 tilanne on se, ett\u00e4 tyypillisten oireitten perusteella ep\u00e4ill\u00e4\u00e4n nen\u00e4punkkitartuntaa ja koira hoidetaan loisl\u00e4\u00e4kkeill\u00e4.<\/p>\n<p><strong>Hoito<\/strong><br \/>\nAiemmin nen\u00e4punkkitartuntaa on hoidettu ivermektiini- tai milbemysiinioksiimil\u00e4\u00e4kkeell\u00e4. N\u00e4ist\u00e4 ivermektiini\u00e4 ei ole rekister\u00f6ity koirilla k\u00e4ytett\u00e4v\u00e4ksi joskus esiintyvien vakavienkin sivuoireiden vuoksi. Milbemysiinioksiimi taas on erikoisluvalla hankittava l\u00e4\u00e4ke sen hankinta on siksi rekister\u00f6ityj\u00e4 l\u00e4\u00e4kkeit\u00e4 hankalampaa. T\u00e4ll\u00e4 hetkell\u00e4 yleisin tapa hoitaa nen\u00e4punkkitartunta on k\u00e4ytt\u00e4\u00e4 uutta selamektiinil\u00e4\u00e4kett\u00e4 (kauppanimi on Stronghold). Se on reseptil\u00e4\u00e4ke, el\u00e4inl\u00e4\u00e4k\u00e4ri siis m\u00e4\u00e4r\u00e4\u00e4 t\u00e4m\u00e4n l\u00e4\u00e4kkeen ep\u00e4ilt\u00e4ess\u00e4 nen\u00e4punkkitartuntaa. Selamektiinin k\u00e4yt\u00f6st\u00e4 on julkaistu syksyll\u00e4 2000 ruotsalainen tutkimus, jossa l\u00e4\u00e4kkeen teho nen\u00e4punkkiin on hyv\u00e4.<\/p>\n","protected":false},"excerpt":{"rendered":"<p>(Hirvikoira- lehti 2\/ 01) Teksti: ELL ESA SOPPELA pienel\u00e4insairauksien erikoisl\u00e4\u00e4k\u00e4ri, El\u00e4inl\u00e4\u00e4k\u00e4riasema AKUUTTI, Oulu KOIRAN NEN\u00c4PUNKKI Millainen loinen? Nen\u00e4punkki on 0,7- 1,5 mm pituinen koiralla esiintyv\u00e4 punkkilaji. Se on v\u00e4rilt\u00e4\u00e4n vaalea ja erottuu paljain silmin tummalla alustalla. Se el\u00e4\u00e4 koiran nen\u00e4ontelossa, mutta saattaa piileskell\u00e4 muissakin p\u00e4\u00e4n onteloissa. Joskus niit\u00e4 tulee ulos sierainaukoista ja t\u00e4ll\u00f6in niit\u00e4 voi [&hellip;]<\/p>\n","protected":false},"author":1,"featured_media":0,"parent":0,"menu_order":0,"comment_status":"closed","ping_status":"closed","template":"page-scs.php","meta":{"footnotes":""},"class_list":["post-1351","page","type-page","status-publish","hentry"],"yoast_head":"<!-- This site is optimized with the Yoast SEO plugin v26.6 - https:\/\/yoast.com\/wordpress\/plugins\/seo\/ -->\n<title>Koiran nen\u00e4punkki - Suomen Harmaahirvikoiraj\u00e4rjest\u00f6 - SHHJ FJGK<\/title>\n<meta name=\"robots\" content=\"index, follow, max-snippet:-1, max-image-preview:large, max-video-preview:-1\" \/>\n<link rel=\"canonical\" href=\"https:\/\/shhj.info\/?page_id=1351\" \/>\n<meta property=\"og:locale\" content=\"fi_FI\" \/>\n<meta property=\"og:type\" content=\"article\" \/>\n<meta property=\"og:title\" content=\"Koiran nen\u00e4punkki - Suomen Harmaahirvikoiraj\u00e4rjest\u00f6 - SHHJ FJGK\" \/>\n<meta property=\"og:description\" content=\"(Hirvikoira- lehti 2\/ 01) Teksti: ELL ESA SOPPELA pienel\u00e4insairauksien erikoisl\u00e4\u00e4k\u00e4ri, El\u00e4inl\u00e4\u00e4k\u00e4riasema AKUUTTI, Oulu KOIRAN NEN\u00c4PUNKKI Millainen loinen? Nen\u00e4punkki on 0,7- 1,5 mm pituinen koiralla esiintyv\u00e4 punkkilaji. Se on v\u00e4rilt\u00e4\u00e4n vaalea ja erottuu paljain silmin tummalla alustalla. Se el\u00e4\u00e4 koiran nen\u00e4ontelossa, mutta saattaa piileskell\u00e4 muissakin p\u00e4\u00e4n onteloissa. Joskus niit\u00e4 tulee ulos sierainaukoista ja t\u00e4ll\u00f6in niit\u00e4 voi [&hellip;]\" \/>\n<meta property=\"og:url\" content=\"https:\/\/shhj.info\/?page_id=1351\" \/>\n<meta property=\"og:site_name\" content=\"Suomen Harmaahirvikoiraj\u00e4rjest\u00f6 - SHHJ FJGK\" \/>\n<meta property=\"article:publisher\" content=\"https:\/\/www.facebook.com\/groups\/115740178447653\/\" \/>\n<meta property=\"og:image\" content=\"https:\/\/shhj.info\/wp\/wp-content\/uploads\/2015\/04\/etu_pentu.jpg\" \/>\n\t<meta property=\"og:image:width\" content=\"567\" \/>\n\t<meta property=\"og:image:height\" content=\"594\" \/>\n\t<meta property=\"og:image:type\" content=\"image\/jpeg\" \/>\n<meta name=\"twitter:card\" content=\"summary_large_image\" \/>\n<meta name=\"twitter:label1\" content=\"Arvioitu lukuaika\" \/>\n\t<meta name=\"twitter:data1\" content=\"2 minuuttia\" \/>\n<script type=\"application\/ld+json\" class=\"yoast-schema-graph\">{\"@context\":\"https:\/\/schema.org\",\"@graph\":[{\"@type\":\"WebPage\",\"@id\":\"https:\/\/shhj.info\/?page_id=1351\",\"url\":\"https:\/\/shhj.info\/?page_id=1351\",\"name\":\"Koiran nen\u00e4punkki - Suomen Harmaahirvikoiraj\u00e4rjest\u00f6 - SHHJ FJGK\",\"isPartOf\":{\"@id\":\"https:\/\/shhj.info\/#website\"},\"datePublished\":\"2015-05-24T17:15:41+00:00\",\"breadcrumb\":{\"@id\":\"https:\/\/shhj.info\/?page_id=1351#breadcrumb\"},\"inLanguage\":\"fi\",\"potentialAction\":[{\"@type\":\"ReadAction\",\"target\":[\"https:\/\/shhj.info\/?page_id=1351\"]}]},{\"@type\":\"BreadcrumbList\",\"@id\":\"https:\/\/shhj.info\/?page_id=1351#breadcrumb\",\"itemListElement\":[{\"@type\":\"ListItem\",\"position\":1,\"name\":\"Etusivu\",\"item\":\"https:\/\/shhj.info\/\"},{\"@type\":\"ListItem\",\"position\":2,\"name\":\"Koiran nen\u00e4punkki\"}]},{\"@type\":\"WebSite\",\"@id\":\"https:\/\/shhj.info\/#website\",\"url\":\"https:\/\/shhj.info\/\",\"name\":\"Suomen Harmaahirvikoiraj\u00e4rjest\u00f6 - SHHJ FJGK\",\"description\":\"parhaiden hirvikoirarotujen rotuj\u00e4rjest\u00f6 Suomessa\",\"publisher\":{\"@id\":\"https:\/\/shhj.info\/#organization\"},\"alternateName\":\"SHHJ FJGK\",\"potentialAction\":[{\"@type\":\"SearchAction\",\"target\":{\"@type\":\"EntryPoint\",\"urlTemplate\":\"https:\/\/shhj.info\/?s={search_term_string}\"},\"query-input\":{\"@type\":\"PropertyValueSpecification\",\"valueRequired\":true,\"valueName\":\"search_term_string\"}}],\"inLanguage\":\"fi\"},{\"@type\":\"Organization\",\"@id\":\"https:\/\/shhj.info\/#organization\",\"name\":\"Suomen Harmaahirvikoiraj\u00e4rjest\u00f6 - SHHJ FJGK\",\"url\":\"https:\/\/shhj.info\/\",\"logo\":{\"@type\":\"ImageObject\",\"inLanguage\":\"fi\",\"@id\":\"https:\/\/shhj.info\/#\/schema\/logo\/image\/\",\"url\":\"http:\/\/shhj.info\/wp\/wp-content\/uploads\/2018\/12\/logo.gif\",\"contentUrl\":\"http:\/\/shhj.info\/wp\/wp-content\/uploads\/2018\/12\/logo.gif\",\"width\":169,\"height\":166,\"caption\":\"Suomen Harmaahirvikoiraj\u00e4rjest\u00f6 - SHHJ FJGK\"},\"image\":{\"@id\":\"https:\/\/shhj.info\/#\/schema\/logo\/image\/\"},\"sameAs\":[\"https:\/\/www.facebook.com\/groups\/115740178447653\/\"]}]}<\/script>\n<!-- \/ Yoast SEO plugin. -->","yoast_head_json":{"title":"Koiran nen\u00e4punkki - Suomen Harmaahirvikoiraj\u00e4rjest\u00f6 - SHHJ FJGK","robots":{"index":"index","follow":"follow","max-snippet":"max-snippet:-1","max-image-preview":"max-image-preview:large","max-video-preview":"max-video-preview:-1"},"canonical":"https:\/\/shhj.info\/?page_id=1351","og_locale":"fi_FI","og_type":"article","og_title":"Koiran nen\u00e4punkki - Suomen Harmaahirvikoiraj\u00e4rjest\u00f6 - SHHJ FJGK","og_description":"(Hirvikoira- lehti 2\/ 01) Teksti: ELL ESA SOPPELA pienel\u00e4insairauksien erikoisl\u00e4\u00e4k\u00e4ri, El\u00e4inl\u00e4\u00e4k\u00e4riasema AKUUTTI, Oulu KOIRAN NEN\u00c4PUNKKI Millainen loinen? Nen\u00e4punkki on 0,7- 1,5 mm pituinen koiralla esiintyv\u00e4 punkkilaji. Se on v\u00e4rilt\u00e4\u00e4n vaalea ja erottuu paljain silmin tummalla alustalla. Se el\u00e4\u00e4 koiran nen\u00e4ontelossa, mutta saattaa piileskell\u00e4 muissakin p\u00e4\u00e4n onteloissa. Joskus niit\u00e4 tulee ulos sierainaukoista ja t\u00e4ll\u00f6in niit\u00e4 voi [&hellip;]","og_url":"https:\/\/shhj.info\/?page_id=1351","og_site_name":"Suomen Harmaahirvikoiraj\u00e4rjest\u00f6 - SHHJ FJGK","article_publisher":"https:\/\/www.facebook.com\/groups\/115740178447653\/","og_image":[{"width":567,"height":594,"url":"https:\/\/shhj.info\/wp\/wp-content\/uploads\/2015\/04\/etu_pentu.jpg","type":"image\/jpeg"}],"twitter_card":"summary_large_image","twitter_misc":{"Arvioitu lukuaika":"2 minuuttia"},"schema":{"@context":"https:\/\/schema.org","@graph":[{"@type":"WebPage","@id":"https:\/\/shhj.info\/?page_id=1351","url":"https:\/\/shhj.info\/?page_id=1351","name":"Koiran nen\u00e4punkki - Suomen Harmaahirvikoiraj\u00e4rjest\u00f6 - SHHJ FJGK","isPartOf":{"@id":"https:\/\/shhj.info\/#website"},"datePublished":"2015-05-24T17:15:41+00:00","breadcrumb":{"@id":"https:\/\/shhj.info\/?page_id=1351#breadcrumb"},"inLanguage":"fi","potentialAction":[{"@type":"ReadAction","target":["https:\/\/shhj.info\/?page_id=1351"]}]},{"@type":"BreadcrumbList","@id":"https:\/\/shhj.info\/?page_id=1351#breadcrumb","itemListElement":[{"@type":"ListItem","position":1,"name":"Etusivu","item":"https:\/\/shhj.info\/"},{"@type":"ListItem","position":2,"name":"Koiran nen\u00e4punkki"}]},{"@type":"WebSite","@id":"https:\/\/shhj.info\/#website","url":"https:\/\/shhj.info\/","name":"Suomen Harmaahirvikoiraj\u00e4rjest\u00f6 - SHHJ FJGK","description":"parhaiden hirvikoirarotujen rotuj\u00e4rjest\u00f6 Suomessa","publisher":{"@id":"https:\/\/shhj.info\/#organization"},"alternateName":"SHHJ FJGK","potentialAction":[{"@type":"SearchAction","target":{"@type":"EntryPoint","urlTemplate":"https:\/\/shhj.info\/?s={search_term_string}"},"query-input":{"@type":"PropertyValueSpecification","valueRequired":true,"valueName":"search_term_string"}}],"inLanguage":"fi"},{"@type":"Organization","@id":"https:\/\/shhj.info\/#organization","name":"Suomen Harmaahirvikoiraj\u00e4rjest\u00f6 - SHHJ FJGK","url":"https:\/\/shhj.info\/","logo":{"@type":"ImageObject","inLanguage":"fi","@id":"https:\/\/shhj.info\/#\/schema\/logo\/image\/","url":"http:\/\/shhj.info\/wp\/wp-content\/uploads\/2018\/12\/logo.gif","contentUrl":"http:\/\/shhj.info\/wp\/wp-content\/uploads\/2018\/12\/logo.gif","width":169,"height":166,"caption":"Suomen Harmaahirvikoiraj\u00e4rjest\u00f6 - SHHJ FJGK"},"image":{"@id":"https:\/\/shhj.info\/#\/schema\/logo\/image\/"},"sameAs":["https:\/\/www.facebook.com\/groups\/115740178447653\/"]}]}},"_links":{"self":[{"href":"https:\/\/shhj.info\/index.php?rest_route=\/wp\/v2\/pages\/1351","targetHints":{"allow":["GET"]}}],"collection":[{"href":"https:\/\/shhj.info\/index.php?rest_route=\/wp\/v2\/pages"}],"about":[{"href":"https:\/\/shhj.info\/index.php?rest_route=\/wp\/v2\/types\/page"}],"author":[{"embeddable":true,"href":"https:\/\/shhj.info\/index.php?rest_route=\/wp\/v2\/users\/1"}],"replies":[{"embeddable":true,"href":"https:\/\/shhj.info\/index.php?rest_route=%2Fwp%2Fv2%2Fcomments&post=1351"}],"version-history":[{"count":1,"href":"https:\/\/shhj.info\/index.php?rest_route=\/wp\/v2\/pages\/1351\/revisions"}],"predecessor-version":[{"id":1352,"href":"https:\/\/shhj.info\/index.php?rest_route=\/wp\/v2\/pages\/1351\/revisions\/1352"}],"wp:attachment":[{"href":"https:\/\/shhj.info\/index.php?rest_route=%2Fwp%2Fv2%2Fmedia&parent=1351"}],"curies":[{"name":"wp","href":"https:\/\/api.w.org\/{rel}","templated":true}]}}