{"id":1344,"date":"2015-05-24T19:31:33","date_gmt":"2015-05-24T16:31:33","guid":{"rendered":"http:\/\/www.shhj.info\/wp\/?page_id=1344"},"modified":"2015-05-24T19:31:33","modified_gmt":"2015-05-24T16:31:33","slug":"anaalirauhassairaudet","status":"publish","type":"page","link":"https:\/\/shhj.info\/?page_id=1344","title":{"rendered":"Anaalirauhassairaudet"},"content":{"rendered":"<p><em>(Hirvikoira- lehti 1\/ 00)<\/em><\/p>\n<p>Esa Soppela<\/p>\n<p><em>Kirjoittaja Esa Soppela on pienel\u00e4insairauksien erikoisel\u00e4inl\u00e4\u00e4k\u00e4ri. H\u00e4n on valmistunut el\u00e4inl\u00e4\u00e4k\u00e4riksi 1986 Helsingiss\u00e4. Sen j\u00e4lkeen h\u00e4n on ty\u00f6skennellyt monella pienel\u00e4invastaanotolla eri puolella Suomea ja Helsingin yliopiston el\u00e4insairaalassa. Pisimp\u00e4\u00e4n, 10 vuotta, h\u00e4n on ty\u00f6skennellyt nykyisess\u00e4 ty\u00f6paikassaan El\u00e4inl\u00e4\u00e4k\u00e4riasema Akuutissa Oulussa. Mets\u00e4styskortti on suoritettu 15-vuotiaana ja er\u00e4harrastukset kuuluvat edelleen Esa Soppelan vapaa-aikaan.<\/em><\/p>\n<p>Anaali- eli per\u00e4rauhasiksi sanotut eritepussit sijaitsevat koiralla per\u00e4aukon moIemmin puolin, oikealla ja vasemmalla v\u00e4litt\u00f6m\u00e4sti per\u00e4aukon vieress\u00e4. Pussit ovat keskikokoisella koiralla noin maap\u00e4hkin\u00e4n syd\u00e4men kokoiset. Ne tyhjent\u00e4v\u00e4t eritteens\u00e4 per\u00e4aukon poimuissa sijaitsevista purkuaukoista. Normaalisti eritett\u00e4 tulee ulostamisen yhteydess\u00e4 per\u00e4aukon supistajalihasten toimiessa. Normaali anaalirauhaserite on voimakkaan ja pahan hajuista ja ihmisenkin aistittavissa. Rauhaset ja niiden erite ovat siis normaali koiralla oleva rakenne. Joskus kuulee, ett\u00e4 virheellisesti luullaan pahanhajuista eritett\u00e4 sairaudeksi.<\/p>\n<p>Anaalirauhanen-nimi on sik\u00e4li vakiintunut, ett\u00e4 sit\u00e4 on turha minun yritt\u00e4\u00e4 muuttaa t\u00e4ll\u00e4 artikkelilla. Totuus kuitenkin on se, ett\u00e4 &#8221;anaalirauhanen&#8221; on pieni varastopussi eik\u00e4 rauhanen. Sen sein\u00e4m\u00e4ss\u00e4 on kahdenlaisia pieni\u00e4 rauhasia, jotka tuottavat eritett\u00e4 t\u00e4h\u00e4n varastopussiin.<\/p>\n<p>Anaalirauhaseritteen teht\u00e4v\u00e4 on toimia ainakin jonkinlaisena viestimen\u00e4 el\u00e4injoukossa. Nykyajan koiralle rauhasilla ei ole niink\u00e4\u00e4n merkityst\u00e4 viestiv\u00e4lineen\u00e4, vaan monenlaisten pikkuvaivojen aiheuttajana. Rauhaset ovat siis j\u00e4\u00e4nne koiran villiel\u00e4inajalta ja nykyajan koiralle ne eiv\u00e4t ole v\u00e4ltt\u00e4m\u00e4tt\u00f6m\u00e4t.<\/p>\n<p>Normaalisti rauhasen erite on juoksevaa ja v\u00e4rilt\u00e4\u00e4n vaalean kellert\u00e4v\u00e4\u00e4 harmaata. Rauhaset tyhjenev\u00e4t ulostamisen yhteydess\u00e4. T\u00e4m\u00e4 normaali toiminta saattaa h\u00e4iriinty\u00e4, jos erite muuttuu paksuksi tai per\u00e4ti kuivaksi. Samoin voi olla h\u00e4iri\u00f6it\u00e4, jos eritett\u00e4 tuotetaan liikaa, per\u00e4aukon supistajalihasten toiminta heikkenee tai ulosteet muuttuvat l\u00f6ysiksi. Tyhjentymisaukko saattaa t\u00e4ll\u00f6in tukkeentua ja seurauksena on eritteen k\u00e4ymisreaktio rauhasten sis\u00e4ll\u00e4 sek\u00e4 tulehdus ja infektio.<\/p>\n<p>Sek\u00e4 nartuilla ett\u00e4 uroksilla on anaalirauhasongelmia samalla tavalla. Vaivoja on my\u00f6skin kaikenik\u00e4isill\u00e4 koirilla. Eniten rauhasharmeja on pienill\u00e4 koiraroduilla, mutta kaikenkokoisilla niit\u00e4 esiintyy viel\u00e4p\u00e4 valitettava usein.<\/p>\n<p>Anaalirauhasongelmat n\u00e4kyv\u00e4t per\u00e4aukon nuolemisena ja jyrsimisen\u00e4 sek\u00e4 niin, ett\u00e4 koira vet\u00e4\u00e4 per\u00e4\u00e4ns\u00e4 pitkin maata. N\u00e4m\u00e4 saattavat tulehduttaa ihoa per\u00e4aukon ymp\u00e4rilt\u00e4. Jatkuva tulehtuneen alueen nuoleminen voi tulehduttaa my\u00f6s koiran nielun. T\u00e4ll\u00f6in nielun ja kurkunp\u00e4\u00e4n tulehtuminen aiheuttaa kakistelua ja yskimist\u00e4. Oireina saattaa esiinty\u00e4 my\u00f6s ulostamisvaikeuksia, h\u00e4nn\u00e4n takaa-ajoa, ep\u00e4tavallista pahanhajuisen eritteen purskahtelua per\u00e4aukkoon, lantioalueen jyrsimist\u00e4 ja nuolemista, aggressiivisuutta per\u00e4p\u00e4\u00e4t\u00e4 k\u00e4sitelt\u00e4ess\u00e4.<\/p>\n<p>T\u00e4ynn\u00e4 olevat rauhaset tuntuvat per\u00e4aukon molemmin puolin ihon l\u00e4pi pienin\u00e4 pallukoina. Ne sijaitsevat per\u00e4aukosta kello nelj\u00e4n ja kahdeksan kohdalla. Jos rauhanen tukkeutuu ja tulehtuu, t\u00e4ss\u00e4 kohdassa saattaa n\u00e4ky\u00e4 turvotusta ja punoitusta ihossakin. Rauhanen saattaa jopa puhjeta suoraan ihon l\u00e4pi.<\/p>\n<p>Tukkeutunut anaalirauhanen t\u00e4ytyy tyhjent\u00e4\u00e4 s\u00e4\u00e4nn\u00f6llisesti ainakin kerran viikossa muutaman viikon ajan, jotta normaali toiminta palautetaan. Liikaa voimaa tyhjent\u00e4misess\u00e4 ei saa k\u00e4ytt\u00e4\u00e4, jotta anaalirauhasta ei vahingoiteta tai per\u00e4suolta vahingoiteta. Parhaiten tyhjennys onnistuu ty\u00f6nt\u00e4m\u00e4ll\u00e4 hansikoitu etusormi per\u00e4-aukkoon ja ottamalla t\u00e4ysi anaalirauhanen etusormen ja peukalon v\u00e4liin. Monilla koirilla anaalirauhasen saa melko tyhj\u00e4ksi my\u00f6s &#8221;niist\u00e4m\u00e4ll\u00e4&#8221; ihon puolelta molemmat rauhaset yht\u00e4aikaa. Tulehtunut tai pahoin tukkeutunut rauhanen j\u00e4tet\u00e4\u00e4n el\u00e4inl\u00e4\u00e4k\u00e4rin hoidettavaksi. Jos vaiva on jatkuva, omistajankin kannattaa opetella tukkeutuneen rauhasen tyhjennys, jotta v\u00e4ltyt\u00e4\u00e4n sairauden pahenemiselta tulehdukseksi.<\/p>\n<p>Tulehtuneiden rauhasten hoidossa k\u00e4ytet\u00e4\u00e4n rauhasten tyhjennyst\u00e4 ja huuhtelua, rauhaseen voidaan laittaa antibioottitahnaa. Joissakin tulehdustapauksissa k\u00e4ytet\u00e4\u00e4n my\u00f6s antibiootteja suun kautta. Toistuvissa tulehdustapauksissa ja jatkuvissa tukkeutumistapauksissa suositellaan anaalirauhasten poistoleikkausta.<\/p>\n<p>V\u00e4lill\u00e4 mets\u00e4styskoiraharrastajien piiriss\u00e4 levi\u00e4\u00e4 muoti-ilmi\u00f6n\u00e4 tieto, ett\u00e4 anaalirauhaset ovat p\u00e4\u00e4asiallinen syy koiran huonoon hajuaistiin. Olen kuullut kommentteja, ett\u00e4 suunnilleen voittajakoiraa ei voi olla ilman anaalirauhasten poistoleikkausta. T\u00e4m\u00e4 tietysti on puppupuhetta. Jos anaalirauhaset olisivat niin suuri ongelma hajuaistille, villit koirael\u00e4imet olisivat kuolleet sukupuuttoon ajat sitten.<\/p>\n<p>Jos rauhasia puristetaan ja sielt\u00e4 tulee pahanhajuista eritett\u00e4, se ei ole merkki ep\u00e4normaalisuudesta. Normaalit rauhaset tuottavat eritett\u00e4 koko ajan ja erite tyhjenee ulostamisen yhteydess\u00e4. Sen sijaan sairautena anaalirauhasten tukkeutumiset ja tulehtumiset varmasti h\u00e4iritsev\u00e4t koiraa ja sen mets\u00e4stysominaisuuksia. T\u00e4ll\u00f6in n\u00e4kyy kyll\u00e4 edell\u00e4 mainittuja sairauden oireita.<\/p>\n","protected":false},"excerpt":{"rendered":"<p>(Hirvikoira- lehti 1\/ 00) Esa Soppela Kirjoittaja Esa Soppela on pienel\u00e4insairauksien erikoisel\u00e4inl\u00e4\u00e4k\u00e4ri. H\u00e4n on valmistunut el\u00e4inl\u00e4\u00e4k\u00e4riksi 1986 Helsingiss\u00e4. Sen j\u00e4lkeen h\u00e4n on ty\u00f6skennellyt monella pienel\u00e4invastaanotolla eri puolella Suomea ja Helsingin yliopiston el\u00e4insairaalassa. Pisimp\u00e4\u00e4n, 10 vuotta, h\u00e4n on ty\u00f6skennellyt nykyisess\u00e4 ty\u00f6paikassaan El\u00e4inl\u00e4\u00e4k\u00e4riasema Akuutissa Oulussa. Mets\u00e4styskortti on suoritettu 15-vuotiaana ja er\u00e4harrastukset kuuluvat edelleen Esa Soppelan vapaa-aikaan. Anaali- [&hellip;]<\/p>\n","protected":false},"author":1,"featured_media":0,"parent":0,"menu_order":0,"comment_status":"closed","ping_status":"closed","template":"page-scs.php","meta":{"footnotes":""},"class_list":["post-1344","page","type-page","status-publish","hentry"],"yoast_head":"<!-- This site is optimized with the Yoast SEO plugin v26.6 - https:\/\/yoast.com\/wordpress\/plugins\/seo\/ -->\n<title>Anaalirauhassairaudet - Suomen Harmaahirvikoiraj\u00e4rjest\u00f6 - SHHJ FJGK<\/title>\n<meta name=\"robots\" content=\"index, follow, max-snippet:-1, max-image-preview:large, max-video-preview:-1\" \/>\n<link rel=\"canonical\" href=\"https:\/\/shhj.info\/?page_id=1344\" \/>\n<meta property=\"og:locale\" content=\"fi_FI\" \/>\n<meta property=\"og:type\" content=\"article\" \/>\n<meta property=\"og:title\" content=\"Anaalirauhassairaudet - Suomen Harmaahirvikoiraj\u00e4rjest\u00f6 - SHHJ FJGK\" \/>\n<meta property=\"og:description\" content=\"(Hirvikoira- lehti 1\/ 00) Esa Soppela Kirjoittaja Esa Soppela on pienel\u00e4insairauksien erikoisel\u00e4inl\u00e4\u00e4k\u00e4ri. H\u00e4n on valmistunut el\u00e4inl\u00e4\u00e4k\u00e4riksi 1986 Helsingiss\u00e4. Sen j\u00e4lkeen h\u00e4n on ty\u00f6skennellyt monella pienel\u00e4invastaanotolla eri puolella Suomea ja Helsingin yliopiston el\u00e4insairaalassa. Pisimp\u00e4\u00e4n, 10 vuotta, h\u00e4n on ty\u00f6skennellyt nykyisess\u00e4 ty\u00f6paikassaan El\u00e4inl\u00e4\u00e4k\u00e4riasema Akuutissa Oulussa. Mets\u00e4styskortti on suoritettu 15-vuotiaana ja er\u00e4harrastukset kuuluvat edelleen Esa Soppelan vapaa-aikaan. Anaali- [&hellip;]\" \/>\n<meta property=\"og:url\" content=\"https:\/\/shhj.info\/?page_id=1344\" \/>\n<meta property=\"og:site_name\" content=\"Suomen Harmaahirvikoiraj\u00e4rjest\u00f6 - SHHJ FJGK\" \/>\n<meta property=\"article:publisher\" content=\"https:\/\/www.facebook.com\/groups\/115740178447653\/\" \/>\n<meta property=\"og:image\" content=\"https:\/\/shhj.info\/wp\/wp-content\/uploads\/2015\/04\/etu_pentu.jpg\" \/>\n\t<meta property=\"og:image:width\" content=\"567\" \/>\n\t<meta property=\"og:image:height\" content=\"594\" \/>\n\t<meta property=\"og:image:type\" content=\"image\/jpeg\" \/>\n<meta name=\"twitter:card\" content=\"summary_large_image\" \/>\n<meta name=\"twitter:label1\" content=\"Arvioitu lukuaika\" \/>\n\t<meta name=\"twitter:data1\" content=\"3 minuuttia\" \/>\n<script type=\"application\/ld+json\" class=\"yoast-schema-graph\">{\"@context\":\"https:\/\/schema.org\",\"@graph\":[{\"@type\":\"WebPage\",\"@id\":\"https:\/\/shhj.info\/?page_id=1344\",\"url\":\"https:\/\/shhj.info\/?page_id=1344\",\"name\":\"Anaalirauhassairaudet - Suomen Harmaahirvikoiraj\u00e4rjest\u00f6 - SHHJ FJGK\",\"isPartOf\":{\"@id\":\"https:\/\/shhj.info\/#website\"},\"datePublished\":\"2015-05-24T16:31:33+00:00\",\"breadcrumb\":{\"@id\":\"https:\/\/shhj.info\/?page_id=1344#breadcrumb\"},\"inLanguage\":\"fi\",\"potentialAction\":[{\"@type\":\"ReadAction\",\"target\":[\"https:\/\/shhj.info\/?page_id=1344\"]}]},{\"@type\":\"BreadcrumbList\",\"@id\":\"https:\/\/shhj.info\/?page_id=1344#breadcrumb\",\"itemListElement\":[{\"@type\":\"ListItem\",\"position\":1,\"name\":\"Etusivu\",\"item\":\"https:\/\/shhj.info\/\"},{\"@type\":\"ListItem\",\"position\":2,\"name\":\"Anaalirauhassairaudet\"}]},{\"@type\":\"WebSite\",\"@id\":\"https:\/\/shhj.info\/#website\",\"url\":\"https:\/\/shhj.info\/\",\"name\":\"Suomen Harmaahirvikoiraj\u00e4rjest\u00f6 - SHHJ FJGK\",\"description\":\"parhaiden hirvikoirarotujen rotuj\u00e4rjest\u00f6 Suomessa\",\"publisher\":{\"@id\":\"https:\/\/shhj.info\/#organization\"},\"alternateName\":\"SHHJ FJGK\",\"potentialAction\":[{\"@type\":\"SearchAction\",\"target\":{\"@type\":\"EntryPoint\",\"urlTemplate\":\"https:\/\/shhj.info\/?s={search_term_string}\"},\"query-input\":{\"@type\":\"PropertyValueSpecification\",\"valueRequired\":true,\"valueName\":\"search_term_string\"}}],\"inLanguage\":\"fi\"},{\"@type\":\"Organization\",\"@id\":\"https:\/\/shhj.info\/#organization\",\"name\":\"Suomen Harmaahirvikoiraj\u00e4rjest\u00f6 - SHHJ FJGK\",\"url\":\"https:\/\/shhj.info\/\",\"logo\":{\"@type\":\"ImageObject\",\"inLanguage\":\"fi\",\"@id\":\"https:\/\/shhj.info\/#\/schema\/logo\/image\/\",\"url\":\"http:\/\/shhj.info\/wp\/wp-content\/uploads\/2018\/12\/logo.gif\",\"contentUrl\":\"http:\/\/shhj.info\/wp\/wp-content\/uploads\/2018\/12\/logo.gif\",\"width\":169,\"height\":166,\"caption\":\"Suomen Harmaahirvikoiraj\u00e4rjest\u00f6 - SHHJ FJGK\"},\"image\":{\"@id\":\"https:\/\/shhj.info\/#\/schema\/logo\/image\/\"},\"sameAs\":[\"https:\/\/www.facebook.com\/groups\/115740178447653\/\"]}]}<\/script>\n<!-- \/ Yoast SEO plugin. -->","yoast_head_json":{"title":"Anaalirauhassairaudet - Suomen Harmaahirvikoiraj\u00e4rjest\u00f6 - SHHJ FJGK","robots":{"index":"index","follow":"follow","max-snippet":"max-snippet:-1","max-image-preview":"max-image-preview:large","max-video-preview":"max-video-preview:-1"},"canonical":"https:\/\/shhj.info\/?page_id=1344","og_locale":"fi_FI","og_type":"article","og_title":"Anaalirauhassairaudet - Suomen Harmaahirvikoiraj\u00e4rjest\u00f6 - SHHJ FJGK","og_description":"(Hirvikoira- lehti 1\/ 00) Esa Soppela Kirjoittaja Esa Soppela on pienel\u00e4insairauksien erikoisel\u00e4inl\u00e4\u00e4k\u00e4ri. H\u00e4n on valmistunut el\u00e4inl\u00e4\u00e4k\u00e4riksi 1986 Helsingiss\u00e4. Sen j\u00e4lkeen h\u00e4n on ty\u00f6skennellyt monella pienel\u00e4invastaanotolla eri puolella Suomea ja Helsingin yliopiston el\u00e4insairaalassa. Pisimp\u00e4\u00e4n, 10 vuotta, h\u00e4n on ty\u00f6skennellyt nykyisess\u00e4 ty\u00f6paikassaan El\u00e4inl\u00e4\u00e4k\u00e4riasema Akuutissa Oulussa. Mets\u00e4styskortti on suoritettu 15-vuotiaana ja er\u00e4harrastukset kuuluvat edelleen Esa Soppelan vapaa-aikaan. Anaali- [&hellip;]","og_url":"https:\/\/shhj.info\/?page_id=1344","og_site_name":"Suomen Harmaahirvikoiraj\u00e4rjest\u00f6 - SHHJ FJGK","article_publisher":"https:\/\/www.facebook.com\/groups\/115740178447653\/","og_image":[{"width":567,"height":594,"url":"https:\/\/shhj.info\/wp\/wp-content\/uploads\/2015\/04\/etu_pentu.jpg","type":"image\/jpeg"}],"twitter_card":"summary_large_image","twitter_misc":{"Arvioitu lukuaika":"3 minuuttia"},"schema":{"@context":"https:\/\/schema.org","@graph":[{"@type":"WebPage","@id":"https:\/\/shhj.info\/?page_id=1344","url":"https:\/\/shhj.info\/?page_id=1344","name":"Anaalirauhassairaudet - Suomen Harmaahirvikoiraj\u00e4rjest\u00f6 - SHHJ FJGK","isPartOf":{"@id":"https:\/\/shhj.info\/#website"},"datePublished":"2015-05-24T16:31:33+00:00","breadcrumb":{"@id":"https:\/\/shhj.info\/?page_id=1344#breadcrumb"},"inLanguage":"fi","potentialAction":[{"@type":"ReadAction","target":["https:\/\/shhj.info\/?page_id=1344"]}]},{"@type":"BreadcrumbList","@id":"https:\/\/shhj.info\/?page_id=1344#breadcrumb","itemListElement":[{"@type":"ListItem","position":1,"name":"Etusivu","item":"https:\/\/shhj.info\/"},{"@type":"ListItem","position":2,"name":"Anaalirauhassairaudet"}]},{"@type":"WebSite","@id":"https:\/\/shhj.info\/#website","url":"https:\/\/shhj.info\/","name":"Suomen Harmaahirvikoiraj\u00e4rjest\u00f6 - SHHJ FJGK","description":"parhaiden hirvikoirarotujen rotuj\u00e4rjest\u00f6 Suomessa","publisher":{"@id":"https:\/\/shhj.info\/#organization"},"alternateName":"SHHJ FJGK","potentialAction":[{"@type":"SearchAction","target":{"@type":"EntryPoint","urlTemplate":"https:\/\/shhj.info\/?s={search_term_string}"},"query-input":{"@type":"PropertyValueSpecification","valueRequired":true,"valueName":"search_term_string"}}],"inLanguage":"fi"},{"@type":"Organization","@id":"https:\/\/shhj.info\/#organization","name":"Suomen Harmaahirvikoiraj\u00e4rjest\u00f6 - SHHJ FJGK","url":"https:\/\/shhj.info\/","logo":{"@type":"ImageObject","inLanguage":"fi","@id":"https:\/\/shhj.info\/#\/schema\/logo\/image\/","url":"http:\/\/shhj.info\/wp\/wp-content\/uploads\/2018\/12\/logo.gif","contentUrl":"http:\/\/shhj.info\/wp\/wp-content\/uploads\/2018\/12\/logo.gif","width":169,"height":166,"caption":"Suomen Harmaahirvikoiraj\u00e4rjest\u00f6 - SHHJ FJGK"},"image":{"@id":"https:\/\/shhj.info\/#\/schema\/logo\/image\/"},"sameAs":["https:\/\/www.facebook.com\/groups\/115740178447653\/"]}]}},"_links":{"self":[{"href":"https:\/\/shhj.info\/index.php?rest_route=\/wp\/v2\/pages\/1344","targetHints":{"allow":["GET"]}}],"collection":[{"href":"https:\/\/shhj.info\/index.php?rest_route=\/wp\/v2\/pages"}],"about":[{"href":"https:\/\/shhj.info\/index.php?rest_route=\/wp\/v2\/types\/page"}],"author":[{"embeddable":true,"href":"https:\/\/shhj.info\/index.php?rest_route=\/wp\/v2\/users\/1"}],"replies":[{"embeddable":true,"href":"https:\/\/shhj.info\/index.php?rest_route=%2Fwp%2Fv2%2Fcomments&post=1344"}],"version-history":[{"count":1,"href":"https:\/\/shhj.info\/index.php?rest_route=\/wp\/v2\/pages\/1344\/revisions"}],"predecessor-version":[{"id":1345,"href":"https:\/\/shhj.info\/index.php?rest_route=\/wp\/v2\/pages\/1344\/revisions\/1345"}],"wp:attachment":[{"href":"https:\/\/shhj.info\/index.php?rest_route=%2Fwp%2Fv2%2Fmedia&parent=1344"}],"curies":[{"name":"wp","href":"https:\/\/api.w.org\/{rel}","templated":true}]}}