{"id":1200,"date":"2015-05-15T12:25:11","date_gmt":"2015-05-15T09:25:11","guid":{"rendered":"http:\/\/www.shhj.info\/wp\/?page_id=1200"},"modified":"2015-05-15T12:25:11","modified_gmt":"2015-05-15T09:25:11","slug":"jalostustarkastus-10-3-2007-jamtlanninpystykorva","status":"publish","type":"page","link":"https:\/\/shhj.info\/?page_id=1200","title":{"rendered":"Jalostustarkastus 10.3.2007, j\u00e4mtlanninpystykorva"},"content":{"rendered":"\n<table id=\"tablepress-24\" class=\"tablepress tablepress-id-24\">\n<tbody class=\"row-striping row-hover\">\n<tr class=\"row-1\">\n\t<td class=\"column-1\"><a href=\"http:\/\/www.shhj.info\/www\/Jalostustarkastus_pieksamaki_2007\/pionharjun_kasper.pdf\" target=\"_blank\">Pionharjun Kasper<\/a><\/td><td class=\"column-2\"><a href=\"http:\/\/www.shhj.info\/www\/Jalostustarkastus_pieksamaki_2007\/elimonsalon_kersantti.pdf\" target=\"_blank\">Elimon Salon Kersantti<\/a><\/td><td class=\"column-3\"><a href=\"http:\/\/www.shhj.info\/www\/Jalostustarkastus_pieksamaki_2007\/ketorannan_rolle.pdf\" target=\"_blank\">Ketorannan Rolle<\/a><\/td><td class=\"column-4\"><a href=\"http:\/\/www.shhj.info\/www\/Jalostustarkastus_pieksamaki_2007\/raikukorven_fidus.pdf\" target=\"_blank\">Raikukorven Fidus<\/a><\/td>\n<\/tr>\n<tr class=\"row-2\">\n\t<td class=\"column-1\"><a href=\"http:\/\/www.shhj.info\/www\/Jalostustarkastus_pieksamaki_2007\/rolli.pdf\" target=\"_blank\">R\u00f6lli<\/a><\/td><td class=\"column-2\"><a href=\"http:\/\/www.shhj.info\/www\/Jalostustarkastus_pieksamaki_2007\/larvatsalon_viri.pdf\" target=\"_blank\">L\u00e4rv\u00e4tsalon Viri<\/a><\/td><td class=\"column-3\"><a href=\"http:\/\/www.shhj.info\/www\/Jalostustarkastus_pieksamaki_2007\/tainansuon_simppa.pdf\" target=\"_blank\">Tainansuon Simppa<\/a><\/td><td class=\"column-4\"><a href=\"http:\/\/www.shhj.info\/www\/Jalostustarkastus_pieksamaki_2007\/elimonsalon_nalli.pdf\" target=\"_blank\">Elimon Salon Nalli<\/a><\/td>\n<\/tr>\n<tr class=\"row-3\">\n\t<td class=\"column-1\"><a href=\"http:\/\/www.shhj.info\/www\/Jalostustarkastus_pieksamaki_2007\/raitulan_roni.pdf\" target=\"_blank\">Raitulan Roni<\/a><\/td><td class=\"column-2\"><a href=\"http:\/\/www.shhj.info\/www\/Jalostustarkastus_pieksamaki_2007\/rusmosan_zigo.pdf\" target=\"_blank\">Rusmosan Zigo<\/a><\/td><td class=\"column-3\"><a href=\"http:\/\/www.shhj.info\/www\/Jalostustarkastus_pieksamaki_2007\/raikukorven_hector.pdf\" target=\"_blank\">Raikukorven Hector<\/a><\/td><td class=\"column-4\"><a href=\"http:\/\/www.shhj.info\/www\/Jalostustarkastus_pieksamaki_2007\/kiutakonkaan_hemmo_uljas.pdf\" target=\"_blank\">Kiutak\u00f6nk\u00e4\u00e4n Hemmo Uljas<\/a><\/td>\n<\/tr>\n<tr class=\"row-4\">\n\t<td class=\"column-1\"><a href=\"http:\/\/www.shhj.info\/www\/Jalostustarkastus_pieksamaki_2007\/wanhan_pihkaporin_block.pdf\" target=\"_blank\">Wanhan Pihkaporin Block<\/a><\/td><td class=\"column-2\"><a href=\"http:\/\/www.shhj.info\/www\/Jalostustarkastus_pieksamaki_2007\/pyssynevan_penna.pdf\" target=\"_blank\">Pyssynivan Penna<\/a><\/td><td class=\"column-3\"><a href=\"http:\/\/www.shhj.info\/www\/Jalostustarkastus_pieksamaki_2007\/ruskametsan_nero.pdf\" target=\"_blank\">Ruskamets\u00e4n Nero<\/a><\/td><td class=\"column-4\"><a href=\"http:\/\/www.shhj.info\/www\/Jalostustarkastus_pieksamaki_2007\/huhtian_oka.pdf\" target=\"_blank\">Huhtian Oka<\/a><\/td>\n<\/tr>\n<tr class=\"row-5\">\n\t<td class=\"column-1\"><a href=\"http:\/\/www.shhj.info\/www\/Jalostustarkastus_pieksamaki_2007\/nissas_mac.pdf\" target=\"_blank\">Nissas Mac<\/a><\/td><td class=\"column-2\"><\/td><td class=\"column-3\"><\/td><td class=\"column-4\"><\/td>\n<\/tr>\n<\/tbody>\n<\/table>\n\n","protected":false},"excerpt":{"rendered":"","protected":false},"author":1,"featured_media":0,"parent":0,"menu_order":0,"comment_status":"closed","ping_status":"closed","template":"page-scs.php","meta":{"footnotes":""},"class_list":["post-1200","page","type-page","status-publish","hentry"],"yoast_head":"<!-- This site is optimized with the Yoast SEO plugin v26.6 - https:\/\/yoast.com\/wordpress\/plugins\/seo\/ -->\n<title>Jalostustarkastus 10.3.2007, j\u00e4mtlanninpystykorva - Suomen Harmaahirvikoiraj\u00e4rjest\u00f6 - SHHJ FJGK<\/title>\n<meta name=\"robots\" content=\"index, follow, max-snippet:-1, max-image-preview:large, max-video-preview:-1\" \/>\n<link rel=\"canonical\" href=\"https:\/\/shhj.info\/?page_id=1200\" \/>\n<meta property=\"og:locale\" content=\"fi_FI\" \/>\n<meta property=\"og:type\" content=\"article\" \/>\n<meta property=\"og:title\" content=\"Jalostustarkastus 10.3.2007, j\u00e4mtlanninpystykorva - Suomen Harmaahirvikoiraj\u00e4rjest\u00f6 - SHHJ FJGK\" \/>\n<meta property=\"og:url\" content=\"https:\/\/shhj.info\/?page_id=1200\" \/>\n<meta property=\"og:site_name\" content=\"Suomen Harmaahirvikoiraj\u00e4rjest\u00f6 - SHHJ FJGK\" \/>\n<meta property=\"article:publisher\" content=\"https:\/\/www.facebook.com\/groups\/115740178447653\/\" \/>\n<meta property=\"og:image\" content=\"https:\/\/shhj.info\/wp\/wp-content\/uploads\/2015\/04\/etu_pentu.jpg\" \/>\n\t<meta property=\"og:image:width\" content=\"567\" \/>\n\t<meta property=\"og:image:height\" content=\"594\" \/>\n\t<meta property=\"og:image:type\" content=\"image\/jpeg\" \/>\n<meta name=\"twitter:card\" content=\"summary_large_image\" \/>\n<script type=\"application\/ld+json\" class=\"yoast-schema-graph\">{\"@context\":\"https:\/\/schema.org\",\"@graph\":[{\"@type\":\"WebPage\",\"@id\":\"https:\/\/shhj.info\/?page_id=1200\",\"url\":\"https:\/\/shhj.info\/?page_id=1200\",\"name\":\"Jalostustarkastus 10.3.2007, j\u00e4mtlanninpystykorva - Suomen Harmaahirvikoiraj\u00e4rjest\u00f6 - SHHJ FJGK\",\"isPartOf\":{\"@id\":\"https:\/\/shhj.info\/#website\"},\"datePublished\":\"2015-05-15T09:25:11+00:00\",\"breadcrumb\":{\"@id\":\"https:\/\/shhj.info\/?page_id=1200#breadcrumb\"},\"inLanguage\":\"fi\",\"potentialAction\":[{\"@type\":\"ReadAction\",\"target\":[\"https:\/\/shhj.info\/?page_id=1200\"]}]},{\"@type\":\"BreadcrumbList\",\"@id\":\"https:\/\/shhj.info\/?page_id=1200#breadcrumb\",\"itemListElement\":[{\"@type\":\"ListItem\",\"position\":1,\"name\":\"Etusivu\",\"item\":\"https:\/\/shhj.info\/\"},{\"@type\":\"ListItem\",\"position\":2,\"name\":\"Jalostustarkastus 10.3.2007, j\u00e4mtlanninpystykorva\"}]},{\"@type\":\"WebSite\",\"@id\":\"https:\/\/shhj.info\/#website\",\"url\":\"https:\/\/shhj.info\/\",\"name\":\"Suomen Harmaahirvikoiraj\u00e4rjest\u00f6 - SHHJ FJGK\",\"description\":\"parhaiden hirvikoirarotujen rotuj\u00e4rjest\u00f6 Suomessa\",\"publisher\":{\"@id\":\"https:\/\/shhj.info\/#organization\"},\"alternateName\":\"SHHJ FJGK\",\"potentialAction\":[{\"@type\":\"SearchAction\",\"target\":{\"@type\":\"EntryPoint\",\"urlTemplate\":\"https:\/\/shhj.info\/?s={search_term_string}\"},\"query-input\":{\"@type\":\"PropertyValueSpecification\",\"valueRequired\":true,\"valueName\":\"search_term_string\"}}],\"inLanguage\":\"fi\"},{\"@type\":\"Organization\",\"@id\":\"https:\/\/shhj.info\/#organization\",\"name\":\"Suomen Harmaahirvikoiraj\u00e4rjest\u00f6 - SHHJ FJGK\",\"url\":\"https:\/\/shhj.info\/\",\"logo\":{\"@type\":\"ImageObject\",\"inLanguage\":\"fi\",\"@id\":\"https:\/\/shhj.info\/#\/schema\/logo\/image\/\",\"url\":\"http:\/\/shhj.info\/wp\/wp-content\/uploads\/2018\/12\/logo.gif\",\"contentUrl\":\"http:\/\/shhj.info\/wp\/wp-content\/uploads\/2018\/12\/logo.gif\",\"width\":169,\"height\":166,\"caption\":\"Suomen Harmaahirvikoiraj\u00e4rjest\u00f6 - SHHJ FJGK\"},\"image\":{\"@id\":\"https:\/\/shhj.info\/#\/schema\/logo\/image\/\"},\"sameAs\":[\"https:\/\/www.facebook.com\/groups\/115740178447653\/\"]}]}<\/script>\n<!-- \/ Yoast SEO plugin. -->","yoast_head_json":{"title":"Jalostustarkastus 10.3.2007, j\u00e4mtlanninpystykorva - Suomen Harmaahirvikoiraj\u00e4rjest\u00f6 - SHHJ FJGK","robots":{"index":"index","follow":"follow","max-snippet":"max-snippet:-1","max-image-preview":"max-image-preview:large","max-video-preview":"max-video-preview:-1"},"canonical":"https:\/\/shhj.info\/?page_id=1200","og_locale":"fi_FI","og_type":"article","og_title":"Jalostustarkastus 10.3.2007, j\u00e4mtlanninpystykorva - Suomen Harmaahirvikoiraj\u00e4rjest\u00f6 - SHHJ FJGK","og_url":"https:\/\/shhj.info\/?page_id=1200","og_site_name":"Suomen Harmaahirvikoiraj\u00e4rjest\u00f6 - SHHJ FJGK","article_publisher":"https:\/\/www.facebook.com\/groups\/115740178447653\/","og_image":[{"width":567,"height":594,"url":"https:\/\/shhj.info\/wp\/wp-content\/uploads\/2015\/04\/etu_pentu.jpg","type":"image\/jpeg"}],"twitter_card":"summary_large_image","schema":{"@context":"https:\/\/schema.org","@graph":[{"@type":"WebPage","@id":"https:\/\/shhj.info\/?page_id=1200","url":"https:\/\/shhj.info\/?page_id=1200","name":"Jalostustarkastus 10.3.2007, j\u00e4mtlanninpystykorva - Suomen Harmaahirvikoiraj\u00e4rjest\u00f6 - SHHJ FJGK","isPartOf":{"@id":"https:\/\/shhj.info\/#website"},"datePublished":"2015-05-15T09:25:11+00:00","breadcrumb":{"@id":"https:\/\/shhj.info\/?page_id=1200#breadcrumb"},"inLanguage":"fi","potentialAction":[{"@type":"ReadAction","target":["https:\/\/shhj.info\/?page_id=1200"]}]},{"@type":"BreadcrumbList","@id":"https:\/\/shhj.info\/?page_id=1200#breadcrumb","itemListElement":[{"@type":"ListItem","position":1,"name":"Etusivu","item":"https:\/\/shhj.info\/"},{"@type":"ListItem","position":2,"name":"Jalostustarkastus 10.3.2007, j\u00e4mtlanninpystykorva"}]},{"@type":"WebSite","@id":"https:\/\/shhj.info\/#website","url":"https:\/\/shhj.info\/","name":"Suomen Harmaahirvikoiraj\u00e4rjest\u00f6 - SHHJ FJGK","description":"parhaiden hirvikoirarotujen rotuj\u00e4rjest\u00f6 Suomessa","publisher":{"@id":"https:\/\/shhj.info\/#organization"},"alternateName":"SHHJ FJGK","potentialAction":[{"@type":"SearchAction","target":{"@type":"EntryPoint","urlTemplate":"https:\/\/shhj.info\/?s={search_term_string}"},"query-input":{"@type":"PropertyValueSpecification","valueRequired":true,"valueName":"search_term_string"}}],"inLanguage":"fi"},{"@type":"Organization","@id":"https:\/\/shhj.info\/#organization","name":"Suomen Harmaahirvikoiraj\u00e4rjest\u00f6 - SHHJ FJGK","url":"https:\/\/shhj.info\/","logo":{"@type":"ImageObject","inLanguage":"fi","@id":"https:\/\/shhj.info\/#\/schema\/logo\/image\/","url":"http:\/\/shhj.info\/wp\/wp-content\/uploads\/2018\/12\/logo.gif","contentUrl":"http:\/\/shhj.info\/wp\/wp-content\/uploads\/2018\/12\/logo.gif","width":169,"height":166,"caption":"Suomen Harmaahirvikoiraj\u00e4rjest\u00f6 - SHHJ FJGK"},"image":{"@id":"https:\/\/shhj.info\/#\/schema\/logo\/image\/"},"sameAs":["https:\/\/www.facebook.com\/groups\/115740178447653\/"]}]}},"_links":{"self":[{"href":"https:\/\/shhj.info\/index.php?rest_route=\/wp\/v2\/pages\/1200","targetHints":{"allow":["GET"]}}],"collection":[{"href":"https:\/\/shhj.info\/index.php?rest_route=\/wp\/v2\/pages"}],"about":[{"href":"https:\/\/shhj.info\/index.php?rest_route=\/wp\/v2\/types\/page"}],"author":[{"embeddable":true,"href":"https:\/\/shhj.info\/index.php?rest_route=\/wp\/v2\/users\/1"}],"replies":[{"embeddable":true,"href":"https:\/\/shhj.info\/index.php?rest_route=%2Fwp%2Fv2%2Fcomments&post=1200"}],"version-history":[{"count":1,"href":"https:\/\/shhj.info\/index.php?rest_route=\/wp\/v2\/pages\/1200\/revisions"}],"predecessor-version":[{"id":1201,"href":"https:\/\/shhj.info\/index.php?rest_route=\/wp\/v2\/pages\/1200\/revisions\/1201"}],"wp:attachment":[{"href":"https:\/\/shhj.info\/index.php?rest_route=%2Fwp%2Fv2%2Fmedia&parent=1200"}],"curies":[{"name":"wp","href":"https:\/\/api.w.org\/{rel}","templated":true}]}}