{"id":1185,"date":"2015-05-15T11:55:52","date_gmt":"2015-05-15T08:55:52","guid":{"rendered":"http:\/\/www.shhj.info\/wp\/?page_id=1185"},"modified":"2015-05-15T12:06:08","modified_gmt":"2015-05-15T09:06:08","slug":"jalostustarkastus-26-1-2008-jamtlanninpystykorva","status":"publish","type":"page","link":"https:\/\/shhj.info\/?page_id=1185","title":{"rendered":"Jalostustarkastus 26.1.2008 j\u00e4mtlanninpystykorva"},"content":{"rendered":"\n<table id=\"tablepress-22\" class=\"tablepress tablepress-id-22\">\n<tbody class=\"row-striping row-hover\">\n<tr class=\"row-1\">\n\t<td class=\"column-1\"><a href=\"http:\/\/www.shhj.info\/www\/Jalostustarkastus_jamtit_1_08\/hansjons_arcus.pdf\" target=\"_blank\">Hansj\u00f6ns Arcus<\/a><\/td><td class=\"column-2\"><a href=\"http:\/\/www.shhj.info\/www\/Jalostustarkastus_jamtit_1_08\/kelopojan_jeri.pdf\" target=\"_blank\">Kelopojan Jeri<\/a><\/td><td class=\"column-3\"><a href=\"http:\/\/www.shhj.info\/www\/Jalostustarkastus_jamtit_1_08\/haukkuhurtan_pimpo.pdf\" target=\"_blank\">Haukkuhurtan Pimpo<\/a><\/td><td class=\"column-4\"><a href=\"http:\/\/www.shhj.info\/www\/Jalostustarkastus_jamtit_1_08\/jakke.pdf\" target=\"_blank\">Jakke<\/a><\/td>\n<\/tr>\n<tr class=\"row-2\">\n\t<td class=\"column-1\"><a href=\"http:\/\/www.shhj.info\/www\/Jalostustarkastus_jamtit_1_08\/flotmarkens_zigo.pdf\" target=\"_blank\">Fl\u00f6tmarkens Zico<\/a><\/td><td class=\"column-2\"><a href=\"http:\/\/www.shhj.info\/www\/Jalostustarkastus_jamtit_1_08\/ruskametsan_asser.pdf\" target=\"_blank\">Ruskamets\u00e4n Asser<\/a><\/td><td class=\"column-3\"><a href=\"http:\/\/www.shhj.info\/www\/Jalostustarkastus_jamtit_1_08\/oskulan_ale.pdf\" target=\"_blank\">Oskulan Ale<\/a><\/td><td class=\"column-4\"><a href=\"http:\/\/www.shhj.info\/www\/Jalostustarkastus_jamtit_1_08\/pystytuulen_sumu.pdf\" target=\"_blank\">Pystytuulen Sumu<\/a><\/td>\n<\/tr>\n<tr class=\"row-3\">\n\t<td class=\"column-1\"><a href=\"http:\/\/www.shhj.info\/www\/Jalostustarkastus_jamtit_1_08\/tervajoen_jekku.pdf\" target=\"_blank\">Tervajoen Jekku<\/a><\/td><td class=\"column-2\"><a href=\"http:\/\/www.shhj.info\/www\/Jalostustarkastus_jamtit_1_08\/silivilin_aatu.pdf\" target=\"_blank\">Silivilin Aatu<\/a><\/td><td class=\"column-3\"><a href=\"http:\/\/www.shhj.info\/www\/Jalostustarkastus_jamtit_1_08\/ryynaskorven_topi.pdf\" target=\"_blank\">Ryyn\u00e4skorven Topi<\/a><\/td><td class=\"column-4\"><a href=\"http:\/\/www.shhj.info\/www\/Jalostustarkastus_jamtit_1_08\/pikkusuon_romeo.pdf\" target=\"_blank\">Pikkusuon Romeo<\/a><\/td>\n<\/tr>\n<tr class=\"row-4\">\n\t<td class=\"column-1\"><a href=\"http:\/\/www.shhj.info\/www\/Jalostustarkastus_jamtit_1_08\/riihirannan_raiku.pdf\" target=\"_blank\">Riihirannan Raiku<\/a><\/td><td class=\"column-2\"><a href=\"http:\/\/www.shhj.info\/www\/Jalostustarkastus_jamtit_1_08\/karika_titan.pdf\" target=\"_blank\">Karika Titan<\/a><\/td><td class=\"column-3\"><a href=\"http:\/\/www.shhj.info\/www\/Jalostustarkastus_jamtit_1_08\/vasurin_etku.pdf\" target=\"_blank\">Vasurin Etku<\/a><\/td><td class=\"column-4\"><a href=\"http:\/\/www.shhj.info\/www\/Jalostustarkastus_jamtit_1_08\/humbakan_tico.pdf\" target=\"_blank\">Humbakan Tico<\/a><\/td>\n<\/tr>\n<tr class=\"row-5\">\n\t<td class=\"column-1\"><a href=\"http:\/\/www.shhj.info\/www\/Jalostustarkastus_jamtit_1_08\/raikukorven_juuso.pdf\" target=\"_blank\">Raikukorven Juuso<\/a><\/td><td class=\"column-2\"><a href=\"http:\/\/www.shhj.info\/www\/Jalostustarkastus_jamtit_1_08\/rampo.pdf\" target=\"_blank\">Rampo<\/a><\/td><td class=\"column-3\"><a href=\"http:\/\/www.shhj.info\/www\/Jalostustarkastus_jamtit_1_08\/joonellin_vikke.pdf\" target=\"_blank\">Joonellin Vikke<\/a><\/td><td class=\"column-4\"><a href=\"http:\/\/www.shhj.info\/www\/Jalostustarkastus_jamtit_1_08\/rusmosan_zeus.pdf\" target=\"_blank\">Rusmosan Zeus<\/a><\/td>\n<\/tr>\n<tr class=\"row-6\">\n\t<td class=\"column-1\"><a href=\"http:\/\/www.shhj.info\/www\/Jalostustarkastus_jamtit_1_08\/raikukorven_fretu.pdf\" target=\"_blank\">Raikukorven Fretu<\/a><\/td><td class=\"column-2\"><a href=\"http:\/\/www.shhj.info\/www\/Jalostustarkastus_jamtit_1_08\/huhtian_albert.pdf\" target=\"_blank\">Huhtian Albert<\/a><\/td><td class=\"column-3\"><a href=\"http:\/\/www.shhj.info\/www\/Jalostustarkastus_jamtit_1_08\/mustankorven_paroni.pdf\" target=\"_blank\">Mustankorven Paroni<\/a><\/td><td class=\"column-4\"><a href=\"http:\/\/www.shhj.info\/www\/Jalostustarkastus_jamtit_1_08\/rusmosan_rami.pdf\" target=\"_blank\">Rusmosan Rami<\/a><\/td>\n<\/tr>\n<tr class=\"row-7\">\n\t<td class=\"column-1\"><a href=\"http:\/\/www.shhj.info\/www\/Jalostustarkastus_jamtit_1_08\/koitajoen_rapsu.pdf\" target=\"_blank\">Koitajoen Rapsu<\/a><\/td><td class=\"column-2\"><a href=\"http:\/\/www.shhj.info\/www\/Jalostustarkastus_jamtit_1_08\/tainion_roni.pdf\" target=\"_blank\">Tainion Roni<\/a><\/td><td class=\"column-3\"><a href=\"http:\/\/www.shhj.info\/www\/Jalostustarkastus_jamtit_1_08\/junttilan_joro.pdf\" target=\"_blank\">Junttilan J\u00f6r\u00f6<\/a><\/td><td class=\"column-4\"><\/td>\n<\/tr>\n<\/tbody>\n<\/table>\n<!-- #tablepress-22 from cache -->\n","protected":false},"excerpt":{"rendered":"","protected":false},"author":1,"featured_media":0,"parent":0,"menu_order":0,"comment_status":"closed","ping_status":"closed","template":"page-scs.php","meta":{"footnotes":""},"class_list":["post-1185","page","type-page","status-publish","hentry"],"yoast_head":"<!-- This site is optimized with the Yoast SEO plugin v26.6 - https:\/\/yoast.com\/wordpress\/plugins\/seo\/ -->\n<title>Jalostustarkastus 26.1.2008 j\u00e4mtlanninpystykorva - Suomen Harmaahirvikoiraj\u00e4rjest\u00f6 - SHHJ FJGK<\/title>\n<meta name=\"robots\" content=\"index, follow, max-snippet:-1, max-image-preview:large, max-video-preview:-1\" \/>\n<link rel=\"canonical\" href=\"https:\/\/shhj.info\/?page_id=1185\" \/>\n<meta property=\"og:locale\" content=\"fi_FI\" \/>\n<meta property=\"og:type\" content=\"article\" \/>\n<meta property=\"og:title\" content=\"Jalostustarkastus 26.1.2008 j\u00e4mtlanninpystykorva - Suomen Harmaahirvikoiraj\u00e4rjest\u00f6 - SHHJ FJGK\" \/>\n<meta property=\"og:url\" content=\"https:\/\/shhj.info\/?page_id=1185\" \/>\n<meta property=\"og:site_name\" content=\"Suomen Harmaahirvikoiraj\u00e4rjest\u00f6 - SHHJ FJGK\" \/>\n<meta property=\"article:publisher\" content=\"https:\/\/www.facebook.com\/groups\/115740178447653\/\" \/>\n<meta property=\"article:modified_time\" content=\"2015-05-15T09:06:08+00:00\" \/>\n<meta property=\"og:image\" content=\"https:\/\/shhj.info\/wp\/wp-content\/uploads\/2015\/04\/etu_pentu.jpg\" \/>\n\t<meta property=\"og:image:width\" content=\"567\" \/>\n\t<meta property=\"og:image:height\" content=\"594\" \/>\n\t<meta property=\"og:image:type\" content=\"image\/jpeg\" \/>\n<meta name=\"twitter:card\" content=\"summary_large_image\" \/>\n<script type=\"application\/ld+json\" class=\"yoast-schema-graph\">{\"@context\":\"https:\/\/schema.org\",\"@graph\":[{\"@type\":\"WebPage\",\"@id\":\"https:\/\/shhj.info\/?page_id=1185\",\"url\":\"https:\/\/shhj.info\/?page_id=1185\",\"name\":\"Jalostustarkastus 26.1.2008 j\u00e4mtlanninpystykorva - Suomen Harmaahirvikoiraj\u00e4rjest\u00f6 - SHHJ FJGK\",\"isPartOf\":{\"@id\":\"https:\/\/shhj.info\/#website\"},\"datePublished\":\"2015-05-15T08:55:52+00:00\",\"dateModified\":\"2015-05-15T09:06:08+00:00\",\"breadcrumb\":{\"@id\":\"https:\/\/shhj.info\/?page_id=1185#breadcrumb\"},\"inLanguage\":\"fi\",\"potentialAction\":[{\"@type\":\"ReadAction\",\"target\":[\"https:\/\/shhj.info\/?page_id=1185\"]}]},{\"@type\":\"BreadcrumbList\",\"@id\":\"https:\/\/shhj.info\/?page_id=1185#breadcrumb\",\"itemListElement\":[{\"@type\":\"ListItem\",\"position\":1,\"name\":\"Etusivu\",\"item\":\"https:\/\/shhj.info\/\"},{\"@type\":\"ListItem\",\"position\":2,\"name\":\"Jalostustarkastus 26.1.2008 j\u00e4mtlanninpystykorva\"}]},{\"@type\":\"WebSite\",\"@id\":\"https:\/\/shhj.info\/#website\",\"url\":\"https:\/\/shhj.info\/\",\"name\":\"Suomen Harmaahirvikoiraj\u00e4rjest\u00f6 - SHHJ FJGK\",\"description\":\"parhaiden hirvikoirarotujen rotuj\u00e4rjest\u00f6 Suomessa\",\"publisher\":{\"@id\":\"https:\/\/shhj.info\/#organization\"},\"alternateName\":\"SHHJ FJGK\",\"potentialAction\":[{\"@type\":\"SearchAction\",\"target\":{\"@type\":\"EntryPoint\",\"urlTemplate\":\"https:\/\/shhj.info\/?s={search_term_string}\"},\"query-input\":{\"@type\":\"PropertyValueSpecification\",\"valueRequired\":true,\"valueName\":\"search_term_string\"}}],\"inLanguage\":\"fi\"},{\"@type\":\"Organization\",\"@id\":\"https:\/\/shhj.info\/#organization\",\"name\":\"Suomen Harmaahirvikoiraj\u00e4rjest\u00f6 - SHHJ FJGK\",\"url\":\"https:\/\/shhj.info\/\",\"logo\":{\"@type\":\"ImageObject\",\"inLanguage\":\"fi\",\"@id\":\"https:\/\/shhj.info\/#\/schema\/logo\/image\/\",\"url\":\"http:\/\/shhj.info\/wp\/wp-content\/uploads\/2018\/12\/logo.gif\",\"contentUrl\":\"http:\/\/shhj.info\/wp\/wp-content\/uploads\/2018\/12\/logo.gif\",\"width\":169,\"height\":166,\"caption\":\"Suomen Harmaahirvikoiraj\u00e4rjest\u00f6 - SHHJ FJGK\"},\"image\":{\"@id\":\"https:\/\/shhj.info\/#\/schema\/logo\/image\/\"},\"sameAs\":[\"https:\/\/www.facebook.com\/groups\/115740178447653\/\"]}]}<\/script>\n<!-- \/ Yoast SEO plugin. -->","yoast_head_json":{"title":"Jalostustarkastus 26.1.2008 j\u00e4mtlanninpystykorva - Suomen Harmaahirvikoiraj\u00e4rjest\u00f6 - SHHJ FJGK","robots":{"index":"index","follow":"follow","max-snippet":"max-snippet:-1","max-image-preview":"max-image-preview:large","max-video-preview":"max-video-preview:-1"},"canonical":"https:\/\/shhj.info\/?page_id=1185","og_locale":"fi_FI","og_type":"article","og_title":"Jalostustarkastus 26.1.2008 j\u00e4mtlanninpystykorva - Suomen Harmaahirvikoiraj\u00e4rjest\u00f6 - SHHJ FJGK","og_url":"https:\/\/shhj.info\/?page_id=1185","og_site_name":"Suomen Harmaahirvikoiraj\u00e4rjest\u00f6 - SHHJ FJGK","article_publisher":"https:\/\/www.facebook.com\/groups\/115740178447653\/","article_modified_time":"2015-05-15T09:06:08+00:00","og_image":[{"width":567,"height":594,"url":"https:\/\/shhj.info\/wp\/wp-content\/uploads\/2015\/04\/etu_pentu.jpg","type":"image\/jpeg"}],"twitter_card":"summary_large_image","schema":{"@context":"https:\/\/schema.org","@graph":[{"@type":"WebPage","@id":"https:\/\/shhj.info\/?page_id=1185","url":"https:\/\/shhj.info\/?page_id=1185","name":"Jalostustarkastus 26.1.2008 j\u00e4mtlanninpystykorva - Suomen Harmaahirvikoiraj\u00e4rjest\u00f6 - SHHJ FJGK","isPartOf":{"@id":"https:\/\/shhj.info\/#website"},"datePublished":"2015-05-15T08:55:52+00:00","dateModified":"2015-05-15T09:06:08+00:00","breadcrumb":{"@id":"https:\/\/shhj.info\/?page_id=1185#breadcrumb"},"inLanguage":"fi","potentialAction":[{"@type":"ReadAction","target":["https:\/\/shhj.info\/?page_id=1185"]}]},{"@type":"BreadcrumbList","@id":"https:\/\/shhj.info\/?page_id=1185#breadcrumb","itemListElement":[{"@type":"ListItem","position":1,"name":"Etusivu","item":"https:\/\/shhj.info\/"},{"@type":"ListItem","position":2,"name":"Jalostustarkastus 26.1.2008 j\u00e4mtlanninpystykorva"}]},{"@type":"WebSite","@id":"https:\/\/shhj.info\/#website","url":"https:\/\/shhj.info\/","name":"Suomen Harmaahirvikoiraj\u00e4rjest\u00f6 - SHHJ FJGK","description":"parhaiden hirvikoirarotujen rotuj\u00e4rjest\u00f6 Suomessa","publisher":{"@id":"https:\/\/shhj.info\/#organization"},"alternateName":"SHHJ FJGK","potentialAction":[{"@type":"SearchAction","target":{"@type":"EntryPoint","urlTemplate":"https:\/\/shhj.info\/?s={search_term_string}"},"query-input":{"@type":"PropertyValueSpecification","valueRequired":true,"valueName":"search_term_string"}}],"inLanguage":"fi"},{"@type":"Organization","@id":"https:\/\/shhj.info\/#organization","name":"Suomen Harmaahirvikoiraj\u00e4rjest\u00f6 - SHHJ FJGK","url":"https:\/\/shhj.info\/","logo":{"@type":"ImageObject","inLanguage":"fi","@id":"https:\/\/shhj.info\/#\/schema\/logo\/image\/","url":"http:\/\/shhj.info\/wp\/wp-content\/uploads\/2018\/12\/logo.gif","contentUrl":"http:\/\/shhj.info\/wp\/wp-content\/uploads\/2018\/12\/logo.gif","width":169,"height":166,"caption":"Suomen Harmaahirvikoiraj\u00e4rjest\u00f6 - SHHJ FJGK"},"image":{"@id":"https:\/\/shhj.info\/#\/schema\/logo\/image\/"},"sameAs":["https:\/\/www.facebook.com\/groups\/115740178447653\/"]}]}},"_links":{"self":[{"href":"https:\/\/shhj.info\/index.php?rest_route=\/wp\/v2\/pages\/1185","targetHints":{"allow":["GET"]}}],"collection":[{"href":"https:\/\/shhj.info\/index.php?rest_route=\/wp\/v2\/pages"}],"about":[{"href":"https:\/\/shhj.info\/index.php?rest_route=\/wp\/v2\/types\/page"}],"author":[{"embeddable":true,"href":"https:\/\/shhj.info\/index.php?rest_route=\/wp\/v2\/users\/1"}],"replies":[{"embeddable":true,"href":"https:\/\/shhj.info\/index.php?rest_route=%2Fwp%2Fv2%2Fcomments&post=1185"}],"version-history":[{"count":2,"href":"https:\/\/shhj.info\/index.php?rest_route=\/wp\/v2\/pages\/1185\/revisions"}],"predecessor-version":[{"id":1190,"href":"https:\/\/shhj.info\/index.php?rest_route=\/wp\/v2\/pages\/1185\/revisions\/1190"}],"wp:attachment":[{"href":"https:\/\/shhj.info\/index.php?rest_route=%2Fwp%2Fv2%2Fmedia&parent=1185"}],"curies":[{"name":"wp","href":"https:\/\/api.w.org\/{rel}","templated":true}]}}