{"id":1036,"date":"2015-05-14T11:52:05","date_gmt":"2015-05-14T08:52:05","guid":{"rendered":"http:\/\/www.shhj.info\/wp\/?page_id=1036"},"modified":"2015-05-14T12:03:42","modified_gmt":"2015-05-14T09:03:42","slug":"jalostustarkastus-27-1-2007-harmaa-norjanhirvikoira","status":"publish","type":"page","link":"https:\/\/shhj.info\/?page_id=1036","title":{"rendered":"Jalostustarkastus 27.1.2007 harmaa norjanhirvikoira"},"content":{"rendered":"\n<table id=\"tablepress-15\" class=\"tablepress tablepress-id-15\">\n<tbody class=\"row-striping row-hover\">\n<tr class=\"row-1\">\n\t<td class=\"column-1\"><a href=\"http:\/\/www.shhj.info\/www\/Jalostustarkastus_Kuopio_1_07\/janipan_vertti.pdf\"target=\"_blank\">Janipan Vertti<\/a><\/td><td class=\"column-2\"><a href=\"http:\/\/www.shhj.info\/www\/Jalostustarkastus_Kuopio_1_07\/korvenkertajan_retu.pdf\"target=\"_blank\">Korvenkiert\u00e4j\u00e4n Retu<\/a><\/td><td class=\"column-3\"><a href=\"http:\/\/www.shhj.info\/www\/Jalostustarkastus_Kuopio_1_07\/olavinsalon_jeppe.pdf\"target=\"_blank\">Olavinsalon Jeppe<\/a><\/td><td class=\"column-4\"><a href=\"http:\/\/www.shhj.info\/www\/Jalostustarkastus_Kuopio_1_07\/utunevan_halli.pdf\"target=\"_blank\">Utunevan Halli<\/a><\/td>\n<\/tr>\n<tr class=\"row-2\">\n\t<td class=\"column-1\"><a href=\"http:\/\/www.shhj.info\/www\/Jalostustarkastus_Kuopio_1_07\/sirkkosuon_rolli.pdf\"target=\"_blank\">Sirkkosuon R\u00f6lli<\/a><\/td><td class=\"column-2\"><a href=\"http:\/\/www.shhj.info\/www\/Jalostustarkastus_Kuopio_1_07\/elmeri.pdf\"target=\"_blank\">Kinnarin Elmeri<\/a><\/td><td class=\"column-3\"><a href=\"http:\/\/www.shhj.info\/www\/Jalostustarkastus_Kuopio_1_07\/kassu.pdf\"target=\"_blank\">Kassu<\/a><\/td><td class=\"column-4\"><a href=\"http:\/\/www.shhj.info\/www\/Jalostustarkastus_Kuopio_1_07\/kallionahteen_bono.pdf\"target=\"_blank\">Kallionahteen Bono<\/a><\/td>\n<\/tr>\n<tr class=\"row-3\">\n\t<td class=\"column-1\"><a href=\"http:\/\/www.shhj.info\/www\/Jalostustarkastus_Kuopio_1_07\/panu.pdf\"target=\"_blank\">Panu<\/a><\/td><td class=\"column-2\"><a href=\"http:\/\/www.shhj.info\/www\/Jalostustarkastus_Kuopio_1_07\/luhtalakson_jesse.pdf\"target=\"_blank\">Luhtalakson Jesse<\/a><\/td><td class=\"column-3\"><a href=\"http:\/\/www.shhj.info\/www\/Jalostustarkastus_Kuopio_1_07\/helapaan_putte.pdf\"target=\"_blank\">Helap\u00e4\u00e4n Putte<\/a><\/td><td class=\"column-4\"><a href=\"http:\/\/www.shhj.info\/www\/Jalostustarkastus_Kuopio_1_07\/santtu.pdf\"target=\"_blank\">Santtu<\/a><\/td>\n<\/tr>\n<tr class=\"row-4\">\n\t<td class=\"column-1\"><a href=\"http:\/\/www.shhj.info\/www\/Jalostustarkastus_Kuopio_1_07\/vanuvuoren_jekku.pdf\" target=\"_blank\">Vanuvuoren Jekku<\/a><\/td><td class=\"column-2\"><a href=\"http:\/\/www.shhj.info\/www\/Jalostustarkastus_Kuopio_1_07\/polttajan_hupi.pdf\" target=\"_blank\">Polttajan Hupi<\/a><\/td><td class=\"column-3\"><a href=\"http:\/\/www.shhj.info\/www\/Jalostustarkastus_Kuopio_1_07\/linjapolku_jaro.pdf\" target=\"_blank\">Linjapolku Jaro<\/a><\/td><td class=\"column-4\"><a href=\"http:\/\/www.shhj.info\/www\/Jalostustarkastus_Kuopio_1_07\/harald.pdf\" target=\"_blank\">Trollelgen's Harald<\/a><\/td>\n<\/tr>\n<tr class=\"row-5\">\n\t<td class=\"column-1\"><a href=\"http:\/\/www.shhj.info\/www\/Jalostustarkastus_Kuopio_1_07\/eralehdon_roope.pdf\" target=\"_blank\">Er\u00e4lehdon Roope<\/a><\/td><td class=\"column-2\"><\/td><td class=\"column-3\"><\/td><td class=\"column-4\"><\/td>\n<\/tr>\n<\/tbody>\n<\/table>\n<!-- #tablepress-15 from cache -->\n<p><strong>Kutsuttu, mutta ei ole saapunut tarkastukseen:<\/strong><br \/>\n&#8211; XXX Lehtikankaan Samu FIN40975\/03B<\/p>\n","protected":false},"excerpt":{"rendered":"<p>Kutsuttu, mutta ei ole saapunut tarkastukseen: &#8211; XXX Lehtikankaan Samu FIN40975\/03B<\/p>\n","protected":false},"author":1,"featured_media":0,"parent":0,"menu_order":0,"comment_status":"closed","ping_status":"closed","template":"page-scs.php","meta":{"footnotes":""},"class_list":["post-1036","page","type-page","status-publish","hentry"],"yoast_head":"<!-- This site is optimized with the Yoast SEO plugin v26.6 - https:\/\/yoast.com\/wordpress\/plugins\/seo\/ -->\n<title>Jalostustarkastus 27.1.2007 harmaa norjanhirvikoira - Suomen Harmaahirvikoiraj\u00e4rjest\u00f6 - SHHJ FJGK<\/title>\n<meta name=\"robots\" content=\"index, follow, max-snippet:-1, max-image-preview:large, max-video-preview:-1\" \/>\n<link rel=\"canonical\" href=\"https:\/\/shhj.info\/?page_id=1036\" \/>\n<meta property=\"og:locale\" content=\"fi_FI\" \/>\n<meta property=\"og:type\" content=\"article\" \/>\n<meta property=\"og:title\" content=\"Jalostustarkastus 27.1.2007 harmaa norjanhirvikoira - Suomen Harmaahirvikoiraj\u00e4rjest\u00f6 - SHHJ FJGK\" \/>\n<meta property=\"og:description\" content=\"Kutsuttu, mutta ei ole saapunut tarkastukseen: &#8211; XXX Lehtikankaan Samu FIN40975\/03B\" \/>\n<meta property=\"og:url\" content=\"https:\/\/shhj.info\/?page_id=1036\" \/>\n<meta property=\"og:site_name\" content=\"Suomen Harmaahirvikoiraj\u00e4rjest\u00f6 - SHHJ FJGK\" \/>\n<meta property=\"article:publisher\" content=\"https:\/\/www.facebook.com\/groups\/115740178447653\/\" \/>\n<meta property=\"article:modified_time\" content=\"2015-05-14T09:03:42+00:00\" \/>\n<meta property=\"og:image\" content=\"https:\/\/shhj.info\/wp\/wp-content\/uploads\/2015\/04\/etu_pentu.jpg\" \/>\n\t<meta property=\"og:image:width\" content=\"567\" \/>\n\t<meta property=\"og:image:height\" content=\"594\" \/>\n\t<meta property=\"og:image:type\" content=\"image\/jpeg\" \/>\n<meta name=\"twitter:card\" content=\"summary_large_image\" \/>\n<script type=\"application\/ld+json\" class=\"yoast-schema-graph\">{\"@context\":\"https:\/\/schema.org\",\"@graph\":[{\"@type\":\"WebPage\",\"@id\":\"https:\/\/shhj.info\/?page_id=1036\",\"url\":\"https:\/\/shhj.info\/?page_id=1036\",\"name\":\"Jalostustarkastus 27.1.2007 harmaa norjanhirvikoira - Suomen Harmaahirvikoiraj\u00e4rjest\u00f6 - SHHJ FJGK\",\"isPartOf\":{\"@id\":\"https:\/\/shhj.info\/#website\"},\"datePublished\":\"2015-05-14T08:52:05+00:00\",\"dateModified\":\"2015-05-14T09:03:42+00:00\",\"breadcrumb\":{\"@id\":\"https:\/\/shhj.info\/?page_id=1036#breadcrumb\"},\"inLanguage\":\"fi\",\"potentialAction\":[{\"@type\":\"ReadAction\",\"target\":[\"https:\/\/shhj.info\/?page_id=1036\"]}]},{\"@type\":\"BreadcrumbList\",\"@id\":\"https:\/\/shhj.info\/?page_id=1036#breadcrumb\",\"itemListElement\":[{\"@type\":\"ListItem\",\"position\":1,\"name\":\"Etusivu\",\"item\":\"https:\/\/shhj.info\/\"},{\"@type\":\"ListItem\",\"position\":2,\"name\":\"Jalostustarkastus 27.1.2007 harmaa norjanhirvikoira\"}]},{\"@type\":\"WebSite\",\"@id\":\"https:\/\/shhj.info\/#website\",\"url\":\"https:\/\/shhj.info\/\",\"name\":\"Suomen Harmaahirvikoiraj\u00e4rjest\u00f6 - SHHJ FJGK\",\"description\":\"parhaiden hirvikoirarotujen rotuj\u00e4rjest\u00f6 Suomessa\",\"publisher\":{\"@id\":\"https:\/\/shhj.info\/#organization\"},\"alternateName\":\"SHHJ FJGK\",\"potentialAction\":[{\"@type\":\"SearchAction\",\"target\":{\"@type\":\"EntryPoint\",\"urlTemplate\":\"https:\/\/shhj.info\/?s={search_term_string}\"},\"query-input\":{\"@type\":\"PropertyValueSpecification\",\"valueRequired\":true,\"valueName\":\"search_term_string\"}}],\"inLanguage\":\"fi\"},{\"@type\":\"Organization\",\"@id\":\"https:\/\/shhj.info\/#organization\",\"name\":\"Suomen Harmaahirvikoiraj\u00e4rjest\u00f6 - SHHJ FJGK\",\"url\":\"https:\/\/shhj.info\/\",\"logo\":{\"@type\":\"ImageObject\",\"inLanguage\":\"fi\",\"@id\":\"https:\/\/shhj.info\/#\/schema\/logo\/image\/\",\"url\":\"http:\/\/shhj.info\/wp\/wp-content\/uploads\/2018\/12\/logo.gif\",\"contentUrl\":\"http:\/\/shhj.info\/wp\/wp-content\/uploads\/2018\/12\/logo.gif\",\"width\":169,\"height\":166,\"caption\":\"Suomen Harmaahirvikoiraj\u00e4rjest\u00f6 - SHHJ FJGK\"},\"image\":{\"@id\":\"https:\/\/shhj.info\/#\/schema\/logo\/image\/\"},\"sameAs\":[\"https:\/\/www.facebook.com\/groups\/115740178447653\/\"]}]}<\/script>\n<!-- \/ Yoast SEO plugin. -->","yoast_head_json":{"title":"Jalostustarkastus 27.1.2007 harmaa norjanhirvikoira - Suomen Harmaahirvikoiraj\u00e4rjest\u00f6 - SHHJ FJGK","robots":{"index":"index","follow":"follow","max-snippet":"max-snippet:-1","max-image-preview":"max-image-preview:large","max-video-preview":"max-video-preview:-1"},"canonical":"https:\/\/shhj.info\/?page_id=1036","og_locale":"fi_FI","og_type":"article","og_title":"Jalostustarkastus 27.1.2007 harmaa norjanhirvikoira - Suomen Harmaahirvikoiraj\u00e4rjest\u00f6 - SHHJ FJGK","og_description":"Kutsuttu, mutta ei ole saapunut tarkastukseen: &#8211; XXX Lehtikankaan Samu FIN40975\/03B","og_url":"https:\/\/shhj.info\/?page_id=1036","og_site_name":"Suomen Harmaahirvikoiraj\u00e4rjest\u00f6 - SHHJ FJGK","article_publisher":"https:\/\/www.facebook.com\/groups\/115740178447653\/","article_modified_time":"2015-05-14T09:03:42+00:00","og_image":[{"width":567,"height":594,"url":"https:\/\/shhj.info\/wp\/wp-content\/uploads\/2015\/04\/etu_pentu.jpg","type":"image\/jpeg"}],"twitter_card":"summary_large_image","schema":{"@context":"https:\/\/schema.org","@graph":[{"@type":"WebPage","@id":"https:\/\/shhj.info\/?page_id=1036","url":"https:\/\/shhj.info\/?page_id=1036","name":"Jalostustarkastus 27.1.2007 harmaa norjanhirvikoira - Suomen Harmaahirvikoiraj\u00e4rjest\u00f6 - SHHJ FJGK","isPartOf":{"@id":"https:\/\/shhj.info\/#website"},"datePublished":"2015-05-14T08:52:05+00:00","dateModified":"2015-05-14T09:03:42+00:00","breadcrumb":{"@id":"https:\/\/shhj.info\/?page_id=1036#breadcrumb"},"inLanguage":"fi","potentialAction":[{"@type":"ReadAction","target":["https:\/\/shhj.info\/?page_id=1036"]}]},{"@type":"BreadcrumbList","@id":"https:\/\/shhj.info\/?page_id=1036#breadcrumb","itemListElement":[{"@type":"ListItem","position":1,"name":"Etusivu","item":"https:\/\/shhj.info\/"},{"@type":"ListItem","position":2,"name":"Jalostustarkastus 27.1.2007 harmaa norjanhirvikoira"}]},{"@type":"WebSite","@id":"https:\/\/shhj.info\/#website","url":"https:\/\/shhj.info\/","name":"Suomen Harmaahirvikoiraj\u00e4rjest\u00f6 - SHHJ FJGK","description":"parhaiden hirvikoirarotujen rotuj\u00e4rjest\u00f6 Suomessa","publisher":{"@id":"https:\/\/shhj.info\/#organization"},"alternateName":"SHHJ FJGK","potentialAction":[{"@type":"SearchAction","target":{"@type":"EntryPoint","urlTemplate":"https:\/\/shhj.info\/?s={search_term_string}"},"query-input":{"@type":"PropertyValueSpecification","valueRequired":true,"valueName":"search_term_string"}}],"inLanguage":"fi"},{"@type":"Organization","@id":"https:\/\/shhj.info\/#organization","name":"Suomen Harmaahirvikoiraj\u00e4rjest\u00f6 - SHHJ FJGK","url":"https:\/\/shhj.info\/","logo":{"@type":"ImageObject","inLanguage":"fi","@id":"https:\/\/shhj.info\/#\/schema\/logo\/image\/","url":"http:\/\/shhj.info\/wp\/wp-content\/uploads\/2018\/12\/logo.gif","contentUrl":"http:\/\/shhj.info\/wp\/wp-content\/uploads\/2018\/12\/logo.gif","width":169,"height":166,"caption":"Suomen Harmaahirvikoiraj\u00e4rjest\u00f6 - SHHJ FJGK"},"image":{"@id":"https:\/\/shhj.info\/#\/schema\/logo\/image\/"},"sameAs":["https:\/\/www.facebook.com\/groups\/115740178447653\/"]}]}},"_links":{"self":[{"href":"https:\/\/shhj.info\/index.php?rest_route=\/wp\/v2\/pages\/1036","targetHints":{"allow":["GET"]}}],"collection":[{"href":"https:\/\/shhj.info\/index.php?rest_route=\/wp\/v2\/pages"}],"about":[{"href":"https:\/\/shhj.info\/index.php?rest_route=\/wp\/v2\/types\/page"}],"author":[{"embeddable":true,"href":"https:\/\/shhj.info\/index.php?rest_route=\/wp\/v2\/users\/1"}],"replies":[{"embeddable":true,"href":"https:\/\/shhj.info\/index.php?rest_route=%2Fwp%2Fv2%2Fcomments&post=1036"}],"version-history":[{"count":1,"href":"https:\/\/shhj.info\/index.php?rest_route=\/wp\/v2\/pages\/1036\/revisions"}],"predecessor-version":[{"id":1039,"href":"https:\/\/shhj.info\/index.php?rest_route=\/wp\/v2\/pages\/1036\/revisions\/1039"}],"wp:attachment":[{"href":"https:\/\/shhj.info\/index.php?rest_route=%2Fwp%2Fv2%2Fmedia&parent=1036"}],"curies":[{"name":"wp","href":"https:\/\/api.w.org\/{rel}","templated":true}]}}