{"id":1027,"date":"2015-05-14T11:40:30","date_gmt":"2015-05-14T08:40:30","guid":{"rendered":"http:\/\/www.shhj.info\/wp\/?page_id=1027"},"modified":"2015-05-14T11:48:39","modified_gmt":"2015-05-14T08:48:39","slug":"jalostustarkastus-21-7-2007-harmaa-norjanhirvikoira","status":"publish","type":"page","link":"https:\/\/shhj.info\/?page_id=1027","title":{"rendered":"Jalostustarkastus 21.7.2007, harmaa norjanhirvikoira"},"content":{"rendered":"\n<table id=\"tablepress-14\" class=\"tablepress tablepress-id-14\">\n<tbody class=\"row-striping row-hover\">\n<tr class=\"row-1\">\n\t<td class=\"column-1\"><a href=\"http:\/\/www.shhj.info\/www\/Jalostustarkastus_kesa_07_Kuopio\/menu.pdf\" target=\"_blank\">Takaasenm\u00e4en Menu<\/a><\/td><td class=\"column-2\"><a href=\"http:\/\/www.shhj.info\/www\/Jalostustarkastus_kesa_07_Kuopio\/vili.pdf\" target=\"_blank\">Vili<\/a><\/td><td class=\"column-3\"><a href=\"http:\/\/www.shhj.info\/www\/Jalostustarkastus_kesa_07_Kuopio\/eku.pdf\" target=\"_blank\">Eku<\/a><\/td><td class=\"column-4\"><a href=\"http:\/\/www.shhj.info\/www\/Jalostustarkastus_kesa_07_Kuopio\/niskankosken_riki.pdf\" target=\"_blank\">Niskankosken Riki<\/a><\/td>\n<\/tr>\n<tr class=\"row-2\">\n\t<td class=\"column-1\"><a href=\"http:\/\/www.shhj.info\/www\/Jalostustarkastus_kesa_07_Kuopio\/karhurannan_kamu.pdf\" target=\"_blank\">Karhurannan Kamu<\/a><\/td><td class=\"column-2\"><a href=\"http:\/\/www.shhj.info\/www\/Jalostustarkastus_kesa_07_Kuopio\/luhtalakson_rokka.pdf\" target=\"_blank\">Luhtalakson Rokka<\/a><\/td><td class=\"column-3\"><a href=\"http:\/\/www.shhj.info\/www\/Jalostustarkastus_kesa_07_Kuopio\/mara.pdf\" target=\"_blank\">Mara<\/a><\/td><td class=\"column-4\"><a href=\"http:\/\/www.shhj.info\/www\/Jalostustarkastus_kesa_07_Kuopio\/pisansalon_poju.pdf\" target=\"_blank\">Pisansalon Poju<\/a><\/td>\n<\/tr>\n<tr class=\"row-3\">\n\t<td class=\"column-1\"><a href=\"http:\/\/www.shhj.info\/www\/Jalostustarkastus_kesa_07_Kuopio\/maentaustan_timi.pdf\" target=\"_blank\">M\u00e4entaustan Timi<\/a><\/td><td class=\"column-2\"><a href=\"http:\/\/www.shhj.info\/www\/Jalostustarkastus_kesa_07_Kuopio\/ilohaukun_sero.pdf\" target=\"_blank\">Ilohaukun Sero<\/a><\/td><td class=\"column-3\"><a href=\"http:\/\/www.shhj.info\/www\/Jalostustarkastus_kesa_07_Kuopio\/palopellon_voitto.pdf\" target=\"_blank\">Palopellon Voitto<\/a><\/td><td class=\"column-4\"><a href=\"http:\/\/www.shhj.info\/www\/Jalostustarkastus_kesa_07_Kuopio\/lumpelan_jami.pdf\" target=\"_blank\">Lumpelan Jami<\/a><\/td>\n<\/tr>\n<tr class=\"row-4\">\n\t<td class=\"column-1\"><a href=\"http:\/\/www.shhj.info\/www\/Jalostustarkastus_kesa_07_Kuopio\/vanuvuoren_nopsa.pdf\" target=\"_blank\">Vanuvuoren Nopsa<\/a><\/td><td class=\"column-2\"><a href=\"http:\/\/www.shhj.info\/www\/Jalostustarkastus_kesa_07_Kuopio\/lazutiinan_vikke.pdf\" target=\"_blank\">Lazutiinan Vikke<\/a><\/td><td class=\"column-3\"><a href=\"http:\/\/www.shhj.info\/www\/Jalostustarkastus_kesa_07_Kuopio\/raiku.pdf\" target=\"_blank\">Raiku<\/a><\/td><td class=\"column-4\"><\/td>\n<\/tr>\n<\/tbody>\n<\/table>\n<!-- #tablepress-14 from cache -->\n<p><strong>Kutsuttu tarkastukseen, mutta eiv\u00e4t osallistuneet:<\/strong><br \/>\n&#8211; XXX Lazutiinan Raku<br \/>\n&#8211; XX Rokuan raketti Julle<\/p>\n","protected":false},"excerpt":{"rendered":"<p>Kutsuttu tarkastukseen, mutta eiv\u00e4t osallistuneet: &#8211; XXX Lazutiinan Raku &#8211; XX Rokuan raketti Julle<\/p>\n","protected":false},"author":1,"featured_media":0,"parent":0,"menu_order":0,"comment_status":"closed","ping_status":"closed","template":"page-scs.php","meta":{"footnotes":""},"class_list":["post-1027","page","type-page","status-publish","hentry"],"yoast_head":"<!-- This site is optimized with the Yoast SEO plugin v26.6 - https:\/\/yoast.com\/wordpress\/plugins\/seo\/ -->\n<title>Jalostustarkastus 21.7.2007, harmaa norjanhirvikoira - Suomen Harmaahirvikoiraj\u00e4rjest\u00f6 - SHHJ FJGK<\/title>\n<meta name=\"robots\" content=\"index, follow, max-snippet:-1, max-image-preview:large, max-video-preview:-1\" \/>\n<link rel=\"canonical\" href=\"https:\/\/shhj.info\/?page_id=1027\" \/>\n<meta property=\"og:locale\" content=\"fi_FI\" \/>\n<meta property=\"og:type\" content=\"article\" \/>\n<meta property=\"og:title\" content=\"Jalostustarkastus 21.7.2007, harmaa norjanhirvikoira - Suomen Harmaahirvikoiraj\u00e4rjest\u00f6 - SHHJ FJGK\" \/>\n<meta property=\"og:description\" content=\"Kutsuttu tarkastukseen, mutta eiv\u00e4t osallistuneet: &#8211; XXX Lazutiinan Raku &#8211; XX Rokuan raketti Julle\" \/>\n<meta property=\"og:url\" content=\"https:\/\/shhj.info\/?page_id=1027\" \/>\n<meta property=\"og:site_name\" content=\"Suomen Harmaahirvikoiraj\u00e4rjest\u00f6 - SHHJ FJGK\" \/>\n<meta property=\"article:publisher\" content=\"https:\/\/www.facebook.com\/groups\/115740178447653\/\" \/>\n<meta property=\"article:modified_time\" content=\"2015-05-14T08:48:39+00:00\" \/>\n<meta property=\"og:image\" content=\"https:\/\/shhj.info\/wp\/wp-content\/uploads\/2015\/04\/etu_pentu.jpg\" \/>\n\t<meta property=\"og:image:width\" content=\"567\" \/>\n\t<meta property=\"og:image:height\" content=\"594\" \/>\n\t<meta property=\"og:image:type\" content=\"image\/jpeg\" \/>\n<meta name=\"twitter:card\" content=\"summary_large_image\" \/>\n<script type=\"application\/ld+json\" class=\"yoast-schema-graph\">{\"@context\":\"https:\/\/schema.org\",\"@graph\":[{\"@type\":\"WebPage\",\"@id\":\"https:\/\/shhj.info\/?page_id=1027\",\"url\":\"https:\/\/shhj.info\/?page_id=1027\",\"name\":\"Jalostustarkastus 21.7.2007, harmaa norjanhirvikoira - Suomen Harmaahirvikoiraj\u00e4rjest\u00f6 - SHHJ FJGK\",\"isPartOf\":{\"@id\":\"https:\/\/shhj.info\/#website\"},\"datePublished\":\"2015-05-14T08:40:30+00:00\",\"dateModified\":\"2015-05-14T08:48:39+00:00\",\"breadcrumb\":{\"@id\":\"https:\/\/shhj.info\/?page_id=1027#breadcrumb\"},\"inLanguage\":\"fi\",\"potentialAction\":[{\"@type\":\"ReadAction\",\"target\":[\"https:\/\/shhj.info\/?page_id=1027\"]}]},{\"@type\":\"BreadcrumbList\",\"@id\":\"https:\/\/shhj.info\/?page_id=1027#breadcrumb\",\"itemListElement\":[{\"@type\":\"ListItem\",\"position\":1,\"name\":\"Etusivu\",\"item\":\"https:\/\/shhj.info\/\"},{\"@type\":\"ListItem\",\"position\":2,\"name\":\"Jalostustarkastus 21.7.2007, harmaa norjanhirvikoira\"}]},{\"@type\":\"WebSite\",\"@id\":\"https:\/\/shhj.info\/#website\",\"url\":\"https:\/\/shhj.info\/\",\"name\":\"Suomen Harmaahirvikoiraj\u00e4rjest\u00f6 - SHHJ FJGK\",\"description\":\"parhaiden hirvikoirarotujen rotuj\u00e4rjest\u00f6 Suomessa\",\"publisher\":{\"@id\":\"https:\/\/shhj.info\/#organization\"},\"alternateName\":\"SHHJ FJGK\",\"potentialAction\":[{\"@type\":\"SearchAction\",\"target\":{\"@type\":\"EntryPoint\",\"urlTemplate\":\"https:\/\/shhj.info\/?s={search_term_string}\"},\"query-input\":{\"@type\":\"PropertyValueSpecification\",\"valueRequired\":true,\"valueName\":\"search_term_string\"}}],\"inLanguage\":\"fi\"},{\"@type\":\"Organization\",\"@id\":\"https:\/\/shhj.info\/#organization\",\"name\":\"Suomen Harmaahirvikoiraj\u00e4rjest\u00f6 - SHHJ FJGK\",\"url\":\"https:\/\/shhj.info\/\",\"logo\":{\"@type\":\"ImageObject\",\"inLanguage\":\"fi\",\"@id\":\"https:\/\/shhj.info\/#\/schema\/logo\/image\/\",\"url\":\"http:\/\/shhj.info\/wp\/wp-content\/uploads\/2018\/12\/logo.gif\",\"contentUrl\":\"http:\/\/shhj.info\/wp\/wp-content\/uploads\/2018\/12\/logo.gif\",\"width\":169,\"height\":166,\"caption\":\"Suomen Harmaahirvikoiraj\u00e4rjest\u00f6 - SHHJ FJGK\"},\"image\":{\"@id\":\"https:\/\/shhj.info\/#\/schema\/logo\/image\/\"},\"sameAs\":[\"https:\/\/www.facebook.com\/groups\/115740178447653\/\"]}]}<\/script>\n<!-- \/ Yoast SEO plugin. -->","yoast_head_json":{"title":"Jalostustarkastus 21.7.2007, harmaa norjanhirvikoira - Suomen Harmaahirvikoiraj\u00e4rjest\u00f6 - SHHJ FJGK","robots":{"index":"index","follow":"follow","max-snippet":"max-snippet:-1","max-image-preview":"max-image-preview:large","max-video-preview":"max-video-preview:-1"},"canonical":"https:\/\/shhj.info\/?page_id=1027","og_locale":"fi_FI","og_type":"article","og_title":"Jalostustarkastus 21.7.2007, harmaa norjanhirvikoira - Suomen Harmaahirvikoiraj\u00e4rjest\u00f6 - SHHJ FJGK","og_description":"Kutsuttu tarkastukseen, mutta eiv\u00e4t osallistuneet: &#8211; XXX Lazutiinan Raku &#8211; XX Rokuan raketti Julle","og_url":"https:\/\/shhj.info\/?page_id=1027","og_site_name":"Suomen Harmaahirvikoiraj\u00e4rjest\u00f6 - SHHJ FJGK","article_publisher":"https:\/\/www.facebook.com\/groups\/115740178447653\/","article_modified_time":"2015-05-14T08:48:39+00:00","og_image":[{"width":567,"height":594,"url":"https:\/\/shhj.info\/wp\/wp-content\/uploads\/2015\/04\/etu_pentu.jpg","type":"image\/jpeg"}],"twitter_card":"summary_large_image","schema":{"@context":"https:\/\/schema.org","@graph":[{"@type":"WebPage","@id":"https:\/\/shhj.info\/?page_id=1027","url":"https:\/\/shhj.info\/?page_id=1027","name":"Jalostustarkastus 21.7.2007, harmaa norjanhirvikoira - Suomen Harmaahirvikoiraj\u00e4rjest\u00f6 - SHHJ FJGK","isPartOf":{"@id":"https:\/\/shhj.info\/#website"},"datePublished":"2015-05-14T08:40:30+00:00","dateModified":"2015-05-14T08:48:39+00:00","breadcrumb":{"@id":"https:\/\/shhj.info\/?page_id=1027#breadcrumb"},"inLanguage":"fi","potentialAction":[{"@type":"ReadAction","target":["https:\/\/shhj.info\/?page_id=1027"]}]},{"@type":"BreadcrumbList","@id":"https:\/\/shhj.info\/?page_id=1027#breadcrumb","itemListElement":[{"@type":"ListItem","position":1,"name":"Etusivu","item":"https:\/\/shhj.info\/"},{"@type":"ListItem","position":2,"name":"Jalostustarkastus 21.7.2007, harmaa norjanhirvikoira"}]},{"@type":"WebSite","@id":"https:\/\/shhj.info\/#website","url":"https:\/\/shhj.info\/","name":"Suomen Harmaahirvikoiraj\u00e4rjest\u00f6 - SHHJ FJGK","description":"parhaiden hirvikoirarotujen rotuj\u00e4rjest\u00f6 Suomessa","publisher":{"@id":"https:\/\/shhj.info\/#organization"},"alternateName":"SHHJ FJGK","potentialAction":[{"@type":"SearchAction","target":{"@type":"EntryPoint","urlTemplate":"https:\/\/shhj.info\/?s={search_term_string}"},"query-input":{"@type":"PropertyValueSpecification","valueRequired":true,"valueName":"search_term_string"}}],"inLanguage":"fi"},{"@type":"Organization","@id":"https:\/\/shhj.info\/#organization","name":"Suomen Harmaahirvikoiraj\u00e4rjest\u00f6 - SHHJ FJGK","url":"https:\/\/shhj.info\/","logo":{"@type":"ImageObject","inLanguage":"fi","@id":"https:\/\/shhj.info\/#\/schema\/logo\/image\/","url":"http:\/\/shhj.info\/wp\/wp-content\/uploads\/2018\/12\/logo.gif","contentUrl":"http:\/\/shhj.info\/wp\/wp-content\/uploads\/2018\/12\/logo.gif","width":169,"height":166,"caption":"Suomen Harmaahirvikoiraj\u00e4rjest\u00f6 - SHHJ FJGK"},"image":{"@id":"https:\/\/shhj.info\/#\/schema\/logo\/image\/"},"sameAs":["https:\/\/www.facebook.com\/groups\/115740178447653\/"]}]}},"_links":{"self":[{"href":"https:\/\/shhj.info\/index.php?rest_route=\/wp\/v2\/pages\/1027","targetHints":{"allow":["GET"]}}],"collection":[{"href":"https:\/\/shhj.info\/index.php?rest_route=\/wp\/v2\/pages"}],"about":[{"href":"https:\/\/shhj.info\/index.php?rest_route=\/wp\/v2\/types\/page"}],"author":[{"embeddable":true,"href":"https:\/\/shhj.info\/index.php?rest_route=\/wp\/v2\/users\/1"}],"replies":[{"embeddable":true,"href":"https:\/\/shhj.info\/index.php?rest_route=%2Fwp%2Fv2%2Fcomments&post=1027"}],"version-history":[{"count":4,"href":"https:\/\/shhj.info\/index.php?rest_route=\/wp\/v2\/pages\/1027\/revisions"}],"predecessor-version":[{"id":1035,"href":"https:\/\/shhj.info\/index.php?rest_route=\/wp\/v2\/pages\/1027\/revisions\/1035"}],"wp:attachment":[{"href":"https:\/\/shhj.info\/index.php?rest_route=%2Fwp%2Fv2%2Fmedia&parent=1027"}],"curies":[{"name":"wp","href":"https:\/\/api.w.org\/{rel}","templated":true}]}}